{"id":2275,"date":"2023-06-28T09:26:06","date_gmt":"2023-06-28T14:26:06","guid":{"rendered":"https:\/\/glassupply.com\/product\/gs-2205-duplex-stainless-steel-side-mounted-spigots\/"},"modified":"2025-06-03T08:46:45","modified_gmt":"2025-06-03T13:46:45","slug":"gs-2205-duplex-stainless-steel-side-mounted-spigots","status":"publish","type":"product","link":"https:\/\/glassupply.com\/es\/producto\/gs-2205-duplex-stainless-steel-side-mounted-spigots\/","title":{"rendered":"GS 2205 Duplex Stainless-Steel Side Mounted Spigots"},"content":{"rendered":"","protected":false},"excerpt":{"rendered":"<p><strong>Presentamos nuestras espigas de montaje lateral de acero inoxidable d\u00faplex GS 2205, dise\u00f1adas para simplificar la instalaci\u00f3n de paneles de vidrio, incluso en superficies horizontales irregulares.<\/strong><\/p>\n<p>Fabricados con la aleaci\u00f3n de acero inoxidable Duplex 2205 de la m\u00e1s alta calidad, estos herrajes anticorrosi\u00f3n de calidad marina son conocidos por su fuerza superior y su resistencia a la corrosi\u00f3n en entornos exteriores hostiles. Nuestro acero inoxidable Duplex 2205 aleado con un 22% de cromo, un 3% de molibdeno y entre un 5 y un 6% de n\u00edquel proporciona una resistencia superior a la corrosi\u00f3n y m\u00e1s del doble del l\u00edmite el\u00e1stico del acero inoxidable austen\u00edtico est\u00e1ndar.<\/p>\n<p>Nuestro paquete de espiga de montaje lateral incluye m\u00faltiples insertos de grosor de junta que pueden adaptarse a paneles de vidrio de entre \u00bd pulgada (12 mm) y 9\/16 pulgadas (13,5 mm) de grosor.<\/p>\n<p>La nueva placa de presi\u00f3n ajustable permite la colocaci\u00f3n del vidrio sin esfuerzo, simplemente apriete el tornillo prisionero superior para inclinar el vidrio hacia adentro y el tornillo prisionero inferior para inclinar el vidrio hacia afuera.<\/p>\n<p>Nuestros sistemas de barandillas de vidrio sin marco est\u00e1n dise\u00f1ados para proporcionar la m\u00e1xima seguridad y protecci\u00f3n, y hemos tomado todas las medidas para garantizar que cumplen o superan los m\u00e1s altos est\u00e1ndares de ingenier\u00eda. Las espigas de montaje lateral de acero inoxidable d\u00faplex GS 2205 se han sometido a rigurosas pruebas y han superado pruebas de carga de ingenier\u00eda para m\u00faltiples c\u00f3digos de construcci\u00f3n. Puede confiar en la calidad y fiabilidad de nuestros productos. P\u00f3ngase en contacto con nosotros hoy mismo para obtener m\u00e1s informaci\u00f3n y dar el primer paso para actualizar su sistema de barandillas al m\u00e1s alto nivel de seguridad.<\/p>\n<p>Elija entre un acabado de acero inoxidable pulido (cepillado) o un acabado negro mate liso con recubrimiento en polvo aplicado electrost\u00e1ticamente y curado al horno para obtener una superficie resistente a los ara\u00f1azos y protegida de la intemperie. Ideal tanto para aplicaciones interiores como exteriores, ofrece una excelente resistencia a la corrosi\u00f3n, por lo que es perfecto para estructuras con un alto grado de corrosi\u00f3n, como regiones costeras y entornos de piscinas.<\/p>\n<p>Actualice su instalaci\u00f3n de paneles de vidrio con nuestras espigas de montaje lateral de acero inoxidable d\u00faplex GS 2205, la combinaci\u00f3n perfecta de funcionalidad y estilo.<\/p>\n<p>&nbsp;<\/p>\n<h2><strong>ESPECIFICACIONES T\u00c9CNICAS<\/strong><\/h2>\n<table>\n<tbody>\n<tr>\n<td><strong>Espesor del vidrio de seguridad<\/strong><\/td>\n<td>Paneles de vidrio de 1\/2&#8243; (12 mm) &#8211; 9\/16&#8243; (13,5 mm)<\/td>\n<\/tr>\n<tr>\n<td><strong>Color\/Acabado<\/strong><\/td>\n<td>Acero inoxidable pulido, negro mate<\/td>\n<\/tr>\n<tr>\n<td><strong>Material de fabricaci\u00f3n<\/strong><\/td>\n<td>Acero inoxidable Duplex 2205<\/td>\n<\/tr>\n<tr>\n<td><strong>Uso Recomendado<\/strong><\/td>\n<td>Interior, Exterior<\/td>\n<\/tr>\n<\/tbody>\n<\/table>\n","protected":false},"featured_media":1677,"comment_status":"closed","ping_status":"closed","template":"","meta":{"_acf_changed":false,"inline_featured_image":false},"product_brand":[],"product_cat":[87,60,135],"product_tag":[],"class_list":{"0":"post-2275","1":"product","2":"type-product","3":"status-publish","4":"has-post-thumbnail","6":"product_cat-glass-hardware-es","7":"product_cat-glass-fence-railing-hardware-es","8":"product_cat-railing-system-es","10":"first","11":"instock","12":"taxable","13":"shipping-taxable","14":"purchasable","15":"product-type-variable","16":"has-default-attributes"},"acf":[],"yoast_head":"<!-- This site is optimized with the Yoast SEO plugin v26.9 - https:\/\/yoast.com\/product\/yoast-seo-wordpress\/ -->\n<title>GS 2205 Duplex Stainless-Steel Side Mounted Spigots - Glassupply.com<\/title>\n<meta name=\"robots\" content=\"index, follow, max-snippet:-1, max-image-preview:large, max-video-preview:-1\" \/>\n<link rel=\"canonical\" href=\"https:\/\/glassupply.com\/es\/producto\/gs-2205-duplex-stainless-steel-side-mounted-spigots\/\" \/>\n<meta property=\"og:locale\" content=\"es_ES\" \/>\n<meta property=\"og:type\" content=\"article\" \/>\n<meta property=\"og:title\" content=\"GS 2205 Duplex Stainless-Steel Side Mounted Spigots - Glassupply.com\" \/>\n<meta property=\"og:description\" content=\"Presentamos nuestras espigas de montaje lateral de acero inoxidable d\u00faplex GS 2205, dise\u00f1adas para simplificar la instalaci\u00f3n de paneles de vidrio, incluso en superficies horizontales irregulares.  Fabricados con la aleaci\u00f3n de acero inoxidable Duplex 2205 de la m\u00e1s alta calidad, estos herrajes anticorrosi\u00f3n de calidad marina son conocidos por su fuerza superior y su resistencia a la corrosi\u00f3n en entornos exteriores hostiles. Nuestro acero inoxidable Duplex 2205 aleado con un 22% de cromo, un 3% de molibdeno y entre un 5 y un 6% de n\u00edquel proporciona una resistencia superior a la corrosi\u00f3n y m\u00e1s del doble del l\u00edmite el\u00e1stico del acero inoxidable austen\u00edtico est\u00e1ndar.  Nuestro paquete de espiga de montaje lateral incluye m\u00faltiples insertos de grosor de junta que pueden adaptarse a paneles de vidrio de entre \u00bd pulgada (12 mm) y 9\/16 pulgadas (13,5 mm) de grosor.  La nueva placa de presi\u00f3n ajustable permite la colocaci\u00f3n del vidrio sin esfuerzo, simplemente apriete el tornillo prisionero superior para inclinar el vidrio hacia adentro y el tornillo prisionero inferior para inclinar el vidrio hacia afuera.  Nuestros sistemas de barandillas de vidrio sin marco est\u00e1n dise\u00f1ados para proporcionar la m\u00e1xima seguridad y protecci\u00f3n, y hemos tomado todas las medidas para garantizar que cumplen o superan los m\u00e1s altos est\u00e1ndares de ingenier\u00eda. Las espigas de montaje lateral de acero inoxidable d\u00faplex GS 2205 se han sometido a rigurosas pruebas y han superado pruebas de carga de ingenier\u00eda para m\u00faltiples c\u00f3digos de construcci\u00f3n. Puede confiar en la calidad y fiabilidad de nuestros productos. P\u00f3ngase en contacto con nosotros hoy mismo para obtener m\u00e1s informaci\u00f3n y dar el primer paso para actualizar su sistema de barandillas al m\u00e1s alto nivel de seguridad.  Elija entre un acabado de acero inoxidable pulido (cepillado) o un acabado negro mate liso con recubrimiento en polvo aplicado electrost\u00e1ticamente y curado al horno para obtener una superficie resistente a los ara\u00f1azos y protegida de la intemperie. Ideal tanto para aplicaciones interiores como exteriores, ofrece una excelente resistencia a la corrosi\u00f3n, por lo que es perfecto para estructuras con un alto grado de corrosi\u00f3n, como regiones costeras y entornos de piscinas.  Actualice su instalaci\u00f3n de paneles de vidrio con nuestras espigas de montaje lateral de acero inoxidable d\u00faplex GS 2205, la combinaci\u00f3n perfecta de funcionalidad y estilo.  &nbsp; ESPECIFICACIONES T\u00c9CNICAS    Espesor del vidrio de seguridad Paneles de vidrio de 1\/2&quot; (12 mm) - 9\/16&quot; (13,5 mm)   Color\/Acabado Acero inoxidable pulido, negro mate   Material de fabricaci\u00f3n Acero inoxidable Duplex 2205   Uso Recomendado Interior, Exterior\" \/>\n<meta property=\"og:url\" content=\"https:\/\/glassupply.com\/es\/producto\/gs-2205-duplex-stainless-steel-side-mounted-spigots\/\" \/>\n<meta property=\"og:site_name\" content=\"Glassupply.com\" \/>\n<meta property=\"article:modified_time\" content=\"2025-06-03T13:46:45+00:00\" \/>\n<meta property=\"og:image\" content=\"https:\/\/glassupply.com\/wp-content\/uploads\/2023\/06\/R-SM-2205SS-First-Product-Image-scaled-1.webp\" \/>\n\t<meta property=\"og:image:width\" content=\"1757\" \/>\n\t<meta property=\"og:image:height\" content=\"2560\" \/>\n\t<meta property=\"og:image:type\" content=\"image\/webp\" \/>\n<meta name=\"twitter:card\" content=\"summary_large_image\" \/>\n<meta name=\"twitter:label1\" content=\"Est. reading time\" \/>\n\t<meta name=\"twitter:data1\" content=\"1 minuto\" \/>\n<script type=\"application\/ld+json\" class=\"yoast-schema-graph\">{\"@context\":\"https:\/\/schema.org\",\"@graph\":[{\"@type\":\"WebPage\",\"@id\":\"https:\/\/glassupply.com\/es\/producto\/gs-2205-duplex-stainless-steel-side-mounted-spigots\/\",\"url\":\"https:\/\/glassupply.com\/es\/producto\/gs-2205-duplex-stainless-steel-side-mounted-spigots\/\",\"name\":\"GS 2205 Duplex Stainless-Steel Side Mounted Spigots - Glassupply.com\",\"isPartOf\":{\"@id\":\"https:\/\/glassupply.com\/es\/#website\"},\"primaryImageOfPage\":{\"@id\":\"https:\/\/glassupply.com\/es\/producto\/gs-2205-duplex-stainless-steel-side-mounted-spigots\/#primaryimage\"},\"image\":{\"@id\":\"https:\/\/glassupply.com\/es\/producto\/gs-2205-duplex-stainless-steel-side-mounted-spigots\/#primaryimage\"},\"thumbnailUrl\":\"https:\/\/glassupply.com\/wp-content\/uploads\/2023\/06\/R-SM-2205SS-First-Product-Image-scaled-1.webp\",\"datePublished\":\"2023-06-28T14:26:06+00:00\",\"dateModified\":\"2025-06-03T13:46:45+00:00\",\"breadcrumb\":{\"@id\":\"https:\/\/glassupply.com\/es\/producto\/gs-2205-duplex-stainless-steel-side-mounted-spigots\/#breadcrumb\"},\"inLanguage\":\"es\",\"potentialAction\":[{\"@type\":\"ReadAction\",\"target\":[\"https:\/\/glassupply.com\/es\/producto\/gs-2205-duplex-stainless-steel-side-mounted-spigots\/\"]}]},{\"@type\":\"ImageObject\",\"inLanguage\":\"es\",\"@id\":\"https:\/\/glassupply.com\/es\/producto\/gs-2205-duplex-stainless-steel-side-mounted-spigots\/#primaryimage\",\"url\":\"https:\/\/glassupply.com\/wp-content\/uploads\/2023\/06\/R-SM-2205SS-First-Product-Image-scaled-1.webp\",\"contentUrl\":\"https:\/\/glassupply.com\/wp-content\/uploads\/2023\/06\/R-SM-2205SS-First-Product-Image-scaled-1.webp\",\"width\":1757,\"height\":2560},{\"@type\":\"BreadcrumbList\",\"@id\":\"https:\/\/glassupply.com\/es\/producto\/gs-2205-duplex-stainless-steel-side-mounted-spigots\/#breadcrumb\",\"itemListElement\":[{\"@type\":\"ListItem\",\"position\":1,\"name\":\"Tienda\",\"item\":\"https:\/\/glassupply.com\/es\/tienda\/\"},{\"@type\":\"ListItem\",\"position\":2,\"name\":\"GS 2205 Duplex Stainless-Steel Side Mounted Spigots\"}]},{\"@type\":\"WebSite\",\"@id\":\"https:\/\/glassupply.com\/es\/#website\",\"url\":\"https:\/\/glassupply.com\/es\/\",\"name\":\"Glassupply.com\",\"description\":\"From the manufacturer to your doorstep\",\"potentialAction\":[{\"@type\":\"SearchAction\",\"target\":{\"@type\":\"EntryPoint\",\"urlTemplate\":\"https:\/\/glassupply.com\/es\/?s={search_term_string}\"},\"query-input\":{\"@type\":\"PropertyValueSpecification\",\"valueRequired\":true,\"valueName\":\"search_term_string\"}}],\"inLanguage\":\"es\"}]}<\/script>\n<!-- \/ Yoast SEO plugin. -->","yoast_head_json":{"title":"GS 2205 Duplex Stainless-Steel Side Mounted Spigots - Glassupply.com","robots":{"index":"index","follow":"follow","max-snippet":"max-snippet:-1","max-image-preview":"max-image-preview:large","max-video-preview":"max-video-preview:-1"},"canonical":"https:\/\/glassupply.com\/es\/producto\/gs-2205-duplex-stainless-steel-side-mounted-spigots\/","og_locale":"es_ES","og_type":"article","og_title":"GS 2205 Duplex Stainless-Steel Side Mounted Spigots - Glassupply.com","og_description":"Presentamos nuestras espigas de montaje lateral de acero inoxidable d\u00faplex GS 2205, dise\u00f1adas para simplificar la instalaci\u00f3n de paneles de vidrio, incluso en superficies horizontales irregulares.  Fabricados con la aleaci\u00f3n de acero inoxidable Duplex 2205 de la m\u00e1s alta calidad, estos herrajes anticorrosi\u00f3n de calidad marina son conocidos por su fuerza superior y su resistencia a la corrosi\u00f3n en entornos exteriores hostiles. Nuestro acero inoxidable Duplex 2205 aleado con un 22% de cromo, un 3% de molibdeno y entre un 5 y un 6% de n\u00edquel proporciona una resistencia superior a la corrosi\u00f3n y m\u00e1s del doble del l\u00edmite el\u00e1stico del acero inoxidable austen\u00edtico est\u00e1ndar.  Nuestro paquete de espiga de montaje lateral incluye m\u00faltiples insertos de grosor de junta que pueden adaptarse a paneles de vidrio de entre \u00bd pulgada (12 mm) y 9\/16 pulgadas (13,5 mm) de grosor.  La nueva placa de presi\u00f3n ajustable permite la colocaci\u00f3n del vidrio sin esfuerzo, simplemente apriete el tornillo prisionero superior para inclinar el vidrio hacia adentro y el tornillo prisionero inferior para inclinar el vidrio hacia afuera.  Nuestros sistemas de barandillas de vidrio sin marco est\u00e1n dise\u00f1ados para proporcionar la m\u00e1xima seguridad y protecci\u00f3n, y hemos tomado todas las medidas para garantizar que cumplen o superan los m\u00e1s altos est\u00e1ndares de ingenier\u00eda. Las espigas de montaje lateral de acero inoxidable d\u00faplex GS 2205 se han sometido a rigurosas pruebas y han superado pruebas de carga de ingenier\u00eda para m\u00faltiples c\u00f3digos de construcci\u00f3n. Puede confiar en la calidad y fiabilidad de nuestros productos. P\u00f3ngase en contacto con nosotros hoy mismo para obtener m\u00e1s informaci\u00f3n y dar el primer paso para actualizar su sistema de barandillas al m\u00e1s alto nivel de seguridad.  Elija entre un acabado de acero inoxidable pulido (cepillado) o un acabado negro mate liso con recubrimiento en polvo aplicado electrost\u00e1ticamente y curado al horno para obtener una superficie resistente a los ara\u00f1azos y protegida de la intemperie. Ideal tanto para aplicaciones interiores como exteriores, ofrece una excelente resistencia a la corrosi\u00f3n, por lo que es perfecto para estructuras con un alto grado de corrosi\u00f3n, como regiones costeras y entornos de piscinas.  Actualice su instalaci\u00f3n de paneles de vidrio con nuestras espigas de montaje lateral de acero inoxidable d\u00faplex GS 2205, la combinaci\u00f3n perfecta de funcionalidad y estilo.  &nbsp; ESPECIFICACIONES T\u00c9CNICAS    Espesor del vidrio de seguridad Paneles de vidrio de 1\/2\" (12 mm) - 9\/16\" (13,5 mm)   Color\/Acabado Acero inoxidable pulido, negro mate   Material de fabricaci\u00f3n Acero inoxidable Duplex 2205   Uso Recomendado Interior, Exterior","og_url":"https:\/\/glassupply.com\/es\/producto\/gs-2205-duplex-stainless-steel-side-mounted-spigots\/","og_site_name":"Glassupply.com","article_modified_time":"2025-06-03T13:46:45+00:00","og_image":[{"width":1757,"height":2560,"url":"https:\/\/glassupply.com\/wp-content\/uploads\/2023\/06\/R-SM-2205SS-First-Product-Image-scaled-1.webp","type":"image\/webp"}],"twitter_card":"summary_large_image","twitter_misc":{"Est. reading time":"1 minuto"},"schema":{"@context":"https:\/\/schema.org","@graph":[{"@type":"WebPage","@id":"https:\/\/glassupply.com\/es\/producto\/gs-2205-duplex-stainless-steel-side-mounted-spigots\/","url":"https:\/\/glassupply.com\/es\/producto\/gs-2205-duplex-stainless-steel-side-mounted-spigots\/","name":"GS 2205 Duplex Stainless-Steel Side Mounted Spigots - Glassupply.com","isPartOf":{"@id":"https:\/\/glassupply.com\/es\/#website"},"primaryImageOfPage":{"@id":"https:\/\/glassupply.com\/es\/producto\/gs-2205-duplex-stainless-steel-side-mounted-spigots\/#primaryimage"},"image":{"@id":"https:\/\/glassupply.com\/es\/producto\/gs-2205-duplex-stainless-steel-side-mounted-spigots\/#primaryimage"},"thumbnailUrl":"https:\/\/glassupply.com\/wp-content\/uploads\/2023\/06\/R-SM-2205SS-First-Product-Image-scaled-1.webp","datePublished":"2023-06-28T14:26:06+00:00","dateModified":"2025-06-03T13:46:45+00:00","breadcrumb":{"@id":"https:\/\/glassupply.com\/es\/producto\/gs-2205-duplex-stainless-steel-side-mounted-spigots\/#breadcrumb"},"inLanguage":"es","potentialAction":[{"@type":"ReadAction","target":["https:\/\/glassupply.com\/es\/producto\/gs-2205-duplex-stainless-steel-side-mounted-spigots\/"]}]},{"@type":"ImageObject","inLanguage":"es","@id":"https:\/\/glassupply.com\/es\/producto\/gs-2205-duplex-stainless-steel-side-mounted-spigots\/#primaryimage","url":"https:\/\/glassupply.com\/wp-content\/uploads\/2023\/06\/R-SM-2205SS-First-Product-Image-scaled-1.webp","contentUrl":"https:\/\/glassupply.com\/wp-content\/uploads\/2023\/06\/R-SM-2205SS-First-Product-Image-scaled-1.webp","width":1757,"height":2560},{"@type":"BreadcrumbList","@id":"https:\/\/glassupply.com\/es\/producto\/gs-2205-duplex-stainless-steel-side-mounted-spigots\/#breadcrumb","itemListElement":[{"@type":"ListItem","position":1,"name":"Tienda","item":"https:\/\/glassupply.com\/es\/tienda\/"},{"@type":"ListItem","position":2,"name":"GS 2205 Duplex Stainless-Steel Side Mounted Spigots"}]},{"@type":"WebSite","@id":"https:\/\/glassupply.com\/es\/#website","url":"https:\/\/glassupply.com\/es\/","name":"Glassupply.com","description":"From the manufacturer to your doorstep","potentialAction":[{"@type":"SearchAction","target":{"@type":"EntryPoint","urlTemplate":"https:\/\/glassupply.com\/es\/?s={search_term_string}"},"query-input":{"@type":"PropertyValueSpecification","valueRequired":true,"valueName":"search_term_string"}}],"inLanguage":"es"}]}},"_links":{"self":[{"href":"https:\/\/glassupply.com\/es\/wp-json\/wp\/v2\/product\/2275","targetHints":{"allow":["GET"]}}],"collection":[{"href":"https:\/\/glassupply.com\/es\/wp-json\/wp\/v2\/product"}],"about":[{"href":"https:\/\/glassupply.com\/es\/wp-json\/wp\/v2\/types\/product"}],"replies":[{"embeddable":true,"href":"https:\/\/glassupply.com\/es\/wp-json\/wp\/v2\/comments?post=2275"}],"wp:featuredmedia":[{"embeddable":true,"href":"https:\/\/glassupply.com\/es\/wp-json\/wp\/v2\/media\/1677"}],"wp:attachment":[{"href":"https:\/\/glassupply.com\/es\/wp-json\/wp\/v2\/media?parent=2275"}],"wp:term":[{"taxonomy":"product_brand","embeddable":true,"href":"https:\/\/glassupply.com\/es\/wp-json\/wp\/v2\/product_brand?post=2275"},{"taxonomy":"product_cat","embeddable":true,"href":"https:\/\/glassupply.com\/es\/wp-json\/wp\/v2\/product_cat?post=2275"},{"taxonomy":"product_tag","embeddable":true,"href":"https:\/\/glassupply.com\/es\/wp-json\/wp\/v2\/product_tag?post=2275"}],"curies":[{"name":"wp","href":"https:\/\/api.w.org\/{rel}","templated":true}]}}