{"id":2348,"date":"2023-06-28T09:26:05","date_gmt":"2023-06-28T14:26:05","guid":{"rendered":"https:\/\/glassupply.com\/product\/gs-sliding-door-system\/"},"modified":"2025-06-05T01:30:43","modified_gmt":"2025-06-05T06:30:43","slug":"gs-sliding-door-system","status":"publish","type":"product","link":"https:\/\/glassupply.com\/es\/producto\/gs-sliding-door-system\/","title":{"rendered":"GS Sliding Door System"},"content":{"rendered":"","protected":false},"excerpt":{"rendered":"<p><span style=\"font-weight: 400;\">El Sistema de Puerta Corrediza GS ofrece una est\u00e9tica distintiva en comparaci\u00f3n con otros sistemas corredizos. Al utilizar herrajes m\u00ednimos, logra una apariencia sin marco que proporciona al cerramiento un efecto flotante visualmente impactante. El sistema incorpora rodamientos de rodillos de alta resistencia especialmente dise\u00f1ados que garantizan un funcionamiento suave y silencioso al abrir y cerrar la puerta, al tiempo que brindan un soporte excepcional.<\/span><\/p>\n<p><span style=\"font-weight: 400;\">El kit incluye todos los componentes esenciales necesarios para una instalaci\u00f3n sin complicaciones, incluyendo un sello en forma de L (S-SD-LSEAL) con cinta de alta adherencia 3M preaplicada. Este sello ayuda eficazmente a crear un sistema herm\u00e9tico.<\/span><\/p>\n<p><span style=\"font-weight: 400;\">Para adaptarse a una configuraci\u00f3n de ducha en \u00e1ngulo de 90 grados, est\u00e1 disponible un accesorio espec\u00edfico llamado adaptador de 90 grados para puerta corrediza (S-SD-ADA90), que se vende por separado. Este adaptador est\u00e1 dise\u00f1ado espec\u00edficamente para usarse con un panel de vidrio de retorno.<\/span><\/p>\n<p><span style=\"font-weight: 400;\">Para adaptarse a vidrio de 1\/2&#8243; (12 mm), est\u00e1 disponible un sello especial de policarbonato en forma de U con aleta de vinilo (S-SD-SEA9012), que se vende por separado.<\/span><\/p>\n<p><span style=\"font-weight: 400;\">Disponible en 2 longitudes est\u00e1ndar: 78\u201d (2 m) y 95\u201d (2.4 m), para cortar a medida en el lugar de instalaci\u00f3n.<\/span><\/p>\n<p><b>Tama\u00f1o M\u00e1ximo de la Puerta:<\/b><\/p>\n<p><span style=\"font-weight: 400;\">Con vidrio de 5\/16\u2033 a 1\/2\u2033 (8 a 12 mm), el sistema de puerta corrediza soporta hasta 100 lbs (45 kg).<\/span><\/p>\n<p><span style=\"font-weight: 400;\">Consulte las hojas t\u00e9cnicas a continuaci\u00f3n para conocer la proporci\u00f3n entre el panel fijo y la puerta.<\/span><\/p>\n<p><span style=\"font-weight: 400;\">Nuestro proceso de acabado para herrajes de ducha incluye tres m\u00e9todos de aplicaci\u00f3n distintos, cada uno de los cuales produce un acabado duradero, resistente a la corrosi\u00f3n y visualmente atractivo. Estos m\u00e9todos incluyen electroforesis (Negro Mate), cromado (Cromo) y niquelado (N\u00edquel Cepillado). Independientemente de la opci\u00f3n elegida, nuestro proceso garantiza un acabado hermoso y duradero que cumple con los m\u00e1s altos est\u00e1ndares de calidad y durabilidad de la industria, brindando un rendimiento y atractivo visual excepcionales.<\/span><\/p>\n<h2><b>EL KIT INCLUYE<\/b><\/h2>\n<table>\n<tbody>\n<tr>\n<td><b>Producto<\/b><\/td>\n<td><b>SKU<\/b><\/td>\n<td><b>Cant.<\/b><\/td>\n<\/tr>\n<tr>\n<td><span style=\"font-weight: 400;\">Barra de Soporte Corrediza 75\u201d, <\/span><span style=\"font-weight: 400;\">o <\/span><span style=\"font-weight: 400;\">Barra de Soporte Corrediza 95\u201d<\/span><\/td>\n<td><span style=\"font-weight: 400;\">S-SD-BAR, <\/span><span style=\"font-weight: 400;\">o S-SD-95BAR\u00a0\u00a0\u00a0\u00a0<\/span><\/td>\n<td><span style=\"font-weight: 400;\">1<\/span><\/td>\n<\/tr>\n<tr>\n<td><span style=\"font-weight: 400;\">Accesorio para Panel Fijo<\/span><\/td>\n<td><span style=\"font-weight: 400;\">S-SD-FPF<\/span><\/td>\n<td><span style=\"font-weight: 400;\">2<\/span><\/td>\n<\/tr>\n<tr>\n<td><span style=\"font-weight: 400;\">Tope de Puerta<\/span><\/td>\n<td><span style=\"font-weight: 400;\">S-SD-DSTP<\/span><\/td>\n<td><span style=\"font-weight: 400;\">2<\/span><\/td>\n<\/tr>\n<tr>\n<td><span style=\"font-weight: 400;\">Gu\u00edas de Puerta Reversibles<\/span><\/td>\n<td><span style=\"font-weight: 400;\">S-SD-RDG<\/span><\/td>\n<td><span style=\"font-weight: 400;\">2<\/span><\/td>\n<\/tr>\n<tr>\n<td><span style=\"font-weight: 400;\">Tirador A Trav\u00e9s del Vidrio<\/span><\/td>\n<td><span style=\"font-weight: 400;\">S-SD-TGP<\/span><\/td>\n<td><span style=\"font-weight: 400;\">1<\/span><\/td>\n<\/tr>\n<tr>\n<td><span style=\"font-weight: 400;\">Rodillo<\/span><\/td>\n<td><span style=\"font-weight: 400;\">S-SD-ROLL<\/span><\/td>\n<td><span style=\"font-weight: 400;\">4<\/span><\/td>\n<\/tr>\n<tr>\n<td><span style=\"font-weight: 400;\">Soporte de Riel con Altura Ajustable<\/span><\/td>\n<td><span style=\"font-weight: 400;\">S-SD-THF<\/span><\/td>\n<td><span style=\"font-weight: 400;\">2<\/span><\/td>\n<\/tr>\n<tr>\n<td><span style=\"font-weight: 400;\">Sello en L<\/span><\/td>\n<td><span style=\"font-weight: 400;\">S-SD-LSEAL<\/span><\/td>\n<td><span style=\"font-weight: 400;\">1<\/span><\/td>\n<\/tr>\n<tr>\n<td><span style=\"font-weight: 400;\">Sello de 90 Grados para Vidrio de 3\/8\u201d<\/span><\/td>\n<td><span style=\"font-weight: 400;\">S-SD-SEA9010<\/span><\/td>\n<td><span style=\"font-weight: 400;\">1<\/span><\/td>\n<\/tr>\n<tr>\n<td><span style=\"font-weight: 400;\">Kit de Instalaci\u00f3n<\/span><\/td>\n<td><span style=\"font-weight: 400;\">S-SD-MISC1-2<\/span><\/td>\n<td><span style=\"font-weight: 400;\">1<\/span><\/td>\n<\/tr>\n<\/tbody>\n<\/table>\n<h2><b>ESPECIFICACIONES T\u00c9CNICAS<\/b><\/h2>\n<table>\n<tbody>\n<tr>\n<td>Espesor del Vidrio de Seguridad<\/td>\n<td><span style=\"font-weight: 400;\">5\/16\u201d (8 mm) a 1\/2\u201d (12 mm)<\/span><\/td>\n<\/tr>\n<tr>\n<td>Color\/Acabado<\/td>\n<td><span style=\"font-weight: 400;\">Cromo, N\u00edquel Cepillado, Negro Mate<\/span><\/td>\n<\/tr>\n<tr>\n<td>Material de Fabricaci\u00f3n<\/td>\n<td><span style=\"font-weight: 400;\">Acero Inoxidable<\/span><\/td>\n<\/tr>\n<\/tbody>\n<\/table>\n","protected":false},"featured_media":1611,"comment_status":"closed","ping_status":"closed","template":"","meta":{"_acf_changed":false,"inline_featured_image":false},"product_brand":[],"product_cat":[72],"product_tag":[],"class_list":{"0":"post-2348","1":"product","2":"type-product","3":"status-publish","4":"has-post-thumbnail","6":"product_cat-shower-hardware-es","8":"first","9":"instock","10":"taxable","11":"shipping-taxable","12":"purchasable","13":"product-type-variable","14":"has-default-attributes"},"acf":[],"yoast_head":"<!-- This site is optimized with the Yoast SEO plugin v26.9 - https:\/\/yoast.com\/product\/yoast-seo-wordpress\/ -->\n<title>GS Sliding Door System - Glassupply.com<\/title>\n<meta name=\"robots\" content=\"index, follow, max-snippet:-1, max-image-preview:large, max-video-preview:-1\" \/>\n<link rel=\"canonical\" href=\"https:\/\/glassupply.com\/es\/producto\/gs-sliding-door-system\/\" \/>\n<meta property=\"og:locale\" content=\"es_ES\" \/>\n<meta property=\"og:type\" content=\"article\" \/>\n<meta property=\"og:title\" content=\"GS Sliding Door System - Glassupply.com\" \/>\n<meta property=\"og:description\" content=\"El Sistema de Puerta Corrediza GS ofrece una est\u00e9tica distintiva en comparaci\u00f3n con otros sistemas corredizos. Al utilizar herrajes m\u00ednimos, logra una apariencia sin marco que proporciona al cerramiento un efecto flotante visualmente impactante. El sistema incorpora rodamientos de rodillos de alta resistencia especialmente dise\u00f1ados que garantizan un funcionamiento suave y silencioso al abrir y cerrar la puerta, al tiempo que brindan un soporte excepcional.  El kit incluye todos los componentes esenciales necesarios para una instalaci\u00f3n sin complicaciones, incluyendo un sello en forma de L (S-SD-LSEAL) con cinta de alta adherencia 3M preaplicada. Este sello ayuda eficazmente a crear un sistema herm\u00e9tico.  Para adaptarse a una configuraci\u00f3n de ducha en \u00e1ngulo de 90 grados, est\u00e1 disponible un accesorio espec\u00edfico llamado adaptador de 90 grados para puerta corrediza (S-SD-ADA90), que se vende por separado. Este adaptador est\u00e1 dise\u00f1ado espec\u00edficamente para usarse con un panel de vidrio de retorno.  Para adaptarse a vidrio de 1\/2&quot; (12 mm), est\u00e1 disponible un sello especial de policarbonato en forma de U con aleta de vinilo (S-SD-SEA9012), que se vende por separado.  Disponible en 2 longitudes est\u00e1ndar: 78\u201d (2 m) y 95\u201d (2.4 m), para cortar a medida en el lugar de instalaci\u00f3n.  Tama\u00f1o M\u00e1ximo de la Puerta:  Con vidrio de 5\/16\u2033 a 1\/2\u2033 (8 a 12 mm), el sistema de puerta corrediza soporta hasta 100 lbs (45 kg).  Consulte las hojas t\u00e9cnicas a continuaci\u00f3n para conocer la proporci\u00f3n entre el panel fijo y la puerta.  Nuestro proceso de acabado para herrajes de ducha incluye tres m\u00e9todos de aplicaci\u00f3n distintos, cada uno de los cuales produce un acabado duradero, resistente a la corrosi\u00f3n y visualmente atractivo. Estos m\u00e9todos incluyen electroforesis (Negro Mate), cromado (Cromo) y niquelado (N\u00edquel Cepillado). Independientemente de la opci\u00f3n elegida, nuestro proceso garantiza un acabado hermoso y duradero que cumple con los m\u00e1s altos est\u00e1ndares de calidad y durabilidad de la industria, brindando un rendimiento y atractivo visual excepcionales. EL KIT INCLUYE    Producto SKU Cant.   Barra de Soporte Corrediza 75\u201d, o Barra de Soporte Corrediza 95\u201d S-SD-BAR, o S-SD-95BAR\u00a0\u00a0\u00a0\u00a0 1   Accesorio para Panel Fijo S-SD-FPF 2   Tope de Puerta S-SD-DSTP 2   Gu\u00edas de Puerta Reversibles S-SD-RDG 2   Tirador A Trav\u00e9s del Vidrio S-SD-TGP 1   Rodillo S-SD-ROLL 4   Soporte de Riel con Altura Ajustable S-SD-THF 2   Sello en L S-SD-LSEAL 1   Sello de 90 Grados para Vidrio de 3\/8\u201d S-SD-SEA9010 1   Kit de Instalaci\u00f3n S-SD-MISC1-2 1    ESPECIFICACIONES T\u00c9CNICAS    Espesor del Vidrio de Seguridad 5\/16\u201d (8 mm) a 1\/2\u201d (12 mm)   Color\/Acabado Cromo, N\u00edquel Cepillado, Negro Mate   Material de Fabricaci\u00f3n Acero Inoxidable\" \/>\n<meta property=\"og:url\" content=\"https:\/\/glassupply.com\/es\/producto\/gs-sliding-door-system\/\" \/>\n<meta property=\"og:site_name\" content=\"Glassupply.com\" \/>\n<meta property=\"article:modified_time\" content=\"2025-06-05T06:30:43+00:00\" \/>\n<meta property=\"og:image\" content=\"https:\/\/glassupply.com\/wp-content\/uploads\/2023\/06\/S-SD-SDKXX-Product-Image-scaled-1.webp\" \/>\n\t<meta property=\"og:image:width\" content=\"2560\" \/>\n\t<meta property=\"og:image:height\" content=\"1810\" \/>\n\t<meta property=\"og:image:type\" content=\"image\/webp\" \/>\n<meta name=\"twitter:card\" content=\"summary_large_image\" \/>\n<meta name=\"twitter:label1\" content=\"Est. reading time\" \/>\n\t<meta name=\"twitter:data1\" content=\"1 minuto\" \/>\n<script type=\"application\/ld+json\" class=\"yoast-schema-graph\">{\"@context\":\"https:\/\/schema.org\",\"@graph\":[{\"@type\":\"WebPage\",\"@id\":\"https:\/\/glassupply.com\/es\/producto\/gs-sliding-door-system\/\",\"url\":\"https:\/\/glassupply.com\/es\/producto\/gs-sliding-door-system\/\",\"name\":\"GS Sliding Door System - Glassupply.com\",\"isPartOf\":{\"@id\":\"https:\/\/glassupply.com\/es\/#website\"},\"primaryImageOfPage\":{\"@id\":\"https:\/\/glassupply.com\/es\/producto\/gs-sliding-door-system\/#primaryimage\"},\"image\":{\"@id\":\"https:\/\/glassupply.com\/es\/producto\/gs-sliding-door-system\/#primaryimage\"},\"thumbnailUrl\":\"https:\/\/glassupply.com\/wp-content\/uploads\/2023\/06\/S-SD-SDKXX-Product-Image-scaled-1.webp\",\"datePublished\":\"2023-06-28T14:26:05+00:00\",\"dateModified\":\"2025-06-05T06:30:43+00:00\",\"breadcrumb\":{\"@id\":\"https:\/\/glassupply.com\/es\/producto\/gs-sliding-door-system\/#breadcrumb\"},\"inLanguage\":\"es\",\"potentialAction\":[{\"@type\":\"ReadAction\",\"target\":[\"https:\/\/glassupply.com\/es\/producto\/gs-sliding-door-system\/\"]}]},{\"@type\":\"ImageObject\",\"inLanguage\":\"es\",\"@id\":\"https:\/\/glassupply.com\/es\/producto\/gs-sliding-door-system\/#primaryimage\",\"url\":\"https:\/\/glassupply.com\/wp-content\/uploads\/2023\/06\/S-SD-SDKXX-Product-Image-scaled-1.webp\",\"contentUrl\":\"https:\/\/glassupply.com\/wp-content\/uploads\/2023\/06\/S-SD-SDKXX-Product-Image-scaled-1.webp\",\"width\":2560,\"height\":1810},{\"@type\":\"BreadcrumbList\",\"@id\":\"https:\/\/glassupply.com\/es\/producto\/gs-sliding-door-system\/#breadcrumb\",\"itemListElement\":[{\"@type\":\"ListItem\",\"position\":1,\"name\":\"Tienda\",\"item\":\"https:\/\/glassupply.com\/es\/tienda\/\"},{\"@type\":\"ListItem\",\"position\":2,\"name\":\"GS Sliding Door System\"}]},{\"@type\":\"WebSite\",\"@id\":\"https:\/\/glassupply.com\/es\/#website\",\"url\":\"https:\/\/glassupply.com\/es\/\",\"name\":\"Glassupply.com\",\"description\":\"From the manufacturer to your doorstep\",\"potentialAction\":[{\"@type\":\"SearchAction\",\"target\":{\"@type\":\"EntryPoint\",\"urlTemplate\":\"https:\/\/glassupply.com\/es\/?s={search_term_string}\"},\"query-input\":{\"@type\":\"PropertyValueSpecification\",\"valueRequired\":true,\"valueName\":\"search_term_string\"}}],\"inLanguage\":\"es\"}]}<\/script>\n<!-- \/ Yoast SEO plugin. -->","yoast_head_json":{"title":"GS Sliding Door System - Glassupply.com","robots":{"index":"index","follow":"follow","max-snippet":"max-snippet:-1","max-image-preview":"max-image-preview:large","max-video-preview":"max-video-preview:-1"},"canonical":"https:\/\/glassupply.com\/es\/producto\/gs-sliding-door-system\/","og_locale":"es_ES","og_type":"article","og_title":"GS Sliding Door System - Glassupply.com","og_description":"El Sistema de Puerta Corrediza GS ofrece una est\u00e9tica distintiva en comparaci\u00f3n con otros sistemas corredizos. Al utilizar herrajes m\u00ednimos, logra una apariencia sin marco que proporciona al cerramiento un efecto flotante visualmente impactante. El sistema incorpora rodamientos de rodillos de alta resistencia especialmente dise\u00f1ados que garantizan un funcionamiento suave y silencioso al abrir y cerrar la puerta, al tiempo que brindan un soporte excepcional.  El kit incluye todos los componentes esenciales necesarios para una instalaci\u00f3n sin complicaciones, incluyendo un sello en forma de L (S-SD-LSEAL) con cinta de alta adherencia 3M preaplicada. Este sello ayuda eficazmente a crear un sistema herm\u00e9tico.  Para adaptarse a una configuraci\u00f3n de ducha en \u00e1ngulo de 90 grados, est\u00e1 disponible un accesorio espec\u00edfico llamado adaptador de 90 grados para puerta corrediza (S-SD-ADA90), que se vende por separado. Este adaptador est\u00e1 dise\u00f1ado espec\u00edficamente para usarse con un panel de vidrio de retorno.  Para adaptarse a vidrio de 1\/2\" (12 mm), est\u00e1 disponible un sello especial de policarbonato en forma de U con aleta de vinilo (S-SD-SEA9012), que se vende por separado.  Disponible en 2 longitudes est\u00e1ndar: 78\u201d (2 m) y 95\u201d (2.4 m), para cortar a medida en el lugar de instalaci\u00f3n.  Tama\u00f1o M\u00e1ximo de la Puerta:  Con vidrio de 5\/16\u2033 a 1\/2\u2033 (8 a 12 mm), el sistema de puerta corrediza soporta hasta 100 lbs (45 kg).  Consulte las hojas t\u00e9cnicas a continuaci\u00f3n para conocer la proporci\u00f3n entre el panel fijo y la puerta.  Nuestro proceso de acabado para herrajes de ducha incluye tres m\u00e9todos de aplicaci\u00f3n distintos, cada uno de los cuales produce un acabado duradero, resistente a la corrosi\u00f3n y visualmente atractivo. Estos m\u00e9todos incluyen electroforesis (Negro Mate), cromado (Cromo) y niquelado (N\u00edquel Cepillado). Independientemente de la opci\u00f3n elegida, nuestro proceso garantiza un acabado hermoso y duradero que cumple con los m\u00e1s altos est\u00e1ndares de calidad y durabilidad de la industria, brindando un rendimiento y atractivo visual excepcionales. EL KIT INCLUYE    Producto SKU Cant.   Barra de Soporte Corrediza 75\u201d, o Barra de Soporte Corrediza 95\u201d S-SD-BAR, o S-SD-95BAR\u00a0\u00a0\u00a0\u00a0 1   Accesorio para Panel Fijo S-SD-FPF 2   Tope de Puerta S-SD-DSTP 2   Gu\u00edas de Puerta Reversibles S-SD-RDG 2   Tirador A Trav\u00e9s del Vidrio S-SD-TGP 1   Rodillo S-SD-ROLL 4   Soporte de Riel con Altura Ajustable S-SD-THF 2   Sello en L S-SD-LSEAL 1   Sello de 90 Grados para Vidrio de 3\/8\u201d S-SD-SEA9010 1   Kit de Instalaci\u00f3n S-SD-MISC1-2 1    ESPECIFICACIONES T\u00c9CNICAS    Espesor del Vidrio de Seguridad 5\/16\u201d (8 mm) a 1\/2\u201d (12 mm)   Color\/Acabado Cromo, N\u00edquel Cepillado, Negro Mate   Material de Fabricaci\u00f3n Acero Inoxidable","og_url":"https:\/\/glassupply.com\/es\/producto\/gs-sliding-door-system\/","og_site_name":"Glassupply.com","article_modified_time":"2025-06-05T06:30:43+00:00","og_image":[{"width":2560,"height":1810,"url":"https:\/\/glassupply.com\/wp-content\/uploads\/2023\/06\/S-SD-SDKXX-Product-Image-scaled-1.webp","type":"image\/webp"}],"twitter_card":"summary_large_image","twitter_misc":{"Est. reading time":"1 minuto"},"schema":{"@context":"https:\/\/schema.org","@graph":[{"@type":"WebPage","@id":"https:\/\/glassupply.com\/es\/producto\/gs-sliding-door-system\/","url":"https:\/\/glassupply.com\/es\/producto\/gs-sliding-door-system\/","name":"GS Sliding Door System - Glassupply.com","isPartOf":{"@id":"https:\/\/glassupply.com\/es\/#website"},"primaryImageOfPage":{"@id":"https:\/\/glassupply.com\/es\/producto\/gs-sliding-door-system\/#primaryimage"},"image":{"@id":"https:\/\/glassupply.com\/es\/producto\/gs-sliding-door-system\/#primaryimage"},"thumbnailUrl":"https:\/\/glassupply.com\/wp-content\/uploads\/2023\/06\/S-SD-SDKXX-Product-Image-scaled-1.webp","datePublished":"2023-06-28T14:26:05+00:00","dateModified":"2025-06-05T06:30:43+00:00","breadcrumb":{"@id":"https:\/\/glassupply.com\/es\/producto\/gs-sliding-door-system\/#breadcrumb"},"inLanguage":"es","potentialAction":[{"@type":"ReadAction","target":["https:\/\/glassupply.com\/es\/producto\/gs-sliding-door-system\/"]}]},{"@type":"ImageObject","inLanguage":"es","@id":"https:\/\/glassupply.com\/es\/producto\/gs-sliding-door-system\/#primaryimage","url":"https:\/\/glassupply.com\/wp-content\/uploads\/2023\/06\/S-SD-SDKXX-Product-Image-scaled-1.webp","contentUrl":"https:\/\/glassupply.com\/wp-content\/uploads\/2023\/06\/S-SD-SDKXX-Product-Image-scaled-1.webp","width":2560,"height":1810},{"@type":"BreadcrumbList","@id":"https:\/\/glassupply.com\/es\/producto\/gs-sliding-door-system\/#breadcrumb","itemListElement":[{"@type":"ListItem","position":1,"name":"Tienda","item":"https:\/\/glassupply.com\/es\/tienda\/"},{"@type":"ListItem","position":2,"name":"GS Sliding Door System"}]},{"@type":"WebSite","@id":"https:\/\/glassupply.com\/es\/#website","url":"https:\/\/glassupply.com\/es\/","name":"Glassupply.com","description":"From the manufacturer to your doorstep","potentialAction":[{"@type":"SearchAction","target":{"@type":"EntryPoint","urlTemplate":"https:\/\/glassupply.com\/es\/?s={search_term_string}"},"query-input":{"@type":"PropertyValueSpecification","valueRequired":true,"valueName":"search_term_string"}}],"inLanguage":"es"}]}},"_links":{"self":[{"href":"https:\/\/glassupply.com\/es\/wp-json\/wp\/v2\/product\/2348","targetHints":{"allow":["GET"]}}],"collection":[{"href":"https:\/\/glassupply.com\/es\/wp-json\/wp\/v2\/product"}],"about":[{"href":"https:\/\/glassupply.com\/es\/wp-json\/wp\/v2\/types\/product"}],"replies":[{"embeddable":true,"href":"https:\/\/glassupply.com\/es\/wp-json\/wp\/v2\/comments?post=2348"}],"wp:featuredmedia":[{"embeddable":true,"href":"https:\/\/glassupply.com\/es\/wp-json\/wp\/v2\/media\/1611"}],"wp:attachment":[{"href":"https:\/\/glassupply.com\/es\/wp-json\/wp\/v2\/media?parent=2348"}],"wp:term":[{"taxonomy":"product_brand","embeddable":true,"href":"https:\/\/glassupply.com\/es\/wp-json\/wp\/v2\/product_brand?post=2348"},{"taxonomy":"product_cat","embeddable":true,"href":"https:\/\/glassupply.com\/es\/wp-json\/wp\/v2\/product_cat?post=2348"},{"taxonomy":"product_tag","embeddable":true,"href":"https:\/\/glassupply.com\/es\/wp-json\/wp\/v2\/product_tag?post=2348"}],"curies":[{"name":"wp","href":"https:\/\/api.w.org\/{rel}","templated":true}]}}