{"id":2362,"date":"2023-06-28T09:25:55","date_gmt":"2023-06-28T14:25:55","guid":{"rendered":"https:\/\/glassupply.com\/product\/gs-pivot-hinge\/"},"modified":"2025-06-05T01:25:52","modified_gmt":"2025-06-05T06:25:52","slug":"gs-pivot-hinge","status":"publish","type":"product","link":"https:\/\/glassupply.com\/es\/producto\/gs-pivot-hinge\/","title":{"rendered":"GS Pivot Hinge"},"content":{"rendered":"","protected":false},"excerpt":{"rendered":"<p><span style=\"font-weight: 400;\">La bisagra pivotante GS ofrece una amplia gama de aplicaciones, y es compatible con vidrio templado de seguridad de 5\/16&#8243; a 1\/2&#8243; (8 a 12 mm). Esta bisagra de alta gama proporciona varios beneficios, como soportar la mayor parte del peso en la bisagra inferior, evitando as\u00ed que el vidrio se combe con el tiempo. Estas bisagras autocentrantes vienen con cuatro resortes que ofrecen una fuerza de retenci\u00f3n m\u00e1xima.<\/span><\/p>\n<p><span style=\"font-weight: 400;\">La bisagra pivotante GS tambi\u00e9n es compatible con nuestro Kit de Cabecera para Ducha (S-HK) para cerramientos de ducha que no se extienden hasta el techo.<\/span><\/p>\n<p><span style=\"font-weight: 400;\">El Bloque Adaptador para Bisagra Pivotante del Kit de Cabecera (S-HK-AD) se vende como parte del kit de cabecera (S-HK).<\/span><\/p>\n<p><span style=\"font-weight: 400;\">La bisagra viene preconfigurada con el lado de 90 grados activado como configuraci\u00f3n predeterminada. Esto significa que, cuando el resorte autocentrante est\u00e1 activado, la puerta se detendr\u00e1 en una posici\u00f3n cerrada y formar\u00e1 una l\u00ednea recta (tambi\u00e9n conocida como 90\u00b0 o 0\u00b0).<\/span><\/p>\n<p><span style=\"font-weight: 400;\">Sin embargo, el pasador puede girarse para activar el otro lado (85\u00b0), lo que har\u00e1 que la puerta se detenga en una posici\u00f3n cerrada 5\u00b0 m\u00e1s all\u00e1 de la l\u00ednea recta. Es importante tener en cuenta que el pasador no debe colocarse al rev\u00e9s. El lado de 85 grados del pasador pivotante se activa normalmente para lograr un sellado m\u00e1s herm\u00e9tico con ciertos tipos de burletes de ducha.<\/span><\/p>\n<p><b>Uso con dos bisagras<\/b><\/p>\n<p><span style=\"font-weight: 400;\">Con vidrio de 5\/16\u2033 a 1\/2\u2033 (8 a 12 mm), la bisagra soportar\u00e1 hasta 100 lbs (45 kg) con un ancho m\u00e1ximo de puerta de 32\u2033 (813 mm).<\/span><\/p>\n<p><b>Incluye<\/b><span style=\"font-weight: 400;\">:\u00a0<\/span><\/p>\n<p><span style=\"font-weight: 400;\">Juntas para todos los espesores de vidrio, tornillos, tacos pl\u00e1sticos para pared.<\/span><\/p>\n<p><span style=\"font-weight: 400;\">Tenga en cuenta que se requiere una fabricaci\u00f3n del vidrio para poder instalar la bisagra.<\/span><\/p>\n<p><span style=\"font-weight: 400;\">Nuestro proceso de acabado para herrajes de ducha incluye tres m\u00e9todos de aplicaci\u00f3n distintos, cada uno de los cuales da como resultado un acabado duradero, resistente a la corrosi\u00f3n y visualmente atractivo. Estos m\u00e9todos incluyen electroforesis (Negro Mate), cromado (Cromo) y niquelado (N\u00edquel Cepillado). Independientemente de la opci\u00f3n elegida, nuestro proceso de acabado garantiza un acabado hermoso y duradero que cumple con los m\u00e1s altos est\u00e1ndares de calidad y durabilidad de la industria, ofreciendo un rendimiento y atractivo visual excepcionales.<\/span><\/p>\n<h2><b>ESPECIFICACIONES T\u00c9CNICAS<\/b><\/h2>\n<table>\n<tbody>\n<tr>\n<td><b>Espesor del Vidrio de Seguridad<\/b><\/td>\n<td><span style=\"font-weight: 400;\">5\/16\u201d (8 mm) a 1\/2\u201d (12 mm)<\/span><\/td>\n<\/tr>\n<tr>\n<td><b>Color\/Acabado<\/b><\/td>\n<td><span style=\"font-weight: 400;\">Cromo, N\u00edquel Cepillado, Negro Mate<\/span><\/td>\n<\/tr>\n<tr>\n<td><b>Prueba de Durabilidad \/ Ciclos de Vida<\/b><\/td>\n<td><span style=\"font-weight: 400;\">50000 ciclos de apertura\/cierre*<\/span><\/td>\n<\/tr>\n<tr>\n<td><b>Material de Fabricaci\u00f3n<\/b><\/td>\n<td><span style=\"font-weight: 400;\">Lat\u00f3n macizo<\/span><\/td>\n<\/tr>\n<tr>\n<td><b>Tipo de Apertura<\/b><\/td>\n<td><span style=\"font-weight: 400;\">90<\/span><span style=\"font-weight: 400;\">\u00b0 hacia adentro y 90<\/span><span style=\"font-weight: 400;\">\u00b0<\/span><span style=\"font-weight: 400;\"> hacia afuera<\/span><\/td>\n<\/tr>\n<tr>\n<td><b>Tipo de Cierre<\/b><\/td>\n<td><span style=\"font-weight: 400;\">Autocentrado dentro de los 15 grados desde la posici\u00f3n cerrada<\/span><\/td>\n<\/tr>\n<\/tbody>\n<\/table>\n<p><span style=\"font-weight: 400;\">*El t\u00e9rmino \u201c50000 ciclos de apertura\/cierre\u201d es una prueba com\u00fanmente utilizada para medir la durabilidad y vida \u00fatil de las bisagras de puertas. Significa que la bisagra ha sido probada para resistir la apertura y cierre de la puerta 50,000 veces sin fallos ni signos de desgaste.<\/span><\/p>\n","protected":false},"featured_media":1595,"comment_status":"closed","ping_status":"closed","template":"","meta":{"_acf_changed":false,"inline_featured_image":false},"product_brand":[],"product_cat":[72],"product_tag":[],"class_list":{"0":"post-2362","1":"product","2":"type-product","3":"status-publish","4":"has-post-thumbnail","6":"product_cat-shower-hardware-es","8":"first","9":"instock","10":"taxable","11":"shipping-taxable","12":"purchasable","13":"product-type-variable","14":"has-default-attributes"},"acf":[],"yoast_head":"<!-- This site is optimized with the Yoast SEO plugin v26.9 - https:\/\/yoast.com\/product\/yoast-seo-wordpress\/ -->\n<title>GS Pivot Hinge - Glassupply.com<\/title>\n<meta name=\"robots\" content=\"index, follow, max-snippet:-1, max-image-preview:large, max-video-preview:-1\" \/>\n<link rel=\"canonical\" href=\"https:\/\/glassupply.com\/es\/producto\/gs-pivot-hinge\/\" \/>\n<meta property=\"og:locale\" content=\"es_ES\" \/>\n<meta property=\"og:type\" content=\"article\" \/>\n<meta property=\"og:title\" content=\"GS Pivot Hinge - Glassupply.com\" \/>\n<meta property=\"og:description\" content=\"La bisagra pivotante GS ofrece una amplia gama de aplicaciones, y es compatible con vidrio templado de seguridad de 5\/16&quot; a 1\/2&quot; (8 a 12 mm). Esta bisagra de alta gama proporciona varios beneficios, como soportar la mayor parte del peso en la bisagra inferior, evitando as\u00ed que el vidrio se combe con el tiempo. Estas bisagras autocentrantes vienen con cuatro resortes que ofrecen una fuerza de retenci\u00f3n m\u00e1xima.  La bisagra pivotante GS tambi\u00e9n es compatible con nuestro Kit de Cabecera para Ducha (S-HK) para cerramientos de ducha que no se extienden hasta el techo.  El Bloque Adaptador para Bisagra Pivotante del Kit de Cabecera (S-HK-AD) se vende como parte del kit de cabecera (S-HK).  La bisagra viene preconfigurada con el lado de 90 grados activado como configuraci\u00f3n predeterminada. Esto significa que, cuando el resorte autocentrante est\u00e1 activado, la puerta se detendr\u00e1 en una posici\u00f3n cerrada y formar\u00e1 una l\u00ednea recta (tambi\u00e9n conocida como 90\u00b0 o 0\u00b0).  Sin embargo, el pasador puede girarse para activar el otro lado (85\u00b0), lo que har\u00e1 que la puerta se detenga en una posici\u00f3n cerrada 5\u00b0 m\u00e1s all\u00e1 de la l\u00ednea recta. Es importante tener en cuenta que el pasador no debe colocarse al rev\u00e9s. El lado de 85 grados del pasador pivotante se activa normalmente para lograr un sellado m\u00e1s herm\u00e9tico con ciertos tipos de burletes de ducha.  Uso con dos bisagras  Con vidrio de 5\/16\u2033 a 1\/2\u2033 (8 a 12 mm), la bisagra soportar\u00e1 hasta 100 lbs (45 kg) con un ancho m\u00e1ximo de puerta de 32\u2033 (813 mm).  Incluye:\u00a0  Juntas para todos los espesores de vidrio, tornillos, tacos pl\u00e1sticos para pared.  Tenga en cuenta que se requiere una fabricaci\u00f3n del vidrio para poder instalar la bisagra.  Nuestro proceso de acabado para herrajes de ducha incluye tres m\u00e9todos de aplicaci\u00f3n distintos, cada uno de los cuales da como resultado un acabado duradero, resistente a la corrosi\u00f3n y visualmente atractivo. Estos m\u00e9todos incluyen electroforesis (Negro Mate), cromado (Cromo) y niquelado (N\u00edquel Cepillado). Independientemente de la opci\u00f3n elegida, nuestro proceso de acabado garantiza un acabado hermoso y duradero que cumple con los m\u00e1s altos est\u00e1ndares de calidad y durabilidad de la industria, ofreciendo un rendimiento y atractivo visual excepcionales. ESPECIFICACIONES T\u00c9CNICAS    Espesor del Vidrio de Seguridad 5\/16\u201d (8 mm) a 1\/2\u201d (12 mm)   Color\/Acabado Cromo, N\u00edquel Cepillado, Negro Mate   Prueba de Durabilidad \/ Ciclos de Vida 50000 ciclos de apertura\/cierre*   Material de Fabricaci\u00f3n Lat\u00f3n macizo   Tipo de Apertura 90\u00b0 hacia adentro y 90\u00b0 hacia afuera   Tipo de Cierre Autocentrado dentro de los 15 grados desde la posici\u00f3n cerrada    *El t\u00e9rmino \u201c50000 ciclos de apertura\/cierre\u201d es una prueba com\u00fanmente utilizada para medir la durabilidad y vida \u00fatil de las bisagras de puertas. Significa que la bisagra ha sido probada para resistir la apertura y cierre de la puerta 50,000 veces sin fallos ni signos de desgaste.\" \/>\n<meta property=\"og:url\" content=\"https:\/\/glassupply.com\/es\/producto\/gs-pivot-hinge\/\" \/>\n<meta property=\"og:site_name\" content=\"Glassupply.com\" \/>\n<meta property=\"article:modified_time\" content=\"2025-06-05T06:25:52+00:00\" \/>\n<meta property=\"og:image\" content=\"https:\/\/glassupply.com\/wp-content\/uploads\/2023\/06\/S-HI-PHCH-Product-Image.webp\" \/>\n\t<meta property=\"og:image:width\" content=\"1000\" \/>\n\t<meta property=\"og:image:height\" content=\"1000\" \/>\n\t<meta property=\"og:image:type\" content=\"image\/webp\" \/>\n<meta name=\"twitter:card\" content=\"summary_large_image\" \/>\n<meta name=\"twitter:label1\" content=\"Est. reading time\" \/>\n\t<meta name=\"twitter:data1\" content=\"1 minuto\" \/>\n<script type=\"application\/ld+json\" class=\"yoast-schema-graph\">{\"@context\":\"https:\/\/schema.org\",\"@graph\":[{\"@type\":\"WebPage\",\"@id\":\"https:\/\/glassupply.com\/es\/producto\/gs-pivot-hinge\/\",\"url\":\"https:\/\/glassupply.com\/es\/producto\/gs-pivot-hinge\/\",\"name\":\"GS Pivot Hinge - Glassupply.com\",\"isPartOf\":{\"@id\":\"https:\/\/glassupply.com\/es\/#website\"},\"primaryImageOfPage\":{\"@id\":\"https:\/\/glassupply.com\/es\/producto\/gs-pivot-hinge\/#primaryimage\"},\"image\":{\"@id\":\"https:\/\/glassupply.com\/es\/producto\/gs-pivot-hinge\/#primaryimage\"},\"thumbnailUrl\":\"https:\/\/glassupply.com\/wp-content\/uploads\/2023\/06\/S-HI-PHCH-Product-Image.webp\",\"datePublished\":\"2023-06-28T14:25:55+00:00\",\"dateModified\":\"2025-06-05T06:25:52+00:00\",\"breadcrumb\":{\"@id\":\"https:\/\/glassupply.com\/es\/producto\/gs-pivot-hinge\/#breadcrumb\"},\"inLanguage\":\"es\",\"potentialAction\":[{\"@type\":\"ReadAction\",\"target\":[\"https:\/\/glassupply.com\/es\/producto\/gs-pivot-hinge\/\"]}]},{\"@type\":\"ImageObject\",\"inLanguage\":\"es\",\"@id\":\"https:\/\/glassupply.com\/es\/producto\/gs-pivot-hinge\/#primaryimage\",\"url\":\"https:\/\/glassupply.com\/wp-content\/uploads\/2023\/06\/S-HI-PHCH-Product-Image.webp\",\"contentUrl\":\"https:\/\/glassupply.com\/wp-content\/uploads\/2023\/06\/S-HI-PHCH-Product-Image.webp\",\"width\":1000,\"height\":1000},{\"@type\":\"BreadcrumbList\",\"@id\":\"https:\/\/glassupply.com\/es\/producto\/gs-pivot-hinge\/#breadcrumb\",\"itemListElement\":[{\"@type\":\"ListItem\",\"position\":1,\"name\":\"Tienda\",\"item\":\"https:\/\/glassupply.com\/es\/tienda\/\"},{\"@type\":\"ListItem\",\"position\":2,\"name\":\"GS Pivot Hinge\"}]},{\"@type\":\"WebSite\",\"@id\":\"https:\/\/glassupply.com\/es\/#website\",\"url\":\"https:\/\/glassupply.com\/es\/\",\"name\":\"Glassupply.com\",\"description\":\"From the manufacturer to your doorstep\",\"potentialAction\":[{\"@type\":\"SearchAction\",\"target\":{\"@type\":\"EntryPoint\",\"urlTemplate\":\"https:\/\/glassupply.com\/es\/?s={search_term_string}\"},\"query-input\":{\"@type\":\"PropertyValueSpecification\",\"valueRequired\":true,\"valueName\":\"search_term_string\"}}],\"inLanguage\":\"es\"}]}<\/script>\n<!-- \/ Yoast SEO plugin. -->","yoast_head_json":{"title":"GS Pivot Hinge - Glassupply.com","robots":{"index":"index","follow":"follow","max-snippet":"max-snippet:-1","max-image-preview":"max-image-preview:large","max-video-preview":"max-video-preview:-1"},"canonical":"https:\/\/glassupply.com\/es\/producto\/gs-pivot-hinge\/","og_locale":"es_ES","og_type":"article","og_title":"GS Pivot Hinge - Glassupply.com","og_description":"La bisagra pivotante GS ofrece una amplia gama de aplicaciones, y es compatible con vidrio templado de seguridad de 5\/16\" a 1\/2\" (8 a 12 mm). Esta bisagra de alta gama proporciona varios beneficios, como soportar la mayor parte del peso en la bisagra inferior, evitando as\u00ed que el vidrio se combe con el tiempo. Estas bisagras autocentrantes vienen con cuatro resortes que ofrecen una fuerza de retenci\u00f3n m\u00e1xima.  La bisagra pivotante GS tambi\u00e9n es compatible con nuestro Kit de Cabecera para Ducha (S-HK) para cerramientos de ducha que no se extienden hasta el techo.  El Bloque Adaptador para Bisagra Pivotante del Kit de Cabecera (S-HK-AD) se vende como parte del kit de cabecera (S-HK).  La bisagra viene preconfigurada con el lado de 90 grados activado como configuraci\u00f3n predeterminada. Esto significa que, cuando el resorte autocentrante est\u00e1 activado, la puerta se detendr\u00e1 en una posici\u00f3n cerrada y formar\u00e1 una l\u00ednea recta (tambi\u00e9n conocida como 90\u00b0 o 0\u00b0).  Sin embargo, el pasador puede girarse para activar el otro lado (85\u00b0), lo que har\u00e1 que la puerta se detenga en una posici\u00f3n cerrada 5\u00b0 m\u00e1s all\u00e1 de la l\u00ednea recta. Es importante tener en cuenta que el pasador no debe colocarse al rev\u00e9s. El lado de 85 grados del pasador pivotante se activa normalmente para lograr un sellado m\u00e1s herm\u00e9tico con ciertos tipos de burletes de ducha.  Uso con dos bisagras  Con vidrio de 5\/16\u2033 a 1\/2\u2033 (8 a 12 mm), la bisagra soportar\u00e1 hasta 100 lbs (45 kg) con un ancho m\u00e1ximo de puerta de 32\u2033 (813 mm).  Incluye:\u00a0  Juntas para todos los espesores de vidrio, tornillos, tacos pl\u00e1sticos para pared.  Tenga en cuenta que se requiere una fabricaci\u00f3n del vidrio para poder instalar la bisagra.  Nuestro proceso de acabado para herrajes de ducha incluye tres m\u00e9todos de aplicaci\u00f3n distintos, cada uno de los cuales da como resultado un acabado duradero, resistente a la corrosi\u00f3n y visualmente atractivo. Estos m\u00e9todos incluyen electroforesis (Negro Mate), cromado (Cromo) y niquelado (N\u00edquel Cepillado). Independientemente de la opci\u00f3n elegida, nuestro proceso de acabado garantiza un acabado hermoso y duradero que cumple con los m\u00e1s altos est\u00e1ndares de calidad y durabilidad de la industria, ofreciendo un rendimiento y atractivo visual excepcionales. ESPECIFICACIONES T\u00c9CNICAS    Espesor del Vidrio de Seguridad 5\/16\u201d (8 mm) a 1\/2\u201d (12 mm)   Color\/Acabado Cromo, N\u00edquel Cepillado, Negro Mate   Prueba de Durabilidad \/ Ciclos de Vida 50000 ciclos de apertura\/cierre*   Material de Fabricaci\u00f3n Lat\u00f3n macizo   Tipo de Apertura 90\u00b0 hacia adentro y 90\u00b0 hacia afuera   Tipo de Cierre Autocentrado dentro de los 15 grados desde la posici\u00f3n cerrada    *El t\u00e9rmino \u201c50000 ciclos de apertura\/cierre\u201d es una prueba com\u00fanmente utilizada para medir la durabilidad y vida \u00fatil de las bisagras de puertas. Significa que la bisagra ha sido probada para resistir la apertura y cierre de la puerta 50,000 veces sin fallos ni signos de desgaste.","og_url":"https:\/\/glassupply.com\/es\/producto\/gs-pivot-hinge\/","og_site_name":"Glassupply.com","article_modified_time":"2025-06-05T06:25:52+00:00","og_image":[{"width":1000,"height":1000,"url":"https:\/\/glassupply.com\/wp-content\/uploads\/2023\/06\/S-HI-PHCH-Product-Image.webp","type":"image\/webp"}],"twitter_card":"summary_large_image","twitter_misc":{"Est. reading time":"1 minuto"},"schema":{"@context":"https:\/\/schema.org","@graph":[{"@type":"WebPage","@id":"https:\/\/glassupply.com\/es\/producto\/gs-pivot-hinge\/","url":"https:\/\/glassupply.com\/es\/producto\/gs-pivot-hinge\/","name":"GS Pivot Hinge - Glassupply.com","isPartOf":{"@id":"https:\/\/glassupply.com\/es\/#website"},"primaryImageOfPage":{"@id":"https:\/\/glassupply.com\/es\/producto\/gs-pivot-hinge\/#primaryimage"},"image":{"@id":"https:\/\/glassupply.com\/es\/producto\/gs-pivot-hinge\/#primaryimage"},"thumbnailUrl":"https:\/\/glassupply.com\/wp-content\/uploads\/2023\/06\/S-HI-PHCH-Product-Image.webp","datePublished":"2023-06-28T14:25:55+00:00","dateModified":"2025-06-05T06:25:52+00:00","breadcrumb":{"@id":"https:\/\/glassupply.com\/es\/producto\/gs-pivot-hinge\/#breadcrumb"},"inLanguage":"es","potentialAction":[{"@type":"ReadAction","target":["https:\/\/glassupply.com\/es\/producto\/gs-pivot-hinge\/"]}]},{"@type":"ImageObject","inLanguage":"es","@id":"https:\/\/glassupply.com\/es\/producto\/gs-pivot-hinge\/#primaryimage","url":"https:\/\/glassupply.com\/wp-content\/uploads\/2023\/06\/S-HI-PHCH-Product-Image.webp","contentUrl":"https:\/\/glassupply.com\/wp-content\/uploads\/2023\/06\/S-HI-PHCH-Product-Image.webp","width":1000,"height":1000},{"@type":"BreadcrumbList","@id":"https:\/\/glassupply.com\/es\/producto\/gs-pivot-hinge\/#breadcrumb","itemListElement":[{"@type":"ListItem","position":1,"name":"Tienda","item":"https:\/\/glassupply.com\/es\/tienda\/"},{"@type":"ListItem","position":2,"name":"GS Pivot Hinge"}]},{"@type":"WebSite","@id":"https:\/\/glassupply.com\/es\/#website","url":"https:\/\/glassupply.com\/es\/","name":"Glassupply.com","description":"From the manufacturer to your doorstep","potentialAction":[{"@type":"SearchAction","target":{"@type":"EntryPoint","urlTemplate":"https:\/\/glassupply.com\/es\/?s={search_term_string}"},"query-input":{"@type":"PropertyValueSpecification","valueRequired":true,"valueName":"search_term_string"}}],"inLanguage":"es"}]}},"_links":{"self":[{"href":"https:\/\/glassupply.com\/es\/wp-json\/wp\/v2\/product\/2362","targetHints":{"allow":["GET"]}}],"collection":[{"href":"https:\/\/glassupply.com\/es\/wp-json\/wp\/v2\/product"}],"about":[{"href":"https:\/\/glassupply.com\/es\/wp-json\/wp\/v2\/types\/product"}],"replies":[{"embeddable":true,"href":"https:\/\/glassupply.com\/es\/wp-json\/wp\/v2\/comments?post=2362"}],"wp:featuredmedia":[{"embeddable":true,"href":"https:\/\/glassupply.com\/es\/wp-json\/wp\/v2\/media\/1595"}],"wp:attachment":[{"href":"https:\/\/glassupply.com\/es\/wp-json\/wp\/v2\/media?parent=2362"}],"wp:term":[{"taxonomy":"product_brand","embeddable":true,"href":"https:\/\/glassupply.com\/es\/wp-json\/wp\/v2\/product_brand?post=2362"},{"taxonomy":"product_cat","embeddable":true,"href":"https:\/\/glassupply.com\/es\/wp-json\/wp\/v2\/product_cat?post=2362"},{"taxonomy":"product_tag","embeddable":true,"href":"https:\/\/glassupply.com\/es\/wp-json\/wp\/v2\/product_tag?post=2362"}],"curies":[{"name":"wp","href":"https:\/\/api.w.org\/{rel}","templated":true}]}}