{"id":2376,"date":"2023-06-28T09:25:55","date_gmt":"2023-06-28T14:25:55","guid":{"rendered":"https:\/\/glassupply.com\/product\/square-glass-to-wall-clamp\/"},"modified":"2025-06-05T02:00:37","modified_gmt":"2025-06-05T07:00:37","slug":"square-glass-to-wall-clamp","status":"publish","type":"product","link":"https:\/\/glassupply.com\/es\/producto\/square-glass-to-wall-clamp\/","title":{"rendered":"Square Glass to Wall Clamp"},"content":{"rendered":"","protected":false},"excerpt":{"rendered":"<p><span style=\"font-weight: 400;\">La abrazadera de manga a 90\u00b0 sobre vidrio est\u00e1 espec\u00edficamente dise\u00f1ada para sujetar de forma segura dos paneles fijos de vidrio que forman una esquina de 90 grados.<\/span><b> Estas abrazaderas no requieren ninguna fabricaci\u00f3n especial del vidrio<\/b><span style=\"font-weight: 400;\">. Se recomienda encarecidamente aplicar sellador de silicona para sellar la esquina vidrio a vidrio, asegurando una uni\u00f3n efectiva que previene fugas de agua y fija firmemente los paneles juntos. Las abrazaderas se aseguran firmemente con tornillos Allen con punta de nailon.<\/span><\/p>\n<p><span style=\"font-weight: 400;\">Nuestro proceso de acabado para herrajes de ducha incluye tres m\u00e9todos aplicados diferentes, cada uno resultando en un acabado duradero, resistente a la corrosi\u00f3n y visualmente atractivo. Estos m\u00e9todos incluyen electrodeposici\u00f3n (Negro Mate), cromado (cromo) y niquelado (N\u00edquel Cepillado). Independientemente de la opci\u00f3n elegida, nuestro proceso de acabado garantiza un acabado hermoso y duradero que cumple con los m\u00e1s altos est\u00e1ndares de calidad y durabilidad de la industria, ofreciendo un rendimiento excepcional y atractivo visual.<\/span><\/p>\n<h2><b>ESPECIFICACIONES T\u00c9CNICAS<\/b><\/h2>\n<table>\n<tbody>\n<tr>\n<td><b>Espesor del vidrio de seguridad<\/b><\/td>\n<td><span style=\"font-weight: 400;\">8 mm (5\/16\u201d) a 12 mm (1\/2\u201d)<\/span><\/td>\n<\/tr>\n<tr>\n<td><b>Color\/Acabado<\/b><\/td>\n<td><span style=\"font-weight: 400;\">Cromo, N\u00edquel Cepillado, Negro Mate<\/span><\/td>\n<\/tr>\n<tr>\n<td><b>Material de fabricaci\u00f3n<\/b><\/td>\n<td><span style=\"font-weight: 400;\">Lat\u00f3n macizo<\/span><\/td>\n<\/tr>\n<\/tbody>\n<\/table>\n","protected":false},"featured_media":1575,"comment_status":"closed","ping_status":"closed","template":"","meta":{"_acf_changed":false,"inline_featured_image":false},"product_brand":[],"product_cat":[72],"product_tag":[],"class_list":{"0":"post-2376","1":"product","2":"type-product","3":"status-publish","4":"has-post-thumbnail","6":"product_cat-shower-hardware-es","8":"first","9":"instock","10":"taxable","11":"shipping-taxable","12":"purchasable","13":"product-type-variable","14":"has-default-attributes"},"acf":[],"yoast_head":"<!-- This site is optimized with the Yoast SEO plugin v26.9 - https:\/\/yoast.com\/product\/yoast-seo-wordpress\/ -->\n<title>Square Glass to Wall Clamp - Glassupply.com<\/title>\n<meta name=\"robots\" content=\"index, follow, max-snippet:-1, max-image-preview:large, max-video-preview:-1\" \/>\n<link rel=\"canonical\" href=\"https:\/\/glassupply.com\/es\/producto\/square-glass-to-wall-clamp\/\" \/>\n<meta property=\"og:locale\" content=\"es_ES\" \/>\n<meta property=\"og:type\" content=\"article\" \/>\n<meta property=\"og:title\" content=\"Square Glass to Wall Clamp - Glassupply.com\" \/>\n<meta property=\"og:description\" content=\"La abrazadera de manga a 90\u00b0 sobre vidrio est\u00e1 espec\u00edficamente dise\u00f1ada para sujetar de forma segura dos paneles fijos de vidrio que forman una esquina de 90 grados. Estas abrazaderas no requieren ninguna fabricaci\u00f3n especial del vidrio. Se recomienda encarecidamente aplicar sellador de silicona para sellar la esquina vidrio a vidrio, asegurando una uni\u00f3n efectiva que previene fugas de agua y fija firmemente los paneles juntos. Las abrazaderas se aseguran firmemente con tornillos Allen con punta de nailon.  Nuestro proceso de acabado para herrajes de ducha incluye tres m\u00e9todos aplicados diferentes, cada uno resultando en un acabado duradero, resistente a la corrosi\u00f3n y visualmente atractivo. Estos m\u00e9todos incluyen electrodeposici\u00f3n (Negro Mate), cromado (cromo) y niquelado (N\u00edquel Cepillado). Independientemente de la opci\u00f3n elegida, nuestro proceso de acabado garantiza un acabado hermoso y duradero que cumple con los m\u00e1s altos est\u00e1ndares de calidad y durabilidad de la industria, ofreciendo un rendimiento excepcional y atractivo visual. ESPECIFICACIONES T\u00c9CNICAS    Espesor del vidrio de seguridad 8 mm (5\/16\u201d) a 12 mm (1\/2\u201d)   Color\/Acabado Cromo, N\u00edquel Cepillado, Negro Mate   Material de fabricaci\u00f3n Lat\u00f3n macizo\" \/>\n<meta property=\"og:url\" content=\"https:\/\/glassupply.com\/es\/producto\/square-glass-to-wall-clamp\/\" \/>\n<meta property=\"og:site_name\" content=\"Glassupply.com\" \/>\n<meta property=\"article:modified_time\" content=\"2025-06-05T07:00:37+00:00\" \/>\n<meta property=\"og:image\" content=\"https:\/\/glassupply.com\/wp-content\/uploads\/2023\/06\/S-CL-SCCH-Product-Image.webp\" \/>\n\t<meta property=\"og:image:width\" content=\"1000\" \/>\n\t<meta property=\"og:image:height\" content=\"1000\" \/>\n\t<meta property=\"og:image:type\" content=\"image\/webp\" \/>\n<meta name=\"twitter:card\" content=\"summary_large_image\" \/>\n<meta name=\"twitter:label1\" content=\"Est. reading time\" \/>\n\t<meta name=\"twitter:data1\" content=\"1 minuto\" \/>\n<script type=\"application\/ld+json\" class=\"yoast-schema-graph\">{\"@context\":\"https:\/\/schema.org\",\"@graph\":[{\"@type\":\"WebPage\",\"@id\":\"https:\/\/glassupply.com\/es\/producto\/square-glass-to-wall-clamp\/\",\"url\":\"https:\/\/glassupply.com\/es\/producto\/square-glass-to-wall-clamp\/\",\"name\":\"Square Glass to Wall Clamp - Glassupply.com\",\"isPartOf\":{\"@id\":\"https:\/\/glassupply.com\/es\/#website\"},\"primaryImageOfPage\":{\"@id\":\"https:\/\/glassupply.com\/es\/producto\/square-glass-to-wall-clamp\/#primaryimage\"},\"image\":{\"@id\":\"https:\/\/glassupply.com\/es\/producto\/square-glass-to-wall-clamp\/#primaryimage\"},\"thumbnailUrl\":\"https:\/\/glassupply.com\/wp-content\/uploads\/2023\/06\/S-CL-SCCH-Product-Image.webp\",\"datePublished\":\"2023-06-28T14:25:55+00:00\",\"dateModified\":\"2025-06-05T07:00:37+00:00\",\"breadcrumb\":{\"@id\":\"https:\/\/glassupply.com\/es\/producto\/square-glass-to-wall-clamp\/#breadcrumb\"},\"inLanguage\":\"es\",\"potentialAction\":[{\"@type\":\"ReadAction\",\"target\":[\"https:\/\/glassupply.com\/es\/producto\/square-glass-to-wall-clamp\/\"]}]},{\"@type\":\"ImageObject\",\"inLanguage\":\"es\",\"@id\":\"https:\/\/glassupply.com\/es\/producto\/square-glass-to-wall-clamp\/#primaryimage\",\"url\":\"https:\/\/glassupply.com\/wp-content\/uploads\/2023\/06\/S-CL-SCCH-Product-Image.webp\",\"contentUrl\":\"https:\/\/glassupply.com\/wp-content\/uploads\/2023\/06\/S-CL-SCCH-Product-Image.webp\",\"width\":1000,\"height\":1000},{\"@type\":\"BreadcrumbList\",\"@id\":\"https:\/\/glassupply.com\/es\/producto\/square-glass-to-wall-clamp\/#breadcrumb\",\"itemListElement\":[{\"@type\":\"ListItem\",\"position\":1,\"name\":\"Tienda\",\"item\":\"https:\/\/glassupply.com\/es\/tienda\/\"},{\"@type\":\"ListItem\",\"position\":2,\"name\":\"Square Glass to Wall Clamp\"}]},{\"@type\":\"WebSite\",\"@id\":\"https:\/\/glassupply.com\/es\/#website\",\"url\":\"https:\/\/glassupply.com\/es\/\",\"name\":\"Glassupply.com\",\"description\":\"From the manufacturer to your doorstep\",\"potentialAction\":[{\"@type\":\"SearchAction\",\"target\":{\"@type\":\"EntryPoint\",\"urlTemplate\":\"https:\/\/glassupply.com\/es\/?s={search_term_string}\"},\"query-input\":{\"@type\":\"PropertyValueSpecification\",\"valueRequired\":true,\"valueName\":\"search_term_string\"}}],\"inLanguage\":\"es\"}]}<\/script>\n<!-- \/ Yoast SEO plugin. -->","yoast_head_json":{"title":"Square Glass to Wall Clamp - Glassupply.com","robots":{"index":"index","follow":"follow","max-snippet":"max-snippet:-1","max-image-preview":"max-image-preview:large","max-video-preview":"max-video-preview:-1"},"canonical":"https:\/\/glassupply.com\/es\/producto\/square-glass-to-wall-clamp\/","og_locale":"es_ES","og_type":"article","og_title":"Square Glass to Wall Clamp - Glassupply.com","og_description":"La abrazadera de manga a 90\u00b0 sobre vidrio est\u00e1 espec\u00edficamente dise\u00f1ada para sujetar de forma segura dos paneles fijos de vidrio que forman una esquina de 90 grados. Estas abrazaderas no requieren ninguna fabricaci\u00f3n especial del vidrio. Se recomienda encarecidamente aplicar sellador de silicona para sellar la esquina vidrio a vidrio, asegurando una uni\u00f3n efectiva que previene fugas de agua y fija firmemente los paneles juntos. Las abrazaderas se aseguran firmemente con tornillos Allen con punta de nailon.  Nuestro proceso de acabado para herrajes de ducha incluye tres m\u00e9todos aplicados diferentes, cada uno resultando en un acabado duradero, resistente a la corrosi\u00f3n y visualmente atractivo. Estos m\u00e9todos incluyen electrodeposici\u00f3n (Negro Mate), cromado (cromo) y niquelado (N\u00edquel Cepillado). Independientemente de la opci\u00f3n elegida, nuestro proceso de acabado garantiza un acabado hermoso y duradero que cumple con los m\u00e1s altos est\u00e1ndares de calidad y durabilidad de la industria, ofreciendo un rendimiento excepcional y atractivo visual. ESPECIFICACIONES T\u00c9CNICAS    Espesor del vidrio de seguridad 8 mm (5\/16\u201d) a 12 mm (1\/2\u201d)   Color\/Acabado Cromo, N\u00edquel Cepillado, Negro Mate   Material de fabricaci\u00f3n Lat\u00f3n macizo","og_url":"https:\/\/glassupply.com\/es\/producto\/square-glass-to-wall-clamp\/","og_site_name":"Glassupply.com","article_modified_time":"2025-06-05T07:00:37+00:00","og_image":[{"width":1000,"height":1000,"url":"https:\/\/glassupply.com\/wp-content\/uploads\/2023\/06\/S-CL-SCCH-Product-Image.webp","type":"image\/webp"}],"twitter_card":"summary_large_image","twitter_misc":{"Est. reading time":"1 minuto"},"schema":{"@context":"https:\/\/schema.org","@graph":[{"@type":"WebPage","@id":"https:\/\/glassupply.com\/es\/producto\/square-glass-to-wall-clamp\/","url":"https:\/\/glassupply.com\/es\/producto\/square-glass-to-wall-clamp\/","name":"Square Glass to Wall Clamp - Glassupply.com","isPartOf":{"@id":"https:\/\/glassupply.com\/es\/#website"},"primaryImageOfPage":{"@id":"https:\/\/glassupply.com\/es\/producto\/square-glass-to-wall-clamp\/#primaryimage"},"image":{"@id":"https:\/\/glassupply.com\/es\/producto\/square-glass-to-wall-clamp\/#primaryimage"},"thumbnailUrl":"https:\/\/glassupply.com\/wp-content\/uploads\/2023\/06\/S-CL-SCCH-Product-Image.webp","datePublished":"2023-06-28T14:25:55+00:00","dateModified":"2025-06-05T07:00:37+00:00","breadcrumb":{"@id":"https:\/\/glassupply.com\/es\/producto\/square-glass-to-wall-clamp\/#breadcrumb"},"inLanguage":"es","potentialAction":[{"@type":"ReadAction","target":["https:\/\/glassupply.com\/es\/producto\/square-glass-to-wall-clamp\/"]}]},{"@type":"ImageObject","inLanguage":"es","@id":"https:\/\/glassupply.com\/es\/producto\/square-glass-to-wall-clamp\/#primaryimage","url":"https:\/\/glassupply.com\/wp-content\/uploads\/2023\/06\/S-CL-SCCH-Product-Image.webp","contentUrl":"https:\/\/glassupply.com\/wp-content\/uploads\/2023\/06\/S-CL-SCCH-Product-Image.webp","width":1000,"height":1000},{"@type":"BreadcrumbList","@id":"https:\/\/glassupply.com\/es\/producto\/square-glass-to-wall-clamp\/#breadcrumb","itemListElement":[{"@type":"ListItem","position":1,"name":"Tienda","item":"https:\/\/glassupply.com\/es\/tienda\/"},{"@type":"ListItem","position":2,"name":"Square Glass to Wall Clamp"}]},{"@type":"WebSite","@id":"https:\/\/glassupply.com\/es\/#website","url":"https:\/\/glassupply.com\/es\/","name":"Glassupply.com","description":"From the manufacturer to your doorstep","potentialAction":[{"@type":"SearchAction","target":{"@type":"EntryPoint","urlTemplate":"https:\/\/glassupply.com\/es\/?s={search_term_string}"},"query-input":{"@type":"PropertyValueSpecification","valueRequired":true,"valueName":"search_term_string"}}],"inLanguage":"es"}]}},"_links":{"self":[{"href":"https:\/\/glassupply.com\/es\/wp-json\/wp\/v2\/product\/2376","targetHints":{"allow":["GET"]}}],"collection":[{"href":"https:\/\/glassupply.com\/es\/wp-json\/wp\/v2\/product"}],"about":[{"href":"https:\/\/glassupply.com\/es\/wp-json\/wp\/v2\/types\/product"}],"replies":[{"embeddable":true,"href":"https:\/\/glassupply.com\/es\/wp-json\/wp\/v2\/comments?post=2376"}],"wp:featuredmedia":[{"embeddable":true,"href":"https:\/\/glassupply.com\/es\/wp-json\/wp\/v2\/media\/1575"}],"wp:attachment":[{"href":"https:\/\/glassupply.com\/es\/wp-json\/wp\/v2\/media?parent=2376"}],"wp:term":[{"taxonomy":"product_brand","embeddable":true,"href":"https:\/\/glassupply.com\/es\/wp-json\/wp\/v2\/product_brand?post=2376"},{"taxonomy":"product_cat","embeddable":true,"href":"https:\/\/glassupply.com\/es\/wp-json\/wp\/v2\/product_cat?post=2376"},{"taxonomy":"product_tag","embeddable":true,"href":"https:\/\/glassupply.com\/es\/wp-json\/wp\/v2\/product_tag?post=2376"}],"curies":[{"name":"wp","href":"https:\/\/api.w.org\/{rel}","templated":true}]}}