{"id":2383,"date":"2023-06-28T09:25:54","date_gmt":"2023-06-28T14:25:54","guid":{"rendered":"https:\/\/glassupply.com\/product\/ultra-thin-plastic-bumper-3-4\/"},"modified":"2025-12-31T13:40:48","modified_gmt":"2025-12-31T18:40:48","slug":"ultra-thin-plastic-bumper-3-4","status":"publish","type":"product","link":"https:\/\/glassupply.com\/es\/producto\/ultra-thin-plastic-bumper-3-4\/","title":{"rendered":"Ultra-Thin Plastic Bumper &#8211; 3\/4&#8243;"},"content":{"rendered":"","protected":false},"excerpt":{"rendered":"<p>Bot\u00f3n antideslizante de pl\u00e1stico transparente. Con parte trasera lisa, sin adhesivo: pr\u00e1cticamente invisible bajo tapas de vidrio. El bot\u00f3n m\u00e1s utilizado del mercado. Se vende por bolsa (12 unidades).<\/p>\n<h2><strong>ESPECIFICACIONES T\u00c9CNICAS<\/strong><a class=\"anchor\" name=\"techSpec\"><\/a><\/h2>\n<div class=\"pm2_tabSpecification clearfix\">\n<table class=\"table\" style=\"height: 91px;\" width=\"382\">\n<tbody>\n<tr>\n<th class=\"pm_specName\" style=\"text-align: left;\">Acabado<\/th>\n<td>Transparente \/ Claro<\/td>\n<\/tr>\n<tr>\n<th class=\"pm_specName\" style=\"text-align: left;\">Di\u00e1metro<\/th>\n<td>19,1 mm* (3\/4&#8243;)<\/td>\n<\/tr>\n<tr>\n<th class=\"pm_specName\" style=\"text-align: left;\">Material<\/th>\n<td>Pl\u00e1stico (PVC)<\/td>\n<\/tr>\n<\/tbody>\n<\/table>\n<\/div>\n<h4><strong>Se vende por bolsa (12 unidades)<\/strong><\/h4>\n","protected":false},"featured_media":1571,"comment_status":"open","ping_status":"closed","template":"","meta":{"_acf_changed":false,"inline_featured_image":false},"product_brand":[],"product_cat":[99],"product_tag":[],"class_list":{"0":"post-2383","1":"product","2":"type-product","3":"status-publish","4":"has-post-thumbnail","6":"product_cat-general-hardware-and-components-es","8":"first","9":"instock","10":"taxable","11":"shipping-taxable","12":"purchasable","13":"product-type-simple"},"acf":[],"yoast_head":"<!-- This site is optimized with the Yoast SEO Premium plugin v27.4 (Yoast SEO v27.4) - https:\/\/yoast.com\/product\/yoast-seo-premium-wordpress\/ -->\n<title>Ultra-Thin Plastic Bumper - 3\/4&quot; - Glassupply.com<\/title>\n<meta name=\"robots\" content=\"index, follow, max-snippet:-1, max-image-preview:large, max-video-preview:-1\" \/>\n<link rel=\"canonical\" href=\"https:\/\/glassupply.com\/es\/producto\/ultra-thin-plastic-bumper-3-4\/\" \/>\n<meta property=\"og:locale\" content=\"es_ES\" \/>\n<meta property=\"og:type\" content=\"article\" \/>\n<meta property=\"og:title\" content=\"Ultra-Thin Plastic Bumper - 3\/4&quot; - Glassupply.com\" \/>\n<meta property=\"og:description\" content=\"Bot\u00f3n antideslizante de pl\u00e1stico transparente. Con parte trasera lisa, sin adhesivo: pr\u00e1cticamente invisible bajo tapas de vidrio. El bot\u00f3n m\u00e1s utilizado del mercado. Se vende por bolsa (12 unidades). ESPECIFICACIONES T\u00c9CNICAS     Acabado Transparente \/ Claro   Di\u00e1metro 19,1 mm* (3\/4&quot;)   Material Pl\u00e1stico (PVC)     Se vende por bolsa (12 unidades)\" \/>\n<meta property=\"og:url\" content=\"https:\/\/glassupply.com\/es\/producto\/ultra-thin-plastic-bumper-3-4\/\" \/>\n<meta property=\"og:site_name\" content=\"Glassupply.com\" \/>\n<meta property=\"article:modified_time\" content=\"2025-12-31T18:40:48+00:00\" \/>\n<meta property=\"og:image\" content=\"https:\/\/glassupply.com\/wp-content\/uploads\/2023\/06\/table-top-bumpers.png\" \/>\n\t<meta property=\"og:image:width\" content=\"800\" \/>\n\t<meta property=\"og:image:height\" content=\"600\" \/>\n\t<meta property=\"og:image:type\" content=\"image\/png\" \/>\n<meta name=\"twitter:card\" content=\"summary_large_image\" \/>\n<meta name=\"twitter:label1\" content=\"Price\" \/>\n\t<meta name=\"twitter:data1\" content=\"&#036;9.08\" \/>\n\t<meta name=\"twitter:label2\" content=\"Availability\" \/>\n\t<meta name=\"twitter:data2\" content=\"In stock\" \/>\n<script type=\"application\/ld+json\" class=\"yoast-schema-graph\">{\"@context\":\"https:\\\/\\\/schema.org\",\"@graph\":[{\"@type\":\"WebPage\",\"@id\":\"https:\\\/\\\/glassupply.com\\\/es\\\/producto\\\/ultra-thin-plastic-bumper-3-4\\\/\",\"url\":\"https:\\\/\\\/glassupply.com\\\/es\\\/producto\\\/ultra-thin-plastic-bumper-3-4\\\/\",\"name\":\"Ultra-Thin Plastic Bumper - 3\\\/4\\\" - Glassupply.com\",\"isPartOf\":{\"@id\":\"https:\\\/\\\/glassupply.com\\\/es\\\/#website\"},\"primaryImageOfPage\":{\"@id\":\"https:\\\/\\\/glassupply.com\\\/es\\\/producto\\\/ultra-thin-plastic-bumper-3-4\\\/#primaryimage\"},\"image\":{\"@id\":\"https:\\\/\\\/glassupply.com\\\/es\\\/producto\\\/ultra-thin-plastic-bumper-3-4\\\/#primaryimage\"},\"thumbnailUrl\":\"https:\\\/\\\/glassupply.com\\\/wp-content\\\/uploads\\\/2023\\\/06\\\/table-top-bumpers.png\",\"datePublished\":\"2023-06-28T14:25:54+00:00\",\"dateModified\":\"2025-12-31T18:40:48+00:00\",\"breadcrumb\":{\"@id\":\"https:\\\/\\\/glassupply.com\\\/es\\\/producto\\\/ultra-thin-plastic-bumper-3-4\\\/#breadcrumb\"},\"inLanguage\":\"es\",\"potentialAction\":[{\"@type\":\"ReadAction\",\"target\":[\"https:\\\/\\\/glassupply.com\\\/es\\\/producto\\\/ultra-thin-plastic-bumper-3-4\\\/\"]}]},{\"@type\":\"ImageObject\",\"inLanguage\":\"es\",\"@id\":\"https:\\\/\\\/glassupply.com\\\/es\\\/producto\\\/ultra-thin-plastic-bumper-3-4\\\/#primaryimage\",\"url\":\"https:\\\/\\\/glassupply.com\\\/wp-content\\\/uploads\\\/2023\\\/06\\\/table-top-bumpers.png\",\"contentUrl\":\"https:\\\/\\\/glassupply.com\\\/wp-content\\\/uploads\\\/2023\\\/06\\\/table-top-bumpers.png\",\"width\":800,\"height\":600},{\"@type\":\"BreadcrumbList\",\"@id\":\"https:\\\/\\\/glassupply.com\\\/es\\\/producto\\\/ultra-thin-plastic-bumper-3-4\\\/#breadcrumb\",\"itemListElement\":[{\"@type\":\"ListItem\",\"position\":1,\"name\":\"Tienda\",\"item\":\"https:\\\/\\\/glassupply.com\\\/es\\\/tienda\\\/\"},{\"@type\":\"ListItem\",\"position\":2,\"name\":\"Ultra-Thin Plastic Bumper &#8211; 3\\\/4&#8243;\"}]},{\"@type\":\"WebSite\",\"@id\":\"https:\\\/\\\/glassupply.com\\\/es\\\/#website\",\"url\":\"https:\\\/\\\/glassupply.com\\\/es\\\/\",\"name\":\"Glassupply.com\",\"description\":\"From the manufacturer to your doorstep\",\"potentialAction\":[{\"@type\":\"SearchAction\",\"target\":{\"@type\":\"EntryPoint\",\"urlTemplate\":\"https:\\\/\\\/glassupply.com\\\/es\\\/?s={search_term_string}\"},\"query-input\":{\"@type\":\"PropertyValueSpecification\",\"valueRequired\":true,\"valueName\":\"search_term_string\"}}],\"inLanguage\":\"es\"},{\"@type\":\"ImageObject\",\"inLanguage\":\"es\",\"@id\":\"https:\\\/\\\/glassupply.com\\\/es\\\/producto\\\/ultra-thin-plastic-bumper-3-4\\\/#local-main-organization-logo\",\"url\":\"\",\"contentUrl\":\"\",\"caption\":\"Glassupply.com\"}]}<\/script>\n<meta property=\"product:price:amount\" content=\"9.08\" \/>\n<meta property=\"product:price:currency\" content=\"USD\" \/>\n<meta property=\"og:availability\" content=\"instock\" \/>\n<meta property=\"product:availability\" content=\"instock\" \/>\n<meta property=\"product:retailer_item_id\" content=\"M-OI-BUMPERS\" \/>\n<meta property=\"product:condition\" content=\"new\" \/>\n<!-- \/ Yoast SEO Premium plugin. -->","yoast_head_json":{"title":"Ultra-Thin Plastic Bumper - 3\/4\" - Glassupply.com","robots":{"index":"index","follow":"follow","max-snippet":"max-snippet:-1","max-image-preview":"max-image-preview:large","max-video-preview":"max-video-preview:-1"},"canonical":"https:\/\/glassupply.com\/es\/producto\/ultra-thin-plastic-bumper-3-4\/","og_locale":"es_ES","og_type":"article","og_title":"Ultra-Thin Plastic Bumper - 3\/4\" - Glassupply.com","og_description":"Bot\u00f3n antideslizante de pl\u00e1stico transparente. Con parte trasera lisa, sin adhesivo: pr\u00e1cticamente invisible bajo tapas de vidrio. El bot\u00f3n m\u00e1s utilizado del mercado. Se vende por bolsa (12 unidades). ESPECIFICACIONES T\u00c9CNICAS     Acabado Transparente \/ Claro   Di\u00e1metro 19,1 mm* (3\/4\")   Material Pl\u00e1stico (PVC)     Se vende por bolsa (12 unidades)","og_url":"https:\/\/glassupply.com\/es\/producto\/ultra-thin-plastic-bumper-3-4\/","og_site_name":"Glassupply.com","article_modified_time":"2025-12-31T18:40:48+00:00","og_image":[{"width":800,"height":600,"url":"https:\/\/glassupply.com\/wp-content\/uploads\/2023\/06\/table-top-bumpers.png","type":"image\/png"}],"twitter_card":"summary_large_image","twitter_misc":{"Price":"&#36;9.08","Availability":"In stock"},"schema":{"@context":"https:\/\/schema.org","@graph":[{"@type":"WebPage","@id":"https:\/\/glassupply.com\/es\/producto\/ultra-thin-plastic-bumper-3-4\/","url":"https:\/\/glassupply.com\/es\/producto\/ultra-thin-plastic-bumper-3-4\/","name":"Ultra-Thin Plastic Bumper - 3\/4\" - Glassupply.com","isPartOf":{"@id":"https:\/\/glassupply.com\/es\/#website"},"primaryImageOfPage":{"@id":"https:\/\/glassupply.com\/es\/producto\/ultra-thin-plastic-bumper-3-4\/#primaryimage"},"image":{"@id":"https:\/\/glassupply.com\/es\/producto\/ultra-thin-plastic-bumper-3-4\/#primaryimage"},"thumbnailUrl":"https:\/\/glassupply.com\/wp-content\/uploads\/2023\/06\/table-top-bumpers.png","datePublished":"2023-06-28T14:25:54+00:00","dateModified":"2025-12-31T18:40:48+00:00","breadcrumb":{"@id":"https:\/\/glassupply.com\/es\/producto\/ultra-thin-plastic-bumper-3-4\/#breadcrumb"},"inLanguage":"es","potentialAction":[{"@type":"ReadAction","target":["https:\/\/glassupply.com\/es\/producto\/ultra-thin-plastic-bumper-3-4\/"]}]},{"@type":"ImageObject","inLanguage":"es","@id":"https:\/\/glassupply.com\/es\/producto\/ultra-thin-plastic-bumper-3-4\/#primaryimage","url":"https:\/\/glassupply.com\/wp-content\/uploads\/2023\/06\/table-top-bumpers.png","contentUrl":"https:\/\/glassupply.com\/wp-content\/uploads\/2023\/06\/table-top-bumpers.png","width":800,"height":600},{"@type":"BreadcrumbList","@id":"https:\/\/glassupply.com\/es\/producto\/ultra-thin-plastic-bumper-3-4\/#breadcrumb","itemListElement":[{"@type":"ListItem","position":1,"name":"Tienda","item":"https:\/\/glassupply.com\/es\/tienda\/"},{"@type":"ListItem","position":2,"name":"Ultra-Thin Plastic Bumper &#8211; 3\/4&#8243;"}]},{"@type":"WebSite","@id":"https:\/\/glassupply.com\/es\/#website","url":"https:\/\/glassupply.com\/es\/","name":"Glassupply.com","description":"From the manufacturer to your doorstep","potentialAction":[{"@type":"SearchAction","target":{"@type":"EntryPoint","urlTemplate":"https:\/\/glassupply.com\/es\/?s={search_term_string}"},"query-input":{"@type":"PropertyValueSpecification","valueRequired":true,"valueName":"search_term_string"}}],"inLanguage":"es"},{"@type":"ImageObject","inLanguage":"es","@id":"https:\/\/glassupply.com\/es\/producto\/ultra-thin-plastic-bumper-3-4\/#local-main-organization-logo","url":"","contentUrl":"","caption":"Glassupply.com"}]},"product_price_amount":"9.08","product_price_currency":"USD","og_availability":"instock","product_availability":"instock","product_retailer_item_id":"M-OI-BUMPERS","product_condition":"new"},"_links":{"self":[{"href":"https:\/\/glassupply.com\/es\/wp-json\/wp\/v2\/product\/2383","targetHints":{"allow":["GET"]}}],"collection":[{"href":"https:\/\/glassupply.com\/es\/wp-json\/wp\/v2\/product"}],"about":[{"href":"https:\/\/glassupply.com\/es\/wp-json\/wp\/v2\/types\/product"}],"replies":[{"embeddable":true,"href":"https:\/\/glassupply.com\/es\/wp-json\/wp\/v2\/comments?post=2383"}],"wp:featuredmedia":[{"embeddable":true,"href":"https:\/\/glassupply.com\/es\/wp-json\/wp\/v2\/media\/1571"}],"wp:attachment":[{"href":"https:\/\/glassupply.com\/es\/wp-json\/wp\/v2\/media?parent=2383"}],"wp:term":[{"taxonomy":"product_brand","embeddable":true,"href":"https:\/\/glassupply.com\/es\/wp-json\/wp\/v2\/product_brand?post=2383"},{"taxonomy":"product_cat","embeddable":true,"href":"https:\/\/glassupply.com\/es\/wp-json\/wp\/v2\/product_cat?post=2383"},{"taxonomy":"product_tag","embeddable":true,"href":"https:\/\/glassupply.com\/es\/wp-json\/wp\/v2\/product_tag?post=2383"}],"curies":[{"name":"wp","href":"https:\/\/api.w.org\/{rel}","templated":true}]}}