{"id":2391,"date":"2023-06-28T09:25:54","date_gmt":"2023-06-28T14:25:54","guid":{"rendered":"https:\/\/glassupply.com\/product\/small-square-glass-shelf-bracket\/"},"modified":"2025-06-05T02:40:19","modified_gmt":"2025-06-05T07:40:19","slug":"small-square-glass-shelf-bracket","status":"publish","type":"product","link":"https:\/\/glassupply.com\/es\/producto\/small-square-glass-shelf-bracket\/","title":{"rendered":"Small Square Glass Shelf Bracket"},"content":{"rendered":"","protected":false},"excerpt":{"rendered":"<p>Las abrazaderas cuadradas para estantes pueden usarse para asegurar un estante para art\u00edculos livianos. Las abrazaderas deben fijarse a la pared con tornillos (no incluidos) en los montantes o con anclajes tipo Molly. Los tornillos de presi\u00f3n de lat\u00f3n con punta de nailon aseguran el vidrio. Se recomienda una protrusi\u00f3n m\u00e1xima de vidrio desde la pared de 127 mm (5&#8243;).<\/p>\n","protected":false},"featured_media":1569,"comment_status":"closed","ping_status":"closed","template":"","meta":{"_acf_changed":false,"inline_featured_image":false},"product_brand":[],"product_cat":[99],"product_tag":[],"class_list":{"0":"post-2391","1":"product","2":"type-product","3":"status-publish","4":"has-post-thumbnail","6":"product_cat-general-hardware-and-components-es","8":"first","9":"instock","10":"taxable","11":"shipping-taxable","12":"purchasable","13":"product-type-variable"},"acf":[],"yoast_head":"<!-- This site is optimized with the Yoast SEO plugin v26.9 - https:\/\/yoast.com\/product\/yoast-seo-wordpress\/ -->\n<title>Small Square Glass Shelf Bracket - Glassupply.com<\/title>\n<meta name=\"robots\" content=\"index, follow, max-snippet:-1, max-image-preview:large, max-video-preview:-1\" \/>\n<link rel=\"canonical\" href=\"https:\/\/glassupply.com\/es\/producto\/small-square-glass-shelf-bracket\/\" \/>\n<meta property=\"og:locale\" content=\"es_ES\" \/>\n<meta property=\"og:type\" content=\"article\" \/>\n<meta property=\"og:title\" content=\"Small Square Glass Shelf Bracket - Glassupply.com\" \/>\n<meta property=\"og:description\" content=\"Las abrazaderas cuadradas para estantes pueden usarse para asegurar un estante para art\u00edculos livianos. Las abrazaderas deben fijarse a la pared con tornillos (no incluidos) en los montantes o con anclajes tipo Molly. Los tornillos de presi\u00f3n de lat\u00f3n con punta de nailon aseguran el vidrio. Se recomienda una protrusi\u00f3n m\u00e1xima de vidrio desde la pared de 127 mm (5&quot;).\" \/>\n<meta property=\"og:url\" content=\"https:\/\/glassupply.com\/es\/producto\/small-square-glass-shelf-bracket\/\" \/>\n<meta property=\"og:site_name\" content=\"Glassupply.com\" \/>\n<meta property=\"article:modified_time\" content=\"2025-06-05T07:40:19+00:00\" \/>\n<meta property=\"og:image\" content=\"https:\/\/glassupply.com\/wp-content\/uploads\/2023\/06\/Small-Square-Glass-Shelf-Bracket.png\" \/>\n\t<meta property=\"og:image:width\" content=\"750\" \/>\n\t<meta property=\"og:image:height\" content=\"500\" \/>\n\t<meta property=\"og:image:type\" content=\"image\/png\" \/>\n<meta name=\"twitter:card\" content=\"summary_large_image\" \/>\n<meta name=\"twitter:label1\" content=\"Est. reading time\" \/>\n\t<meta name=\"twitter:data1\" content=\"1 minuto\" \/>\n<script type=\"application\/ld+json\" class=\"yoast-schema-graph\">{\"@context\":\"https:\/\/schema.org\",\"@graph\":[{\"@type\":\"WebPage\",\"@id\":\"https:\/\/glassupply.com\/es\/producto\/small-square-glass-shelf-bracket\/\",\"url\":\"https:\/\/glassupply.com\/es\/producto\/small-square-glass-shelf-bracket\/\",\"name\":\"Small Square Glass Shelf Bracket - Glassupply.com\",\"isPartOf\":{\"@id\":\"https:\/\/glassupply.com\/es\/#website\"},\"primaryImageOfPage\":{\"@id\":\"https:\/\/glassupply.com\/es\/producto\/small-square-glass-shelf-bracket\/#primaryimage\"},\"image\":{\"@id\":\"https:\/\/glassupply.com\/es\/producto\/small-square-glass-shelf-bracket\/#primaryimage\"},\"thumbnailUrl\":\"https:\/\/glassupply.com\/wp-content\/uploads\/2023\/06\/Small-Square-Glass-Shelf-Bracket.png\",\"datePublished\":\"2023-06-28T14:25:54+00:00\",\"dateModified\":\"2025-06-05T07:40:19+00:00\",\"breadcrumb\":{\"@id\":\"https:\/\/glassupply.com\/es\/producto\/small-square-glass-shelf-bracket\/#breadcrumb\"},\"inLanguage\":\"es\",\"potentialAction\":[{\"@type\":\"ReadAction\",\"target\":[\"https:\/\/glassupply.com\/es\/producto\/small-square-glass-shelf-bracket\/\"]}]},{\"@type\":\"ImageObject\",\"inLanguage\":\"es\",\"@id\":\"https:\/\/glassupply.com\/es\/producto\/small-square-glass-shelf-bracket\/#primaryimage\",\"url\":\"https:\/\/glassupply.com\/wp-content\/uploads\/2023\/06\/Small-Square-Glass-Shelf-Bracket.png\",\"contentUrl\":\"https:\/\/glassupply.com\/wp-content\/uploads\/2023\/06\/Small-Square-Glass-Shelf-Bracket.png\",\"width\":750,\"height\":500},{\"@type\":\"BreadcrumbList\",\"@id\":\"https:\/\/glassupply.com\/es\/producto\/small-square-glass-shelf-bracket\/#breadcrumb\",\"itemListElement\":[{\"@type\":\"ListItem\",\"position\":1,\"name\":\"Tienda\",\"item\":\"https:\/\/glassupply.com\/es\/tienda\/\"},{\"@type\":\"ListItem\",\"position\":2,\"name\":\"Small Square Glass Shelf Bracket\"}]},{\"@type\":\"WebSite\",\"@id\":\"https:\/\/glassupply.com\/es\/#website\",\"url\":\"https:\/\/glassupply.com\/es\/\",\"name\":\"Glassupply.com\",\"description\":\"From the manufacturer to your doorstep\",\"potentialAction\":[{\"@type\":\"SearchAction\",\"target\":{\"@type\":\"EntryPoint\",\"urlTemplate\":\"https:\/\/glassupply.com\/es\/?s={search_term_string}\"},\"query-input\":{\"@type\":\"PropertyValueSpecification\",\"valueRequired\":true,\"valueName\":\"search_term_string\"}}],\"inLanguage\":\"es\"}]}<\/script>\n<!-- \/ Yoast SEO plugin. -->","yoast_head_json":{"title":"Small Square Glass Shelf Bracket - Glassupply.com","robots":{"index":"index","follow":"follow","max-snippet":"max-snippet:-1","max-image-preview":"max-image-preview:large","max-video-preview":"max-video-preview:-1"},"canonical":"https:\/\/glassupply.com\/es\/producto\/small-square-glass-shelf-bracket\/","og_locale":"es_ES","og_type":"article","og_title":"Small Square Glass Shelf Bracket - Glassupply.com","og_description":"Las abrazaderas cuadradas para estantes pueden usarse para asegurar un estante para art\u00edculos livianos. Las abrazaderas deben fijarse a la pared con tornillos (no incluidos) en los montantes o con anclajes tipo Molly. Los tornillos de presi\u00f3n de lat\u00f3n con punta de nailon aseguran el vidrio. Se recomienda una protrusi\u00f3n m\u00e1xima de vidrio desde la pared de 127 mm (5\").","og_url":"https:\/\/glassupply.com\/es\/producto\/small-square-glass-shelf-bracket\/","og_site_name":"Glassupply.com","article_modified_time":"2025-06-05T07:40:19+00:00","og_image":[{"width":750,"height":500,"url":"https:\/\/glassupply.com\/wp-content\/uploads\/2023\/06\/Small-Square-Glass-Shelf-Bracket.png","type":"image\/png"}],"twitter_card":"summary_large_image","twitter_misc":{"Est. reading time":"1 minuto"},"schema":{"@context":"https:\/\/schema.org","@graph":[{"@type":"WebPage","@id":"https:\/\/glassupply.com\/es\/producto\/small-square-glass-shelf-bracket\/","url":"https:\/\/glassupply.com\/es\/producto\/small-square-glass-shelf-bracket\/","name":"Small Square Glass Shelf Bracket - Glassupply.com","isPartOf":{"@id":"https:\/\/glassupply.com\/es\/#website"},"primaryImageOfPage":{"@id":"https:\/\/glassupply.com\/es\/producto\/small-square-glass-shelf-bracket\/#primaryimage"},"image":{"@id":"https:\/\/glassupply.com\/es\/producto\/small-square-glass-shelf-bracket\/#primaryimage"},"thumbnailUrl":"https:\/\/glassupply.com\/wp-content\/uploads\/2023\/06\/Small-Square-Glass-Shelf-Bracket.png","datePublished":"2023-06-28T14:25:54+00:00","dateModified":"2025-06-05T07:40:19+00:00","breadcrumb":{"@id":"https:\/\/glassupply.com\/es\/producto\/small-square-glass-shelf-bracket\/#breadcrumb"},"inLanguage":"es","potentialAction":[{"@type":"ReadAction","target":["https:\/\/glassupply.com\/es\/producto\/small-square-glass-shelf-bracket\/"]}]},{"@type":"ImageObject","inLanguage":"es","@id":"https:\/\/glassupply.com\/es\/producto\/small-square-glass-shelf-bracket\/#primaryimage","url":"https:\/\/glassupply.com\/wp-content\/uploads\/2023\/06\/Small-Square-Glass-Shelf-Bracket.png","contentUrl":"https:\/\/glassupply.com\/wp-content\/uploads\/2023\/06\/Small-Square-Glass-Shelf-Bracket.png","width":750,"height":500},{"@type":"BreadcrumbList","@id":"https:\/\/glassupply.com\/es\/producto\/small-square-glass-shelf-bracket\/#breadcrumb","itemListElement":[{"@type":"ListItem","position":1,"name":"Tienda","item":"https:\/\/glassupply.com\/es\/tienda\/"},{"@type":"ListItem","position":2,"name":"Small Square Glass Shelf Bracket"}]},{"@type":"WebSite","@id":"https:\/\/glassupply.com\/es\/#website","url":"https:\/\/glassupply.com\/es\/","name":"Glassupply.com","description":"From the manufacturer to your doorstep","potentialAction":[{"@type":"SearchAction","target":{"@type":"EntryPoint","urlTemplate":"https:\/\/glassupply.com\/es\/?s={search_term_string}"},"query-input":{"@type":"PropertyValueSpecification","valueRequired":true,"valueName":"search_term_string"}}],"inLanguage":"es"}]}},"_links":{"self":[{"href":"https:\/\/glassupply.com\/es\/wp-json\/wp\/v2\/product\/2391","targetHints":{"allow":["GET"]}}],"collection":[{"href":"https:\/\/glassupply.com\/es\/wp-json\/wp\/v2\/product"}],"about":[{"href":"https:\/\/glassupply.com\/es\/wp-json\/wp\/v2\/types\/product"}],"replies":[{"embeddable":true,"href":"https:\/\/glassupply.com\/es\/wp-json\/wp\/v2\/comments?post=2391"}],"wp:featuredmedia":[{"embeddable":true,"href":"https:\/\/glassupply.com\/es\/wp-json\/wp\/v2\/media\/1569"}],"wp:attachment":[{"href":"https:\/\/glassupply.com\/es\/wp-json\/wp\/v2\/media?parent=2391"}],"wp:term":[{"taxonomy":"product_brand","embeddable":true,"href":"https:\/\/glassupply.com\/es\/wp-json\/wp\/v2\/product_brand?post=2391"},{"taxonomy":"product_cat","embeddable":true,"href":"https:\/\/glassupply.com\/es\/wp-json\/wp\/v2\/product_cat?post=2391"},{"taxonomy":"product_tag","embeddable":true,"href":"https:\/\/glassupply.com\/es\/wp-json\/wp\/v2\/product_tag?post=2391"}],"curies":[{"name":"wp","href":"https:\/\/api.w.org\/{rel}","templated":true}]}}