{"id":2401,"date":"2023-06-28T09:25:54","date_gmt":"2023-06-28T14:25:54","guid":{"rendered":"https:\/\/glassupply.com\/product\/mirror-adhesive-xtragrip\/"},"modified":"2025-06-05T02:35:26","modified_gmt":"2025-06-05T07:35:26","slug":"mirror-adhesive-xtragrip","status":"publish","type":"product","link":"https:\/\/glassupply.com\/es\/producto\/mirror-adhesive-xtragrip\/","title":{"rendered":"Mirror Adhesive Xtragrip"},"content":{"rendered":"","protected":false},"excerpt":{"rendered":"<p>Mirro-Mastic\u00ae es el est\u00e1ndar de la industria en adhesivos de mastic de alta calidad. Formulado para adherir espejos de vidrio y acr\u00edlico a diversos sustratos, Mirro-Mastic ha sido probado en campo y laboratorio para asegurar la compatibilidad con todas las principales marcas de espejos y pinturas de respaldo.<\/p>\n<p>Xtragrip es un producto exclusivo de Bohle para la instalaci\u00f3n y fijaci\u00f3n de espejos con caracter\u00edsticas sobresalientes, que incluyen:<\/p>\n<p>&#8211; F\u00f3rmula de alta adherencia y agarre r\u00e1pido<br \/>\n&#8211; Fuerza de uni\u00f3n superior<br \/>\n&#8211; Adherencia a superficies sin imprimar<br \/>\n&#8211; Capacidad de resistencia muy alta<br \/>\n&#8211; Tecnolog\u00eda h\u00edbrida de sellado de \u00faltima generaci\u00f3n<\/p>\n<p>F\u00f3rmula sin disolventes, bajo en COV, bajo en olor, 100% s\u00f3lidos y respetuosa con el medio ambiente.<\/p>\n<div id=\"gtx-trans\" style=\"position: absolute; left: -36px; top: 126px;\">\n<div class=\"gtx-trans-icon\"><\/div>\n<\/div>\n","protected":false},"featured_media":1563,"comment_status":"closed","ping_status":"closed","template":"","meta":{"_acf_changed":false,"inline_featured_image":false},"product_brand":[],"product_cat":[99],"product_tag":[],"class_list":{"0":"post-2401","1":"product","2":"type-product","3":"status-publish","4":"has-post-thumbnail","6":"product_cat-general-hardware-and-components-es","8":"first","9":"instock","10":"taxable","11":"shipping-taxable","12":"purchasable","13":"product-type-simple"},"acf":[],"yoast_head":"<!-- This site is optimized with the Yoast SEO plugin v26.9 - https:\/\/yoast.com\/product\/yoast-seo-wordpress\/ -->\n<title>Mirror Adhesive Xtragrip - Glassupply.com<\/title>\n<meta name=\"robots\" content=\"index, follow, max-snippet:-1, max-image-preview:large, max-video-preview:-1\" \/>\n<link rel=\"canonical\" href=\"https:\/\/glassupply.com\/es\/producto\/mirror-adhesive-xtragrip\/\" \/>\n<meta property=\"og:locale\" content=\"es_ES\" \/>\n<meta property=\"og:type\" content=\"article\" \/>\n<meta property=\"og:title\" content=\"Mirror Adhesive Xtragrip - Glassupply.com\" \/>\n<meta property=\"og:description\" content=\"Mirro-Mastic\u00ae es el est\u00e1ndar de la industria en adhesivos de mastic de alta calidad. Formulado para adherir espejos de vidrio y acr\u00edlico a diversos sustratos, Mirro-Mastic ha sido probado en campo y laboratorio para asegurar la compatibilidad con todas las principales marcas de espejos y pinturas de respaldo.  Xtragrip es un producto exclusivo de Bohle para la instalaci\u00f3n y fijaci\u00f3n de espejos con caracter\u00edsticas sobresalientes, que incluyen:  - F\u00f3rmula de alta adherencia y agarre r\u00e1pido - Fuerza de uni\u00f3n superior - Adherencia a superficies sin imprimar - Capacidad de resistencia muy alta - Tecnolog\u00eda h\u00edbrida de sellado de \u00faltima generaci\u00f3n  F\u00f3rmula sin disolventes, bajo en COV, bajo en olor, 100% s\u00f3lidos y respetuosa con el medio ambiente.\" \/>\n<meta property=\"og:url\" content=\"https:\/\/glassupply.com\/es\/producto\/mirror-adhesive-xtragrip\/\" \/>\n<meta property=\"og:site_name\" content=\"Glassupply.com\" \/>\n<meta property=\"article:modified_time\" content=\"2025-06-05T07:35:26+00:00\" \/>\n<meta property=\"og:image\" content=\"https:\/\/glassupply.com\/wp-content\/uploads\/2023\/06\/Mirror-Adhesive.png\" \/>\n\t<meta property=\"og:image:width\" content=\"750\" \/>\n\t<meta property=\"og:image:height\" content=\"500\" \/>\n\t<meta property=\"og:image:type\" content=\"image\/png\" \/>\n<meta name=\"twitter:card\" content=\"summary_large_image\" \/>\n<meta name=\"twitter:label1\" content=\"Est. reading time\" \/>\n\t<meta name=\"twitter:data1\" content=\"1 minuto\" \/>\n<script type=\"application\/ld+json\" class=\"yoast-schema-graph\">{\"@context\":\"https:\/\/schema.org\",\"@graph\":[{\"@type\":\"WebPage\",\"@id\":\"https:\/\/glassupply.com\/es\/producto\/mirror-adhesive-xtragrip\/\",\"url\":\"https:\/\/glassupply.com\/es\/producto\/mirror-adhesive-xtragrip\/\",\"name\":\"Mirror Adhesive Xtragrip - Glassupply.com\",\"isPartOf\":{\"@id\":\"https:\/\/glassupply.com\/es\/#website\"},\"primaryImageOfPage\":{\"@id\":\"https:\/\/glassupply.com\/es\/producto\/mirror-adhesive-xtragrip\/#primaryimage\"},\"image\":{\"@id\":\"https:\/\/glassupply.com\/es\/producto\/mirror-adhesive-xtragrip\/#primaryimage\"},\"thumbnailUrl\":\"https:\/\/glassupply.com\/wp-content\/uploads\/2023\/06\/Mirror-Adhesive.png\",\"datePublished\":\"2023-06-28T14:25:54+00:00\",\"dateModified\":\"2025-06-05T07:35:26+00:00\",\"breadcrumb\":{\"@id\":\"https:\/\/glassupply.com\/es\/producto\/mirror-adhesive-xtragrip\/#breadcrumb\"},\"inLanguage\":\"es\",\"potentialAction\":[{\"@type\":\"ReadAction\",\"target\":[\"https:\/\/glassupply.com\/es\/producto\/mirror-adhesive-xtragrip\/\"]}]},{\"@type\":\"ImageObject\",\"inLanguage\":\"es\",\"@id\":\"https:\/\/glassupply.com\/es\/producto\/mirror-adhesive-xtragrip\/#primaryimage\",\"url\":\"https:\/\/glassupply.com\/wp-content\/uploads\/2023\/06\/Mirror-Adhesive.png\",\"contentUrl\":\"https:\/\/glassupply.com\/wp-content\/uploads\/2023\/06\/Mirror-Adhesive.png\",\"width\":750,\"height\":500},{\"@type\":\"BreadcrumbList\",\"@id\":\"https:\/\/glassupply.com\/es\/producto\/mirror-adhesive-xtragrip\/#breadcrumb\",\"itemListElement\":[{\"@type\":\"ListItem\",\"position\":1,\"name\":\"Tienda\",\"item\":\"https:\/\/glassupply.com\/es\/tienda\/\"},{\"@type\":\"ListItem\",\"position\":2,\"name\":\"Mirror Adhesive Xtragrip\"}]},{\"@type\":\"WebSite\",\"@id\":\"https:\/\/glassupply.com\/es\/#website\",\"url\":\"https:\/\/glassupply.com\/es\/\",\"name\":\"Glassupply.com\",\"description\":\"From the manufacturer to your doorstep\",\"potentialAction\":[{\"@type\":\"SearchAction\",\"target\":{\"@type\":\"EntryPoint\",\"urlTemplate\":\"https:\/\/glassupply.com\/es\/?s={search_term_string}\"},\"query-input\":{\"@type\":\"PropertyValueSpecification\",\"valueRequired\":true,\"valueName\":\"search_term_string\"}}],\"inLanguage\":\"es\"}]}<\/script>\n<!-- \/ Yoast SEO plugin. -->","yoast_head_json":{"title":"Mirror Adhesive Xtragrip - Glassupply.com","robots":{"index":"index","follow":"follow","max-snippet":"max-snippet:-1","max-image-preview":"max-image-preview:large","max-video-preview":"max-video-preview:-1"},"canonical":"https:\/\/glassupply.com\/es\/producto\/mirror-adhesive-xtragrip\/","og_locale":"es_ES","og_type":"article","og_title":"Mirror Adhesive Xtragrip - Glassupply.com","og_description":"Mirro-Mastic\u00ae es el est\u00e1ndar de la industria en adhesivos de mastic de alta calidad. Formulado para adherir espejos de vidrio y acr\u00edlico a diversos sustratos, Mirro-Mastic ha sido probado en campo y laboratorio para asegurar la compatibilidad con todas las principales marcas de espejos y pinturas de respaldo.  Xtragrip es un producto exclusivo de Bohle para la instalaci\u00f3n y fijaci\u00f3n de espejos con caracter\u00edsticas sobresalientes, que incluyen:  - F\u00f3rmula de alta adherencia y agarre r\u00e1pido - Fuerza de uni\u00f3n superior - Adherencia a superficies sin imprimar - Capacidad de resistencia muy alta - Tecnolog\u00eda h\u00edbrida de sellado de \u00faltima generaci\u00f3n  F\u00f3rmula sin disolventes, bajo en COV, bajo en olor, 100% s\u00f3lidos y respetuosa con el medio ambiente.","og_url":"https:\/\/glassupply.com\/es\/producto\/mirror-adhesive-xtragrip\/","og_site_name":"Glassupply.com","article_modified_time":"2025-06-05T07:35:26+00:00","og_image":[{"width":750,"height":500,"url":"https:\/\/glassupply.com\/wp-content\/uploads\/2023\/06\/Mirror-Adhesive.png","type":"image\/png"}],"twitter_card":"summary_large_image","twitter_misc":{"Est. reading time":"1 minuto"},"schema":{"@context":"https:\/\/schema.org","@graph":[{"@type":"WebPage","@id":"https:\/\/glassupply.com\/es\/producto\/mirror-adhesive-xtragrip\/","url":"https:\/\/glassupply.com\/es\/producto\/mirror-adhesive-xtragrip\/","name":"Mirror Adhesive Xtragrip - Glassupply.com","isPartOf":{"@id":"https:\/\/glassupply.com\/es\/#website"},"primaryImageOfPage":{"@id":"https:\/\/glassupply.com\/es\/producto\/mirror-adhesive-xtragrip\/#primaryimage"},"image":{"@id":"https:\/\/glassupply.com\/es\/producto\/mirror-adhesive-xtragrip\/#primaryimage"},"thumbnailUrl":"https:\/\/glassupply.com\/wp-content\/uploads\/2023\/06\/Mirror-Adhesive.png","datePublished":"2023-06-28T14:25:54+00:00","dateModified":"2025-06-05T07:35:26+00:00","breadcrumb":{"@id":"https:\/\/glassupply.com\/es\/producto\/mirror-adhesive-xtragrip\/#breadcrumb"},"inLanguage":"es","potentialAction":[{"@type":"ReadAction","target":["https:\/\/glassupply.com\/es\/producto\/mirror-adhesive-xtragrip\/"]}]},{"@type":"ImageObject","inLanguage":"es","@id":"https:\/\/glassupply.com\/es\/producto\/mirror-adhesive-xtragrip\/#primaryimage","url":"https:\/\/glassupply.com\/wp-content\/uploads\/2023\/06\/Mirror-Adhesive.png","contentUrl":"https:\/\/glassupply.com\/wp-content\/uploads\/2023\/06\/Mirror-Adhesive.png","width":750,"height":500},{"@type":"BreadcrumbList","@id":"https:\/\/glassupply.com\/es\/producto\/mirror-adhesive-xtragrip\/#breadcrumb","itemListElement":[{"@type":"ListItem","position":1,"name":"Tienda","item":"https:\/\/glassupply.com\/es\/tienda\/"},{"@type":"ListItem","position":2,"name":"Mirror Adhesive Xtragrip"}]},{"@type":"WebSite","@id":"https:\/\/glassupply.com\/es\/#website","url":"https:\/\/glassupply.com\/es\/","name":"Glassupply.com","description":"From the manufacturer to your doorstep","potentialAction":[{"@type":"SearchAction","target":{"@type":"EntryPoint","urlTemplate":"https:\/\/glassupply.com\/es\/?s={search_term_string}"},"query-input":{"@type":"PropertyValueSpecification","valueRequired":true,"valueName":"search_term_string"}}],"inLanguage":"es"}]}},"_links":{"self":[{"href":"https:\/\/glassupply.com\/es\/wp-json\/wp\/v2\/product\/2401","targetHints":{"allow":["GET"]}}],"collection":[{"href":"https:\/\/glassupply.com\/es\/wp-json\/wp\/v2\/product"}],"about":[{"href":"https:\/\/glassupply.com\/es\/wp-json\/wp\/v2\/types\/product"}],"replies":[{"embeddable":true,"href":"https:\/\/glassupply.com\/es\/wp-json\/wp\/v2\/comments?post=2401"}],"wp:featuredmedia":[{"embeddable":true,"href":"https:\/\/glassupply.com\/es\/wp-json\/wp\/v2\/media\/1563"}],"wp:attachment":[{"href":"https:\/\/glassupply.com\/es\/wp-json\/wp\/v2\/media?parent=2401"}],"wp:term":[{"taxonomy":"product_brand","embeddable":true,"href":"https:\/\/glassupply.com\/es\/wp-json\/wp\/v2\/product_brand?post=2401"},{"taxonomy":"product_cat","embeddable":true,"href":"https:\/\/glassupply.com\/es\/wp-json\/wp\/v2\/product_cat?post=2401"},{"taxonomy":"product_tag","embeddable":true,"href":"https:\/\/glassupply.com\/es\/wp-json\/wp\/v2\/product_tag?post=2401"}],"curies":[{"name":"wp","href":"https:\/\/api.w.org\/{rel}","templated":true}]}}