{"id":2413,"date":"2023-06-28T09:25:54","date_gmt":"2023-06-28T14:25:54","guid":{"rendered":"https:\/\/glassupply.com\/product\/glass-scrub-surface-cleanser\/"},"modified":"2025-06-05T02:19:24","modified_gmt":"2025-06-05T07:19:24","slug":"glass-scrub-surface-cleanser","status":"publish","type":"product","link":"https:\/\/glassupply.com\/es\/producto\/glass-scrub-surface-cleanser\/","title":{"rendered":"Glass Scrub Surface Cleanser"},"content":{"rendered":"","protected":false},"excerpt":{"rendered":"<h2 class=\"heading2\">El eliminador definitivo de agua y manchas<\/h2>\n<p class=\"pm2_specDescription\">Elimina manchas dif\u00edciles, residuos de jab\u00f3n, \u00f3xido y dep\u00f3sitos minerales de agua dura en cocinas, ba\u00f1os y ventanas. Limpia profundamente fregaderos, ba\u00f1eras, duchas y encimeras hasta dejarlos relucientes, sin rayar ni opacar la superficie. Perfecto para vidrio, porcelana, cer\u00e1mica y otras superficies duras como granito y azulejo.<\/p>\n","protected":false},"featured_media":1555,"comment_status":"closed","ping_status":"closed","template":"","meta":{"_acf_changed":false,"inline_featured_image":false},"product_brand":[],"product_cat":[99],"product_tag":[],"class_list":{"0":"post-2413","1":"product","2":"type-product","3":"status-publish","4":"has-post-thumbnail","6":"product_cat-general-hardware-and-components-es","8":"first","9":"instock","10":"sale","11":"purchasable","12":"product-type-simple"},"acf":[],"yoast_head":"<!-- This site is optimized with the Yoast SEO Premium plugin v27.4 (Yoast SEO v27.4) - https:\/\/yoast.com\/product\/yoast-seo-premium-wordpress\/ -->\n<title>Glass Scrub Surface Cleanser - Glassupply.com<\/title>\n<meta name=\"robots\" content=\"index, follow, max-snippet:-1, max-image-preview:large, max-video-preview:-1\" \/>\n<link rel=\"canonical\" href=\"https:\/\/glassupply.com\/es\/producto\/glass-scrub-surface-cleanser\/\" \/>\n<meta property=\"og:locale\" content=\"es_ES\" \/>\n<meta property=\"og:type\" content=\"article\" \/>\n<meta property=\"og:title\" content=\"Glass Scrub Surface Cleanser - Glassupply.com\" \/>\n<meta property=\"og:description\" content=\"El eliminador definitivo de agua y manchas Elimina manchas dif\u00edciles, residuos de jab\u00f3n, \u00f3xido y dep\u00f3sitos minerales de agua dura en cocinas, ba\u00f1os y ventanas. Limpia profundamente fregaderos, ba\u00f1eras, duchas y encimeras hasta dejarlos relucientes, sin rayar ni opacar la superficie. Perfecto para vidrio, porcelana, cer\u00e1mica y otras superficies duras como granito y azulejo.\" \/>\n<meta property=\"og:url\" content=\"https:\/\/glassupply.com\/es\/producto\/glass-scrub-surface-cleanser\/\" \/>\n<meta property=\"og:site_name\" content=\"Glassupply.com\" \/>\n<meta property=\"article:modified_time\" content=\"2025-06-05T07:19:24+00:00\" \/>\n<meta property=\"og:image\" content=\"https:\/\/glassupply.com\/wp-content\/uploads\/2023\/06\/Glass-Scrub-Surface-Cleanser.png\" \/>\n\t<meta property=\"og:image:width\" content=\"600\" \/>\n\t<meta property=\"og:image:height\" content=\"500\" \/>\n\t<meta property=\"og:image:type\" content=\"image\/png\" \/>\n<meta name=\"twitter:card\" content=\"summary_large_image\" \/>\n<meta name=\"twitter:label1\" content=\"Price\" \/>\n\t<meta name=\"twitter:data1\" content=\"&#036;24.00\" \/>\n\t<meta name=\"twitter:label2\" content=\"Availability\" \/>\n\t<meta name=\"twitter:data2\" content=\"In stock\" \/>\n<script type=\"application\/ld+json\" class=\"yoast-schema-graph\">{\"@context\":\"https:\\\/\\\/schema.org\",\"@graph\":[{\"@type\":\"WebPage\",\"@id\":\"https:\\\/\\\/glassupply.com\\\/es\\\/producto\\\/glass-scrub-surface-cleanser\\\/\",\"url\":\"https:\\\/\\\/glassupply.com\\\/es\\\/producto\\\/glass-scrub-surface-cleanser\\\/\",\"name\":\"Glass Scrub Surface Cleanser - Glassupply.com\",\"isPartOf\":{\"@id\":\"https:\\\/\\\/glassupply.com\\\/es\\\/#website\"},\"primaryImageOfPage\":{\"@id\":\"https:\\\/\\\/glassupply.com\\\/es\\\/producto\\\/glass-scrub-surface-cleanser\\\/#primaryimage\"},\"image\":{\"@id\":\"https:\\\/\\\/glassupply.com\\\/es\\\/producto\\\/glass-scrub-surface-cleanser\\\/#primaryimage\"},\"thumbnailUrl\":\"https:\\\/\\\/glassupply.com\\\/wp-content\\\/uploads\\\/2023\\\/06\\\/Glass-Scrub-Surface-Cleanser.png\",\"datePublished\":\"2023-06-28T14:25:54+00:00\",\"dateModified\":\"2025-06-05T07:19:24+00:00\",\"breadcrumb\":{\"@id\":\"https:\\\/\\\/glassupply.com\\\/es\\\/producto\\\/glass-scrub-surface-cleanser\\\/#breadcrumb\"},\"inLanguage\":\"es\",\"potentialAction\":[{\"@type\":\"ReadAction\",\"target\":[\"https:\\\/\\\/glassupply.com\\\/es\\\/producto\\\/glass-scrub-surface-cleanser\\\/\"]}]},{\"@type\":\"ImageObject\",\"inLanguage\":\"es\",\"@id\":\"https:\\\/\\\/glassupply.com\\\/es\\\/producto\\\/glass-scrub-surface-cleanser\\\/#primaryimage\",\"url\":\"https:\\\/\\\/glassupply.com\\\/wp-content\\\/uploads\\\/2023\\\/06\\\/Glass-Scrub-Surface-Cleanser.png\",\"contentUrl\":\"https:\\\/\\\/glassupply.com\\\/wp-content\\\/uploads\\\/2023\\\/06\\\/Glass-Scrub-Surface-Cleanser.png\",\"width\":600,\"height\":500},{\"@type\":\"BreadcrumbList\",\"@id\":\"https:\\\/\\\/glassupply.com\\\/es\\\/producto\\\/glass-scrub-surface-cleanser\\\/#breadcrumb\",\"itemListElement\":[{\"@type\":\"ListItem\",\"position\":1,\"name\":\"Tienda\",\"item\":\"https:\\\/\\\/glassupply.com\\\/es\\\/tienda\\\/\"},{\"@type\":\"ListItem\",\"position\":2,\"name\":\"Glass Scrub Surface Cleanser\"}]},{\"@type\":\"WebSite\",\"@id\":\"https:\\\/\\\/glassupply.com\\\/es\\\/#website\",\"url\":\"https:\\\/\\\/glassupply.com\\\/es\\\/\",\"name\":\"Glassupply.com\",\"description\":\"From the manufacturer to your doorstep\",\"potentialAction\":[{\"@type\":\"SearchAction\",\"target\":{\"@type\":\"EntryPoint\",\"urlTemplate\":\"https:\\\/\\\/glassupply.com\\\/es\\\/?s={search_term_string}\"},\"query-input\":{\"@type\":\"PropertyValueSpecification\",\"valueRequired\":true,\"valueName\":\"search_term_string\"}}],\"inLanguage\":\"es\"},{\"@type\":\"ImageObject\",\"inLanguage\":\"es\",\"@id\":\"https:\\\/\\\/glassupply.com\\\/es\\\/producto\\\/glass-scrub-surface-cleanser\\\/#local-main-organization-logo\",\"url\":\"\",\"contentUrl\":\"\",\"caption\":\"Glassupply.com\"}]}<\/script>\n<meta property=\"product:price:amount\" content=\"24.00\" \/>\n<meta property=\"product:price:currency\" content=\"USD\" \/>\n<meta property=\"og:availability\" content=\"instock\" \/>\n<meta property=\"product:availability\" content=\"instock\" \/>\n<meta property=\"product:retailer_item_id\" content=\"M-CP-GSSC\" \/>\n<meta property=\"product:condition\" content=\"new\" \/>\n<!-- \/ Yoast SEO Premium plugin. -->","yoast_head_json":{"title":"Glass Scrub Surface Cleanser - Glassupply.com","robots":{"index":"index","follow":"follow","max-snippet":"max-snippet:-1","max-image-preview":"max-image-preview:large","max-video-preview":"max-video-preview:-1"},"canonical":"https:\/\/glassupply.com\/es\/producto\/glass-scrub-surface-cleanser\/","og_locale":"es_ES","og_type":"article","og_title":"Glass Scrub Surface Cleanser - Glassupply.com","og_description":"El eliminador definitivo de agua y manchas Elimina manchas dif\u00edciles, residuos de jab\u00f3n, \u00f3xido y dep\u00f3sitos minerales de agua dura en cocinas, ba\u00f1os y ventanas. Limpia profundamente fregaderos, ba\u00f1eras, duchas y encimeras hasta dejarlos relucientes, sin rayar ni opacar la superficie. Perfecto para vidrio, porcelana, cer\u00e1mica y otras superficies duras como granito y azulejo.","og_url":"https:\/\/glassupply.com\/es\/producto\/glass-scrub-surface-cleanser\/","og_site_name":"Glassupply.com","article_modified_time":"2025-06-05T07:19:24+00:00","og_image":[{"width":600,"height":500,"url":"https:\/\/glassupply.com\/wp-content\/uploads\/2023\/06\/Glass-Scrub-Surface-Cleanser.png","type":"image\/png"}],"twitter_card":"summary_large_image","twitter_misc":{"Price":"&#36;24.00","Availability":"In stock"},"schema":{"@context":"https:\/\/schema.org","@graph":[{"@type":"WebPage","@id":"https:\/\/glassupply.com\/es\/producto\/glass-scrub-surface-cleanser\/","url":"https:\/\/glassupply.com\/es\/producto\/glass-scrub-surface-cleanser\/","name":"Glass Scrub Surface Cleanser - Glassupply.com","isPartOf":{"@id":"https:\/\/glassupply.com\/es\/#website"},"primaryImageOfPage":{"@id":"https:\/\/glassupply.com\/es\/producto\/glass-scrub-surface-cleanser\/#primaryimage"},"image":{"@id":"https:\/\/glassupply.com\/es\/producto\/glass-scrub-surface-cleanser\/#primaryimage"},"thumbnailUrl":"https:\/\/glassupply.com\/wp-content\/uploads\/2023\/06\/Glass-Scrub-Surface-Cleanser.png","datePublished":"2023-06-28T14:25:54+00:00","dateModified":"2025-06-05T07:19:24+00:00","breadcrumb":{"@id":"https:\/\/glassupply.com\/es\/producto\/glass-scrub-surface-cleanser\/#breadcrumb"},"inLanguage":"es","potentialAction":[{"@type":"ReadAction","target":["https:\/\/glassupply.com\/es\/producto\/glass-scrub-surface-cleanser\/"]}]},{"@type":"ImageObject","inLanguage":"es","@id":"https:\/\/glassupply.com\/es\/producto\/glass-scrub-surface-cleanser\/#primaryimage","url":"https:\/\/glassupply.com\/wp-content\/uploads\/2023\/06\/Glass-Scrub-Surface-Cleanser.png","contentUrl":"https:\/\/glassupply.com\/wp-content\/uploads\/2023\/06\/Glass-Scrub-Surface-Cleanser.png","width":600,"height":500},{"@type":"BreadcrumbList","@id":"https:\/\/glassupply.com\/es\/producto\/glass-scrub-surface-cleanser\/#breadcrumb","itemListElement":[{"@type":"ListItem","position":1,"name":"Tienda","item":"https:\/\/glassupply.com\/es\/tienda\/"},{"@type":"ListItem","position":2,"name":"Glass Scrub Surface Cleanser"}]},{"@type":"WebSite","@id":"https:\/\/glassupply.com\/es\/#website","url":"https:\/\/glassupply.com\/es\/","name":"Glassupply.com","description":"From the manufacturer to your doorstep","potentialAction":[{"@type":"SearchAction","target":{"@type":"EntryPoint","urlTemplate":"https:\/\/glassupply.com\/es\/?s={search_term_string}"},"query-input":{"@type":"PropertyValueSpecification","valueRequired":true,"valueName":"search_term_string"}}],"inLanguage":"es"},{"@type":"ImageObject","inLanguage":"es","@id":"https:\/\/glassupply.com\/es\/producto\/glass-scrub-surface-cleanser\/#local-main-organization-logo","url":"","contentUrl":"","caption":"Glassupply.com"}]},"product_price_amount":"24.00","product_price_currency":"USD","og_availability":"instock","product_availability":"instock","product_retailer_item_id":"M-CP-GSSC","product_condition":"new"},"_links":{"self":[{"href":"https:\/\/glassupply.com\/es\/wp-json\/wp\/v2\/product\/2413","targetHints":{"allow":["GET"]}}],"collection":[{"href":"https:\/\/glassupply.com\/es\/wp-json\/wp\/v2\/product"}],"about":[{"href":"https:\/\/glassupply.com\/es\/wp-json\/wp\/v2\/types\/product"}],"replies":[{"embeddable":true,"href":"https:\/\/glassupply.com\/es\/wp-json\/wp\/v2\/comments?post=2413"}],"wp:featuredmedia":[{"embeddable":true,"href":"https:\/\/glassupply.com\/es\/wp-json\/wp\/v2\/media\/1555"}],"wp:attachment":[{"href":"https:\/\/glassupply.com\/es\/wp-json\/wp\/v2\/media?parent=2413"}],"wp:term":[{"taxonomy":"product_brand","embeddable":true,"href":"https:\/\/glassupply.com\/es\/wp-json\/wp\/v2\/product_brand?post=2413"},{"taxonomy":"product_cat","embeddable":true,"href":"https:\/\/glassupply.com\/es\/wp-json\/wp\/v2\/product_cat?post=2413"},{"taxonomy":"product_tag","embeddable":true,"href":"https:\/\/glassupply.com\/es\/wp-json\/wp\/v2\/product_tag?post=2413"}],"curies":[{"name":"wp","href":"https:\/\/api.w.org\/{rel}","templated":true}]}}