{"id":2434,"date":"2023-06-28T09:25:54","date_gmt":"2023-06-28T14:25:54","guid":{"rendered":"https:\/\/glassupply.com\/product\/square-glass-to-wall-railing-clamp\/"},"modified":"2025-10-20T01:29:09","modified_gmt":"2025-10-20T06:29:09","slug":"square-glass-to-wall-railing-clamp","status":"publish","type":"product","link":"https:\/\/glassupply.com\/es\/producto\/square-glass-to-wall-railing-clamp\/","title":{"rendered":"Square Glass to Wall Railing Clamp"},"content":{"rendered":"","protected":false},"excerpt":{"rendered":"<p><span style=\"font-weight: 400;\">Presentamos nuestra abrazadera cuadrada de vidrio a pared de primera calidad, disponible exclusivamente en Glassupply.com. Nuestra abrazadera de vidrio de acero inoxidable tiene un dise\u00f1o vers\u00e1til, adecuada para montaje de pared a vidrio o de poste a vidrio. Las abrazaderas cuentan con una base plana para un f\u00e1cil montaje superficial y pueden usarse en ambos extremos de una valla para aumentar la estabilidad general de la estructura de la barandilla.<\/span><b>La abrazadera utiliza un sistema con llave Allen para fijar el vidrio de forma segura, eliminando la necesidad de perforar los paneles de vidrio<\/b><span style=\"font-weight: 400;\">. Adem\u00e1s, la abrazadera est\u00e1 dise\u00f1ada con una base desmontable que puede instalarse en cualquier posici\u00f3n del borde del vidrio (sin la base) o en la parte inferior del vidrio para soportar su peso cuando sea necesario como parte de un sistema completo de abrazadera (con la base).<\/span><\/p>\n<p><span style=\"font-weight: 400;\">Fabricado con aleaci\u00f3n de acero inoxidable Duplex 2205 de la m\u00e1s alta calidad, este herraje de grado marino y anticorrosivo es conocido por su resistencia superior y su capacidad para resistir la corrosi\u00f3n en ambientes exteriores exigentes. Nuestra aleaci\u00f3n de acero inoxidable Duplex 2205, con un 22% de cromo, 3% de molibdeno y entre 5% y 6% de n\u00edquel, ofrece una resistencia a la corrosi\u00f3n superior y m\u00e1s del doble de la resistencia al rendimiento en comparaci\u00f3n con el acero inoxidable austen\u00edtico est\u00e1ndar.<\/span><\/p>\n<p><span style=\"font-weight: 400;\">Elija entre un acabado de acero inoxidable pulido (cepillado) o un acabado negro mate liso con recubrimiento en polvo aplicado electrost\u00e1ticamente y curado al horno para una superficie resistente a los ara\u00f1azos y protegida contra la intemperie. Ideal tanto para aplicaciones interiores como exteriores, ofrece una excelente resistencia a la corrosi\u00f3n, lo que lo hace perfecto para estructuras expuestas a altos niveles de corrosi\u00f3n, como zonas costeras y entornos de piscinas.<\/span><\/p>\n<p><span style=\"font-weight: 400;\">Nuestra abrazadera incluye m\u00faltiples espesores de junta de goma y es compatible con espesores de vidrio de seguridad que van de 8 mm a 12 mm (5\/16\u201d a 1\/2\u201d).<\/span><\/p>\n<h2><b>ESPECIFICACIONES T\u00c9CNICAS<\/b><\/h2>\n<table>\n<tbody>\n<tr>\n<td><b>Espesor del vidrio de seguridad<\/b><\/td>\n<td><span style=\"font-weight: 400;\">8 mm a 12 mm (5\/16\u201d a 1\/2\u201d) \u2013 puede alojar paneles de vidrio de 9\/16\u2033 (13.5 mm)<\/span><\/td>\n<\/tr>\n<tr>\n<td><b>Color\/Acabado<\/b><\/td>\n<td><span style=\"font-weight: 400;\">Acero inoxidable pulido, Negro mate<\/span><\/td>\n<\/tr>\n<tr>\n<td><b>Material de fabricaci\u00f3n<\/b><\/td>\n<td><span style=\"font-weight: 400;\">Acero inoxidable Duplex 2205<\/span><\/td>\n<\/tr>\n<tr>\n<td><b>Tipo de montaje<\/b><\/td>\n<td>Vidrio a pared, Poste a pared<\/td>\n<\/tr>\n<tr>\n<td><b>Uso recomendado<\/b><\/td>\n<td><span style=\"font-weight: 400;\">Interior, Exterior<\/span><\/td>\n<\/tr>\n<tr>\n<td><b>Lado de montaje<\/b><\/td>\n<td><span style=\"font-weight: 400;\">Reversible<\/span><\/td>\n<\/tr>\n<\/tbody>\n<\/table>\n","protected":false},"featured_media":1541,"comment_status":"closed","ping_status":"closed","template":"","meta":{"_acf_changed":false,"inline_featured_image":false},"product_brand":[],"product_cat":[132,60],"product_tag":[],"class_list":{"0":"post-2434","1":"product","2":"type-product","3":"status-publish","4":"has-post-thumbnail","6":"product_cat-clamps-es","7":"product_cat-glass-fence-railing-hardware-es","9":"first","10":"instock","11":"taxable","12":"shipping-taxable","13":"purchasable","14":"product-type-variable"},"acf":[],"yoast_head":"<!-- This site is optimized with the Yoast SEO plugin v26.9 - https:\/\/yoast.com\/product\/yoast-seo-wordpress\/ -->\n<title>Square Glass to Wall Railing Clamp - Glassupply.com<\/title>\n<meta name=\"robots\" content=\"index, follow, max-snippet:-1, max-image-preview:large, max-video-preview:-1\" \/>\n<link rel=\"canonical\" href=\"https:\/\/glassupply.com\/es\/producto\/square-glass-to-wall-railing-clamp\/\" \/>\n<meta property=\"og:locale\" content=\"es_ES\" \/>\n<meta property=\"og:type\" content=\"article\" \/>\n<meta property=\"og:title\" content=\"Square Glass to Wall Railing Clamp - Glassupply.com\" \/>\n<meta property=\"og:description\" content=\"Presentamos nuestra abrazadera cuadrada de vidrio a pared de primera calidad, disponible exclusivamente en Glassupply.com. Nuestra abrazadera de vidrio de acero inoxidable tiene un dise\u00f1o vers\u00e1til, adecuada para montaje de pared a vidrio o de poste a vidrio. Las abrazaderas cuentan con una base plana para un f\u00e1cil montaje superficial y pueden usarse en ambos extremos de una valla para aumentar la estabilidad general de la estructura de la barandilla.La abrazadera utiliza un sistema con llave Allen para fijar el vidrio de forma segura, eliminando la necesidad de perforar los paneles de vidrio. Adem\u00e1s, la abrazadera est\u00e1 dise\u00f1ada con una base desmontable que puede instalarse en cualquier posici\u00f3n del borde del vidrio (sin la base) o en la parte inferior del vidrio para soportar su peso cuando sea necesario como parte de un sistema completo de abrazadera (con la base).  Fabricado con aleaci\u00f3n de acero inoxidable Duplex 2205 de la m\u00e1s alta calidad, este herraje de grado marino y anticorrosivo es conocido por su resistencia superior y su capacidad para resistir la corrosi\u00f3n en ambientes exteriores exigentes. Nuestra aleaci\u00f3n de acero inoxidable Duplex 2205, con un 22% de cromo, 3% de molibdeno y entre 5% y 6% de n\u00edquel, ofrece una resistencia a la corrosi\u00f3n superior y m\u00e1s del doble de la resistencia al rendimiento en comparaci\u00f3n con el acero inoxidable austen\u00edtico est\u00e1ndar.  Elija entre un acabado de acero inoxidable pulido (cepillado) o un acabado negro mate liso con recubrimiento en polvo aplicado electrost\u00e1ticamente y curado al horno para una superficie resistente a los ara\u00f1azos y protegida contra la intemperie. Ideal tanto para aplicaciones interiores como exteriores, ofrece una excelente resistencia a la corrosi\u00f3n, lo que lo hace perfecto para estructuras expuestas a altos niveles de corrosi\u00f3n, como zonas costeras y entornos de piscinas.  Nuestra abrazadera incluye m\u00faltiples espesores de junta de goma y es compatible con espesores de vidrio de seguridad que van de 8 mm a 12 mm (5\/16\u201d a 1\/2\u201d). ESPECIFICACIONES T\u00c9CNICAS    Espesor del vidrio de seguridad 8 mm a 12 mm (5\/16\u201d a 1\/2\u201d) \u2013 puede alojar paneles de vidrio de 9\/16\u2033 (13.5 mm)   Color\/Acabado Acero inoxidable pulido, Negro mate   Material de fabricaci\u00f3n Acero inoxidable Duplex 2205   Tipo de montaje Vidrio a pared, Poste a pared   Uso recomendado Interior, Exterior   Lado de montaje Reversible\" \/>\n<meta property=\"og:url\" content=\"https:\/\/glassupply.com\/es\/producto\/square-glass-to-wall-railing-clamp\/\" \/>\n<meta property=\"og:site_name\" content=\"Glassupply.com\" \/>\n<meta property=\"article:modified_time\" content=\"2025-10-20T06:29:09+00:00\" \/>\n<meta property=\"og:image\" content=\"https:\/\/glassupply.com\/wp-content\/uploads\/2023\/06\/R-CL-GWXX-Polished-Stainless-Steel.webp\" \/>\n\t<meta property=\"og:image:width\" content=\"1500\" \/>\n\t<meta property=\"og:image:height\" content=\"1500\" \/>\n\t<meta property=\"og:image:type\" content=\"image\/webp\" \/>\n<meta name=\"twitter:card\" content=\"summary_large_image\" \/>\n<meta name=\"twitter:label1\" content=\"Est. reading time\" \/>\n\t<meta name=\"twitter:data1\" content=\"1 minuto\" \/>\n<script type=\"application\/ld+json\" class=\"yoast-schema-graph\">{\"@context\":\"https:\/\/schema.org\",\"@graph\":[{\"@type\":\"WebPage\",\"@id\":\"https:\/\/glassupply.com\/es\/producto\/square-glass-to-wall-railing-clamp\/\",\"url\":\"https:\/\/glassupply.com\/es\/producto\/square-glass-to-wall-railing-clamp\/\",\"name\":\"Square Glass to Wall Railing Clamp - Glassupply.com\",\"isPartOf\":{\"@id\":\"https:\/\/glassupply.com\/es\/#website\"},\"primaryImageOfPage\":{\"@id\":\"https:\/\/glassupply.com\/es\/producto\/square-glass-to-wall-railing-clamp\/#primaryimage\"},\"image\":{\"@id\":\"https:\/\/glassupply.com\/es\/producto\/square-glass-to-wall-railing-clamp\/#primaryimage\"},\"thumbnailUrl\":\"https:\/\/glassupply.com\/wp-content\/uploads\/2023\/06\/R-CL-GWXX-Polished-Stainless-Steel.webp\",\"datePublished\":\"2023-06-28T14:25:54+00:00\",\"dateModified\":\"2025-10-20T06:29:09+00:00\",\"breadcrumb\":{\"@id\":\"https:\/\/glassupply.com\/es\/producto\/square-glass-to-wall-railing-clamp\/#breadcrumb\"},\"inLanguage\":\"es\",\"potentialAction\":[{\"@type\":\"ReadAction\",\"target\":[\"https:\/\/glassupply.com\/es\/producto\/square-glass-to-wall-railing-clamp\/\"]}]},{\"@type\":\"ImageObject\",\"inLanguage\":\"es\",\"@id\":\"https:\/\/glassupply.com\/es\/producto\/square-glass-to-wall-railing-clamp\/#primaryimage\",\"url\":\"https:\/\/glassupply.com\/wp-content\/uploads\/2023\/06\/R-CL-GWXX-Polished-Stainless-Steel.webp\",\"contentUrl\":\"https:\/\/glassupply.com\/wp-content\/uploads\/2023\/06\/R-CL-GWXX-Polished-Stainless-Steel.webp\",\"width\":1500,\"height\":1500},{\"@type\":\"BreadcrumbList\",\"@id\":\"https:\/\/glassupply.com\/es\/producto\/square-glass-to-wall-railing-clamp\/#breadcrumb\",\"itemListElement\":[{\"@type\":\"ListItem\",\"position\":1,\"name\":\"Tienda\",\"item\":\"https:\/\/glassupply.com\/es\/tienda\/\"},{\"@type\":\"ListItem\",\"position\":2,\"name\":\"Square Glass to Wall Railing Clamp\"}]},{\"@type\":\"WebSite\",\"@id\":\"https:\/\/glassupply.com\/es\/#website\",\"url\":\"https:\/\/glassupply.com\/es\/\",\"name\":\"Glassupply.com\",\"description\":\"From the manufacturer to your doorstep\",\"potentialAction\":[{\"@type\":\"SearchAction\",\"target\":{\"@type\":\"EntryPoint\",\"urlTemplate\":\"https:\/\/glassupply.com\/es\/?s={search_term_string}\"},\"query-input\":{\"@type\":\"PropertyValueSpecification\",\"valueRequired\":true,\"valueName\":\"search_term_string\"}}],\"inLanguage\":\"es\"}]}<\/script>\n<!-- \/ Yoast SEO plugin. -->","yoast_head_json":{"title":"Square Glass to Wall Railing Clamp - Glassupply.com","robots":{"index":"index","follow":"follow","max-snippet":"max-snippet:-1","max-image-preview":"max-image-preview:large","max-video-preview":"max-video-preview:-1"},"canonical":"https:\/\/glassupply.com\/es\/producto\/square-glass-to-wall-railing-clamp\/","og_locale":"es_ES","og_type":"article","og_title":"Square Glass to Wall Railing Clamp - Glassupply.com","og_description":"Presentamos nuestra abrazadera cuadrada de vidrio a pared de primera calidad, disponible exclusivamente en Glassupply.com. Nuestra abrazadera de vidrio de acero inoxidable tiene un dise\u00f1o vers\u00e1til, adecuada para montaje de pared a vidrio o de poste a vidrio. Las abrazaderas cuentan con una base plana para un f\u00e1cil montaje superficial y pueden usarse en ambos extremos de una valla para aumentar la estabilidad general de la estructura de la barandilla.La abrazadera utiliza un sistema con llave Allen para fijar el vidrio de forma segura, eliminando la necesidad de perforar los paneles de vidrio. Adem\u00e1s, la abrazadera est\u00e1 dise\u00f1ada con una base desmontable que puede instalarse en cualquier posici\u00f3n del borde del vidrio (sin la base) o en la parte inferior del vidrio para soportar su peso cuando sea necesario como parte de un sistema completo de abrazadera (con la base).  Fabricado con aleaci\u00f3n de acero inoxidable Duplex 2205 de la m\u00e1s alta calidad, este herraje de grado marino y anticorrosivo es conocido por su resistencia superior y su capacidad para resistir la corrosi\u00f3n en ambientes exteriores exigentes. Nuestra aleaci\u00f3n de acero inoxidable Duplex 2205, con un 22% de cromo, 3% de molibdeno y entre 5% y 6% de n\u00edquel, ofrece una resistencia a la corrosi\u00f3n superior y m\u00e1s del doble de la resistencia al rendimiento en comparaci\u00f3n con el acero inoxidable austen\u00edtico est\u00e1ndar.  Elija entre un acabado de acero inoxidable pulido (cepillado) o un acabado negro mate liso con recubrimiento en polvo aplicado electrost\u00e1ticamente y curado al horno para una superficie resistente a los ara\u00f1azos y protegida contra la intemperie. Ideal tanto para aplicaciones interiores como exteriores, ofrece una excelente resistencia a la corrosi\u00f3n, lo que lo hace perfecto para estructuras expuestas a altos niveles de corrosi\u00f3n, como zonas costeras y entornos de piscinas.  Nuestra abrazadera incluye m\u00faltiples espesores de junta de goma y es compatible con espesores de vidrio de seguridad que van de 8 mm a 12 mm (5\/16\u201d a 1\/2\u201d). ESPECIFICACIONES T\u00c9CNICAS    Espesor del vidrio de seguridad 8 mm a 12 mm (5\/16\u201d a 1\/2\u201d) \u2013 puede alojar paneles de vidrio de 9\/16\u2033 (13.5 mm)   Color\/Acabado Acero inoxidable pulido, Negro mate   Material de fabricaci\u00f3n Acero inoxidable Duplex 2205   Tipo de montaje Vidrio a pared, Poste a pared   Uso recomendado Interior, Exterior   Lado de montaje Reversible","og_url":"https:\/\/glassupply.com\/es\/producto\/square-glass-to-wall-railing-clamp\/","og_site_name":"Glassupply.com","article_modified_time":"2025-10-20T06:29:09+00:00","og_image":[{"width":1500,"height":1500,"url":"https:\/\/glassupply.com\/wp-content\/uploads\/2023\/06\/R-CL-GWXX-Polished-Stainless-Steel.webp","type":"image\/webp"}],"twitter_card":"summary_large_image","twitter_misc":{"Est. reading time":"1 minuto"},"schema":{"@context":"https:\/\/schema.org","@graph":[{"@type":"WebPage","@id":"https:\/\/glassupply.com\/es\/producto\/square-glass-to-wall-railing-clamp\/","url":"https:\/\/glassupply.com\/es\/producto\/square-glass-to-wall-railing-clamp\/","name":"Square Glass to Wall Railing Clamp - Glassupply.com","isPartOf":{"@id":"https:\/\/glassupply.com\/es\/#website"},"primaryImageOfPage":{"@id":"https:\/\/glassupply.com\/es\/producto\/square-glass-to-wall-railing-clamp\/#primaryimage"},"image":{"@id":"https:\/\/glassupply.com\/es\/producto\/square-glass-to-wall-railing-clamp\/#primaryimage"},"thumbnailUrl":"https:\/\/glassupply.com\/wp-content\/uploads\/2023\/06\/R-CL-GWXX-Polished-Stainless-Steel.webp","datePublished":"2023-06-28T14:25:54+00:00","dateModified":"2025-10-20T06:29:09+00:00","breadcrumb":{"@id":"https:\/\/glassupply.com\/es\/producto\/square-glass-to-wall-railing-clamp\/#breadcrumb"},"inLanguage":"es","potentialAction":[{"@type":"ReadAction","target":["https:\/\/glassupply.com\/es\/producto\/square-glass-to-wall-railing-clamp\/"]}]},{"@type":"ImageObject","inLanguage":"es","@id":"https:\/\/glassupply.com\/es\/producto\/square-glass-to-wall-railing-clamp\/#primaryimage","url":"https:\/\/glassupply.com\/wp-content\/uploads\/2023\/06\/R-CL-GWXX-Polished-Stainless-Steel.webp","contentUrl":"https:\/\/glassupply.com\/wp-content\/uploads\/2023\/06\/R-CL-GWXX-Polished-Stainless-Steel.webp","width":1500,"height":1500},{"@type":"BreadcrumbList","@id":"https:\/\/glassupply.com\/es\/producto\/square-glass-to-wall-railing-clamp\/#breadcrumb","itemListElement":[{"@type":"ListItem","position":1,"name":"Tienda","item":"https:\/\/glassupply.com\/es\/tienda\/"},{"@type":"ListItem","position":2,"name":"Square Glass to Wall Railing Clamp"}]},{"@type":"WebSite","@id":"https:\/\/glassupply.com\/es\/#website","url":"https:\/\/glassupply.com\/es\/","name":"Glassupply.com","description":"From the manufacturer to your doorstep","potentialAction":[{"@type":"SearchAction","target":{"@type":"EntryPoint","urlTemplate":"https:\/\/glassupply.com\/es\/?s={search_term_string}"},"query-input":{"@type":"PropertyValueSpecification","valueRequired":true,"valueName":"search_term_string"}}],"inLanguage":"es"}]}},"_links":{"self":[{"href":"https:\/\/glassupply.com\/es\/wp-json\/wp\/v2\/product\/2434","targetHints":{"allow":["GET"]}}],"collection":[{"href":"https:\/\/glassupply.com\/es\/wp-json\/wp\/v2\/product"}],"about":[{"href":"https:\/\/glassupply.com\/es\/wp-json\/wp\/v2\/types\/product"}],"replies":[{"embeddable":true,"href":"https:\/\/glassupply.com\/es\/wp-json\/wp\/v2\/comments?post=2434"}],"wp:featuredmedia":[{"embeddable":true,"href":"https:\/\/glassupply.com\/es\/wp-json\/wp\/v2\/media\/1541"}],"wp:attachment":[{"href":"https:\/\/glassupply.com\/es\/wp-json\/wp\/v2\/media?parent=2434"}],"wp:term":[{"taxonomy":"product_brand","embeddable":true,"href":"https:\/\/glassupply.com\/es\/wp-json\/wp\/v2\/product_brand?post=2434"},{"taxonomy":"product_cat","embeddable":true,"href":"https:\/\/glassupply.com\/es\/wp-json\/wp\/v2\/product_cat?post=2434"},{"taxonomy":"product_tag","embeddable":true,"href":"https:\/\/glassupply.com\/es\/wp-json\/wp\/v2\/product_tag?post=2434"}],"curies":[{"name":"wp","href":"https:\/\/api.w.org\/{rel}","templated":true}]}}