{"id":2447,"date":"2023-06-28T09:25:53","date_gmt":"2023-06-28T14:25:53","guid":{"rendered":"https:\/\/glassupply.com\/product\/door-sweep-with-double-soft-fins-and-deflector-for-3-8-or-1-2-glass\/"},"modified":"2025-06-04T09:29:55","modified_gmt":"2025-06-04T14:29:55","slug":"door-sweep-with-double-soft-fins-and-deflector-for-3-8-or-1-2-glass","status":"publish","type":"product","link":"https:\/\/glassupply.com\/es\/producto\/door-sweep-with-double-soft-fins-and-deflector-for-3-8-or-1-2-glass\/","title":{"rendered":"Door Sweep with Double Soft Fins and Deflector for 3\/8&#8243; or 1\/2&#8243; Glass"},"content":{"rendered":"","protected":false},"excerpt":{"rendered":"<p><span style=\"font-weight: 400;\">El barrido de puerta con doble aleta suave y deflector est\u00e1 fabricado en policarbonato de alta calidad y est\u00e1 disponible en dos tama\u00f1os diferentes para adaptarse a vidrio de 3\/8\u201d (10 mm) o 1\/2\u201d (12 mm).<\/span><\/p>\n<p><span style=\"font-weight: 400;\">Este barrido se ajusta f\u00e1cilmente a presi\u00f3n en la parte inferior de la puerta e incluye un deflector de 45 grados que ayuda a redirigir el agua hacia el interior del recinto de la ducha.<\/span><\/p>\n<p><span style=\"font-weight: 400;\">Tambi\u00e9n cuenta con aletas suaves en la parte inferior que crean un sello resistente al agua, ayudando a evitar filtraciones fuera de la ducha.<\/span><\/p>\n<p><span style=\"font-weight: 400;\">Se recomienda su uso con vidrio templado y el espacio sugerido entre la parte inferior de la puerta y el piso es de 1\/2\u201d (12 mm).<\/span><\/p>\n<h2><b>ESPECIFICACIONES T\u00c9CNICAS<\/b><\/h2>\n<table>\n<tbody>\n<tr>\n<td><b>Espesor del Vidrio de Seguridad<\/b><\/td>\n<td><span style=\"font-weight: 400;\">3\/8\u201d (10 mm) a 1\/2\u201d (12 mm)<\/span><\/td>\n<\/tr>\n<tr>\n<td><b>Longitud<\/b><\/td>\n<td><span style=\"font-weight: 400;\">36\u201d (915 mm)<\/span><\/td>\n<\/tr>\n<tr>\n<td><b>Material de Fabricaci\u00f3n<\/b><\/td>\n<td><span style=\"font-weight: 400;\">Base r\u00edgida de policarbonato, aletas suaves de vinilo<\/span><\/td>\n<\/tr>\n<\/tbody>\n<\/table>\n","protected":false},"featured_media":1521,"comment_status":"closed","ping_status":"closed","template":"","meta":{"_acf_changed":false,"inline_featured_image":false},"product_brand":[],"product_cat":[72],"product_tag":[],"class_list":{"0":"post-2447","1":"product","2":"type-product","3":"status-publish","4":"has-post-thumbnail","6":"product_cat-shower-hardware-es","8":"first","9":"instock","10":"taxable","11":"shipping-taxable","12":"purchasable","13":"product-type-variable","14":"has-default-attributes"},"acf":[],"yoast_head":"<!-- This site is optimized with the Yoast SEO plugin v26.9 - https:\/\/yoast.com\/product\/yoast-seo-wordpress\/ -->\n<title>Door Sweep with Double Soft Fins and Deflector for 3\/8&quot; or 1\/2&quot; Glass - Glassupply.com<\/title>\n<meta name=\"robots\" content=\"index, follow, max-snippet:-1, max-image-preview:large, max-video-preview:-1\" \/>\n<link rel=\"canonical\" href=\"https:\/\/glassupply.com\/es\/producto\/door-sweep-with-double-soft-fins-and-deflector-for-3-8-or-1-2-glass\/\" \/>\n<meta property=\"og:locale\" content=\"es_ES\" \/>\n<meta property=\"og:type\" content=\"article\" \/>\n<meta property=\"og:title\" content=\"Door Sweep with Double Soft Fins and Deflector for 3\/8&quot; or 1\/2&quot; Glass - Glassupply.com\" \/>\n<meta property=\"og:description\" content=\"El barrido de puerta con doble aleta suave y deflector est\u00e1 fabricado en policarbonato de alta calidad y est\u00e1 disponible en dos tama\u00f1os diferentes para adaptarse a vidrio de 3\/8\u201d (10 mm) o 1\/2\u201d (12 mm).  Este barrido se ajusta f\u00e1cilmente a presi\u00f3n en la parte inferior de la puerta e incluye un deflector de 45 grados que ayuda a redirigir el agua hacia el interior del recinto de la ducha.  Tambi\u00e9n cuenta con aletas suaves en la parte inferior que crean un sello resistente al agua, ayudando a evitar filtraciones fuera de la ducha.  Se recomienda su uso con vidrio templado y el espacio sugerido entre la parte inferior de la puerta y el piso es de 1\/2\u201d (12 mm). ESPECIFICACIONES T\u00c9CNICAS    Espesor del Vidrio de Seguridad 3\/8\u201d (10 mm) a 1\/2\u201d (12 mm)   Longitud 36\u201d (915 mm)   Material de Fabricaci\u00f3n Base r\u00edgida de policarbonato, aletas suaves de vinilo\" \/>\n<meta property=\"og:url\" content=\"https:\/\/glassupply.com\/es\/producto\/door-sweep-with-double-soft-fins-and-deflector-for-3-8-or-1-2-glass\/\" \/>\n<meta property=\"og:site_name\" content=\"Glassupply.com\" \/>\n<meta property=\"article:modified_time\" content=\"2025-06-04T14:29:55+00:00\" \/>\n<meta property=\"og:image\" content=\"https:\/\/glassupply.com\/wp-content\/uploads\/2023\/06\/S-IK-10DS-Product-Image-2.webp\" \/>\n\t<meta property=\"og:image:width\" content=\"1500\" \/>\n\t<meta property=\"og:image:height\" content=\"1500\" \/>\n\t<meta property=\"og:image:type\" content=\"image\/webp\" \/>\n<meta name=\"twitter:card\" content=\"summary_large_image\" \/>\n<meta name=\"twitter:label1\" content=\"Est. reading time\" \/>\n\t<meta name=\"twitter:data1\" content=\"1 minuto\" \/>\n<script type=\"application\/ld+json\" class=\"yoast-schema-graph\">{\"@context\":\"https:\/\/schema.org\",\"@graph\":[{\"@type\":\"WebPage\",\"@id\":\"https:\/\/glassupply.com\/es\/producto\/door-sweep-with-double-soft-fins-and-deflector-for-3-8-or-1-2-glass\/\",\"url\":\"https:\/\/glassupply.com\/es\/producto\/door-sweep-with-double-soft-fins-and-deflector-for-3-8-or-1-2-glass\/\",\"name\":\"Door Sweep with Double Soft Fins and Deflector for 3\/8\\\" or 1\/2\\\" Glass - Glassupply.com\",\"isPartOf\":{\"@id\":\"https:\/\/glassupply.com\/es\/#website\"},\"primaryImageOfPage\":{\"@id\":\"https:\/\/glassupply.com\/es\/producto\/door-sweep-with-double-soft-fins-and-deflector-for-3-8-or-1-2-glass\/#primaryimage\"},\"image\":{\"@id\":\"https:\/\/glassupply.com\/es\/producto\/door-sweep-with-double-soft-fins-and-deflector-for-3-8-or-1-2-glass\/#primaryimage\"},\"thumbnailUrl\":\"https:\/\/glassupply.com\/wp-content\/uploads\/2023\/06\/S-IK-10DS-Product-Image-2.webp\",\"datePublished\":\"2023-06-28T14:25:53+00:00\",\"dateModified\":\"2025-06-04T14:29:55+00:00\",\"breadcrumb\":{\"@id\":\"https:\/\/glassupply.com\/es\/producto\/door-sweep-with-double-soft-fins-and-deflector-for-3-8-or-1-2-glass\/#breadcrumb\"},\"inLanguage\":\"es\",\"potentialAction\":[{\"@type\":\"ReadAction\",\"target\":[\"https:\/\/glassupply.com\/es\/producto\/door-sweep-with-double-soft-fins-and-deflector-for-3-8-or-1-2-glass\/\"]}]},{\"@type\":\"ImageObject\",\"inLanguage\":\"es\",\"@id\":\"https:\/\/glassupply.com\/es\/producto\/door-sweep-with-double-soft-fins-and-deflector-for-3-8-or-1-2-glass\/#primaryimage\",\"url\":\"https:\/\/glassupply.com\/wp-content\/uploads\/2023\/06\/S-IK-10DS-Product-Image-2.webp\",\"contentUrl\":\"https:\/\/glassupply.com\/wp-content\/uploads\/2023\/06\/S-IK-10DS-Product-Image-2.webp\",\"width\":1500,\"height\":1500},{\"@type\":\"BreadcrumbList\",\"@id\":\"https:\/\/glassupply.com\/es\/producto\/door-sweep-with-double-soft-fins-and-deflector-for-3-8-or-1-2-glass\/#breadcrumb\",\"itemListElement\":[{\"@type\":\"ListItem\",\"position\":1,\"name\":\"Tienda\",\"item\":\"https:\/\/glassupply.com\/es\/tienda\/\"},{\"@type\":\"ListItem\",\"position\":2,\"name\":\"Door Sweep with Double Soft Fins and Deflector for 3\/8&#8243; or 1\/2&#8243; Glass\"}]},{\"@type\":\"WebSite\",\"@id\":\"https:\/\/glassupply.com\/es\/#website\",\"url\":\"https:\/\/glassupply.com\/es\/\",\"name\":\"Glassupply.com\",\"description\":\"From the manufacturer to your doorstep\",\"potentialAction\":[{\"@type\":\"SearchAction\",\"target\":{\"@type\":\"EntryPoint\",\"urlTemplate\":\"https:\/\/glassupply.com\/es\/?s={search_term_string}\"},\"query-input\":{\"@type\":\"PropertyValueSpecification\",\"valueRequired\":true,\"valueName\":\"search_term_string\"}}],\"inLanguage\":\"es\"}]}<\/script>\n<!-- \/ Yoast SEO plugin. -->","yoast_head_json":{"title":"Door Sweep with Double Soft Fins and Deflector for 3\/8\" or 1\/2\" Glass - Glassupply.com","robots":{"index":"index","follow":"follow","max-snippet":"max-snippet:-1","max-image-preview":"max-image-preview:large","max-video-preview":"max-video-preview:-1"},"canonical":"https:\/\/glassupply.com\/es\/producto\/door-sweep-with-double-soft-fins-and-deflector-for-3-8-or-1-2-glass\/","og_locale":"es_ES","og_type":"article","og_title":"Door Sweep with Double Soft Fins and Deflector for 3\/8\" or 1\/2\" Glass - Glassupply.com","og_description":"El barrido de puerta con doble aleta suave y deflector est\u00e1 fabricado en policarbonato de alta calidad y est\u00e1 disponible en dos tama\u00f1os diferentes para adaptarse a vidrio de 3\/8\u201d (10 mm) o 1\/2\u201d (12 mm).  Este barrido se ajusta f\u00e1cilmente a presi\u00f3n en la parte inferior de la puerta e incluye un deflector de 45 grados que ayuda a redirigir el agua hacia el interior del recinto de la ducha.  Tambi\u00e9n cuenta con aletas suaves en la parte inferior que crean un sello resistente al agua, ayudando a evitar filtraciones fuera de la ducha.  Se recomienda su uso con vidrio templado y el espacio sugerido entre la parte inferior de la puerta y el piso es de 1\/2\u201d (12 mm). ESPECIFICACIONES T\u00c9CNICAS    Espesor del Vidrio de Seguridad 3\/8\u201d (10 mm) a 1\/2\u201d (12 mm)   Longitud 36\u201d (915 mm)   Material de Fabricaci\u00f3n Base r\u00edgida de policarbonato, aletas suaves de vinilo","og_url":"https:\/\/glassupply.com\/es\/producto\/door-sweep-with-double-soft-fins-and-deflector-for-3-8-or-1-2-glass\/","og_site_name":"Glassupply.com","article_modified_time":"2025-06-04T14:29:55+00:00","og_image":[{"width":1500,"height":1500,"url":"https:\/\/glassupply.com\/wp-content\/uploads\/2023\/06\/S-IK-10DS-Product-Image-2.webp","type":"image\/webp"}],"twitter_card":"summary_large_image","twitter_misc":{"Est. reading time":"1 minuto"},"schema":{"@context":"https:\/\/schema.org","@graph":[{"@type":"WebPage","@id":"https:\/\/glassupply.com\/es\/producto\/door-sweep-with-double-soft-fins-and-deflector-for-3-8-or-1-2-glass\/","url":"https:\/\/glassupply.com\/es\/producto\/door-sweep-with-double-soft-fins-and-deflector-for-3-8-or-1-2-glass\/","name":"Door Sweep with Double Soft Fins and Deflector for 3\/8\" or 1\/2\" Glass - Glassupply.com","isPartOf":{"@id":"https:\/\/glassupply.com\/es\/#website"},"primaryImageOfPage":{"@id":"https:\/\/glassupply.com\/es\/producto\/door-sweep-with-double-soft-fins-and-deflector-for-3-8-or-1-2-glass\/#primaryimage"},"image":{"@id":"https:\/\/glassupply.com\/es\/producto\/door-sweep-with-double-soft-fins-and-deflector-for-3-8-or-1-2-glass\/#primaryimage"},"thumbnailUrl":"https:\/\/glassupply.com\/wp-content\/uploads\/2023\/06\/S-IK-10DS-Product-Image-2.webp","datePublished":"2023-06-28T14:25:53+00:00","dateModified":"2025-06-04T14:29:55+00:00","breadcrumb":{"@id":"https:\/\/glassupply.com\/es\/producto\/door-sweep-with-double-soft-fins-and-deflector-for-3-8-or-1-2-glass\/#breadcrumb"},"inLanguage":"es","potentialAction":[{"@type":"ReadAction","target":["https:\/\/glassupply.com\/es\/producto\/door-sweep-with-double-soft-fins-and-deflector-for-3-8-or-1-2-glass\/"]}]},{"@type":"ImageObject","inLanguage":"es","@id":"https:\/\/glassupply.com\/es\/producto\/door-sweep-with-double-soft-fins-and-deflector-for-3-8-or-1-2-glass\/#primaryimage","url":"https:\/\/glassupply.com\/wp-content\/uploads\/2023\/06\/S-IK-10DS-Product-Image-2.webp","contentUrl":"https:\/\/glassupply.com\/wp-content\/uploads\/2023\/06\/S-IK-10DS-Product-Image-2.webp","width":1500,"height":1500},{"@type":"BreadcrumbList","@id":"https:\/\/glassupply.com\/es\/producto\/door-sweep-with-double-soft-fins-and-deflector-for-3-8-or-1-2-glass\/#breadcrumb","itemListElement":[{"@type":"ListItem","position":1,"name":"Tienda","item":"https:\/\/glassupply.com\/es\/tienda\/"},{"@type":"ListItem","position":2,"name":"Door Sweep with Double Soft Fins and Deflector for 3\/8&#8243; or 1\/2&#8243; Glass"}]},{"@type":"WebSite","@id":"https:\/\/glassupply.com\/es\/#website","url":"https:\/\/glassupply.com\/es\/","name":"Glassupply.com","description":"From the manufacturer to your doorstep","potentialAction":[{"@type":"SearchAction","target":{"@type":"EntryPoint","urlTemplate":"https:\/\/glassupply.com\/es\/?s={search_term_string}"},"query-input":{"@type":"PropertyValueSpecification","valueRequired":true,"valueName":"search_term_string"}}],"inLanguage":"es"}]}},"_links":{"self":[{"href":"https:\/\/glassupply.com\/es\/wp-json\/wp\/v2\/product\/2447","targetHints":{"allow":["GET"]}}],"collection":[{"href":"https:\/\/glassupply.com\/es\/wp-json\/wp\/v2\/product"}],"about":[{"href":"https:\/\/glassupply.com\/es\/wp-json\/wp\/v2\/types\/product"}],"replies":[{"embeddable":true,"href":"https:\/\/glassupply.com\/es\/wp-json\/wp\/v2\/comments?post=2447"}],"wp:featuredmedia":[{"embeddable":true,"href":"https:\/\/glassupply.com\/es\/wp-json\/wp\/v2\/media\/1521"}],"wp:attachment":[{"href":"https:\/\/glassupply.com\/es\/wp-json\/wp\/v2\/media?parent=2447"}],"wp:term":[{"taxonomy":"product_brand","embeddable":true,"href":"https:\/\/glassupply.com\/es\/wp-json\/wp\/v2\/product_brand?post=2447"},{"taxonomy":"product_cat","embeddable":true,"href":"https:\/\/glassupply.com\/es\/wp-json\/wp\/v2\/product_cat?post=2447"},{"taxonomy":"product_tag","embeddable":true,"href":"https:\/\/glassupply.com\/es\/wp-json\/wp\/v2\/product_tag?post=2447"}],"curies":[{"name":"wp","href":"https:\/\/api.w.org\/{rel}","templated":true}]}}