{"id":2486,"date":"2023-06-28T09:25:53","date_gmt":"2023-06-28T14:25:53","guid":{"rendered":"https:\/\/glassupply.com\/product\/easy-grip-door-knob-back-to-back-mounted\/"},"modified":"2025-06-04T09:34:59","modified_gmt":"2025-06-04T14:34:59","slug":"easy-grip-door-knob-back-to-back-mounted","status":"publish","type":"product","link":"https:\/\/glassupply.com\/es\/producto\/easy-grip-door-knob-back-to-back-mounted\/","title":{"rendered":"Easy Grip Door Knob Back to Back Mounted"},"content":{"rendered":"","protected":false},"excerpt":{"rendered":"<p><span style=\"font-weight: 400;\">La perilla de puerta Easy Grip montada de espalda con espalda proporciona un agarre seguro y una apariencia est\u00e9tica agradable para una puerta de ducha sin marco. La perilla est\u00e1 dise\u00f1ada para instalarse en ambos lados de la puerta de vidrio, lo que permite un acceso f\u00e1cil y c\u00f3modo desde cualquier lado. La manija es f\u00e1cil de instalar y viene con todo el hardware necesario para una fijaci\u00f3n segura y estable a la puerta.<\/span><\/p>\n<p><span style=\"font-weight: 400;\">Tenga en cuenta que se requiere el mecanizado del vidrio para instalar la perilla.<\/span><\/p>\n<p><span style=\"font-weight: 400;\">Nuestro proceso de acabado del herraje para duchas incluye tres m\u00e9todos de aplicaci\u00f3n diferentes, cada uno de los cuales proporciona un acabado duradero, resistente a la corrosi\u00f3n y visualmente atractivo. Estos m\u00e9todos incluyen electroforesis (Negro Mate), cromado (Cromo) y niquelado (N\u00edquel Cepillado). Independientemente de la opci\u00f3n elegida, nuestro proceso de acabado garantiza un acabado hermoso y duradero que cumple con los m\u00e1s altos est\u00e1ndares de calidad y durabilidad de la industria, brindando un rendimiento excepcional y un atractivo visual.<\/span><\/p>\n<h2><b>ESPECIFICACIONES T\u00c9CNICAS<\/b><\/h2>\n<table>\n<tbody>\n<tr>\n<td><b>Espesor del vidrio de seguridad<\/b><\/td>\n<td><span style=\"font-weight: 400;\">1\/4\u201d (6 mm) a 1\/2\u201d (12 mm)<\/span><\/td>\n<\/tr>\n<tr>\n<td><b>Color\/Acabado<\/b><\/td>\n<td><span style=\"font-weight: 400;\">Cromo, N\u00edquel Cepillado, Negro Mate<\/span><\/td>\n<\/tr>\n<tr>\n<td><b>Material de fabricaci\u00f3n<\/b><\/td>\n<td><span style=\"font-weight: 400;\">Lat\u00f3n macizo<\/span><\/td>\n<\/tr>\n<\/tbody>\n<\/table>\n","protected":false},"featured_media":1491,"comment_status":"closed","ping_status":"closed","template":"","meta":{"_acf_changed":false,"inline_featured_image":false},"product_brand":[],"product_cat":[72],"product_tag":[],"class_list":{"0":"post-2486","1":"product","2":"type-product","3":"status-publish","4":"has-post-thumbnail","6":"product_cat-shower-hardware-es","8":"first","9":"instock","10":"purchasable","11":"product-type-variable","12":"has-default-attributes"},"acf":[],"yoast_head":"<!-- This site is optimized with the Yoast SEO plugin v26.9 - https:\/\/yoast.com\/product\/yoast-seo-wordpress\/ -->\n<title>Easy Grip Door Knob Back to Back Mounted - Glassupply.com<\/title>\n<meta name=\"robots\" content=\"index, follow, max-snippet:-1, max-image-preview:large, max-video-preview:-1\" \/>\n<link rel=\"canonical\" href=\"https:\/\/glassupply.com\/es\/producto\/easy-grip-door-knob-back-to-back-mounted\/\" \/>\n<meta property=\"og:locale\" content=\"es_ES\" \/>\n<meta property=\"og:type\" content=\"article\" \/>\n<meta property=\"og:title\" content=\"Easy Grip Door Knob Back to Back Mounted - Glassupply.com\" \/>\n<meta property=\"og:description\" content=\"La perilla de puerta Easy Grip montada de espalda con espalda proporciona un agarre seguro y una apariencia est\u00e9tica agradable para una puerta de ducha sin marco. La perilla est\u00e1 dise\u00f1ada para instalarse en ambos lados de la puerta de vidrio, lo que permite un acceso f\u00e1cil y c\u00f3modo desde cualquier lado. La manija es f\u00e1cil de instalar y viene con todo el hardware necesario para una fijaci\u00f3n segura y estable a la puerta.  Tenga en cuenta que se requiere el mecanizado del vidrio para instalar la perilla.  Nuestro proceso de acabado del herraje para duchas incluye tres m\u00e9todos de aplicaci\u00f3n diferentes, cada uno de los cuales proporciona un acabado duradero, resistente a la corrosi\u00f3n y visualmente atractivo. Estos m\u00e9todos incluyen electroforesis (Negro Mate), cromado (Cromo) y niquelado (N\u00edquel Cepillado). Independientemente de la opci\u00f3n elegida, nuestro proceso de acabado garantiza un acabado hermoso y duradero que cumple con los m\u00e1s altos est\u00e1ndares de calidad y durabilidad de la industria, brindando un rendimiento excepcional y un atractivo visual. ESPECIFICACIONES T\u00c9CNICAS    Espesor del vidrio de seguridad 1\/4\u201d (6 mm) a 1\/2\u201d (12 mm)   Color\/Acabado Cromo, N\u00edquel Cepillado, Negro Mate   Material de fabricaci\u00f3n Lat\u00f3n macizo\" \/>\n<meta property=\"og:url\" content=\"https:\/\/glassupply.com\/es\/producto\/easy-grip-door-knob-back-to-back-mounted\/\" \/>\n<meta property=\"og:site_name\" content=\"Glassupply.com\" \/>\n<meta property=\"article:modified_time\" content=\"2025-06-04T14:34:59+00:00\" \/>\n<meta property=\"og:image\" content=\"https:\/\/glassupply.com\/wp-content\/uploads\/2023\/06\/S-HD-KNBN-Product-Image.webp\" \/>\n\t<meta property=\"og:image:width\" content=\"1000\" \/>\n\t<meta property=\"og:image:height\" content=\"1000\" \/>\n\t<meta property=\"og:image:type\" content=\"image\/webp\" \/>\n<meta name=\"twitter:card\" content=\"summary_large_image\" \/>\n<meta name=\"twitter:label1\" content=\"Est. reading time\" \/>\n\t<meta name=\"twitter:data1\" content=\"1 minuto\" \/>\n<script type=\"application\/ld+json\" class=\"yoast-schema-graph\">{\"@context\":\"https:\/\/schema.org\",\"@graph\":[{\"@type\":\"WebPage\",\"@id\":\"https:\/\/glassupply.com\/es\/producto\/easy-grip-door-knob-back-to-back-mounted\/\",\"url\":\"https:\/\/glassupply.com\/es\/producto\/easy-grip-door-knob-back-to-back-mounted\/\",\"name\":\"Easy Grip Door Knob Back to Back Mounted - Glassupply.com\",\"isPartOf\":{\"@id\":\"https:\/\/glassupply.com\/es\/#website\"},\"primaryImageOfPage\":{\"@id\":\"https:\/\/glassupply.com\/es\/producto\/easy-grip-door-knob-back-to-back-mounted\/#primaryimage\"},\"image\":{\"@id\":\"https:\/\/glassupply.com\/es\/producto\/easy-grip-door-knob-back-to-back-mounted\/#primaryimage\"},\"thumbnailUrl\":\"https:\/\/glassupply.com\/wp-content\/uploads\/2023\/06\/S-HD-KNBN-Product-Image.webp\",\"datePublished\":\"2023-06-28T14:25:53+00:00\",\"dateModified\":\"2025-06-04T14:34:59+00:00\",\"breadcrumb\":{\"@id\":\"https:\/\/glassupply.com\/es\/producto\/easy-grip-door-knob-back-to-back-mounted\/#breadcrumb\"},\"inLanguage\":\"es\",\"potentialAction\":[{\"@type\":\"ReadAction\",\"target\":[\"https:\/\/glassupply.com\/es\/producto\/easy-grip-door-knob-back-to-back-mounted\/\"]}]},{\"@type\":\"ImageObject\",\"inLanguage\":\"es\",\"@id\":\"https:\/\/glassupply.com\/es\/producto\/easy-grip-door-knob-back-to-back-mounted\/#primaryimage\",\"url\":\"https:\/\/glassupply.com\/wp-content\/uploads\/2023\/06\/S-HD-KNBN-Product-Image.webp\",\"contentUrl\":\"https:\/\/glassupply.com\/wp-content\/uploads\/2023\/06\/S-HD-KNBN-Product-Image.webp\",\"width\":1000,\"height\":1000},{\"@type\":\"BreadcrumbList\",\"@id\":\"https:\/\/glassupply.com\/es\/producto\/easy-grip-door-knob-back-to-back-mounted\/#breadcrumb\",\"itemListElement\":[{\"@type\":\"ListItem\",\"position\":1,\"name\":\"Tienda\",\"item\":\"https:\/\/glassupply.com\/es\/tienda\/\"},{\"@type\":\"ListItem\",\"position\":2,\"name\":\"Easy Grip Door Knob Back to Back Mounted\"}]},{\"@type\":\"WebSite\",\"@id\":\"https:\/\/glassupply.com\/es\/#website\",\"url\":\"https:\/\/glassupply.com\/es\/\",\"name\":\"Glassupply.com\",\"description\":\"From the manufacturer to your doorstep\",\"potentialAction\":[{\"@type\":\"SearchAction\",\"target\":{\"@type\":\"EntryPoint\",\"urlTemplate\":\"https:\/\/glassupply.com\/es\/?s={search_term_string}\"},\"query-input\":{\"@type\":\"PropertyValueSpecification\",\"valueRequired\":true,\"valueName\":\"search_term_string\"}}],\"inLanguage\":\"es\"}]}<\/script>\n<!-- \/ Yoast SEO plugin. -->","yoast_head_json":{"title":"Easy Grip Door Knob Back to Back Mounted - Glassupply.com","robots":{"index":"index","follow":"follow","max-snippet":"max-snippet:-1","max-image-preview":"max-image-preview:large","max-video-preview":"max-video-preview:-1"},"canonical":"https:\/\/glassupply.com\/es\/producto\/easy-grip-door-knob-back-to-back-mounted\/","og_locale":"es_ES","og_type":"article","og_title":"Easy Grip Door Knob Back to Back Mounted - Glassupply.com","og_description":"La perilla de puerta Easy Grip montada de espalda con espalda proporciona un agarre seguro y una apariencia est\u00e9tica agradable para una puerta de ducha sin marco. La perilla est\u00e1 dise\u00f1ada para instalarse en ambos lados de la puerta de vidrio, lo que permite un acceso f\u00e1cil y c\u00f3modo desde cualquier lado. La manija es f\u00e1cil de instalar y viene con todo el hardware necesario para una fijaci\u00f3n segura y estable a la puerta.  Tenga en cuenta que se requiere el mecanizado del vidrio para instalar la perilla.  Nuestro proceso de acabado del herraje para duchas incluye tres m\u00e9todos de aplicaci\u00f3n diferentes, cada uno de los cuales proporciona un acabado duradero, resistente a la corrosi\u00f3n y visualmente atractivo. Estos m\u00e9todos incluyen electroforesis (Negro Mate), cromado (Cromo) y niquelado (N\u00edquel Cepillado). Independientemente de la opci\u00f3n elegida, nuestro proceso de acabado garantiza un acabado hermoso y duradero que cumple con los m\u00e1s altos est\u00e1ndares de calidad y durabilidad de la industria, brindando un rendimiento excepcional y un atractivo visual. ESPECIFICACIONES T\u00c9CNICAS    Espesor del vidrio de seguridad 1\/4\u201d (6 mm) a 1\/2\u201d (12 mm)   Color\/Acabado Cromo, N\u00edquel Cepillado, Negro Mate   Material de fabricaci\u00f3n Lat\u00f3n macizo","og_url":"https:\/\/glassupply.com\/es\/producto\/easy-grip-door-knob-back-to-back-mounted\/","og_site_name":"Glassupply.com","article_modified_time":"2025-06-04T14:34:59+00:00","og_image":[{"width":1000,"height":1000,"url":"https:\/\/glassupply.com\/wp-content\/uploads\/2023\/06\/S-HD-KNBN-Product-Image.webp","type":"image\/webp"}],"twitter_card":"summary_large_image","twitter_misc":{"Est. reading time":"1 minuto"},"schema":{"@context":"https:\/\/schema.org","@graph":[{"@type":"WebPage","@id":"https:\/\/glassupply.com\/es\/producto\/easy-grip-door-knob-back-to-back-mounted\/","url":"https:\/\/glassupply.com\/es\/producto\/easy-grip-door-knob-back-to-back-mounted\/","name":"Easy Grip Door Knob Back to Back Mounted - Glassupply.com","isPartOf":{"@id":"https:\/\/glassupply.com\/es\/#website"},"primaryImageOfPage":{"@id":"https:\/\/glassupply.com\/es\/producto\/easy-grip-door-knob-back-to-back-mounted\/#primaryimage"},"image":{"@id":"https:\/\/glassupply.com\/es\/producto\/easy-grip-door-knob-back-to-back-mounted\/#primaryimage"},"thumbnailUrl":"https:\/\/glassupply.com\/wp-content\/uploads\/2023\/06\/S-HD-KNBN-Product-Image.webp","datePublished":"2023-06-28T14:25:53+00:00","dateModified":"2025-06-04T14:34:59+00:00","breadcrumb":{"@id":"https:\/\/glassupply.com\/es\/producto\/easy-grip-door-knob-back-to-back-mounted\/#breadcrumb"},"inLanguage":"es","potentialAction":[{"@type":"ReadAction","target":["https:\/\/glassupply.com\/es\/producto\/easy-grip-door-knob-back-to-back-mounted\/"]}]},{"@type":"ImageObject","inLanguage":"es","@id":"https:\/\/glassupply.com\/es\/producto\/easy-grip-door-knob-back-to-back-mounted\/#primaryimage","url":"https:\/\/glassupply.com\/wp-content\/uploads\/2023\/06\/S-HD-KNBN-Product-Image.webp","contentUrl":"https:\/\/glassupply.com\/wp-content\/uploads\/2023\/06\/S-HD-KNBN-Product-Image.webp","width":1000,"height":1000},{"@type":"BreadcrumbList","@id":"https:\/\/glassupply.com\/es\/producto\/easy-grip-door-knob-back-to-back-mounted\/#breadcrumb","itemListElement":[{"@type":"ListItem","position":1,"name":"Tienda","item":"https:\/\/glassupply.com\/es\/tienda\/"},{"@type":"ListItem","position":2,"name":"Easy Grip Door Knob Back to Back Mounted"}]},{"@type":"WebSite","@id":"https:\/\/glassupply.com\/es\/#website","url":"https:\/\/glassupply.com\/es\/","name":"Glassupply.com","description":"From the manufacturer to your doorstep","potentialAction":[{"@type":"SearchAction","target":{"@type":"EntryPoint","urlTemplate":"https:\/\/glassupply.com\/es\/?s={search_term_string}"},"query-input":{"@type":"PropertyValueSpecification","valueRequired":true,"valueName":"search_term_string"}}],"inLanguage":"es"}]}},"_links":{"self":[{"href":"https:\/\/glassupply.com\/es\/wp-json\/wp\/v2\/product\/2486","targetHints":{"allow":["GET"]}}],"collection":[{"href":"https:\/\/glassupply.com\/es\/wp-json\/wp\/v2\/product"}],"about":[{"href":"https:\/\/glassupply.com\/es\/wp-json\/wp\/v2\/types\/product"}],"replies":[{"embeddable":true,"href":"https:\/\/glassupply.com\/es\/wp-json\/wp\/v2\/comments?post=2486"}],"wp:featuredmedia":[{"embeddable":true,"href":"https:\/\/glassupply.com\/es\/wp-json\/wp\/v2\/media\/1491"}],"wp:attachment":[{"href":"https:\/\/glassupply.com\/es\/wp-json\/wp\/v2\/media?parent=2486"}],"wp:term":[{"taxonomy":"product_brand","embeddable":true,"href":"https:\/\/glassupply.com\/es\/wp-json\/wp\/v2\/product_brand?post=2486"},{"taxonomy":"product_cat","embeddable":true,"href":"https:\/\/glassupply.com\/es\/wp-json\/wp\/v2\/product_cat?post=2486"},{"taxonomy":"product_tag","embeddable":true,"href":"https:\/\/glassupply.com\/es\/wp-json\/wp\/v2\/product_tag?post=2486"}],"curies":[{"name":"wp","href":"https:\/\/api.w.org\/{rel}","templated":true}]}}