{"id":7084,"date":"2024-04-08T14:06:23","date_gmt":"2024-04-08T19:06:23","guid":{"rendered":"https:\/\/glassupply.com\/shop\/90-degree-glass-to-glass-door-hinge-for-frameless-glass-railing\/"},"modified":"2025-06-04T07:03:20","modified_gmt":"2025-06-04T12:03:20","slug":"90-degree-glass-to-glass-door-hinge-for-frameless-glass-railing","status":"publish","type":"product","link":"https:\/\/glassupply.com\/es\/producto\/90-degree-glass-to-glass-door-hinge-for-frameless-glass-railing\/","title":{"rendered":"90-Degree Glass-to-Glass Door Hinge for Frameless Glass Railing"},"content":{"rendered":"","protected":false},"excerpt":{"rendered":"<p><span style=\"font-weight: 400;\">La bisagra de puerta de vidrio a vidrio a 90 grados con resorte para barandillas de vidrio sin marco, disponible exclusivamente en Glassupply.com, es una bisagra altamente funcional y segura que cuenta con un mecanismo de cierre autom\u00e1tico con resorte. Esta bisagra est\u00e1 dise\u00f1ada espec\u00edficamente para ser instalada en un<\/span><b> panel de vidrio de retorno a 90 grados<\/b><span style=\"font-weight: 400;\">, lo que la convierte en una opci\u00f3n ideal para barandillas de vidrio sin marco. Gracias a su funci\u00f3n de resorte, esta bisagra <\/span><b>tambi\u00e9n puede adaptarse a otros \u00e1ngulos de retorno.<\/b><\/p>\n<p><span style=\"font-weight: 400;\">Para ajustar la tensi\u00f3n del resorte, simplemente retire la tapa plana superior y acceda al tornillo de ajuste con una llave Allen. Adem\u00e1s, <\/span><b>cuando se combina con nuestro pestillo magn\u00e9tico de cierre autom\u00e1tico, esta bisagra con resorte puede ser un componente vital para cumplir con los requisitos de barrera de seguridad para piscinas que est\u00e1n siendo implementados por muchos municipios en Am\u00e9rica del Norte<\/b><span style=\"font-weight: 400;\">.<\/span><\/p>\n<p><span style=\"font-weight: 400;\">Fabricada con la aleaci\u00f3n de acero inoxidable Duplex 2205 de la m\u00e1s alta calidad, esta herrajer\u00eda de grado marino y anticorrosiva es conocida por su resistencia superior y su capacidad para resistir la corrosi\u00f3n en entornos exteriores agresivos. Nuestra aleaci\u00f3n Duplex 2205 de acero inoxidable, aleada con 22% de cromo, 3% de molibdeno y 5 a 6% de n\u00edquel, ofrece una resistencia a la corrosi\u00f3n superior y m\u00e1s del doble de la resistencia al rendimiento del acero inoxidable austen\u00edtico est\u00e1ndar.<\/span><\/p>\n<p><span style=\"font-weight: 400;\">Elija entre un acabado en acero inoxidable pulido (cepillado) o un acabado negro mate suave con recubrimiento en polvo electrost\u00e1ticamente aplicado y curado en horno para una superficie resistente a los ara\u00f1azos y protegida contra el clima. Ideal tanto para aplicaciones interiores como exteriores, ofrece una excelente resistencia a la corrosi\u00f3n, lo que la hace perfecta para estructuras con alto grado de exposici\u00f3n a la corrosi\u00f3n, como regiones costeras y entornos con piscinas.<\/span><\/p>\n<p><b>Tenga en cuenta que cada bisagra se vende por separado. Si desea comprar un par de bisagras, ajuste la cantidad del pedido a 2 antes de realizar la compra.<\/b><\/p>\n<h2><strong>ESPECIFICACIONES T\u00c9CNICAS<\/strong><\/h2>\n<table>\n<tbody>\n<tr>\n<td><b>Espesor del vidrio de seguridad<\/b><\/td>\n<td><span style=\"font-weight: 400;\">3\/8\u201d- 1\/2\u201d (10 a 12 mm) \u2013 puede acomodar paneles de vidrio de 9\/16\u201d (13,5 mm)<\/span><\/td>\n<\/tr>\n<tr>\n<td><b>Color\/Acabado<\/b><\/td>\n<td><span style=\"font-weight: 400;\">Acero inoxidable pulido, Negro mate<\/span><\/td>\n<\/tr>\n<tr>\n<td><b>Material de fabricaci\u00f3n<\/b><\/td>\n<td><span style=\"font-weight: 400;\">Acero inoxidable Duplex 2205<\/span><\/td>\n<\/tr>\n<tr>\n<td><b>Reducci\u00f3n recomendada del espacio entre puertas (lado de la bisagra)<\/b><\/td>\n<td><span style=\"font-weight: 400;\">1\/4 \u201d- 3\/8\u201d (6 a 10 mm)<\/span><\/td>\n<\/tr>\n<tr>\n<td><b>Tipo de montaje<\/b><\/td>\n<td><span style=\"font-weight: 400;\">Montaje en panel de vidrio<\/span><\/td>\n<\/tr>\n<tr>\n<td><b>Uso recomendado del lugar<\/b><\/td>\n<td><span style=\"font-weight: 400;\">Interior, Exterior<\/span><\/td>\n<\/tr>\n<tr>\n<td><b>Lado de montaje<\/b><\/td>\n<td><span style=\"font-weight: 400;\">Reversible<\/span><\/td>\n<\/tr>\n<\/tbody>\n<\/table>\n","protected":false},"featured_media":7043,"comment_status":"closed","ping_status":"closed","template":"","meta":{"_acf_changed":false,"inline_featured_image":false},"product_brand":[],"product_cat":[133,60],"product_tag":[],"class_list":{"0":"post-7084","1":"product","2":"type-product","3":"status-publish","4":"has-post-thumbnail","6":"product_cat-door-hardware-es","7":"product_cat-glass-fence-railing-hardware-es","9":"first","10":"instock","11":"taxable","12":"shipping-taxable","13":"purchasable","14":"product-type-variable","15":"has-default-attributes"},"acf":[],"yoast_head":"<!-- This site is optimized with the Yoast SEO plugin v26.9 - https:\/\/yoast.com\/product\/yoast-seo-wordpress\/ -->\n<title>90-Degree Glass-to-Glass Door Hinge for Frameless Glass Railing - Glassupply.com<\/title>\n<meta name=\"robots\" content=\"index, follow, max-snippet:-1, max-image-preview:large, max-video-preview:-1\" \/>\n<link rel=\"canonical\" href=\"https:\/\/glassupply.com\/es\/producto\/90-degree-glass-to-glass-door-hinge-for-frameless-glass-railing\/\" \/>\n<meta property=\"og:locale\" content=\"es_ES\" \/>\n<meta property=\"og:type\" content=\"article\" \/>\n<meta property=\"og:title\" content=\"90-Degree Glass-to-Glass Door Hinge for Frameless Glass Railing - Glassupply.com\" \/>\n<meta property=\"og:description\" content=\"La bisagra de puerta de vidrio a vidrio a 90 grados con resorte para barandillas de vidrio sin marco, disponible exclusivamente en Glassupply.com, es una bisagra altamente funcional y segura que cuenta con un mecanismo de cierre autom\u00e1tico con resorte. Esta bisagra est\u00e1 dise\u00f1ada espec\u00edficamente para ser instalada en un panel de vidrio de retorno a 90 grados, lo que la convierte en una opci\u00f3n ideal para barandillas de vidrio sin marco. Gracias a su funci\u00f3n de resorte, esta bisagra tambi\u00e9n puede adaptarse a otros \u00e1ngulos de retorno.  Para ajustar la tensi\u00f3n del resorte, simplemente retire la tapa plana superior y acceda al tornillo de ajuste con una llave Allen. Adem\u00e1s, cuando se combina con nuestro pestillo magn\u00e9tico de cierre autom\u00e1tico, esta bisagra con resorte puede ser un componente vital para cumplir con los requisitos de barrera de seguridad para piscinas que est\u00e1n siendo implementados por muchos municipios en Am\u00e9rica del Norte.  Fabricada con la aleaci\u00f3n de acero inoxidable Duplex 2205 de la m\u00e1s alta calidad, esta herrajer\u00eda de grado marino y anticorrosiva es conocida por su resistencia superior y su capacidad para resistir la corrosi\u00f3n en entornos exteriores agresivos. Nuestra aleaci\u00f3n Duplex 2205 de acero inoxidable, aleada con 22% de cromo, 3% de molibdeno y 5 a 6% de n\u00edquel, ofrece una resistencia a la corrosi\u00f3n superior y m\u00e1s del doble de la resistencia al rendimiento del acero inoxidable austen\u00edtico est\u00e1ndar.  Elija entre un acabado en acero inoxidable pulido (cepillado) o un acabado negro mate suave con recubrimiento en polvo electrost\u00e1ticamente aplicado y curado en horno para una superficie resistente a los ara\u00f1azos y protegida contra el clima. Ideal tanto para aplicaciones interiores como exteriores, ofrece una excelente resistencia a la corrosi\u00f3n, lo que la hace perfecta para estructuras con alto grado de exposici\u00f3n a la corrosi\u00f3n, como regiones costeras y entornos con piscinas.  Tenga en cuenta que cada bisagra se vende por separado. Si desea comprar un par de bisagras, ajuste la cantidad del pedido a 2 antes de realizar la compra. ESPECIFICACIONES T\u00c9CNICAS    Espesor del vidrio de seguridad 3\/8\u201d- 1\/2\u201d (10 a 12 mm) \u2013 puede acomodar paneles de vidrio de 9\/16\u201d (13,5 mm)   Color\/Acabado Acero inoxidable pulido, Negro mate   Material de fabricaci\u00f3n Acero inoxidable Duplex 2205   Reducci\u00f3n recomendada del espacio entre puertas (lado de la bisagra) 1\/4 \u201d- 3\/8\u201d (6 a 10 mm)   Tipo de montaje Montaje en panel de vidrio   Uso recomendado del lugar Interior, Exterior   Lado de montaje Reversible\" \/>\n<meta property=\"og:url\" content=\"https:\/\/glassupply.com\/es\/producto\/90-degree-glass-to-glass-door-hinge-for-frameless-glass-railing\/\" \/>\n<meta property=\"og:site_name\" content=\"Glassupply.com\" \/>\n<meta property=\"article:modified_time\" content=\"2025-06-04T12:03:20+00:00\" \/>\n<meta property=\"og:image\" content=\"https:\/\/glassupply.com\/wp-content\/uploads\/2024\/04\/R-DH-90GGHSS.webp\" \/>\n\t<meta property=\"og:image:width\" content=\"2000\" \/>\n\t<meta property=\"og:image:height\" content=\"2000\" \/>\n\t<meta property=\"og:image:type\" content=\"image\/webp\" \/>\n<meta name=\"twitter:card\" content=\"summary_large_image\" \/>\n<meta name=\"twitter:label1\" content=\"Est. reading time\" \/>\n\t<meta name=\"twitter:data1\" content=\"1 minuto\" \/>\n<script type=\"application\/ld+json\" class=\"yoast-schema-graph\">{\"@context\":\"https:\/\/schema.org\",\"@graph\":[{\"@type\":\"WebPage\",\"@id\":\"https:\/\/glassupply.com\/es\/producto\/90-degree-glass-to-glass-door-hinge-for-frameless-glass-railing\/\",\"url\":\"https:\/\/glassupply.com\/es\/producto\/90-degree-glass-to-glass-door-hinge-for-frameless-glass-railing\/\",\"name\":\"90-Degree Glass-to-Glass Door Hinge for Frameless Glass Railing - Glassupply.com\",\"isPartOf\":{\"@id\":\"https:\/\/glassupply.com\/es\/#website\"},\"primaryImageOfPage\":{\"@id\":\"https:\/\/glassupply.com\/es\/producto\/90-degree-glass-to-glass-door-hinge-for-frameless-glass-railing\/#primaryimage\"},\"image\":{\"@id\":\"https:\/\/glassupply.com\/es\/producto\/90-degree-glass-to-glass-door-hinge-for-frameless-glass-railing\/#primaryimage\"},\"thumbnailUrl\":\"https:\/\/glassupply.com\/wp-content\/uploads\/2024\/04\/R-DH-90GGHSS.webp\",\"datePublished\":\"2024-04-08T19:06:23+00:00\",\"dateModified\":\"2025-06-04T12:03:20+00:00\",\"breadcrumb\":{\"@id\":\"https:\/\/glassupply.com\/es\/producto\/90-degree-glass-to-glass-door-hinge-for-frameless-glass-railing\/#breadcrumb\"},\"inLanguage\":\"es\",\"potentialAction\":[{\"@type\":\"ReadAction\",\"target\":[\"https:\/\/glassupply.com\/es\/producto\/90-degree-glass-to-glass-door-hinge-for-frameless-glass-railing\/\"]}]},{\"@type\":\"ImageObject\",\"inLanguage\":\"es\",\"@id\":\"https:\/\/glassupply.com\/es\/producto\/90-degree-glass-to-glass-door-hinge-for-frameless-glass-railing\/#primaryimage\",\"url\":\"https:\/\/glassupply.com\/wp-content\/uploads\/2024\/04\/R-DH-90GGHSS.webp\",\"contentUrl\":\"https:\/\/glassupply.com\/wp-content\/uploads\/2024\/04\/R-DH-90GGHSS.webp\",\"width\":2000,\"height\":2000},{\"@type\":\"BreadcrumbList\",\"@id\":\"https:\/\/glassupply.com\/es\/producto\/90-degree-glass-to-glass-door-hinge-for-frameless-glass-railing\/#breadcrumb\",\"itemListElement\":[{\"@type\":\"ListItem\",\"position\":1,\"name\":\"Tienda\",\"item\":\"https:\/\/glassupply.com\/es\/tienda\/\"},{\"@type\":\"ListItem\",\"position\":2,\"name\":\"90-Degree Glass-to-Glass Door Hinge for Frameless Glass Railing\"}]},{\"@type\":\"WebSite\",\"@id\":\"https:\/\/glassupply.com\/es\/#website\",\"url\":\"https:\/\/glassupply.com\/es\/\",\"name\":\"Glassupply.com\",\"description\":\"From the manufacturer to your doorstep\",\"potentialAction\":[{\"@type\":\"SearchAction\",\"target\":{\"@type\":\"EntryPoint\",\"urlTemplate\":\"https:\/\/glassupply.com\/es\/?s={search_term_string}\"},\"query-input\":{\"@type\":\"PropertyValueSpecification\",\"valueRequired\":true,\"valueName\":\"search_term_string\"}}],\"inLanguage\":\"es\"}]}<\/script>\n<!-- \/ Yoast SEO plugin. -->","yoast_head_json":{"title":"90-Degree Glass-to-Glass Door Hinge for Frameless Glass Railing - Glassupply.com","robots":{"index":"index","follow":"follow","max-snippet":"max-snippet:-1","max-image-preview":"max-image-preview:large","max-video-preview":"max-video-preview:-1"},"canonical":"https:\/\/glassupply.com\/es\/producto\/90-degree-glass-to-glass-door-hinge-for-frameless-glass-railing\/","og_locale":"es_ES","og_type":"article","og_title":"90-Degree Glass-to-Glass Door Hinge for Frameless Glass Railing - Glassupply.com","og_description":"La bisagra de puerta de vidrio a vidrio a 90 grados con resorte para barandillas de vidrio sin marco, disponible exclusivamente en Glassupply.com, es una bisagra altamente funcional y segura que cuenta con un mecanismo de cierre autom\u00e1tico con resorte. Esta bisagra est\u00e1 dise\u00f1ada espec\u00edficamente para ser instalada en un panel de vidrio de retorno a 90 grados, lo que la convierte en una opci\u00f3n ideal para barandillas de vidrio sin marco. Gracias a su funci\u00f3n de resorte, esta bisagra tambi\u00e9n puede adaptarse a otros \u00e1ngulos de retorno.  Para ajustar la tensi\u00f3n del resorte, simplemente retire la tapa plana superior y acceda al tornillo de ajuste con una llave Allen. Adem\u00e1s, cuando se combina con nuestro pestillo magn\u00e9tico de cierre autom\u00e1tico, esta bisagra con resorte puede ser un componente vital para cumplir con los requisitos de barrera de seguridad para piscinas que est\u00e1n siendo implementados por muchos municipios en Am\u00e9rica del Norte.  Fabricada con la aleaci\u00f3n de acero inoxidable Duplex 2205 de la m\u00e1s alta calidad, esta herrajer\u00eda de grado marino y anticorrosiva es conocida por su resistencia superior y su capacidad para resistir la corrosi\u00f3n en entornos exteriores agresivos. Nuestra aleaci\u00f3n Duplex 2205 de acero inoxidable, aleada con 22% de cromo, 3% de molibdeno y 5 a 6% de n\u00edquel, ofrece una resistencia a la corrosi\u00f3n superior y m\u00e1s del doble de la resistencia al rendimiento del acero inoxidable austen\u00edtico est\u00e1ndar.  Elija entre un acabado en acero inoxidable pulido (cepillado) o un acabado negro mate suave con recubrimiento en polvo electrost\u00e1ticamente aplicado y curado en horno para una superficie resistente a los ara\u00f1azos y protegida contra el clima. Ideal tanto para aplicaciones interiores como exteriores, ofrece una excelente resistencia a la corrosi\u00f3n, lo que la hace perfecta para estructuras con alto grado de exposici\u00f3n a la corrosi\u00f3n, como regiones costeras y entornos con piscinas.  Tenga en cuenta que cada bisagra se vende por separado. Si desea comprar un par de bisagras, ajuste la cantidad del pedido a 2 antes de realizar la compra. ESPECIFICACIONES T\u00c9CNICAS    Espesor del vidrio de seguridad 3\/8\u201d- 1\/2\u201d (10 a 12 mm) \u2013 puede acomodar paneles de vidrio de 9\/16\u201d (13,5 mm)   Color\/Acabado Acero inoxidable pulido, Negro mate   Material de fabricaci\u00f3n Acero inoxidable Duplex 2205   Reducci\u00f3n recomendada del espacio entre puertas (lado de la bisagra) 1\/4 \u201d- 3\/8\u201d (6 a 10 mm)   Tipo de montaje Montaje en panel de vidrio   Uso recomendado del lugar Interior, Exterior   Lado de montaje Reversible","og_url":"https:\/\/glassupply.com\/es\/producto\/90-degree-glass-to-glass-door-hinge-for-frameless-glass-railing\/","og_site_name":"Glassupply.com","article_modified_time":"2025-06-04T12:03:20+00:00","og_image":[{"width":2000,"height":2000,"url":"https:\/\/glassupply.com\/wp-content\/uploads\/2024\/04\/R-DH-90GGHSS.webp","type":"image\/webp"}],"twitter_card":"summary_large_image","twitter_misc":{"Est. reading time":"1 minuto"},"schema":{"@context":"https:\/\/schema.org","@graph":[{"@type":"WebPage","@id":"https:\/\/glassupply.com\/es\/producto\/90-degree-glass-to-glass-door-hinge-for-frameless-glass-railing\/","url":"https:\/\/glassupply.com\/es\/producto\/90-degree-glass-to-glass-door-hinge-for-frameless-glass-railing\/","name":"90-Degree Glass-to-Glass Door Hinge for Frameless Glass Railing - Glassupply.com","isPartOf":{"@id":"https:\/\/glassupply.com\/es\/#website"},"primaryImageOfPage":{"@id":"https:\/\/glassupply.com\/es\/producto\/90-degree-glass-to-glass-door-hinge-for-frameless-glass-railing\/#primaryimage"},"image":{"@id":"https:\/\/glassupply.com\/es\/producto\/90-degree-glass-to-glass-door-hinge-for-frameless-glass-railing\/#primaryimage"},"thumbnailUrl":"https:\/\/glassupply.com\/wp-content\/uploads\/2024\/04\/R-DH-90GGHSS.webp","datePublished":"2024-04-08T19:06:23+00:00","dateModified":"2025-06-04T12:03:20+00:00","breadcrumb":{"@id":"https:\/\/glassupply.com\/es\/producto\/90-degree-glass-to-glass-door-hinge-for-frameless-glass-railing\/#breadcrumb"},"inLanguage":"es","potentialAction":[{"@type":"ReadAction","target":["https:\/\/glassupply.com\/es\/producto\/90-degree-glass-to-glass-door-hinge-for-frameless-glass-railing\/"]}]},{"@type":"ImageObject","inLanguage":"es","@id":"https:\/\/glassupply.com\/es\/producto\/90-degree-glass-to-glass-door-hinge-for-frameless-glass-railing\/#primaryimage","url":"https:\/\/glassupply.com\/wp-content\/uploads\/2024\/04\/R-DH-90GGHSS.webp","contentUrl":"https:\/\/glassupply.com\/wp-content\/uploads\/2024\/04\/R-DH-90GGHSS.webp","width":2000,"height":2000},{"@type":"BreadcrumbList","@id":"https:\/\/glassupply.com\/es\/producto\/90-degree-glass-to-glass-door-hinge-for-frameless-glass-railing\/#breadcrumb","itemListElement":[{"@type":"ListItem","position":1,"name":"Tienda","item":"https:\/\/glassupply.com\/es\/tienda\/"},{"@type":"ListItem","position":2,"name":"90-Degree Glass-to-Glass Door Hinge for Frameless Glass Railing"}]},{"@type":"WebSite","@id":"https:\/\/glassupply.com\/es\/#website","url":"https:\/\/glassupply.com\/es\/","name":"Glassupply.com","description":"From the manufacturer to your doorstep","potentialAction":[{"@type":"SearchAction","target":{"@type":"EntryPoint","urlTemplate":"https:\/\/glassupply.com\/es\/?s={search_term_string}"},"query-input":{"@type":"PropertyValueSpecification","valueRequired":true,"valueName":"search_term_string"}}],"inLanguage":"es"}]}},"_links":{"self":[{"href":"https:\/\/glassupply.com\/es\/wp-json\/wp\/v2\/product\/7084","targetHints":{"allow":["GET"]}}],"collection":[{"href":"https:\/\/glassupply.com\/es\/wp-json\/wp\/v2\/product"}],"about":[{"href":"https:\/\/glassupply.com\/es\/wp-json\/wp\/v2\/types\/product"}],"replies":[{"embeddable":true,"href":"https:\/\/glassupply.com\/es\/wp-json\/wp\/v2\/comments?post=7084"}],"wp:featuredmedia":[{"embeddable":true,"href":"https:\/\/glassupply.com\/es\/wp-json\/wp\/v2\/media\/7043"}],"wp:attachment":[{"href":"https:\/\/glassupply.com\/es\/wp-json\/wp\/v2\/media?parent=7084"}],"wp:term":[{"taxonomy":"product_brand","embeddable":true,"href":"https:\/\/glassupply.com\/es\/wp-json\/wp\/v2\/product_brand?post=7084"},{"taxonomy":"product_cat","embeddable":true,"href":"https:\/\/glassupply.com\/es\/wp-json\/wp\/v2\/product_cat?post=7084"},{"taxonomy":"product_tag","embeddable":true,"href":"https:\/\/glassupply.com\/es\/wp-json\/wp\/v2\/product_tag?post=7084"}],"curies":[{"name":"wp","href":"https:\/\/api.w.org\/{rel}","templated":true}]}}