{"id":7287,"date":"2024-04-09T15:24:05","date_gmt":"2024-04-09T20:24:05","guid":{"rendered":"https:\/\/glassupply.com\/shop\/single-sided-square-towel-bar-18\/"},"modified":"2025-06-05T01:54:16","modified_gmt":"2025-06-05T06:54:16","slug":"single-sided-square-towel-bar-18","status":"publish","type":"product","link":"https:\/\/glassupply.com\/es\/producto\/single-sided-square-towel-bar-18\/","title":{"rendered":"Single-Sided Square Towel Bar 18&#8243;"},"content":{"rendered":"","protected":false},"excerpt":{"rendered":"<p><span style=\"font-weight: 400;\">La barra para toallas cuadrada de 18&#8243; de un solo lado est\u00e1 dise\u00f1ada para ser instalada en un lado de un panel fijo de vidrio de ducha, permitiendo un acceso conveniente y un aspecto elegante. La barra para toallas es f\u00e1cil de instalar y viene con todo el hardware necesario para una fijaci\u00f3n segura y estable a la puerta.<\/span><\/p>\n<p><span style=\"font-weight: 400;\">Tenga en cuenta que es necesaria la fabricaci\u00f3n de vidrio para acomodar el mango.<\/span><\/p>\n<p><span style=\"font-weight: 400;\">Nuestro proceso de acabado para herrajes de ducha incluye tres m\u00e9todos diferentes aplicados, cada uno resultando en un acabado duradero, resistente a la corrosi\u00f3n y visualmente atractivo. Estos m\u00e9todos incluyen electroforesis (Negro Mate), cromado (cromo) y niquelado (N\u00edquel Cepillado). Independientemente de la opci\u00f3n elegida, nuestro proceso de acabado garantiza un acabado hermoso y duradero que cumple con los m\u00e1s altos est\u00e1ndares de calidad y durabilidad de la industria, proporcionando un rendimiento excepcional y atractivo visual.<\/span><\/p>\n<h2><b>ESPECIFICACIONES T\u00c9CNICAS<\/b><\/h2>\n<table>\n<tbody>\n<tr>\n<td><b>Espesor del vidrio de seguridad<\/b><\/td>\n<td><span style=\"font-weight: 400;\">1\/4\u201d (6 mm) a 1\/2\u201d (12 mm)<\/span><\/td>\n<\/tr>\n<tr>\n<td><b>Color\/Acabado<\/b><\/td>\n<td><span style=\"font-weight: 400;\">Cromo, N\u00edquel Cepillado, Negro Mate<\/span><\/td>\n<\/tr>\n<tr>\n<td><b>Material de fabricaci\u00f3n<\/b><\/td>\n<td><span style=\"font-weight: 400;\">Acero inoxidable<\/span><\/td>\n<\/tr>\n<\/tbody>\n<\/table>\n","protected":false},"featured_media":7173,"comment_status":"closed","ping_status":"closed","template":"","meta":{"_acf_changed":false,"inline_featured_image":false},"product_brand":[],"product_cat":[72],"product_tag":[],"class_list":{"0":"post-7287","1":"product","2":"type-product","3":"status-publish","4":"has-post-thumbnail","6":"product_cat-shower-hardware-es","8":"first","9":"instock","10":"taxable","11":"shipping-taxable","12":"purchasable","13":"product-type-variable","14":"has-default-attributes"},"acf":[],"yoast_head":"<!-- This site is optimized with the Yoast SEO plugin v26.9 - https:\/\/yoast.com\/product\/yoast-seo-wordpress\/ -->\n<title>Single-Sided Square Towel Bar 18&quot; - Glassupply.com<\/title>\n<meta name=\"robots\" content=\"index, follow, max-snippet:-1, max-image-preview:large, max-video-preview:-1\" \/>\n<link rel=\"canonical\" href=\"https:\/\/glassupply.com\/es\/producto\/single-sided-square-towel-bar-18\/\" \/>\n<meta property=\"og:locale\" content=\"es_ES\" \/>\n<meta property=\"og:type\" content=\"article\" \/>\n<meta property=\"og:title\" content=\"Single-Sided Square Towel Bar 18&quot; - Glassupply.com\" \/>\n<meta property=\"og:description\" content=\"La barra para toallas cuadrada de 18&quot; de un solo lado est\u00e1 dise\u00f1ada para ser instalada en un lado de un panel fijo de vidrio de ducha, permitiendo un acceso conveniente y un aspecto elegante. La barra para toallas es f\u00e1cil de instalar y viene con todo el hardware necesario para una fijaci\u00f3n segura y estable a la puerta.  Tenga en cuenta que es necesaria la fabricaci\u00f3n de vidrio para acomodar el mango.  Nuestro proceso de acabado para herrajes de ducha incluye tres m\u00e9todos diferentes aplicados, cada uno resultando en un acabado duradero, resistente a la corrosi\u00f3n y visualmente atractivo. Estos m\u00e9todos incluyen electroforesis (Negro Mate), cromado (cromo) y niquelado (N\u00edquel Cepillado). Independientemente de la opci\u00f3n elegida, nuestro proceso de acabado garantiza un acabado hermoso y duradero que cumple con los m\u00e1s altos est\u00e1ndares de calidad y durabilidad de la industria, proporcionando un rendimiento excepcional y atractivo visual. ESPECIFICACIONES T\u00c9CNICAS    Espesor del vidrio de seguridad 1\/4\u201d (6 mm) a 1\/2\u201d (12 mm)   Color\/Acabado Cromo, N\u00edquel Cepillado, Negro Mate   Material de fabricaci\u00f3n Acero inoxidable\" \/>\n<meta property=\"og:url\" content=\"https:\/\/glassupply.com\/es\/producto\/single-sided-square-towel-bar-18\/\" \/>\n<meta property=\"og:site_name\" content=\"Glassupply.com\" \/>\n<meta property=\"article:modified_time\" content=\"2025-06-05T06:54:16+00:00\" \/>\n<meta property=\"og:image\" content=\"https:\/\/glassupply.com\/wp-content\/uploads\/2024\/04\/S-TB-SQCH.webp\" \/>\n\t<meta property=\"og:image:width\" content=\"3000\" \/>\n\t<meta property=\"og:image:height\" content=\"3000\" \/>\n\t<meta property=\"og:image:type\" content=\"image\/webp\" \/>\n<meta name=\"twitter:card\" content=\"summary_large_image\" \/>\n<meta name=\"twitter:label1\" content=\"Est. reading time\" \/>\n\t<meta name=\"twitter:data1\" content=\"1 minuto\" \/>\n<script type=\"application\/ld+json\" class=\"yoast-schema-graph\">{\"@context\":\"https:\/\/schema.org\",\"@graph\":[{\"@type\":\"WebPage\",\"@id\":\"https:\/\/glassupply.com\/es\/producto\/single-sided-square-towel-bar-18\/\",\"url\":\"https:\/\/glassupply.com\/es\/producto\/single-sided-square-towel-bar-18\/\",\"name\":\"Single-Sided Square Towel Bar 18\\\" - Glassupply.com\",\"isPartOf\":{\"@id\":\"https:\/\/glassupply.com\/es\/#website\"},\"primaryImageOfPage\":{\"@id\":\"https:\/\/glassupply.com\/es\/producto\/single-sided-square-towel-bar-18\/#primaryimage\"},\"image\":{\"@id\":\"https:\/\/glassupply.com\/es\/producto\/single-sided-square-towel-bar-18\/#primaryimage\"},\"thumbnailUrl\":\"https:\/\/glassupply.com\/wp-content\/uploads\/2024\/04\/S-TB-SQCH.webp\",\"datePublished\":\"2024-04-09T20:24:05+00:00\",\"dateModified\":\"2025-06-05T06:54:16+00:00\",\"breadcrumb\":{\"@id\":\"https:\/\/glassupply.com\/es\/producto\/single-sided-square-towel-bar-18\/#breadcrumb\"},\"inLanguage\":\"es\",\"potentialAction\":[{\"@type\":\"ReadAction\",\"target\":[\"https:\/\/glassupply.com\/es\/producto\/single-sided-square-towel-bar-18\/\"]}]},{\"@type\":\"ImageObject\",\"inLanguage\":\"es\",\"@id\":\"https:\/\/glassupply.com\/es\/producto\/single-sided-square-towel-bar-18\/#primaryimage\",\"url\":\"https:\/\/glassupply.com\/wp-content\/uploads\/2024\/04\/S-TB-SQCH.webp\",\"contentUrl\":\"https:\/\/glassupply.com\/wp-content\/uploads\/2024\/04\/S-TB-SQCH.webp\",\"width\":3000,\"height\":3000},{\"@type\":\"BreadcrumbList\",\"@id\":\"https:\/\/glassupply.com\/es\/producto\/single-sided-square-towel-bar-18\/#breadcrumb\",\"itemListElement\":[{\"@type\":\"ListItem\",\"position\":1,\"name\":\"Tienda\",\"item\":\"https:\/\/glassupply.com\/es\/tienda\/\"},{\"@type\":\"ListItem\",\"position\":2,\"name\":\"Single-Sided Square Towel Bar 18&#8243;\"}]},{\"@type\":\"WebSite\",\"@id\":\"https:\/\/glassupply.com\/es\/#website\",\"url\":\"https:\/\/glassupply.com\/es\/\",\"name\":\"Glassupply.com\",\"description\":\"From the manufacturer to your doorstep\",\"potentialAction\":[{\"@type\":\"SearchAction\",\"target\":{\"@type\":\"EntryPoint\",\"urlTemplate\":\"https:\/\/glassupply.com\/es\/?s={search_term_string}\"},\"query-input\":{\"@type\":\"PropertyValueSpecification\",\"valueRequired\":true,\"valueName\":\"search_term_string\"}}],\"inLanguage\":\"es\"}]}<\/script>\n<!-- \/ Yoast SEO plugin. -->","yoast_head_json":{"title":"Single-Sided Square Towel Bar 18\" - Glassupply.com","robots":{"index":"index","follow":"follow","max-snippet":"max-snippet:-1","max-image-preview":"max-image-preview:large","max-video-preview":"max-video-preview:-1"},"canonical":"https:\/\/glassupply.com\/es\/producto\/single-sided-square-towel-bar-18\/","og_locale":"es_ES","og_type":"article","og_title":"Single-Sided Square Towel Bar 18\" - Glassupply.com","og_description":"La barra para toallas cuadrada de 18\" de un solo lado est\u00e1 dise\u00f1ada para ser instalada en un lado de un panel fijo de vidrio de ducha, permitiendo un acceso conveniente y un aspecto elegante. La barra para toallas es f\u00e1cil de instalar y viene con todo el hardware necesario para una fijaci\u00f3n segura y estable a la puerta.  Tenga en cuenta que es necesaria la fabricaci\u00f3n de vidrio para acomodar el mango.  Nuestro proceso de acabado para herrajes de ducha incluye tres m\u00e9todos diferentes aplicados, cada uno resultando en un acabado duradero, resistente a la corrosi\u00f3n y visualmente atractivo. Estos m\u00e9todos incluyen electroforesis (Negro Mate), cromado (cromo) y niquelado (N\u00edquel Cepillado). Independientemente de la opci\u00f3n elegida, nuestro proceso de acabado garantiza un acabado hermoso y duradero que cumple con los m\u00e1s altos est\u00e1ndares de calidad y durabilidad de la industria, proporcionando un rendimiento excepcional y atractivo visual. ESPECIFICACIONES T\u00c9CNICAS    Espesor del vidrio de seguridad 1\/4\u201d (6 mm) a 1\/2\u201d (12 mm)   Color\/Acabado Cromo, N\u00edquel Cepillado, Negro Mate   Material de fabricaci\u00f3n Acero inoxidable","og_url":"https:\/\/glassupply.com\/es\/producto\/single-sided-square-towel-bar-18\/","og_site_name":"Glassupply.com","article_modified_time":"2025-06-05T06:54:16+00:00","og_image":[{"width":3000,"height":3000,"url":"https:\/\/glassupply.com\/wp-content\/uploads\/2024\/04\/S-TB-SQCH.webp","type":"image\/webp"}],"twitter_card":"summary_large_image","twitter_misc":{"Est. reading time":"1 minuto"},"schema":{"@context":"https:\/\/schema.org","@graph":[{"@type":"WebPage","@id":"https:\/\/glassupply.com\/es\/producto\/single-sided-square-towel-bar-18\/","url":"https:\/\/glassupply.com\/es\/producto\/single-sided-square-towel-bar-18\/","name":"Single-Sided Square Towel Bar 18\" - Glassupply.com","isPartOf":{"@id":"https:\/\/glassupply.com\/es\/#website"},"primaryImageOfPage":{"@id":"https:\/\/glassupply.com\/es\/producto\/single-sided-square-towel-bar-18\/#primaryimage"},"image":{"@id":"https:\/\/glassupply.com\/es\/producto\/single-sided-square-towel-bar-18\/#primaryimage"},"thumbnailUrl":"https:\/\/glassupply.com\/wp-content\/uploads\/2024\/04\/S-TB-SQCH.webp","datePublished":"2024-04-09T20:24:05+00:00","dateModified":"2025-06-05T06:54:16+00:00","breadcrumb":{"@id":"https:\/\/glassupply.com\/es\/producto\/single-sided-square-towel-bar-18\/#breadcrumb"},"inLanguage":"es","potentialAction":[{"@type":"ReadAction","target":["https:\/\/glassupply.com\/es\/producto\/single-sided-square-towel-bar-18\/"]}]},{"@type":"ImageObject","inLanguage":"es","@id":"https:\/\/glassupply.com\/es\/producto\/single-sided-square-towel-bar-18\/#primaryimage","url":"https:\/\/glassupply.com\/wp-content\/uploads\/2024\/04\/S-TB-SQCH.webp","contentUrl":"https:\/\/glassupply.com\/wp-content\/uploads\/2024\/04\/S-TB-SQCH.webp","width":3000,"height":3000},{"@type":"BreadcrumbList","@id":"https:\/\/glassupply.com\/es\/producto\/single-sided-square-towel-bar-18\/#breadcrumb","itemListElement":[{"@type":"ListItem","position":1,"name":"Tienda","item":"https:\/\/glassupply.com\/es\/tienda\/"},{"@type":"ListItem","position":2,"name":"Single-Sided Square Towel Bar 18&#8243;"}]},{"@type":"WebSite","@id":"https:\/\/glassupply.com\/es\/#website","url":"https:\/\/glassupply.com\/es\/","name":"Glassupply.com","description":"From the manufacturer to your doorstep","potentialAction":[{"@type":"SearchAction","target":{"@type":"EntryPoint","urlTemplate":"https:\/\/glassupply.com\/es\/?s={search_term_string}"},"query-input":{"@type":"PropertyValueSpecification","valueRequired":true,"valueName":"search_term_string"}}],"inLanguage":"es"}]}},"_links":{"self":[{"href":"https:\/\/glassupply.com\/es\/wp-json\/wp\/v2\/product\/7287","targetHints":{"allow":["GET"]}}],"collection":[{"href":"https:\/\/glassupply.com\/es\/wp-json\/wp\/v2\/product"}],"about":[{"href":"https:\/\/glassupply.com\/es\/wp-json\/wp\/v2\/types\/product"}],"replies":[{"embeddable":true,"href":"https:\/\/glassupply.com\/es\/wp-json\/wp\/v2\/comments?post=7287"}],"wp:featuredmedia":[{"embeddable":true,"href":"https:\/\/glassupply.com\/es\/wp-json\/wp\/v2\/media\/7173"}],"wp:attachment":[{"href":"https:\/\/glassupply.com\/es\/wp-json\/wp\/v2\/media?parent=7287"}],"wp:term":[{"taxonomy":"product_brand","embeddable":true,"href":"https:\/\/glassupply.com\/es\/wp-json\/wp\/v2\/product_brand?post=7287"},{"taxonomy":"product_cat","embeddable":true,"href":"https:\/\/glassupply.com\/es\/wp-json\/wp\/v2\/product_cat?post=7287"},{"taxonomy":"product_tag","embeddable":true,"href":"https:\/\/glassupply.com\/es\/wp-json\/wp\/v2\/product_tag?post=7287"}],"curies":[{"name":"wp","href":"https:\/\/api.w.org\/{rel}","templated":true}]}}