{"id":2019,"date":"2023-06-28T09:26:49","date_gmt":"2023-06-28T14:26:49","guid":{"rendered":"https:\/\/glassupply.com\/product\/gs-adjustable-standoff-1-1-2-base-height\/"},"modified":"2025-06-03T09:30:12","modified_gmt":"2025-06-03T14:30:12","slug":"gs-adjustable-standoff-1-1-2-base-height","status":"publish","type":"product","link":"https:\/\/glassupply.com\/fr\/produit\/gs-adjustable-standoff-1-1-2-base-height\/","title":{"rendered":"GS Adjustable Standoff 1-1\/2\u201c Base Height"},"content":{"rendered":"","protected":false},"excerpt":{"rendered":"<p>Nous vous pr\u00e9sentons notre support ajustable GS d&rsquo;une hauteur de base de 1-1\/2 \u00bb, con\u00e7u pour simplifier l&rsquo;installation de panneaux de verre, y compris sur des surfaces horizontales irr\u00e9guli\u00e8res. Disponible exclusivement sur Glassupply.com, l&rsquo;entretoise r\u00e9glable est un composant utilis\u00e9 dans l&rsquo;un de nos syst\u00e8mes de garde-corps en verre les plus populaires. Il est con\u00e7u pour maintenir les panneaux de verre en place, cr\u00e9ant ainsi une barri\u00e8re s\u00fbre et \u00e9l\u00e9gante pour les escaliers, les balcons ou d&rsquo;autres zones o\u00f9 une barri\u00e8re de protection est n\u00e9cessaire. Il peut \u00eatre utilis\u00e9 \u00e0 l&rsquo;int\u00e9rieur comme \u00e0 l&rsquo;ext\u00e9rieur et convient aux panneaux en verre tremp\u00e9 ou feuillet\u00e9. Fabriqu\u00e9e \u00e0 partir d&rsquo;alliages d&rsquo;acier inoxydable 316 de la plus haute qualit\u00e9, notre entretoise offre non seulement des propri\u00e9t\u00e9s sup\u00e9rieures de r\u00e9sistance \u00e0 la corrosion, mais aussi un attrait esth\u00e9tique in\u00e9gal\u00e9 qui am\u00e9liorera l&rsquo;aspect g\u00e9n\u00e9ral et la sensation de tout projet. Que vous construisiez un espace de vie ext\u00e9rieur moderne ou un espace ext\u00e9rieur \u00e9l\u00e9gant et styl\u00e9, nos entretoises en acier inoxydable 316 sont le choix parfait pour ceux qui recherchent la durabilit\u00e9, la fiabilit\u00e9 et l&rsquo;attrait visuel. Gr\u00e2ce \u00e0 ses performances durables, \u00e0 ses besoins d&rsquo;entretien r\u00e9duits et \u00e0 sa polyvalence exceptionnelle, il constitue la solution ultime pour tout projet exigeant des mat\u00e9riaux de la plus haute qualit\u00e9, tout en garantissant des performances durables, m\u00eame dans les environnements les plus difficiles. Notre syst\u00e8me de garde-corps en verre \u00e0 \u00e9cartement r\u00e9glable est con\u00e7u pour offrir une s\u00e9curit\u00e9 maximale, et nous avons pris toutes les mesures n\u00e9cessaires pour nous assurer qu&rsquo;il respecte ou d\u00e9passe les normes d&rsquo;ing\u00e9nierie les plus strictes. Nos syst\u00e8mes de garde-corps ont \u00e9t\u00e9 soumis \u00e0 des tests rigoureux et ont pass\u00e9 avec succ\u00e8s les tests de charge d&rsquo;ing\u00e9nierie pour de nombreux codes de construction. Vous pouvez avoir confiance en la qualit\u00e9 et la fiabilit\u00e9 de nos produits. Vous avez le choix entre une finition en acier inoxydable poli (bross\u00e9) ou une finition lisse en noir mat, avec un rev\u00eatement en poudre appliqu\u00e9 par voie \u00e9lectrostatique et durci au four pour une surface r\u00e9sistante aux rayures et prot\u00e9g\u00e9e contre les intemp\u00e9ries. Id\u00e9al pour les applications int\u00e9rieures et ext\u00e9rieures, il offre une excellente r\u00e9sistance \u00e0 la corrosion, ce qui le rend parfait pour les structures pr\u00e9sentant un degr\u00e9 \u00e9lev\u00e9 de corrosion, telles que les r\u00e9gions c\u00f4ti\u00e8res et les piscines. Contactez-nous d\u00e8s aujourd&rsquo;hui pour plus d&rsquo;informations et faites le premier pas vers l&rsquo;am\u00e9lioration de votre syst\u00e8me de garde-corps pour atteindre le plus haut niveau de s\u00fbret\u00e9 et de s\u00e9curit\u00e9.<\/p>\n<p>&nbsp;<\/p>\n<h2><strong>SP\u00c9CIFICATIONS TECHNIQUES<\/strong><\/h2>\n<table>\n<tbody>\n<tr>\n<td><strong>\u00c9paisseur du verre de s\u00e9curit\u00e9<\/strong><\/td>\n<td><span style=\"font-weight: 400;\">5\/16\u201d (8 mm) to \u2013 3\/4\u201d (19 mm)<\/span><\/td>\n<\/tr>\n<tr>\n<td><strong>Couleur\/Finition<\/strong><\/td>\n<td>Acier inoxydable poli, noir mat<\/td>\n<\/tr>\n<tr>\n<td><strong>Mat\u00e9riau de fabrication<\/strong><\/td>\n<td>Acier inoxydable AISI 316<\/td>\n<\/tr>\n<tr>\n<td><strong>Diam\u00e8tre de l&rsquo;entretoise<\/strong><\/td>\n<td><span style=\"font-weight: 400;\">1- 1\/2\u201c (38mm)<\/span><\/td>\n<\/tr>\n<tr>\n<td><strong>Utilisation recommand\u00e9e<\/strong><\/td>\n<td>Int\u00e9rieur, ext\u00e9rieur<\/td>\n<\/tr>\n<\/tbody>\n<\/table>\n","protected":false},"featured_media":1908,"comment_status":"closed","ping_status":"closed","template":"","meta":{"_acf_changed":false,"inline_featured_image":false},"product_brand":[],"product_cat":[71,130],"product_tag":[],"class_list":{"0":"post-2019","1":"product","2":"type-product","3":"status-publish","4":"has-post-thumbnail","6":"product_cat-glass-fence-railing-hardware-fr","7":"product_cat-railing-system-fr","9":"first","10":"instock","11":"taxable","12":"shipping-taxable","13":"purchasable","14":"product-type-variable","15":"has-default-attributes"},"acf":[],"yoast_head":"<!-- This site is optimized with the Yoast SEO plugin v26.9 - https:\/\/yoast.com\/product\/yoast-seo-wordpress\/ -->\n<title>GS Adjustable Standoff 1-1\/2\u201c Base Height - Glassupply.com<\/title>\n<meta name=\"robots\" content=\"index, follow, max-snippet:-1, max-image-preview:large, max-video-preview:-1\" \/>\n<link rel=\"canonical\" href=\"https:\/\/glassupply.com\/fr\/produit\/gs-adjustable-standoff-1-1-2-base-height\/\" \/>\n<meta property=\"og:locale\" content=\"fr_FR\" \/>\n<meta property=\"og:type\" content=\"article\" \/>\n<meta property=\"og:title\" content=\"GS Adjustable Standoff 1-1\/2\u201c Base Height - Glassupply.com\" \/>\n<meta property=\"og:description\" content=\"Nous vous pr\u00e9sentons notre support ajustable GS d&#039;une hauteur de base de 1-1\/2 \u00bb, con\u00e7u pour simplifier l&#039;installation de panneaux de verre, y compris sur des surfaces horizontales irr\u00e9guli\u00e8res. Disponible exclusivement sur Glassupply.com, l&#039;entretoise r\u00e9glable est un composant utilis\u00e9 dans l&#039;un de nos syst\u00e8mes de garde-corps en verre les plus populaires. Il est con\u00e7u pour maintenir les panneaux de verre en place, cr\u00e9ant ainsi une barri\u00e8re s\u00fbre et \u00e9l\u00e9gante pour les escaliers, les balcons ou d&#039;autres zones o\u00f9 une barri\u00e8re de protection est n\u00e9cessaire. Il peut \u00eatre utilis\u00e9 \u00e0 l&#039;int\u00e9rieur comme \u00e0 l&#039;ext\u00e9rieur et convient aux panneaux en verre tremp\u00e9 ou feuillet\u00e9. Fabriqu\u00e9e \u00e0 partir d&#039;alliages d&#039;acier inoxydable 316 de la plus haute qualit\u00e9, notre entretoise offre non seulement des propri\u00e9t\u00e9s sup\u00e9rieures de r\u00e9sistance \u00e0 la corrosion, mais aussi un attrait esth\u00e9tique in\u00e9gal\u00e9 qui am\u00e9liorera l&#039;aspect g\u00e9n\u00e9ral et la sensation de tout projet. Que vous construisiez un espace de vie ext\u00e9rieur moderne ou un espace ext\u00e9rieur \u00e9l\u00e9gant et styl\u00e9, nos entretoises en acier inoxydable 316 sont le choix parfait pour ceux qui recherchent la durabilit\u00e9, la fiabilit\u00e9 et l&#039;attrait visuel. Gr\u00e2ce \u00e0 ses performances durables, \u00e0 ses besoins d&#039;entretien r\u00e9duits et \u00e0 sa polyvalence exceptionnelle, il constitue la solution ultime pour tout projet exigeant des mat\u00e9riaux de la plus haute qualit\u00e9, tout en garantissant des performances durables, m\u00eame dans les environnements les plus difficiles. Notre syst\u00e8me de garde-corps en verre \u00e0 \u00e9cartement r\u00e9glable est con\u00e7u pour offrir une s\u00e9curit\u00e9 maximale, et nous avons pris toutes les mesures n\u00e9cessaires pour nous assurer qu&#039;il respecte ou d\u00e9passe les normes d&#039;ing\u00e9nierie les plus strictes. Nos syst\u00e8mes de garde-corps ont \u00e9t\u00e9 soumis \u00e0 des tests rigoureux et ont pass\u00e9 avec succ\u00e8s les tests de charge d&#039;ing\u00e9nierie pour de nombreux codes de construction. Vous pouvez avoir confiance en la qualit\u00e9 et la fiabilit\u00e9 de nos produits. Vous avez le choix entre une finition en acier inoxydable poli (bross\u00e9) ou une finition lisse en noir mat, avec un rev\u00eatement en poudre appliqu\u00e9 par voie \u00e9lectrostatique et durci au four pour une surface r\u00e9sistante aux rayures et prot\u00e9g\u00e9e contre les intemp\u00e9ries. Id\u00e9al pour les applications int\u00e9rieures et ext\u00e9rieures, il offre une excellente r\u00e9sistance \u00e0 la corrosion, ce qui le rend parfait pour les structures pr\u00e9sentant un degr\u00e9 \u00e9lev\u00e9 de corrosion, telles que les r\u00e9gions c\u00f4ti\u00e8res et les piscines. Contactez-nous d\u00e8s aujourd&#039;hui pour plus d&#039;informations et faites le premier pas vers l&#039;am\u00e9lioration de votre syst\u00e8me de garde-corps pour atteindre le plus haut niveau de s\u00fbret\u00e9 et de s\u00e9curit\u00e9.  &nbsp; SP\u00c9CIFICATIONS TECHNIQUES    \u00c9paisseur du verre de s\u00e9curit\u00e9 5\/16\u201d (8 mm) to \u2013 3\/4\u201d (19 mm)   Couleur\/Finition Acier inoxydable poli, noir mat   Mat\u00e9riau de fabrication Acier inoxydable AISI 316   Diam\u00e8tre de l&#039;entretoise 1- 1\/2\u201c (38mm)   Utilisation recommand\u00e9e Int\u00e9rieur, ext\u00e9rieur\" \/>\n<meta property=\"og:url\" content=\"https:\/\/glassupply.com\/fr\/produit\/gs-adjustable-standoff-1-1-2-base-height\/\" \/>\n<meta property=\"og:site_name\" content=\"Glassupply.com\" \/>\n<meta property=\"article:modified_time\" content=\"2025-06-03T14:30:12+00:00\" \/>\n<meta property=\"og:image\" content=\"https:\/\/glassupply.com\/wp-content\/uploads\/2023\/06\/R-ST-AJ-150D150HSS-Product-Image.webp\" \/>\n\t<meta property=\"og:image:width\" content=\"1500\" \/>\n\t<meta property=\"og:image:height\" content=\"1500\" \/>\n\t<meta property=\"og:image:type\" content=\"image\/webp\" \/>\n<meta name=\"twitter:card\" content=\"summary_large_image\" \/>\n<meta name=\"twitter:label1\" content=\"Est. reading time\" \/>\n\t<meta name=\"twitter:data1\" content=\"1 minute\" \/>\n<script type=\"application\/ld+json\" class=\"yoast-schema-graph\">{\"@context\":\"https:\/\/schema.org\",\"@graph\":[{\"@type\":\"WebPage\",\"@id\":\"https:\/\/glassupply.com\/fr\/produit\/gs-adjustable-standoff-1-1-2-base-height\/\",\"url\":\"https:\/\/glassupply.com\/fr\/produit\/gs-adjustable-standoff-1-1-2-base-height\/\",\"name\":\"GS Adjustable Standoff 1-1\/2\u201c Base Height - Glassupply.com\",\"isPartOf\":{\"@id\":\"https:\/\/glassupply.com\/es\/#website\"},\"primaryImageOfPage\":{\"@id\":\"https:\/\/glassupply.com\/fr\/produit\/gs-adjustable-standoff-1-1-2-base-height\/#primaryimage\"},\"image\":{\"@id\":\"https:\/\/glassupply.com\/fr\/produit\/gs-adjustable-standoff-1-1-2-base-height\/#primaryimage\"},\"thumbnailUrl\":\"https:\/\/glassupply.com\/wp-content\/uploads\/2023\/06\/R-ST-AJ-150D150HSS-Product-Image.webp\",\"datePublished\":\"2023-06-28T14:26:49+00:00\",\"dateModified\":\"2025-06-03T14:30:12+00:00\",\"breadcrumb\":{\"@id\":\"https:\/\/glassupply.com\/fr\/produit\/gs-adjustable-standoff-1-1-2-base-height\/#breadcrumb\"},\"inLanguage\":\"fr-FR\",\"potentialAction\":[{\"@type\":\"ReadAction\",\"target\":[\"https:\/\/glassupply.com\/fr\/produit\/gs-adjustable-standoff-1-1-2-base-height\/\"]}]},{\"@type\":\"ImageObject\",\"inLanguage\":\"fr-FR\",\"@id\":\"https:\/\/glassupply.com\/fr\/produit\/gs-adjustable-standoff-1-1-2-base-height\/#primaryimage\",\"url\":\"https:\/\/glassupply.com\/wp-content\/uploads\/2023\/06\/R-ST-AJ-150D150HSS-Product-Image.webp\",\"contentUrl\":\"https:\/\/glassupply.com\/wp-content\/uploads\/2023\/06\/R-ST-AJ-150D150HSS-Product-Image.webp\",\"width\":1500,\"height\":1500},{\"@type\":\"BreadcrumbList\",\"@id\":\"https:\/\/glassupply.com\/fr\/produit\/gs-adjustable-standoff-1-1-2-base-height\/#breadcrumb\",\"itemListElement\":[{\"@type\":\"ListItem\",\"position\":1,\"name\":\"Shop\",\"item\":\"https:\/\/glassupply.com\/fr\/shop\/\"},{\"@type\":\"ListItem\",\"position\":2,\"name\":\"GS Adjustable Standoff 1-1\/2\u201c Base Height\"}]},{\"@type\":\"WebSite\",\"@id\":\"https:\/\/glassupply.com\/es\/#website\",\"url\":\"https:\/\/glassupply.com\/es\/\",\"name\":\"Glassupply.com\",\"description\":\"From the manufacturer to your doorstep\",\"potentialAction\":[{\"@type\":\"SearchAction\",\"target\":{\"@type\":\"EntryPoint\",\"urlTemplate\":\"https:\/\/glassupply.com\/es\/?s={search_term_string}\"},\"query-input\":{\"@type\":\"PropertyValueSpecification\",\"valueRequired\":true,\"valueName\":\"search_term_string\"}}],\"inLanguage\":\"fr-FR\"}]}<\/script>\n<!-- \/ Yoast SEO plugin. -->","yoast_head_json":{"title":"GS Adjustable Standoff 1-1\/2\u201c Base Height - Glassupply.com","robots":{"index":"index","follow":"follow","max-snippet":"max-snippet:-1","max-image-preview":"max-image-preview:large","max-video-preview":"max-video-preview:-1"},"canonical":"https:\/\/glassupply.com\/fr\/produit\/gs-adjustable-standoff-1-1-2-base-height\/","og_locale":"fr_FR","og_type":"article","og_title":"GS Adjustable Standoff 1-1\/2\u201c Base Height - Glassupply.com","og_description":"Nous vous pr\u00e9sentons notre support ajustable GS d'une hauteur de base de 1-1\/2 \u00bb, con\u00e7u pour simplifier l'installation de panneaux de verre, y compris sur des surfaces horizontales irr\u00e9guli\u00e8res. Disponible exclusivement sur Glassupply.com, l'entretoise r\u00e9glable est un composant utilis\u00e9 dans l'un de nos syst\u00e8mes de garde-corps en verre les plus populaires. Il est con\u00e7u pour maintenir les panneaux de verre en place, cr\u00e9ant ainsi une barri\u00e8re s\u00fbre et \u00e9l\u00e9gante pour les escaliers, les balcons ou d'autres zones o\u00f9 une barri\u00e8re de protection est n\u00e9cessaire. Il peut \u00eatre utilis\u00e9 \u00e0 l'int\u00e9rieur comme \u00e0 l'ext\u00e9rieur et convient aux panneaux en verre tremp\u00e9 ou feuillet\u00e9. Fabriqu\u00e9e \u00e0 partir d'alliages d'acier inoxydable 316 de la plus haute qualit\u00e9, notre entretoise offre non seulement des propri\u00e9t\u00e9s sup\u00e9rieures de r\u00e9sistance \u00e0 la corrosion, mais aussi un attrait esth\u00e9tique in\u00e9gal\u00e9 qui am\u00e9liorera l'aspect g\u00e9n\u00e9ral et la sensation de tout projet. Que vous construisiez un espace de vie ext\u00e9rieur moderne ou un espace ext\u00e9rieur \u00e9l\u00e9gant et styl\u00e9, nos entretoises en acier inoxydable 316 sont le choix parfait pour ceux qui recherchent la durabilit\u00e9, la fiabilit\u00e9 et l'attrait visuel. Gr\u00e2ce \u00e0 ses performances durables, \u00e0 ses besoins d'entretien r\u00e9duits et \u00e0 sa polyvalence exceptionnelle, il constitue la solution ultime pour tout projet exigeant des mat\u00e9riaux de la plus haute qualit\u00e9, tout en garantissant des performances durables, m\u00eame dans les environnements les plus difficiles. Notre syst\u00e8me de garde-corps en verre \u00e0 \u00e9cartement r\u00e9glable est con\u00e7u pour offrir une s\u00e9curit\u00e9 maximale, et nous avons pris toutes les mesures n\u00e9cessaires pour nous assurer qu'il respecte ou d\u00e9passe les normes d'ing\u00e9nierie les plus strictes. Nos syst\u00e8mes de garde-corps ont \u00e9t\u00e9 soumis \u00e0 des tests rigoureux et ont pass\u00e9 avec succ\u00e8s les tests de charge d'ing\u00e9nierie pour de nombreux codes de construction. Vous pouvez avoir confiance en la qualit\u00e9 et la fiabilit\u00e9 de nos produits. Vous avez le choix entre une finition en acier inoxydable poli (bross\u00e9) ou une finition lisse en noir mat, avec un rev\u00eatement en poudre appliqu\u00e9 par voie \u00e9lectrostatique et durci au four pour une surface r\u00e9sistante aux rayures et prot\u00e9g\u00e9e contre les intemp\u00e9ries. Id\u00e9al pour les applications int\u00e9rieures et ext\u00e9rieures, il offre une excellente r\u00e9sistance \u00e0 la corrosion, ce qui le rend parfait pour les structures pr\u00e9sentant un degr\u00e9 \u00e9lev\u00e9 de corrosion, telles que les r\u00e9gions c\u00f4ti\u00e8res et les piscines. Contactez-nous d\u00e8s aujourd'hui pour plus d'informations et faites le premier pas vers l'am\u00e9lioration de votre syst\u00e8me de garde-corps pour atteindre le plus haut niveau de s\u00fbret\u00e9 et de s\u00e9curit\u00e9.  &nbsp; SP\u00c9CIFICATIONS TECHNIQUES    \u00c9paisseur du verre de s\u00e9curit\u00e9 5\/16\u201d (8 mm) to \u2013 3\/4\u201d (19 mm)   Couleur\/Finition Acier inoxydable poli, noir mat   Mat\u00e9riau de fabrication Acier inoxydable AISI 316   Diam\u00e8tre de l'entretoise 1- 1\/2\u201c (38mm)   Utilisation recommand\u00e9e Int\u00e9rieur, ext\u00e9rieur","og_url":"https:\/\/glassupply.com\/fr\/produit\/gs-adjustable-standoff-1-1-2-base-height\/","og_site_name":"Glassupply.com","article_modified_time":"2025-06-03T14:30:12+00:00","og_image":[{"width":1500,"height":1500,"url":"https:\/\/glassupply.com\/wp-content\/uploads\/2023\/06\/R-ST-AJ-150D150HSS-Product-Image.webp","type":"image\/webp"}],"twitter_card":"summary_large_image","twitter_misc":{"Est. reading time":"1 minute"},"schema":{"@context":"https:\/\/schema.org","@graph":[{"@type":"WebPage","@id":"https:\/\/glassupply.com\/fr\/produit\/gs-adjustable-standoff-1-1-2-base-height\/","url":"https:\/\/glassupply.com\/fr\/produit\/gs-adjustable-standoff-1-1-2-base-height\/","name":"GS Adjustable Standoff 1-1\/2\u201c Base Height - Glassupply.com","isPartOf":{"@id":"https:\/\/glassupply.com\/es\/#website"},"primaryImageOfPage":{"@id":"https:\/\/glassupply.com\/fr\/produit\/gs-adjustable-standoff-1-1-2-base-height\/#primaryimage"},"image":{"@id":"https:\/\/glassupply.com\/fr\/produit\/gs-adjustable-standoff-1-1-2-base-height\/#primaryimage"},"thumbnailUrl":"https:\/\/glassupply.com\/wp-content\/uploads\/2023\/06\/R-ST-AJ-150D150HSS-Product-Image.webp","datePublished":"2023-06-28T14:26:49+00:00","dateModified":"2025-06-03T14:30:12+00:00","breadcrumb":{"@id":"https:\/\/glassupply.com\/fr\/produit\/gs-adjustable-standoff-1-1-2-base-height\/#breadcrumb"},"inLanguage":"fr-FR","potentialAction":[{"@type":"ReadAction","target":["https:\/\/glassupply.com\/fr\/produit\/gs-adjustable-standoff-1-1-2-base-height\/"]}]},{"@type":"ImageObject","inLanguage":"fr-FR","@id":"https:\/\/glassupply.com\/fr\/produit\/gs-adjustable-standoff-1-1-2-base-height\/#primaryimage","url":"https:\/\/glassupply.com\/wp-content\/uploads\/2023\/06\/R-ST-AJ-150D150HSS-Product-Image.webp","contentUrl":"https:\/\/glassupply.com\/wp-content\/uploads\/2023\/06\/R-ST-AJ-150D150HSS-Product-Image.webp","width":1500,"height":1500},{"@type":"BreadcrumbList","@id":"https:\/\/glassupply.com\/fr\/produit\/gs-adjustable-standoff-1-1-2-base-height\/#breadcrumb","itemListElement":[{"@type":"ListItem","position":1,"name":"Shop","item":"https:\/\/glassupply.com\/fr\/shop\/"},{"@type":"ListItem","position":2,"name":"GS Adjustable Standoff 1-1\/2\u201c Base Height"}]},{"@type":"WebSite","@id":"https:\/\/glassupply.com\/es\/#website","url":"https:\/\/glassupply.com\/es\/","name":"Glassupply.com","description":"From the manufacturer to your doorstep","potentialAction":[{"@type":"SearchAction","target":{"@type":"EntryPoint","urlTemplate":"https:\/\/glassupply.com\/es\/?s={search_term_string}"},"query-input":{"@type":"PropertyValueSpecification","valueRequired":true,"valueName":"search_term_string"}}],"inLanguage":"fr-FR"}]}},"_links":{"self":[{"href":"https:\/\/glassupply.com\/fr\/wp-json\/wp\/v2\/product\/2019","targetHints":{"allow":["GET"]}}],"collection":[{"href":"https:\/\/glassupply.com\/fr\/wp-json\/wp\/v2\/product"}],"about":[{"href":"https:\/\/glassupply.com\/fr\/wp-json\/wp\/v2\/types\/product"}],"replies":[{"embeddable":true,"href":"https:\/\/glassupply.com\/fr\/wp-json\/wp\/v2\/comments?post=2019"}],"wp:featuredmedia":[{"embeddable":true,"href":"https:\/\/glassupply.com\/fr\/wp-json\/wp\/v2\/media\/1908"}],"wp:attachment":[{"href":"https:\/\/glassupply.com\/fr\/wp-json\/wp\/v2\/media?parent=2019"}],"wp:term":[{"taxonomy":"product_brand","embeddable":true,"href":"https:\/\/glassupply.com\/fr\/wp-json\/wp\/v2\/product_brand?post=2019"},{"taxonomy":"product_cat","embeddable":true,"href":"https:\/\/glassupply.com\/fr\/wp-json\/wp\/v2\/product_cat?post=2019"},{"taxonomy":"product_tag","embeddable":true,"href":"https:\/\/glassupply.com\/fr\/wp-json\/wp\/v2\/product_tag?post=2019"}],"curies":[{"name":"wp","href":"https:\/\/api.w.org\/{rel}","templated":true}]}}