{"id":2296,"date":"2023-06-28T09:26:06","date_gmt":"2023-06-28T14:26:06","guid":{"rendered":"https:\/\/glassupply.com\/product\/floor-lock-for-frameless-glass-railing\/"},"modified":"2025-06-04T07:12:33","modified_gmt":"2025-06-04T12:12:33","slug":"floor-lock-for-frameless-glass-railing","status":"publish","type":"product","link":"https:\/\/glassupply.com\/fr\/produit\/floor-lock-for-frameless-glass-railing\/","title":{"rendered":"Floor Lock for Frameless Glass Railing"},"content":{"rendered":"","protected":false},"excerpt":{"rendered":"<p><span style=\"font-weight: 400;\">Le loquet de sol pour garde-corps en verre sans cadre est con\u00e7u pour maintenir une porte en verre solidement en place, offrant une connexion stable et s\u00e9curis\u00e9e entre le sol et la porte. Il est utilis\u00e9 comme composant standard dans notre configuration de garde-corps en verre sans cadre, car il contribue \u00e0 cr\u00e9er un syst\u00e8me de porte s\u00e9curis\u00e9 et stable, et permet \u00e9galement de maintenir la porte en position ouverte.<\/span><\/p>\n<p><span style=\"font-weight: 400;\">Fabriqu\u00e9s avec des alliages d\u2019acier inoxydable 316 de la plus haute qualit\u00e9, nos connecteurs de main courante haut de gamme offrent non seulement d&rsquo;excellentes propri\u00e9t\u00e9s de r\u00e9sistance \u00e0 la corrosion, mais aussi un attrait esth\u00e9tique incomparable qui rehaussera l\u2019apparence de tout projet. Nos connecteurs de main courante et s\u00e9ries de main courante en acier inoxydable 316 sont le choix id\u00e9al pour ceux qui recherchent durabilit\u00e9, fiabilit\u00e9 et attrait visuel, tout en assurant des performances durables, m\u00eame dans les environnements les plus difficiles.<\/span><\/p>\n<p><span style=\"font-weight: 400;\">Choisissez entre une finition en acier inoxydable poli (bross\u00e9) ou une finition noire mate lisse, appliqu\u00e9e par poudrage \u00e9lectrostatique et cuite au four pour une surface r\u00e9sistante aux rayures et prot\u00e9g\u00e9e contre les intemp\u00e9ries. Id\u00e9al pour les applications int\u00e9rieures et ext\u00e9rieures, il offre une excellente r\u00e9sistance \u00e0 la corrosion, ce qui le rend parfait pour les structures tr\u00e8s expos\u00e9es \u00e0 la corrosion, telles que les r\u00e9gions c\u00f4ti\u00e8res et les environnements de piscine.<\/span><\/p>\n<h2><b>SP\u00c9CIFICATIONS TECHNIQUES<\/b><\/h2>\n<table>\n<tbody>\n<tr>\n<td><b>\u00c9paisseur du verre de s\u00e9curit\u00e9<\/b><\/td>\n<td><span style=\"font-weight: 400;\">3\/8\u201d &#8211; 1\/2\u201d (10 \u00e0 12 mm) \u2013 peut accueillir des panneaux en verre de 9\/16\u201d (13,5 mm)<\/span><\/td>\n<\/tr>\n<tr>\n<td><b>Couleur\/Finition<\/b><\/td>\n<td><span style=\"font-weight: 400;\">Acier inoxydable poli, Noir mat<\/span><\/td>\n<\/tr>\n<tr>\n<td><b>Mat\u00e9riau de fabrication<\/b><\/td>\n<td><span style=\"font-weight: 400;\">Acier inoxydable AISI 316<\/span><\/td>\n<\/tr>\n<tr>\n<td><b>Type de montage<\/b><\/td>\n<td><span style=\"font-weight: 400;\">Montage sur panneau en verre<\/span><\/td>\n<\/tr>\n<tr>\n<td><b>Utilisation recommand\u00e9e<\/b><\/td>\n<td><span style=\"font-weight: 400;\">Int\u00e9rieur, Ext\u00e9rieur<\/span><\/td>\n<\/tr>\n<tr>\n<td><b>C\u00f4t\u00e9 de montage<\/b><\/td>\n<td><span style=\"font-weight: 400;\">R\u00e9versible<\/span><\/td>\n<\/tr>\n<\/tbody>\n<\/table>\n","protected":false},"featured_media":1660,"comment_status":"closed","ping_status":"closed","template":"","meta":{"_acf_changed":false,"inline_featured_image":false},"product_brand":[],"product_cat":[71,128],"product_tag":[],"class_list":{"0":"post-2296","1":"product","2":"type-product","3":"status-publish","4":"has-post-thumbnail","6":"product_cat-glass-fence-railing-hardware-fr","7":"product_cat-door-hardware-fr","9":"first","10":"instock","11":"taxable","12":"shipping-taxable","13":"purchasable","14":"product-type-variable","15":"has-default-attributes"},"acf":[],"yoast_head":"<!-- This site is optimized with the Yoast SEO plugin v26.9 - https:\/\/yoast.com\/product\/yoast-seo-wordpress\/ -->\n<title>Floor Lock for Frameless Glass Railing - Glassupply.com<\/title>\n<meta name=\"robots\" content=\"index, follow, max-snippet:-1, max-image-preview:large, max-video-preview:-1\" \/>\n<link rel=\"canonical\" href=\"https:\/\/glassupply.com\/fr\/produit\/floor-lock-for-frameless-glass-railing\/\" \/>\n<meta property=\"og:locale\" content=\"fr_FR\" \/>\n<meta property=\"og:type\" content=\"article\" \/>\n<meta property=\"og:title\" content=\"Floor Lock for Frameless Glass Railing - Glassupply.com\" \/>\n<meta property=\"og:description\" content=\"Le loquet de sol pour garde-corps en verre sans cadre est con\u00e7u pour maintenir une porte en verre solidement en place, offrant une connexion stable et s\u00e9curis\u00e9e entre le sol et la porte. Il est utilis\u00e9 comme composant standard dans notre configuration de garde-corps en verre sans cadre, car il contribue \u00e0 cr\u00e9er un syst\u00e8me de porte s\u00e9curis\u00e9 et stable, et permet \u00e9galement de maintenir la porte en position ouverte.  Fabriqu\u00e9s avec des alliages d\u2019acier inoxydable 316 de la plus haute qualit\u00e9, nos connecteurs de main courante haut de gamme offrent non seulement d&#039;excellentes propri\u00e9t\u00e9s de r\u00e9sistance \u00e0 la corrosion, mais aussi un attrait esth\u00e9tique incomparable qui rehaussera l\u2019apparence de tout projet. Nos connecteurs de main courante et s\u00e9ries de main courante en acier inoxydable 316 sont le choix id\u00e9al pour ceux qui recherchent durabilit\u00e9, fiabilit\u00e9 et attrait visuel, tout en assurant des performances durables, m\u00eame dans les environnements les plus difficiles.  Choisissez entre une finition en acier inoxydable poli (bross\u00e9) ou une finition noire mate lisse, appliqu\u00e9e par poudrage \u00e9lectrostatique et cuite au four pour une surface r\u00e9sistante aux rayures et prot\u00e9g\u00e9e contre les intemp\u00e9ries. Id\u00e9al pour les applications int\u00e9rieures et ext\u00e9rieures, il offre une excellente r\u00e9sistance \u00e0 la corrosion, ce qui le rend parfait pour les structures tr\u00e8s expos\u00e9es \u00e0 la corrosion, telles que les r\u00e9gions c\u00f4ti\u00e8res et les environnements de piscine. SP\u00c9CIFICATIONS TECHNIQUES    \u00c9paisseur du verre de s\u00e9curit\u00e9 3\/8\u201d - 1\/2\u201d (10 \u00e0 12 mm) \u2013 peut accueillir des panneaux en verre de 9\/16\u201d (13,5 mm)   Couleur\/Finition Acier inoxydable poli, Noir mat   Mat\u00e9riau de fabrication Acier inoxydable AISI 316   Type de montage Montage sur panneau en verre   Utilisation recommand\u00e9e Int\u00e9rieur, Ext\u00e9rieur   C\u00f4t\u00e9 de montage R\u00e9versible\" \/>\n<meta property=\"og:url\" content=\"https:\/\/glassupply.com\/fr\/produit\/floor-lock-for-frameless-glass-railing\/\" \/>\n<meta property=\"og:site_name\" content=\"Glassupply.com\" \/>\n<meta property=\"article:modified_time\" content=\"2025-06-04T12:12:33+00:00\" \/>\n<meta property=\"og:image\" content=\"https:\/\/glassupply.com\/wp-content\/uploads\/2023\/06\/R-DH-FLSS-Product-Image-scaled-1.webp\" \/>\n\t<meta property=\"og:image:width\" content=\"1829\" \/>\n\t<meta property=\"og:image:height\" content=\"2560\" \/>\n\t<meta property=\"og:image:type\" content=\"image\/webp\" \/>\n<meta name=\"twitter:card\" content=\"summary_large_image\" \/>\n<meta name=\"twitter:label1\" content=\"Est. reading time\" \/>\n\t<meta name=\"twitter:data1\" content=\"1 minute\" \/>\n<script type=\"application\/ld+json\" class=\"yoast-schema-graph\">{\"@context\":\"https:\/\/schema.org\",\"@graph\":[{\"@type\":\"WebPage\",\"@id\":\"https:\/\/glassupply.com\/fr\/produit\/floor-lock-for-frameless-glass-railing\/\",\"url\":\"https:\/\/glassupply.com\/fr\/produit\/floor-lock-for-frameless-glass-railing\/\",\"name\":\"Floor Lock for Frameless Glass Railing - Glassupply.com\",\"isPartOf\":{\"@id\":\"https:\/\/glassupply.com\/es\/#website\"},\"primaryImageOfPage\":{\"@id\":\"https:\/\/glassupply.com\/fr\/produit\/floor-lock-for-frameless-glass-railing\/#primaryimage\"},\"image\":{\"@id\":\"https:\/\/glassupply.com\/fr\/produit\/floor-lock-for-frameless-glass-railing\/#primaryimage\"},\"thumbnailUrl\":\"https:\/\/glassupply.com\/wp-content\/uploads\/2023\/06\/R-DH-FLSS-Product-Image-scaled-1.webp\",\"datePublished\":\"2023-06-28T14:26:06+00:00\",\"dateModified\":\"2025-06-04T12:12:33+00:00\",\"breadcrumb\":{\"@id\":\"https:\/\/glassupply.com\/fr\/produit\/floor-lock-for-frameless-glass-railing\/#breadcrumb\"},\"inLanguage\":\"fr-FR\",\"potentialAction\":[{\"@type\":\"ReadAction\",\"target\":[\"https:\/\/glassupply.com\/fr\/produit\/floor-lock-for-frameless-glass-railing\/\"]}]},{\"@type\":\"ImageObject\",\"inLanguage\":\"fr-FR\",\"@id\":\"https:\/\/glassupply.com\/fr\/produit\/floor-lock-for-frameless-glass-railing\/#primaryimage\",\"url\":\"https:\/\/glassupply.com\/wp-content\/uploads\/2023\/06\/R-DH-FLSS-Product-Image-scaled-1.webp\",\"contentUrl\":\"https:\/\/glassupply.com\/wp-content\/uploads\/2023\/06\/R-DH-FLSS-Product-Image-scaled-1.webp\",\"width\":1829,\"height\":2560},{\"@type\":\"BreadcrumbList\",\"@id\":\"https:\/\/glassupply.com\/fr\/produit\/floor-lock-for-frameless-glass-railing\/#breadcrumb\",\"itemListElement\":[{\"@type\":\"ListItem\",\"position\":1,\"name\":\"Shop\",\"item\":\"https:\/\/glassupply.com\/fr\/shop\/\"},{\"@type\":\"ListItem\",\"position\":2,\"name\":\"Floor Lock for Frameless Glass Railing\"}]},{\"@type\":\"WebSite\",\"@id\":\"https:\/\/glassupply.com\/es\/#website\",\"url\":\"https:\/\/glassupply.com\/es\/\",\"name\":\"Glassupply.com\",\"description\":\"From the manufacturer to your doorstep\",\"potentialAction\":[{\"@type\":\"SearchAction\",\"target\":{\"@type\":\"EntryPoint\",\"urlTemplate\":\"https:\/\/glassupply.com\/es\/?s={search_term_string}\"},\"query-input\":{\"@type\":\"PropertyValueSpecification\",\"valueRequired\":true,\"valueName\":\"search_term_string\"}}],\"inLanguage\":\"fr-FR\"}]}<\/script>\n<!-- \/ Yoast SEO plugin. -->","yoast_head_json":{"title":"Floor Lock for Frameless Glass Railing - Glassupply.com","robots":{"index":"index","follow":"follow","max-snippet":"max-snippet:-1","max-image-preview":"max-image-preview:large","max-video-preview":"max-video-preview:-1"},"canonical":"https:\/\/glassupply.com\/fr\/produit\/floor-lock-for-frameless-glass-railing\/","og_locale":"fr_FR","og_type":"article","og_title":"Floor Lock for Frameless Glass Railing - Glassupply.com","og_description":"Le loquet de sol pour garde-corps en verre sans cadre est con\u00e7u pour maintenir une porte en verre solidement en place, offrant une connexion stable et s\u00e9curis\u00e9e entre le sol et la porte. Il est utilis\u00e9 comme composant standard dans notre configuration de garde-corps en verre sans cadre, car il contribue \u00e0 cr\u00e9er un syst\u00e8me de porte s\u00e9curis\u00e9 et stable, et permet \u00e9galement de maintenir la porte en position ouverte.  Fabriqu\u00e9s avec des alliages d\u2019acier inoxydable 316 de la plus haute qualit\u00e9, nos connecteurs de main courante haut de gamme offrent non seulement d'excellentes propri\u00e9t\u00e9s de r\u00e9sistance \u00e0 la corrosion, mais aussi un attrait esth\u00e9tique incomparable qui rehaussera l\u2019apparence de tout projet. Nos connecteurs de main courante et s\u00e9ries de main courante en acier inoxydable 316 sont le choix id\u00e9al pour ceux qui recherchent durabilit\u00e9, fiabilit\u00e9 et attrait visuel, tout en assurant des performances durables, m\u00eame dans les environnements les plus difficiles.  Choisissez entre une finition en acier inoxydable poli (bross\u00e9) ou une finition noire mate lisse, appliqu\u00e9e par poudrage \u00e9lectrostatique et cuite au four pour une surface r\u00e9sistante aux rayures et prot\u00e9g\u00e9e contre les intemp\u00e9ries. Id\u00e9al pour les applications int\u00e9rieures et ext\u00e9rieures, il offre une excellente r\u00e9sistance \u00e0 la corrosion, ce qui le rend parfait pour les structures tr\u00e8s expos\u00e9es \u00e0 la corrosion, telles que les r\u00e9gions c\u00f4ti\u00e8res et les environnements de piscine. SP\u00c9CIFICATIONS TECHNIQUES    \u00c9paisseur du verre de s\u00e9curit\u00e9 3\/8\u201d - 1\/2\u201d (10 \u00e0 12 mm) \u2013 peut accueillir des panneaux en verre de 9\/16\u201d (13,5 mm)   Couleur\/Finition Acier inoxydable poli, Noir mat   Mat\u00e9riau de fabrication Acier inoxydable AISI 316   Type de montage Montage sur panneau en verre   Utilisation recommand\u00e9e Int\u00e9rieur, Ext\u00e9rieur   C\u00f4t\u00e9 de montage R\u00e9versible","og_url":"https:\/\/glassupply.com\/fr\/produit\/floor-lock-for-frameless-glass-railing\/","og_site_name":"Glassupply.com","article_modified_time":"2025-06-04T12:12:33+00:00","og_image":[{"width":1829,"height":2560,"url":"https:\/\/glassupply.com\/wp-content\/uploads\/2023\/06\/R-DH-FLSS-Product-Image-scaled-1.webp","type":"image\/webp"}],"twitter_card":"summary_large_image","twitter_misc":{"Est. reading time":"1 minute"},"schema":{"@context":"https:\/\/schema.org","@graph":[{"@type":"WebPage","@id":"https:\/\/glassupply.com\/fr\/produit\/floor-lock-for-frameless-glass-railing\/","url":"https:\/\/glassupply.com\/fr\/produit\/floor-lock-for-frameless-glass-railing\/","name":"Floor Lock for Frameless Glass Railing - Glassupply.com","isPartOf":{"@id":"https:\/\/glassupply.com\/es\/#website"},"primaryImageOfPage":{"@id":"https:\/\/glassupply.com\/fr\/produit\/floor-lock-for-frameless-glass-railing\/#primaryimage"},"image":{"@id":"https:\/\/glassupply.com\/fr\/produit\/floor-lock-for-frameless-glass-railing\/#primaryimage"},"thumbnailUrl":"https:\/\/glassupply.com\/wp-content\/uploads\/2023\/06\/R-DH-FLSS-Product-Image-scaled-1.webp","datePublished":"2023-06-28T14:26:06+00:00","dateModified":"2025-06-04T12:12:33+00:00","breadcrumb":{"@id":"https:\/\/glassupply.com\/fr\/produit\/floor-lock-for-frameless-glass-railing\/#breadcrumb"},"inLanguage":"fr-FR","potentialAction":[{"@type":"ReadAction","target":["https:\/\/glassupply.com\/fr\/produit\/floor-lock-for-frameless-glass-railing\/"]}]},{"@type":"ImageObject","inLanguage":"fr-FR","@id":"https:\/\/glassupply.com\/fr\/produit\/floor-lock-for-frameless-glass-railing\/#primaryimage","url":"https:\/\/glassupply.com\/wp-content\/uploads\/2023\/06\/R-DH-FLSS-Product-Image-scaled-1.webp","contentUrl":"https:\/\/glassupply.com\/wp-content\/uploads\/2023\/06\/R-DH-FLSS-Product-Image-scaled-1.webp","width":1829,"height":2560},{"@type":"BreadcrumbList","@id":"https:\/\/glassupply.com\/fr\/produit\/floor-lock-for-frameless-glass-railing\/#breadcrumb","itemListElement":[{"@type":"ListItem","position":1,"name":"Shop","item":"https:\/\/glassupply.com\/fr\/shop\/"},{"@type":"ListItem","position":2,"name":"Floor Lock for Frameless Glass Railing"}]},{"@type":"WebSite","@id":"https:\/\/glassupply.com\/es\/#website","url":"https:\/\/glassupply.com\/es\/","name":"Glassupply.com","description":"From the manufacturer to your doorstep","potentialAction":[{"@type":"SearchAction","target":{"@type":"EntryPoint","urlTemplate":"https:\/\/glassupply.com\/es\/?s={search_term_string}"},"query-input":{"@type":"PropertyValueSpecification","valueRequired":true,"valueName":"search_term_string"}}],"inLanguage":"fr-FR"}]}},"_links":{"self":[{"href":"https:\/\/glassupply.com\/fr\/wp-json\/wp\/v2\/product\/2296","targetHints":{"allow":["GET"]}}],"collection":[{"href":"https:\/\/glassupply.com\/fr\/wp-json\/wp\/v2\/product"}],"about":[{"href":"https:\/\/glassupply.com\/fr\/wp-json\/wp\/v2\/types\/product"}],"replies":[{"embeddable":true,"href":"https:\/\/glassupply.com\/fr\/wp-json\/wp\/v2\/comments?post=2296"}],"wp:featuredmedia":[{"embeddable":true,"href":"https:\/\/glassupply.com\/fr\/wp-json\/wp\/v2\/media\/1660"}],"wp:attachment":[{"href":"https:\/\/glassupply.com\/fr\/wp-json\/wp\/v2\/media?parent=2296"}],"wp:term":[{"taxonomy":"product_brand","embeddable":true,"href":"https:\/\/glassupply.com\/fr\/wp-json\/wp\/v2\/product_brand?post=2296"},{"taxonomy":"product_cat","embeddable":true,"href":"https:\/\/glassupply.com\/fr\/wp-json\/wp\/v2\/product_cat?post=2296"},{"taxonomy":"product_tag","embeddable":true,"href":"https:\/\/glassupply.com\/fr\/wp-json\/wp\/v2\/product_tag?post=2296"}],"curies":[{"name":"wp","href":"https:\/\/api.w.org\/{rel}","templated":true}]}}