{"id":2314,"date":"2023-06-28T09:26:05","date_gmt":"2023-06-28T14:26:05","guid":{"rendered":"https:\/\/glassupply.com\/product\/135-square-glass-to-glass-railing-clamp\/"},"modified":"2025-06-04T04:14:03","modified_gmt":"2025-06-04T09:14:03","slug":"135-square-glass-to-glass-railing-clamp","status":"publish","type":"product","link":"https:\/\/glassupply.com\/fr\/produit\/135-square-glass-to-glass-railing-clamp\/","title":{"rendered":"135\u00b0 Square Glass-to-Glass Railing Clamp"},"content":{"rendered":"","protected":false},"excerpt":{"rendered":"<p><span style=\"font-weight: 400;\">Nos pinces \u00e9l\u00e9gantes et styl\u00e9es sont con\u00e7ues pour offrir une s\u00e9curit\u00e9 maximale tout en maintenant une vue d\u00e9gag\u00e9e sur votre environnement.<\/span><\/p>\n<p><span style=\"font-weight: 400;\">Ce mat\u00e9riel de qualit\u00e9 marine, anti-corrosion, est fabriqu\u00e9 avec expertise \u00e0 partir du meilleur alliage d\u2019acier inoxydable Duplex 2205. Il est reconnu pour sa durabilit\u00e9 exceptionnelle et sa capacit\u00e9 \u00e0 r\u00e9sister aux environnements ext\u00e9rieurs difficiles. L\u2019alliage est compos\u00e9 de 22 % de chrome, 3 % de molybd\u00e8ne et 5 \u00e0 6 % de nickel, ce qui am\u00e9liore ses propri\u00e9t\u00e9s de r\u00e9sistance \u00e0 la corrosion et sa limite d\u2019\u00e9lasticit\u00e9. En fait, notre acier inoxydable Duplex 2205 poss\u00e8de plus du double de la limite d\u2019\u00e9lasticit\u00e9 de la nuance standard d\u2019acier inoxydable aust\u00e9nitique.<\/span><\/p>\n<p><span style=\"font-weight: 400;\">Choisissez une finition inox poli (bross\u00e9) ou une finition noire mate lisse, rev\u00eatue par poudrage \u00e9lectrostatique et cuite au four pour une surface r\u00e9sistante aux rayures et prot\u00e9g\u00e9e contre les intemp\u00e9ries. Id\u00e9al pour des applications int\u00e9rieures et ext\u00e9rieures, il offre une excellente r\u00e9sistance \u00e0 la corrosion, parfait pour les structures expos\u00e9es \u00e0 une forte corrosion, comme les r\u00e9gions c\u00f4ti\u00e8res et les environnements de piscines.<\/span><\/p>\n<h5><\/h5>\n<p><span style=\"font-weight: 400;\">Support fixe pour connecter deux panneaux de verre dans un angle.<\/span><\/p>\n<p><span style=\"font-weight: 400;\">Forme un angle droit de 135\u00b0.<\/span><\/p>\n<p><strong>Aucun per\u00e7age des panneaux de verre requis. Le syst\u00e8me \u00e0 cl\u00e9 Allen serre le verre en place.<\/strong><\/p>\n<p><span style=\"font-weight: 400;\">\u00a0<\/span><\/p>\n<h2><b>SP\u00c9CIFICATIONS TECHNIQUES<\/b><\/h2>\n<table>\n<tbody>\n<tr>\n<td><b>\u00c9paisseur du verre de s\u00e9curit\u00e9<\/b><\/td>\n<td><span style=\"font-weight: 400;\">1\/2\u201d (12 mm) \u2013 peut accueillir des panneaux de verre de 9\/16\u201d (13,5 mm)<\/span><\/td>\n<\/tr>\n<tr>\n<td><b>Couleur\/Finition<\/b><\/td>\n<td><span style=\"font-weight: 400;\">Noir Mat, Acier Inoxydable Poli<\/span><\/td>\n<\/tr>\n<tr>\n<td><b>Mat\u00e9riau de fabrication<\/b><\/td>\n<td><span style=\"font-weight: 400;\">Acier Inoxydable Duplex 2205<\/span><\/td>\n<\/tr>\n<tr>\n<td><b>Type de fixation<\/b><\/td>\n<td><span style=\"font-weight: 400;\">Montage sur panneau de verre, verre-\u00e0-verre \/ 135\u00ba<\/span><\/td>\n<\/tr>\n<tr>\n<td><b>Usage recommand\u00e9<\/b><\/td>\n<td><span style=\"font-weight: 400;\">Int\u00e9rieur, Ext\u00e9rieur<\/span><\/td>\n<\/tr>\n<tr>\n<td><b>C\u00f4t\u00e9 de montage<\/b><\/td>\n<td><span style=\"font-weight: 400;\">R\u00e9versible<\/span><\/td>\n<\/tr>\n<\/tbody>\n<\/table>\n","protected":false},"featured_media":1638,"comment_status":"closed","ping_status":"closed","template":"","meta":{"_acf_changed":false,"inline_featured_image":false},"product_brand":[],"product_cat":[71,127],"product_tag":[],"class_list":{"0":"post-2314","1":"product","2":"type-product","3":"status-publish","4":"has-post-thumbnail","6":"product_cat-glass-fence-railing-hardware-fr","7":"product_cat-clamps-fr","9":"first","10":"instock","11":"sale","12":"taxable","13":"shipping-taxable","14":"purchasable","15":"product-type-variable","16":"has-default-attributes"},"acf":[],"yoast_head":"<!-- This site is optimized with the Yoast SEO plugin v26.9 - https:\/\/yoast.com\/product\/yoast-seo-wordpress\/ -->\n<title>135\u00b0 Square Glass-to-Glass Railing Clamp - Glassupply.com<\/title>\n<meta name=\"robots\" content=\"index, follow, max-snippet:-1, max-image-preview:large, max-video-preview:-1\" \/>\n<link rel=\"canonical\" href=\"https:\/\/glassupply.com\/fr\/produit\/135-square-glass-to-glass-railing-clamp\/\" \/>\n<meta property=\"og:locale\" content=\"fr_FR\" \/>\n<meta property=\"og:type\" content=\"article\" \/>\n<meta property=\"og:title\" content=\"135\u00b0 Square Glass-to-Glass Railing Clamp - Glassupply.com\" \/>\n<meta property=\"og:description\" content=\"Nos pinces \u00e9l\u00e9gantes et styl\u00e9es sont con\u00e7ues pour offrir une s\u00e9curit\u00e9 maximale tout en maintenant une vue d\u00e9gag\u00e9e sur votre environnement.  Ce mat\u00e9riel de qualit\u00e9 marine, anti-corrosion, est fabriqu\u00e9 avec expertise \u00e0 partir du meilleur alliage d\u2019acier inoxydable Duplex 2205. Il est reconnu pour sa durabilit\u00e9 exceptionnelle et sa capacit\u00e9 \u00e0 r\u00e9sister aux environnements ext\u00e9rieurs difficiles. L\u2019alliage est compos\u00e9 de 22 % de chrome, 3 % de molybd\u00e8ne et 5 \u00e0 6 % de nickel, ce qui am\u00e9liore ses propri\u00e9t\u00e9s de r\u00e9sistance \u00e0 la corrosion et sa limite d\u2019\u00e9lasticit\u00e9. En fait, notre acier inoxydable Duplex 2205 poss\u00e8de plus du double de la limite d\u2019\u00e9lasticit\u00e9 de la nuance standard d\u2019acier inoxydable aust\u00e9nitique.  Choisissez une finition inox poli (bross\u00e9) ou une finition noire mate lisse, rev\u00eatue par poudrage \u00e9lectrostatique et cuite au four pour une surface r\u00e9sistante aux rayures et prot\u00e9g\u00e9e contre les intemp\u00e9ries. Id\u00e9al pour des applications int\u00e9rieures et ext\u00e9rieures, il offre une excellente r\u00e9sistance \u00e0 la corrosion, parfait pour les structures expos\u00e9es \u00e0 une forte corrosion, comme les r\u00e9gions c\u00f4ti\u00e8res et les environnements de piscines.  Support fixe pour connecter deux panneaux de verre dans un angle.  Forme un angle droit de 135\u00b0.  Aucun per\u00e7age des panneaux de verre requis. Le syst\u00e8me \u00e0 cl\u00e9 Allen serre le verre en place.  \u00a0 SP\u00c9CIFICATIONS TECHNIQUES    \u00c9paisseur du verre de s\u00e9curit\u00e9 1\/2\u201d (12 mm) \u2013 peut accueillir des panneaux de verre de 9\/16\u201d (13,5 mm)   Couleur\/Finition Noir Mat, Acier Inoxydable Poli   Mat\u00e9riau de fabrication Acier Inoxydable Duplex 2205   Type de fixation Montage sur panneau de verre, verre-\u00e0-verre \/ 135\u00ba   Usage recommand\u00e9 Int\u00e9rieur, Ext\u00e9rieur   C\u00f4t\u00e9 de montage R\u00e9versible\" \/>\n<meta property=\"og:url\" content=\"https:\/\/glassupply.com\/fr\/produit\/135-square-glass-to-glass-railing-clamp\/\" \/>\n<meta property=\"og:site_name\" content=\"Glassupply.com\" \/>\n<meta property=\"article:modified_time\" content=\"2025-06-04T09:14:03+00:00\" \/>\n<meta property=\"og:image\" content=\"https:\/\/glassupply.com\/wp-content\/uploads\/2023\/06\/R-CL-135SS-Product-Image.webp\" \/>\n\t<meta property=\"og:image:width\" content=\"1600\" \/>\n\t<meta property=\"og:image:height\" content=\"1600\" \/>\n\t<meta property=\"og:image:type\" content=\"image\/webp\" \/>\n<meta name=\"twitter:card\" content=\"summary_large_image\" \/>\n<meta name=\"twitter:label1\" content=\"Est. reading time\" \/>\n\t<meta name=\"twitter:data1\" content=\"1 minute\" \/>\n<script type=\"application\/ld+json\" class=\"yoast-schema-graph\">{\"@context\":\"https:\/\/schema.org\",\"@graph\":[{\"@type\":\"WebPage\",\"@id\":\"https:\/\/glassupply.com\/fr\/produit\/135-square-glass-to-glass-railing-clamp\/\",\"url\":\"https:\/\/glassupply.com\/fr\/produit\/135-square-glass-to-glass-railing-clamp\/\",\"name\":\"135\u00b0 Square Glass-to-Glass Railing Clamp - Glassupply.com\",\"isPartOf\":{\"@id\":\"https:\/\/glassupply.com\/es\/#website\"},\"primaryImageOfPage\":{\"@id\":\"https:\/\/glassupply.com\/fr\/produit\/135-square-glass-to-glass-railing-clamp\/#primaryimage\"},\"image\":{\"@id\":\"https:\/\/glassupply.com\/fr\/produit\/135-square-glass-to-glass-railing-clamp\/#primaryimage\"},\"thumbnailUrl\":\"https:\/\/glassupply.com\/wp-content\/uploads\/2023\/06\/R-CL-135SS-Product-Image.webp\",\"datePublished\":\"2023-06-28T14:26:05+00:00\",\"dateModified\":\"2025-06-04T09:14:03+00:00\",\"breadcrumb\":{\"@id\":\"https:\/\/glassupply.com\/fr\/produit\/135-square-glass-to-glass-railing-clamp\/#breadcrumb\"},\"inLanguage\":\"fr-FR\",\"potentialAction\":[{\"@type\":\"ReadAction\",\"target\":[\"https:\/\/glassupply.com\/fr\/produit\/135-square-glass-to-glass-railing-clamp\/\"]}]},{\"@type\":\"ImageObject\",\"inLanguage\":\"fr-FR\",\"@id\":\"https:\/\/glassupply.com\/fr\/produit\/135-square-glass-to-glass-railing-clamp\/#primaryimage\",\"url\":\"https:\/\/glassupply.com\/wp-content\/uploads\/2023\/06\/R-CL-135SS-Product-Image.webp\",\"contentUrl\":\"https:\/\/glassupply.com\/wp-content\/uploads\/2023\/06\/R-CL-135SS-Product-Image.webp\",\"width\":1600,\"height\":1600},{\"@type\":\"BreadcrumbList\",\"@id\":\"https:\/\/glassupply.com\/fr\/produit\/135-square-glass-to-glass-railing-clamp\/#breadcrumb\",\"itemListElement\":[{\"@type\":\"ListItem\",\"position\":1,\"name\":\"Shop\",\"item\":\"https:\/\/glassupply.com\/fr\/shop\/\"},{\"@type\":\"ListItem\",\"position\":2,\"name\":\"135\u00b0 Square Glass-to-Glass Railing Clamp\"}]},{\"@type\":\"WebSite\",\"@id\":\"https:\/\/glassupply.com\/es\/#website\",\"url\":\"https:\/\/glassupply.com\/es\/\",\"name\":\"Glassupply.com\",\"description\":\"From the manufacturer to your doorstep\",\"potentialAction\":[{\"@type\":\"SearchAction\",\"target\":{\"@type\":\"EntryPoint\",\"urlTemplate\":\"https:\/\/glassupply.com\/es\/?s={search_term_string}\"},\"query-input\":{\"@type\":\"PropertyValueSpecification\",\"valueRequired\":true,\"valueName\":\"search_term_string\"}}],\"inLanguage\":\"fr-FR\"}]}<\/script>\n<!-- \/ Yoast SEO plugin. -->","yoast_head_json":{"title":"135\u00b0 Square Glass-to-Glass Railing Clamp - Glassupply.com","robots":{"index":"index","follow":"follow","max-snippet":"max-snippet:-1","max-image-preview":"max-image-preview:large","max-video-preview":"max-video-preview:-1"},"canonical":"https:\/\/glassupply.com\/fr\/produit\/135-square-glass-to-glass-railing-clamp\/","og_locale":"fr_FR","og_type":"article","og_title":"135\u00b0 Square Glass-to-Glass Railing Clamp - Glassupply.com","og_description":"Nos pinces \u00e9l\u00e9gantes et styl\u00e9es sont con\u00e7ues pour offrir une s\u00e9curit\u00e9 maximale tout en maintenant une vue d\u00e9gag\u00e9e sur votre environnement.  Ce mat\u00e9riel de qualit\u00e9 marine, anti-corrosion, est fabriqu\u00e9 avec expertise \u00e0 partir du meilleur alliage d\u2019acier inoxydable Duplex 2205. Il est reconnu pour sa durabilit\u00e9 exceptionnelle et sa capacit\u00e9 \u00e0 r\u00e9sister aux environnements ext\u00e9rieurs difficiles. L\u2019alliage est compos\u00e9 de 22 % de chrome, 3 % de molybd\u00e8ne et 5 \u00e0 6 % de nickel, ce qui am\u00e9liore ses propri\u00e9t\u00e9s de r\u00e9sistance \u00e0 la corrosion et sa limite d\u2019\u00e9lasticit\u00e9. En fait, notre acier inoxydable Duplex 2205 poss\u00e8de plus du double de la limite d\u2019\u00e9lasticit\u00e9 de la nuance standard d\u2019acier inoxydable aust\u00e9nitique.  Choisissez une finition inox poli (bross\u00e9) ou une finition noire mate lisse, rev\u00eatue par poudrage \u00e9lectrostatique et cuite au four pour une surface r\u00e9sistante aux rayures et prot\u00e9g\u00e9e contre les intemp\u00e9ries. Id\u00e9al pour des applications int\u00e9rieures et ext\u00e9rieures, il offre une excellente r\u00e9sistance \u00e0 la corrosion, parfait pour les structures expos\u00e9es \u00e0 une forte corrosion, comme les r\u00e9gions c\u00f4ti\u00e8res et les environnements de piscines.  Support fixe pour connecter deux panneaux de verre dans un angle.  Forme un angle droit de 135\u00b0.  Aucun per\u00e7age des panneaux de verre requis. Le syst\u00e8me \u00e0 cl\u00e9 Allen serre le verre en place.  \u00a0 SP\u00c9CIFICATIONS TECHNIQUES    \u00c9paisseur du verre de s\u00e9curit\u00e9 1\/2\u201d (12 mm) \u2013 peut accueillir des panneaux de verre de 9\/16\u201d (13,5 mm)   Couleur\/Finition Noir Mat, Acier Inoxydable Poli   Mat\u00e9riau de fabrication Acier Inoxydable Duplex 2205   Type de fixation Montage sur panneau de verre, verre-\u00e0-verre \/ 135\u00ba   Usage recommand\u00e9 Int\u00e9rieur, Ext\u00e9rieur   C\u00f4t\u00e9 de montage R\u00e9versible","og_url":"https:\/\/glassupply.com\/fr\/produit\/135-square-glass-to-glass-railing-clamp\/","og_site_name":"Glassupply.com","article_modified_time":"2025-06-04T09:14:03+00:00","og_image":[{"width":1600,"height":1600,"url":"https:\/\/glassupply.com\/wp-content\/uploads\/2023\/06\/R-CL-135SS-Product-Image.webp","type":"image\/webp"}],"twitter_card":"summary_large_image","twitter_misc":{"Est. reading time":"1 minute"},"schema":{"@context":"https:\/\/schema.org","@graph":[{"@type":"WebPage","@id":"https:\/\/glassupply.com\/fr\/produit\/135-square-glass-to-glass-railing-clamp\/","url":"https:\/\/glassupply.com\/fr\/produit\/135-square-glass-to-glass-railing-clamp\/","name":"135\u00b0 Square Glass-to-Glass Railing Clamp - Glassupply.com","isPartOf":{"@id":"https:\/\/glassupply.com\/es\/#website"},"primaryImageOfPage":{"@id":"https:\/\/glassupply.com\/fr\/produit\/135-square-glass-to-glass-railing-clamp\/#primaryimage"},"image":{"@id":"https:\/\/glassupply.com\/fr\/produit\/135-square-glass-to-glass-railing-clamp\/#primaryimage"},"thumbnailUrl":"https:\/\/glassupply.com\/wp-content\/uploads\/2023\/06\/R-CL-135SS-Product-Image.webp","datePublished":"2023-06-28T14:26:05+00:00","dateModified":"2025-06-04T09:14:03+00:00","breadcrumb":{"@id":"https:\/\/glassupply.com\/fr\/produit\/135-square-glass-to-glass-railing-clamp\/#breadcrumb"},"inLanguage":"fr-FR","potentialAction":[{"@type":"ReadAction","target":["https:\/\/glassupply.com\/fr\/produit\/135-square-glass-to-glass-railing-clamp\/"]}]},{"@type":"ImageObject","inLanguage":"fr-FR","@id":"https:\/\/glassupply.com\/fr\/produit\/135-square-glass-to-glass-railing-clamp\/#primaryimage","url":"https:\/\/glassupply.com\/wp-content\/uploads\/2023\/06\/R-CL-135SS-Product-Image.webp","contentUrl":"https:\/\/glassupply.com\/wp-content\/uploads\/2023\/06\/R-CL-135SS-Product-Image.webp","width":1600,"height":1600},{"@type":"BreadcrumbList","@id":"https:\/\/glassupply.com\/fr\/produit\/135-square-glass-to-glass-railing-clamp\/#breadcrumb","itemListElement":[{"@type":"ListItem","position":1,"name":"Shop","item":"https:\/\/glassupply.com\/fr\/shop\/"},{"@type":"ListItem","position":2,"name":"135\u00b0 Square Glass-to-Glass Railing Clamp"}]},{"@type":"WebSite","@id":"https:\/\/glassupply.com\/es\/#website","url":"https:\/\/glassupply.com\/es\/","name":"Glassupply.com","description":"From the manufacturer to your doorstep","potentialAction":[{"@type":"SearchAction","target":{"@type":"EntryPoint","urlTemplate":"https:\/\/glassupply.com\/es\/?s={search_term_string}"},"query-input":{"@type":"PropertyValueSpecification","valueRequired":true,"valueName":"search_term_string"}}],"inLanguage":"fr-FR"}]}},"_links":{"self":[{"href":"https:\/\/glassupply.com\/fr\/wp-json\/wp\/v2\/product\/2314","targetHints":{"allow":["GET"]}}],"collection":[{"href":"https:\/\/glassupply.com\/fr\/wp-json\/wp\/v2\/product"}],"about":[{"href":"https:\/\/glassupply.com\/fr\/wp-json\/wp\/v2\/types\/product"}],"replies":[{"embeddable":true,"href":"https:\/\/glassupply.com\/fr\/wp-json\/wp\/v2\/comments?post=2314"}],"wp:featuredmedia":[{"embeddable":true,"href":"https:\/\/glassupply.com\/fr\/wp-json\/wp\/v2\/media\/1638"}],"wp:attachment":[{"href":"https:\/\/glassupply.com\/fr\/wp-json\/wp\/v2\/media?parent=2314"}],"wp:term":[{"taxonomy":"product_brand","embeddable":true,"href":"https:\/\/glassupply.com\/fr\/wp-json\/wp\/v2\/product_brand?post=2314"},{"taxonomy":"product_cat","embeddable":true,"href":"https:\/\/glassupply.com\/fr\/wp-json\/wp\/v2\/product_cat?post=2314"},{"taxonomy":"product_tag","embeddable":true,"href":"https:\/\/glassupply.com\/fr\/wp-json\/wp\/v2\/product_tag?post=2314"}],"curies":[{"name":"wp","href":"https:\/\/api.w.org\/{rel}","templated":true}]}}