{"id":2372,"date":"2023-06-28T09:25:55","date_gmt":"2023-06-28T14:25:55","guid":{"rendered":"https:\/\/glassupply.com\/product\/square-glass-to-wall-clamp\/"},"modified":"2025-06-05T02:00:06","modified_gmt":"2025-06-05T07:00:06","slug":"square-glass-to-wall-clamp","status":"publish","type":"product","link":"https:\/\/glassupply.com\/fr\/produit\/square-glass-to-wall-clamp\/","title":{"rendered":"Square Glass to Wall Clamp"},"content":{"rendered":"","protected":false},"excerpt":{"rendered":"<p><span style=\"font-weight: 400;\">La pince \u00e0 manchon \u00e0 90\u00b0 sur verre est sp\u00e9cialement con\u00e7ue pour fixer solidement deux panneaux de verre fixes formant un angle de 90 degr\u00e9s.<\/span><b> Ces pinces ne n\u00e9cessitent aucune fabrication sp\u00e9ciale du verre<\/b><span style=\"font-weight: 400;\">. Il est fortement recommand\u00e9 d\u2019appliquer un mastic silicone pour sceller l\u2019angle verre-verre, assurant une liaison efficace qui emp\u00eache les fuites d\u2019eau et fixe fermement les panneaux ensemble. Les pinces sont solidement maintenues par des vis de r\u00e9glage Allen \u00e0 pointe en nylon.<\/span><\/p>\n<p><span style=\"font-weight: 400;\">Notre processus de finition des quincailleries de douche comprend trois m\u00e9thodes appliqu\u00e9es diff\u00e9rentes, chacune donnant une finition durable, r\u00e9sistante \u00e0 la corrosion et visuellement attrayante. Ces m\u00e9thodes comprennent l\u2019\u00e9lectrophor\u00e8se (Noir Mat), le chromage (chrome) et le nickelage (Nickel Bross\u00e9). Quelle que soit l\u2019option choisie, notre processus de finition garantit une finition belle et durable qui r\u00e9pond aux normes industrielles les plus \u00e9lev\u00e9es en mati\u00e8re de qualit\u00e9 et de durabilit\u00e9, offrant une performance exceptionnelle et un attrait visuel.<\/span><\/p>\n<h2><b>SP\u00c9CIFICATIONS TECHNIQUES<\/b><\/h2>\n<table>\n<tbody>\n<tr>\n<td><b>\u00c9paisseur du verre de s\u00e9curit\u00e9<\/b><\/td>\n<td><span style=\"font-weight: 400;\">8 mm (5\/16\u201d) \u00e0 12 mm (1\/2\u201d)<\/span><\/td>\n<\/tr>\n<tr>\n<td><b>Couleur\/Finition<\/b><\/td>\n<td><span style=\"font-weight: 400;\">Chrome, Nickel Bross\u00e9, Noir Mat<\/span><\/td>\n<\/tr>\n<tr>\n<td><b>Mat\u00e9riau de fabrication<\/b><\/td>\n<td><span style=\"font-weight: 400;\">Laiton massif<\/span><\/td>\n<\/tr>\n<\/tbody>\n<\/table>\n","protected":false},"featured_media":1574,"comment_status":"closed","ping_status":"closed","template":"","meta":{"_acf_changed":false,"inline_featured_image":false},"product_brand":[],"product_cat":[73],"product_tag":[],"class_list":{"0":"post-2372","1":"product","2":"type-product","3":"status-publish","4":"has-post-thumbnail","6":"product_cat-shower-hardware-fr","8":"first","9":"instock","10":"taxable","11":"shipping-taxable","12":"purchasable","13":"product-type-variable","14":"has-default-attributes"},"acf":[],"yoast_head":"<!-- This site is optimized with the Yoast SEO plugin v26.9 - https:\/\/yoast.com\/product\/yoast-seo-wordpress\/ -->\n<title>Square Glass to Wall Clamp - Glassupply.com<\/title>\n<meta name=\"robots\" content=\"index, follow, max-snippet:-1, max-image-preview:large, max-video-preview:-1\" \/>\n<link rel=\"canonical\" href=\"https:\/\/glassupply.com\/fr\/produit\/square-glass-to-wall-clamp\/\" \/>\n<meta property=\"og:locale\" content=\"fr_FR\" \/>\n<meta property=\"og:type\" content=\"article\" \/>\n<meta property=\"og:title\" content=\"Square Glass to Wall Clamp - Glassupply.com\" \/>\n<meta property=\"og:description\" content=\"La pince \u00e0 manchon \u00e0 90\u00b0 sur verre est sp\u00e9cialement con\u00e7ue pour fixer solidement deux panneaux de verre fixes formant un angle de 90 degr\u00e9s. Ces pinces ne n\u00e9cessitent aucune fabrication sp\u00e9ciale du verre. Il est fortement recommand\u00e9 d\u2019appliquer un mastic silicone pour sceller l\u2019angle verre-verre, assurant une liaison efficace qui emp\u00eache les fuites d\u2019eau et fixe fermement les panneaux ensemble. Les pinces sont solidement maintenues par des vis de r\u00e9glage Allen \u00e0 pointe en nylon.  Notre processus de finition des quincailleries de douche comprend trois m\u00e9thodes appliqu\u00e9es diff\u00e9rentes, chacune donnant une finition durable, r\u00e9sistante \u00e0 la corrosion et visuellement attrayante. Ces m\u00e9thodes comprennent l\u2019\u00e9lectrophor\u00e8se (Noir Mat), le chromage (chrome) et le nickelage (Nickel Bross\u00e9). Quelle que soit l\u2019option choisie, notre processus de finition garantit une finition belle et durable qui r\u00e9pond aux normes industrielles les plus \u00e9lev\u00e9es en mati\u00e8re de qualit\u00e9 et de durabilit\u00e9, offrant une performance exceptionnelle et un attrait visuel. SP\u00c9CIFICATIONS TECHNIQUES    \u00c9paisseur du verre de s\u00e9curit\u00e9 8 mm (5\/16\u201d) \u00e0 12 mm (1\/2\u201d)   Couleur\/Finition Chrome, Nickel Bross\u00e9, Noir Mat   Mat\u00e9riau de fabrication Laiton massif\" \/>\n<meta property=\"og:url\" content=\"https:\/\/glassupply.com\/fr\/produit\/square-glass-to-wall-clamp\/\" \/>\n<meta property=\"og:site_name\" content=\"Glassupply.com\" \/>\n<meta property=\"article:modified_time\" content=\"2025-06-05T07:00:06+00:00\" \/>\n<meta property=\"og:image\" content=\"https:\/\/glassupply.com\/wp-content\/uploads\/2023\/06\/S-CL-SCCH-Product-Image.webp\" \/>\n\t<meta property=\"og:image:width\" content=\"1000\" \/>\n\t<meta property=\"og:image:height\" content=\"1000\" \/>\n\t<meta property=\"og:image:type\" content=\"image\/webp\" \/>\n<meta name=\"twitter:card\" content=\"summary_large_image\" \/>\n<meta name=\"twitter:label1\" content=\"Est. reading time\" \/>\n\t<meta name=\"twitter:data1\" content=\"1 minute\" \/>\n<script type=\"application\/ld+json\" class=\"yoast-schema-graph\">{\"@context\":\"https:\/\/schema.org\",\"@graph\":[{\"@type\":\"WebPage\",\"@id\":\"https:\/\/glassupply.com\/fr\/produit\/square-glass-to-wall-clamp\/\",\"url\":\"https:\/\/glassupply.com\/fr\/produit\/square-glass-to-wall-clamp\/\",\"name\":\"Square Glass to Wall Clamp - Glassupply.com\",\"isPartOf\":{\"@id\":\"https:\/\/glassupply.com\/es\/#website\"},\"primaryImageOfPage\":{\"@id\":\"https:\/\/glassupply.com\/fr\/produit\/square-glass-to-wall-clamp\/#primaryimage\"},\"image\":{\"@id\":\"https:\/\/glassupply.com\/fr\/produit\/square-glass-to-wall-clamp\/#primaryimage\"},\"thumbnailUrl\":\"https:\/\/glassupply.com\/wp-content\/uploads\/2023\/06\/S-CL-SCCH-Product-Image.webp\",\"datePublished\":\"2023-06-28T14:25:55+00:00\",\"dateModified\":\"2025-06-05T07:00:06+00:00\",\"breadcrumb\":{\"@id\":\"https:\/\/glassupply.com\/fr\/produit\/square-glass-to-wall-clamp\/#breadcrumb\"},\"inLanguage\":\"fr-FR\",\"potentialAction\":[{\"@type\":\"ReadAction\",\"target\":[\"https:\/\/glassupply.com\/fr\/produit\/square-glass-to-wall-clamp\/\"]}]},{\"@type\":\"ImageObject\",\"inLanguage\":\"fr-FR\",\"@id\":\"https:\/\/glassupply.com\/fr\/produit\/square-glass-to-wall-clamp\/#primaryimage\",\"url\":\"https:\/\/glassupply.com\/wp-content\/uploads\/2023\/06\/S-CL-SCCH-Product-Image.webp\",\"contentUrl\":\"https:\/\/glassupply.com\/wp-content\/uploads\/2023\/06\/S-CL-SCCH-Product-Image.webp\",\"width\":1000,\"height\":1000},{\"@type\":\"BreadcrumbList\",\"@id\":\"https:\/\/glassupply.com\/fr\/produit\/square-glass-to-wall-clamp\/#breadcrumb\",\"itemListElement\":[{\"@type\":\"ListItem\",\"position\":1,\"name\":\"Shop\",\"item\":\"https:\/\/glassupply.com\/fr\/shop\/\"},{\"@type\":\"ListItem\",\"position\":2,\"name\":\"Square Glass to Wall Clamp\"}]},{\"@type\":\"WebSite\",\"@id\":\"https:\/\/glassupply.com\/es\/#website\",\"url\":\"https:\/\/glassupply.com\/es\/\",\"name\":\"Glassupply.com\",\"description\":\"From the manufacturer to your doorstep\",\"potentialAction\":[{\"@type\":\"SearchAction\",\"target\":{\"@type\":\"EntryPoint\",\"urlTemplate\":\"https:\/\/glassupply.com\/es\/?s={search_term_string}\"},\"query-input\":{\"@type\":\"PropertyValueSpecification\",\"valueRequired\":true,\"valueName\":\"search_term_string\"}}],\"inLanguage\":\"fr-FR\"}]}<\/script>\n<!-- \/ Yoast SEO plugin. -->","yoast_head_json":{"title":"Square Glass to Wall Clamp - Glassupply.com","robots":{"index":"index","follow":"follow","max-snippet":"max-snippet:-1","max-image-preview":"max-image-preview:large","max-video-preview":"max-video-preview:-1"},"canonical":"https:\/\/glassupply.com\/fr\/produit\/square-glass-to-wall-clamp\/","og_locale":"fr_FR","og_type":"article","og_title":"Square Glass to Wall Clamp - Glassupply.com","og_description":"La pince \u00e0 manchon \u00e0 90\u00b0 sur verre est sp\u00e9cialement con\u00e7ue pour fixer solidement deux panneaux de verre fixes formant un angle de 90 degr\u00e9s. Ces pinces ne n\u00e9cessitent aucune fabrication sp\u00e9ciale du verre. Il est fortement recommand\u00e9 d\u2019appliquer un mastic silicone pour sceller l\u2019angle verre-verre, assurant une liaison efficace qui emp\u00eache les fuites d\u2019eau et fixe fermement les panneaux ensemble. Les pinces sont solidement maintenues par des vis de r\u00e9glage Allen \u00e0 pointe en nylon.  Notre processus de finition des quincailleries de douche comprend trois m\u00e9thodes appliqu\u00e9es diff\u00e9rentes, chacune donnant une finition durable, r\u00e9sistante \u00e0 la corrosion et visuellement attrayante. Ces m\u00e9thodes comprennent l\u2019\u00e9lectrophor\u00e8se (Noir Mat), le chromage (chrome) et le nickelage (Nickel Bross\u00e9). Quelle que soit l\u2019option choisie, notre processus de finition garantit une finition belle et durable qui r\u00e9pond aux normes industrielles les plus \u00e9lev\u00e9es en mati\u00e8re de qualit\u00e9 et de durabilit\u00e9, offrant une performance exceptionnelle et un attrait visuel. SP\u00c9CIFICATIONS TECHNIQUES    \u00c9paisseur du verre de s\u00e9curit\u00e9 8 mm (5\/16\u201d) \u00e0 12 mm (1\/2\u201d)   Couleur\/Finition Chrome, Nickel Bross\u00e9, Noir Mat   Mat\u00e9riau de fabrication Laiton massif","og_url":"https:\/\/glassupply.com\/fr\/produit\/square-glass-to-wall-clamp\/","og_site_name":"Glassupply.com","article_modified_time":"2025-06-05T07:00:06+00:00","og_image":[{"width":1000,"height":1000,"url":"https:\/\/glassupply.com\/wp-content\/uploads\/2023\/06\/S-CL-SCCH-Product-Image.webp","type":"image\/webp"}],"twitter_card":"summary_large_image","twitter_misc":{"Est. reading time":"1 minute"},"schema":{"@context":"https:\/\/schema.org","@graph":[{"@type":"WebPage","@id":"https:\/\/glassupply.com\/fr\/produit\/square-glass-to-wall-clamp\/","url":"https:\/\/glassupply.com\/fr\/produit\/square-glass-to-wall-clamp\/","name":"Square Glass to Wall Clamp - Glassupply.com","isPartOf":{"@id":"https:\/\/glassupply.com\/es\/#website"},"primaryImageOfPage":{"@id":"https:\/\/glassupply.com\/fr\/produit\/square-glass-to-wall-clamp\/#primaryimage"},"image":{"@id":"https:\/\/glassupply.com\/fr\/produit\/square-glass-to-wall-clamp\/#primaryimage"},"thumbnailUrl":"https:\/\/glassupply.com\/wp-content\/uploads\/2023\/06\/S-CL-SCCH-Product-Image.webp","datePublished":"2023-06-28T14:25:55+00:00","dateModified":"2025-06-05T07:00:06+00:00","breadcrumb":{"@id":"https:\/\/glassupply.com\/fr\/produit\/square-glass-to-wall-clamp\/#breadcrumb"},"inLanguage":"fr-FR","potentialAction":[{"@type":"ReadAction","target":["https:\/\/glassupply.com\/fr\/produit\/square-glass-to-wall-clamp\/"]}]},{"@type":"ImageObject","inLanguage":"fr-FR","@id":"https:\/\/glassupply.com\/fr\/produit\/square-glass-to-wall-clamp\/#primaryimage","url":"https:\/\/glassupply.com\/wp-content\/uploads\/2023\/06\/S-CL-SCCH-Product-Image.webp","contentUrl":"https:\/\/glassupply.com\/wp-content\/uploads\/2023\/06\/S-CL-SCCH-Product-Image.webp","width":1000,"height":1000},{"@type":"BreadcrumbList","@id":"https:\/\/glassupply.com\/fr\/produit\/square-glass-to-wall-clamp\/#breadcrumb","itemListElement":[{"@type":"ListItem","position":1,"name":"Shop","item":"https:\/\/glassupply.com\/fr\/shop\/"},{"@type":"ListItem","position":2,"name":"Square Glass to Wall Clamp"}]},{"@type":"WebSite","@id":"https:\/\/glassupply.com\/es\/#website","url":"https:\/\/glassupply.com\/es\/","name":"Glassupply.com","description":"From the manufacturer to your doorstep","potentialAction":[{"@type":"SearchAction","target":{"@type":"EntryPoint","urlTemplate":"https:\/\/glassupply.com\/es\/?s={search_term_string}"},"query-input":{"@type":"PropertyValueSpecification","valueRequired":true,"valueName":"search_term_string"}}],"inLanguage":"fr-FR"}]}},"_links":{"self":[{"href":"https:\/\/glassupply.com\/fr\/wp-json\/wp\/v2\/product\/2372","targetHints":{"allow":["GET"]}}],"collection":[{"href":"https:\/\/glassupply.com\/fr\/wp-json\/wp\/v2\/product"}],"about":[{"href":"https:\/\/glassupply.com\/fr\/wp-json\/wp\/v2\/types\/product"}],"replies":[{"embeddable":true,"href":"https:\/\/glassupply.com\/fr\/wp-json\/wp\/v2\/comments?post=2372"}],"wp:featuredmedia":[{"embeddable":true,"href":"https:\/\/glassupply.com\/fr\/wp-json\/wp\/v2\/media\/1574"}],"wp:attachment":[{"href":"https:\/\/glassupply.com\/fr\/wp-json\/wp\/v2\/media?parent=2372"}],"wp:term":[{"taxonomy":"product_brand","embeddable":true,"href":"https:\/\/glassupply.com\/fr\/wp-json\/wp\/v2\/product_brand?post=2372"},{"taxonomy":"product_cat","embeddable":true,"href":"https:\/\/glassupply.com\/fr\/wp-json\/wp\/v2\/product_cat?post=2372"},{"taxonomy":"product_tag","embeddable":true,"href":"https:\/\/glassupply.com\/fr\/wp-json\/wp\/v2\/product_tag?post=2372"}],"curies":[{"name":"wp","href":"https:\/\/api.w.org\/{rel}","templated":true}]}}