{"id":2380,"date":"2023-06-28T09:25:55","date_gmt":"2023-06-28T14:25:55","guid":{"rendered":"https:\/\/glassupply.com\/product\/mirror-adhesive-double-face-tape-installation-kit\/"},"modified":"2025-06-05T02:29:48","modified_gmt":"2025-06-05T07:29:48","slug":"mirror-adhesive-double-face-tape-installation-kit","status":"publish","type":"product","link":"https:\/\/glassupply.com\/fr\/produit\/mirror-adhesive-double-face-tape-installation-kit\/","title":{"rendered":"Mirror Adhesive &amp; Double Face Tape Installation Kit"},"content":{"rendered":"","protected":false},"excerpt":{"rendered":"<p>C\u2019est la combinaison de produits id\u00e9ale pour l\u2019installation de miroirs sans cadre (jusqu\u2019\u00e0 48&#8221; x 96&#8221; ou 32 pieds carr\u00e9s). Ce ruban mousse double face pour montage de miroir a \u00e9t\u00e9 con\u00e7u pour maintenir temporairement les miroirs en place pendant que le mastic durcit.<\/p>\n<p>&#8211; Ce <strong>ruban adh\u00e9sif double face<\/strong> est une combinaison de mousse et d\u2019adh\u00e9sif acrylique.<\/p>\n<p>&#8211; Il offre une adh\u00e9rence sup\u00e9rieure et un pouvoir de maintien \u00e9lev\u00e9.<\/p>\n<p>&#8211; Ce ruban conserve sa r\u00e9sistance m\u00eame sous des conditions de chaleur ou de froid extr\u00eames, et ne se d\u00e9colle pas ni n\u2019absorbe l\u2019humidit\u00e9.<\/p>\n<p>&#8211; \u00c0 appliquer sur des surfaces propres, s\u00e8ches, lisses ou irr\u00e9guli\u00e8res.<\/p>\n<p><strong>Mirro-Mastic\u00ae<\/strong> est la r\u00e9f\u00e9rence de l\u2019industrie en mati\u00e8re d\u2019adh\u00e9sif mastic de haute qualit\u00e9. Formul\u00e9 pour coller les miroirs en verre et en acrylique sur divers substrats, Mirro-Mastic a \u00e9t\u00e9 test\u00e9 sur le terrain et en laboratoire pour sa compatibilit\u00e9 avec toutes les grandes marques de miroirs et de peintures de fond.<\/p>\n<p><strong>AVANTAGES ET B\u00c9N\u00c9FICES<\/strong><\/p>\n<p>&#8211; Formul\u00e9 pour une utilisation sur miroirs en verre et en acrylique.<\/p>\n<p>&#8211; N\u2019endommage pas l\u2019argenture du miroir.<\/p>\n<p>&#8211; Reste souple, ne craque pas et ne s\u00e8che pas.<\/p>\n<p>&#8211; Absorbe les vibrations normales.<\/p>\n<p>&#8211; Permet les mouvements dus aux variations thermiques normales.<\/p>\n<p>&#8211; Peut \u00eatre utilis\u00e9 sur des supports renforc\u00e9s de s\u00e9curit\u00e9.<\/p>\n","protected":false},"featured_media":1572,"comment_status":"open","ping_status":"closed","template":"","meta":{"_acf_changed":false,"inline_featured_image":false},"product_brand":[],"product_cat":[98],"product_tag":[],"class_list":{"0":"post-2380","1":"product","2":"type-product","3":"status-publish","4":"has-post-thumbnail","6":"product_cat-general-hardware-and-components-fr","8":"first","9":"instock","10":"taxable","11":"shipping-taxable","12":"purchasable","13":"product-type-simple"},"acf":[],"yoast_head":"<!-- This site is optimized with the Yoast SEO Premium plugin v27.4 (Yoast SEO v27.4) - https:\/\/yoast.com\/product\/yoast-seo-premium-wordpress\/ -->\n<title>Mirror Adhesive &amp; Double Face Tape Installation Kit - Glassupply.com<\/title>\n<meta name=\"robots\" content=\"index, follow, max-snippet:-1, max-image-preview:large, max-video-preview:-1\" \/>\n<link rel=\"canonical\" href=\"https:\/\/glassupply.com\/fr\/produit\/mirror-adhesive-double-face-tape-installation-kit\/\" \/>\n<meta property=\"og:locale\" content=\"fr_FR\" \/>\n<meta property=\"og:type\" content=\"article\" \/>\n<meta property=\"og:title\" content=\"Mirror Adhesive &amp; Double Face Tape Installation Kit - Glassupply.com\" \/>\n<meta property=\"og:description\" content=\"C\u2019est la combinaison de produits id\u00e9ale pour l\u2019installation de miroirs sans cadre (jusqu\u2019\u00e0 48&#039;&#039; x 96&#039;&#039; ou 32 pieds carr\u00e9s). Ce ruban mousse double face pour montage de miroir a \u00e9t\u00e9 con\u00e7u pour maintenir temporairement les miroirs en place pendant que le mastic durcit.  - Ce ruban adh\u00e9sif double face est une combinaison de mousse et d\u2019adh\u00e9sif acrylique.  - Il offre une adh\u00e9rence sup\u00e9rieure et un pouvoir de maintien \u00e9lev\u00e9.  - Ce ruban conserve sa r\u00e9sistance m\u00eame sous des conditions de chaleur ou de froid extr\u00eames, et ne se d\u00e9colle pas ni n\u2019absorbe l\u2019humidit\u00e9.  - \u00c0 appliquer sur des surfaces propres, s\u00e8ches, lisses ou irr\u00e9guli\u00e8res.  Mirro-Mastic\u00ae est la r\u00e9f\u00e9rence de l\u2019industrie en mati\u00e8re d\u2019adh\u00e9sif mastic de haute qualit\u00e9. Formul\u00e9 pour coller les miroirs en verre et en acrylique sur divers substrats, Mirro-Mastic a \u00e9t\u00e9 test\u00e9 sur le terrain et en laboratoire pour sa compatibilit\u00e9 avec toutes les grandes marques de miroirs et de peintures de fond.  AVANTAGES ET B\u00c9N\u00c9FICES  - Formul\u00e9 pour une utilisation sur miroirs en verre et en acrylique.  - N\u2019endommage pas l\u2019argenture du miroir.  - Reste souple, ne craque pas et ne s\u00e8che pas.  - Absorbe les vibrations normales.  - Permet les mouvements dus aux variations thermiques normales.  - Peut \u00eatre utilis\u00e9 sur des supports renforc\u00e9s de s\u00e9curit\u00e9.\" \/>\n<meta property=\"og:url\" content=\"https:\/\/glassupply.com\/fr\/produit\/mirror-adhesive-double-face-tape-installation-kit\/\" \/>\n<meta property=\"og:site_name\" content=\"Glassupply.com\" \/>\n<meta property=\"article:publisher\" content=\"https:\/\/www.facebook.com\/glassupply.comCustomGlass\" \/>\n<meta property=\"article:modified_time\" content=\"2025-06-05T07:29:48+00:00\" \/>\n<meta property=\"og:image\" content=\"https:\/\/glassupply.com\/wp-content\/uploads\/2023\/06\/combo.jpg\" \/>\n\t<meta property=\"og:image:width\" content=\"750\" \/>\n\t<meta property=\"og:image:height\" content=\"500\" \/>\n\t<meta property=\"og:image:type\" content=\"image\/jpeg\" \/>\n<meta name=\"twitter:card\" content=\"summary_large_image\" \/>\n<meta name=\"twitter:label1\" content=\"Price\" \/>\n\t<meta name=\"twitter:data1\" content=\"&#036;34.00\" \/>\n\t<meta name=\"twitter:label2\" content=\"Availability\" \/>\n\t<meta name=\"twitter:data2\" content=\"In stock\" \/>\n<script type=\"application\/ld+json\" class=\"yoast-schema-graph\">{\"@context\":\"https:\\\/\\\/schema.org\",\"@graph\":[{\"@type\":\"WebPage\",\"@id\":\"https:\\\/\\\/glassupply.com\\\/fr\\\/produit\\\/mirror-adhesive-double-face-tape-installation-kit\\\/\",\"url\":\"https:\\\/\\\/glassupply.com\\\/fr\\\/produit\\\/mirror-adhesive-double-face-tape-installation-kit\\\/\",\"name\":\"Mirror Adhesive &amp; Double Face Tape Installation Kit - Glassupply.com\",\"isPartOf\":{\"@id\":\"https:\\\/\\\/glassupply.com\\\/es\\\/#website\"},\"primaryImageOfPage\":{\"@id\":\"https:\\\/\\\/glassupply.com\\\/fr\\\/produit\\\/mirror-adhesive-double-face-tape-installation-kit\\\/#primaryimage\"},\"image\":{\"@id\":\"https:\\\/\\\/glassupply.com\\\/fr\\\/produit\\\/mirror-adhesive-double-face-tape-installation-kit\\\/#primaryimage\"},\"thumbnailUrl\":\"https:\\\/\\\/glassupply.com\\\/wp-content\\\/uploads\\\/2023\\\/06\\\/combo.jpg\",\"datePublished\":\"2023-06-28T14:25:55+00:00\",\"dateModified\":\"2025-06-05T07:29:48+00:00\",\"breadcrumb\":{\"@id\":\"https:\\\/\\\/glassupply.com\\\/fr\\\/produit\\\/mirror-adhesive-double-face-tape-installation-kit\\\/#breadcrumb\"},\"inLanguage\":\"fr-FR\",\"potentialAction\":[{\"@type\":\"ReadAction\",\"target\":[\"https:\\\/\\\/glassupply.com\\\/fr\\\/produit\\\/mirror-adhesive-double-face-tape-installation-kit\\\/\"]}]},{\"@type\":\"ImageObject\",\"inLanguage\":\"fr-FR\",\"@id\":\"https:\\\/\\\/glassupply.com\\\/fr\\\/produit\\\/mirror-adhesive-double-face-tape-installation-kit\\\/#primaryimage\",\"url\":\"https:\\\/\\\/glassupply.com\\\/wp-content\\\/uploads\\\/2023\\\/06\\\/combo.jpg\",\"contentUrl\":\"https:\\\/\\\/glassupply.com\\\/wp-content\\\/uploads\\\/2023\\\/06\\\/combo.jpg\",\"width\":750,\"height\":500},{\"@type\":\"BreadcrumbList\",\"@id\":\"https:\\\/\\\/glassupply.com\\\/fr\\\/produit\\\/mirror-adhesive-double-face-tape-installation-kit\\\/#breadcrumb\",\"itemListElement\":[{\"@type\":\"ListItem\",\"position\":1,\"name\":\"Shop\",\"item\":\"https:\\\/\\\/glassupply.com\\\/fr\\\/shop\\\/\"},{\"@type\":\"ListItem\",\"position\":2,\"name\":\"Mirror Adhesive &amp; Double Face Tape Installation Kit\"}]},{\"@type\":\"WebSite\",\"@id\":\"https:\\\/\\\/glassupply.com\\\/es\\\/#website\",\"url\":\"https:\\\/\\\/glassupply.com\\\/es\\\/\",\"name\":\"Glassupply.com\",\"description\":\"From the manufacturer to your doorstep\",\"publisher\":{\"@id\":\"https:\\\/\\\/glassupply.com\\\/es\\\/#organization\"},\"potentialAction\":[{\"@type\":\"SearchAction\",\"target\":{\"@type\":\"EntryPoint\",\"urlTemplate\":\"https:\\\/\\\/glassupply.com\\\/es\\\/?s={search_term_string}\"},\"query-input\":{\"@type\":\"PropertyValueSpecification\",\"valueRequired\":true,\"valueName\":\"search_term_string\"}}],\"inLanguage\":\"fr-FR\"},{\"@type\":[\"Organization\",\"Place\"],\"@id\":\"https:\\\/\\\/glassupply.com\\\/es\\\/#organization\",\"name\":\"Glassupply.com\",\"url\":\"https:\\\/\\\/glassupply.com\\\/es\\\/\",\"logo\":{\"@id\":\"https:\\\/\\\/glassupply.com\\\/fr\\\/produit\\\/mirror-adhesive-double-face-tape-installation-kit\\\/#local-main-organization-logo\"},\"image\":{\"@id\":\"https:\\\/\\\/glassupply.com\\\/fr\\\/produit\\\/mirror-adhesive-double-face-tape-installation-kit\\\/#local-main-organization-logo\"},\"sameAs\":[\"https:\\\/\\\/www.facebook.com\\\/glassupply.comCustomGlass\",\"https:\\\/\\\/www.youtube.com\\\/@Glassupply.comVideos\"],\"telephone\":[\"+1-888-225-4392\"],\"openingHoursSpecification\":[],\"email\":\"support@glassupply.com\"},{\"@type\":\"ImageObject\",\"inLanguage\":\"fr-FR\",\"@id\":\"https:\\\/\\\/glassupply.com\\\/fr\\\/produit\\\/mirror-adhesive-double-face-tape-installation-kit\\\/#local-main-organization-logo\",\"url\":\"https:\\\/\\\/glassupply.com\\\/wp-content\\\/uploads\\\/2023\\\/10\\\/logo.svg\",\"contentUrl\":\"https:\\\/\\\/glassupply.com\\\/wp-content\\\/uploads\\\/2023\\\/10\\\/logo.svg\",\"width\":310,\"height\":24,\"caption\":\"Glassupply.com\"}]}<\/script>\n<meta property=\"product:price:amount\" content=\"34.00\" \/>\n<meta property=\"product:price:currency\" content=\"USD\" \/>\n<meta property=\"og:availability\" content=\"instock\" \/>\n<meta property=\"product:availability\" content=\"instock\" \/>\n<meta property=\"product:retailer_item_id\" content=\"M-MI-IK\" \/>\n<meta property=\"product:condition\" content=\"new\" \/>\n<!-- \/ Yoast SEO Premium plugin. -->","yoast_head_json":{"title":"Mirror Adhesive &amp; Double Face Tape Installation Kit - Glassupply.com","robots":{"index":"index","follow":"follow","max-snippet":"max-snippet:-1","max-image-preview":"max-image-preview:large","max-video-preview":"max-video-preview:-1"},"canonical":"https:\/\/glassupply.com\/fr\/produit\/mirror-adhesive-double-face-tape-installation-kit\/","og_locale":"fr_FR","og_type":"article","og_title":"Mirror Adhesive &amp; Double Face Tape Installation Kit - Glassupply.com","og_description":"C\u2019est la combinaison de produits id\u00e9ale pour l\u2019installation de miroirs sans cadre (jusqu\u2019\u00e0 48'' x 96'' ou 32 pieds carr\u00e9s). Ce ruban mousse double face pour montage de miroir a \u00e9t\u00e9 con\u00e7u pour maintenir temporairement les miroirs en place pendant que le mastic durcit.  - Ce ruban adh\u00e9sif double face est une combinaison de mousse et d\u2019adh\u00e9sif acrylique.  - Il offre une adh\u00e9rence sup\u00e9rieure et un pouvoir de maintien \u00e9lev\u00e9.  - Ce ruban conserve sa r\u00e9sistance m\u00eame sous des conditions de chaleur ou de froid extr\u00eames, et ne se d\u00e9colle pas ni n\u2019absorbe l\u2019humidit\u00e9.  - \u00c0 appliquer sur des surfaces propres, s\u00e8ches, lisses ou irr\u00e9guli\u00e8res.  Mirro-Mastic\u00ae est la r\u00e9f\u00e9rence de l\u2019industrie en mati\u00e8re d\u2019adh\u00e9sif mastic de haute qualit\u00e9. Formul\u00e9 pour coller les miroirs en verre et en acrylique sur divers substrats, Mirro-Mastic a \u00e9t\u00e9 test\u00e9 sur le terrain et en laboratoire pour sa compatibilit\u00e9 avec toutes les grandes marques de miroirs et de peintures de fond.  AVANTAGES ET B\u00c9N\u00c9FICES  - Formul\u00e9 pour une utilisation sur miroirs en verre et en acrylique.  - N\u2019endommage pas l\u2019argenture du miroir.  - Reste souple, ne craque pas et ne s\u00e8che pas.  - Absorbe les vibrations normales.  - Permet les mouvements dus aux variations thermiques normales.  - Peut \u00eatre utilis\u00e9 sur des supports renforc\u00e9s de s\u00e9curit\u00e9.","og_url":"https:\/\/glassupply.com\/fr\/produit\/mirror-adhesive-double-face-tape-installation-kit\/","og_site_name":"Glassupply.com","article_publisher":"https:\/\/www.facebook.com\/glassupply.comCustomGlass","article_modified_time":"2025-06-05T07:29:48+00:00","og_image":[{"width":750,"height":500,"url":"https:\/\/glassupply.com\/wp-content\/uploads\/2023\/06\/combo.jpg","type":"image\/jpeg"}],"twitter_card":"summary_large_image","twitter_misc":{"Price":"&#36;34.00","Availability":"In stock"},"schema":{"@context":"https:\/\/schema.org","@graph":[{"@type":"WebPage","@id":"https:\/\/glassupply.com\/fr\/produit\/mirror-adhesive-double-face-tape-installation-kit\/","url":"https:\/\/glassupply.com\/fr\/produit\/mirror-adhesive-double-face-tape-installation-kit\/","name":"Mirror Adhesive &amp; Double Face Tape Installation Kit - Glassupply.com","isPartOf":{"@id":"https:\/\/glassupply.com\/es\/#website"},"primaryImageOfPage":{"@id":"https:\/\/glassupply.com\/fr\/produit\/mirror-adhesive-double-face-tape-installation-kit\/#primaryimage"},"image":{"@id":"https:\/\/glassupply.com\/fr\/produit\/mirror-adhesive-double-face-tape-installation-kit\/#primaryimage"},"thumbnailUrl":"https:\/\/glassupply.com\/wp-content\/uploads\/2023\/06\/combo.jpg","datePublished":"2023-06-28T14:25:55+00:00","dateModified":"2025-06-05T07:29:48+00:00","breadcrumb":{"@id":"https:\/\/glassupply.com\/fr\/produit\/mirror-adhesive-double-face-tape-installation-kit\/#breadcrumb"},"inLanguage":"fr-FR","potentialAction":[{"@type":"ReadAction","target":["https:\/\/glassupply.com\/fr\/produit\/mirror-adhesive-double-face-tape-installation-kit\/"]}]},{"@type":"ImageObject","inLanguage":"fr-FR","@id":"https:\/\/glassupply.com\/fr\/produit\/mirror-adhesive-double-face-tape-installation-kit\/#primaryimage","url":"https:\/\/glassupply.com\/wp-content\/uploads\/2023\/06\/combo.jpg","contentUrl":"https:\/\/glassupply.com\/wp-content\/uploads\/2023\/06\/combo.jpg","width":750,"height":500},{"@type":"BreadcrumbList","@id":"https:\/\/glassupply.com\/fr\/produit\/mirror-adhesive-double-face-tape-installation-kit\/#breadcrumb","itemListElement":[{"@type":"ListItem","position":1,"name":"Shop","item":"https:\/\/glassupply.com\/fr\/shop\/"},{"@type":"ListItem","position":2,"name":"Mirror Adhesive &amp; Double Face Tape Installation Kit"}]},{"@type":"WebSite","@id":"https:\/\/glassupply.com\/es\/#website","url":"https:\/\/glassupply.com\/es\/","name":"Glassupply.com","description":"From the manufacturer to your doorstep","publisher":{"@id":"https:\/\/glassupply.com\/es\/#organization"},"potentialAction":[{"@type":"SearchAction","target":{"@type":"EntryPoint","urlTemplate":"https:\/\/glassupply.com\/es\/?s={search_term_string}"},"query-input":{"@type":"PropertyValueSpecification","valueRequired":true,"valueName":"search_term_string"}}],"inLanguage":"fr-FR"},{"@type":["Organization","Place"],"@id":"https:\/\/glassupply.com\/es\/#organization","name":"Glassupply.com","url":"https:\/\/glassupply.com\/es\/","logo":{"@id":"https:\/\/glassupply.com\/fr\/produit\/mirror-adhesive-double-face-tape-installation-kit\/#local-main-organization-logo"},"image":{"@id":"https:\/\/glassupply.com\/fr\/produit\/mirror-adhesive-double-face-tape-installation-kit\/#local-main-organization-logo"},"sameAs":["https:\/\/www.facebook.com\/glassupply.comCustomGlass","https:\/\/www.youtube.com\/@Glassupply.comVideos"],"telephone":["+1-888-225-4392"],"openingHoursSpecification":[],"email":"support@glassupply.com"},{"@type":"ImageObject","inLanguage":"fr-FR","@id":"https:\/\/glassupply.com\/fr\/produit\/mirror-adhesive-double-face-tape-installation-kit\/#local-main-organization-logo","url":"https:\/\/glassupply.com\/wp-content\/uploads\/2023\/10\/logo.svg","contentUrl":"https:\/\/glassupply.com\/wp-content\/uploads\/2023\/10\/logo.svg","width":310,"height":24,"caption":"Glassupply.com"}]},"product_price_amount":"34.00","product_price_currency":"USD","og_availability":"instock","product_availability":"instock","product_retailer_item_id":"M-MI-IK","product_condition":"new"},"_links":{"self":[{"href":"https:\/\/glassupply.com\/fr\/wp-json\/wp\/v2\/product\/2380","targetHints":{"allow":["GET"]}}],"collection":[{"href":"https:\/\/glassupply.com\/fr\/wp-json\/wp\/v2\/product"}],"about":[{"href":"https:\/\/glassupply.com\/fr\/wp-json\/wp\/v2\/types\/product"}],"replies":[{"embeddable":true,"href":"https:\/\/glassupply.com\/fr\/wp-json\/wp\/v2\/comments?post=2380"}],"wp:featuredmedia":[{"embeddable":true,"href":"https:\/\/glassupply.com\/fr\/wp-json\/wp\/v2\/media\/1572"}],"wp:attachment":[{"href":"https:\/\/glassupply.com\/fr\/wp-json\/wp\/v2\/media?parent=2380"}],"wp:term":[{"taxonomy":"product_brand","embeddable":true,"href":"https:\/\/glassupply.com\/fr\/wp-json\/wp\/v2\/product_brand?post=2380"},{"taxonomy":"product_cat","embeddable":true,"href":"https:\/\/glassupply.com\/fr\/wp-json\/wp\/v2\/product_cat?post=2380"},{"taxonomy":"product_tag","embeddable":true,"href":"https:\/\/glassupply.com\/fr\/wp-json\/wp\/v2\/product_tag?post=2380"}],"curies":[{"name":"wp","href":"https:\/\/api.w.org\/{rel}","templated":true}]}}