{"id":2382,"date":"2023-06-28T09:25:54","date_gmt":"2023-06-28T14:25:54","guid":{"rendered":"https:\/\/glassupply.com\/product\/ultra-thin-plastic-bumper-3-4\/"},"modified":"2025-12-31T13:40:48","modified_gmt":"2025-12-31T18:40:48","slug":"ultra-thin-plastic-bumper-3-4","status":"publish","type":"product","link":"https:\/\/glassupply.com\/fr\/produit\/ultra-thin-plastic-bumper-3-4\/","title":{"rendered":"Ultra-Thin Plastic Bumper &#8211; 3\/4&Prime;"},"content":{"rendered":"","protected":false},"excerpt":{"rendered":"<p>Bouton antid\u00e9rapant en plastique transparent. Dot\u00e9 d\u2019un dos simple, sans adh\u00e9sif : pratiquement invisible sous les plateaux en verre. Le bouton le plus utilis\u00e9 sur le march\u00e9. Vendu en sachet (12 unit\u00e9s).<\/p>\n<h2><strong>SP\u00c9CIFICATIONS TECHNIQUES<\/strong><a class=\"anchor\" name=\"techSpec\"><\/a><\/h2>\n<div class=\"pm2_tabSpecification clearfix\">\n<table class=\"table\" style=\"height: 91px;\" width=\"382\">\n<tbody>\n<tr>\n<th class=\"pm_specName\" style=\"text-align: left;\">Finition<\/th>\n<td>Transparent \/ Clair<\/td>\n<\/tr>\n<tr>\n<th class=\"pm_specName\" style=\"text-align: left;\">Diam\u00e8tre<\/th>\n<td>19,1 mm* (3\/4&Prime;)<\/td>\n<\/tr>\n<tr>\n<th class=\"pm_specName\" style=\"text-align: left;\">Mat\u00e9riau<\/th>\n<td>Plastique (PVC)<\/td>\n<\/tr>\n<\/tbody>\n<\/table>\n<\/div>\n<h4><strong>Vendu en sachet (12 unit\u00e9s)<\/strong><\/h4>\n","protected":false},"featured_media":1570,"comment_status":"open","ping_status":"closed","template":"","meta":{"_acf_changed":false,"inline_featured_image":false},"product_brand":[],"product_cat":[98],"product_tag":[],"class_list":{"0":"post-2382","1":"product","2":"type-product","3":"status-publish","4":"has-post-thumbnail","6":"product_cat-general-hardware-and-components-fr","8":"first","9":"instock","10":"taxable","11":"shipping-taxable","12":"purchasable","13":"product-type-simple"},"acf":[],"yoast_head":"<!-- This site is optimized with the Yoast SEO plugin v26.9 - https:\/\/yoast.com\/product\/yoast-seo-wordpress\/ -->\n<title>Ultra-Thin Plastic Bumper - 3\/4&quot; - Glassupply.com<\/title>\n<meta name=\"robots\" content=\"index, follow, max-snippet:-1, max-image-preview:large, max-video-preview:-1\" \/>\n<link rel=\"canonical\" href=\"https:\/\/glassupply.com\/fr\/produit\/ultra-thin-plastic-bumper-3-4\/\" \/>\n<meta property=\"og:locale\" content=\"fr_FR\" \/>\n<meta property=\"og:type\" content=\"article\" \/>\n<meta property=\"og:title\" content=\"Ultra-Thin Plastic Bumper - 3\/4&quot; - Glassupply.com\" \/>\n<meta property=\"og:description\" content=\"Bouton antid\u00e9rapant en plastique transparent. Dot\u00e9 d\u2019un dos simple, sans adh\u00e9sif : pratiquement invisible sous les plateaux en verre. Le bouton le plus utilis\u00e9 sur le march\u00e9. Vendu en sachet (12 unit\u00e9s). SP\u00c9CIFICATIONS TECHNIQUES     Finition Transparent \/ Clair   Diam\u00e8tre 19,1 mm* (3\/4&quot;)   Mat\u00e9riau Plastique (PVC)     Vendu en sachet (12 unit\u00e9s)\" \/>\n<meta property=\"og:url\" content=\"https:\/\/glassupply.com\/fr\/produit\/ultra-thin-plastic-bumper-3-4\/\" \/>\n<meta property=\"og:site_name\" content=\"Glassupply.com\" \/>\n<meta property=\"article:modified_time\" content=\"2025-12-31T18:40:48+00:00\" \/>\n<meta property=\"og:image\" content=\"https:\/\/glassupply.com\/wp-content\/uploads\/2023\/06\/table-top-bumpers.png\" \/>\n\t<meta property=\"og:image:width\" content=\"800\" \/>\n\t<meta property=\"og:image:height\" content=\"600\" \/>\n\t<meta property=\"og:image:type\" content=\"image\/png\" \/>\n<meta name=\"twitter:card\" content=\"summary_large_image\" \/>\n<meta name=\"twitter:label1\" content=\"Est. reading time\" \/>\n\t<meta name=\"twitter:data1\" content=\"1 minute\" \/>\n<script type=\"application\/ld+json\" class=\"yoast-schema-graph\">{\"@context\":\"https:\/\/schema.org\",\"@graph\":[{\"@type\":\"WebPage\",\"@id\":\"https:\/\/glassupply.com\/fr\/produit\/ultra-thin-plastic-bumper-3-4\/\",\"url\":\"https:\/\/glassupply.com\/fr\/produit\/ultra-thin-plastic-bumper-3-4\/\",\"name\":\"Ultra-Thin Plastic Bumper - 3\/4\\\" - Glassupply.com\",\"isPartOf\":{\"@id\":\"https:\/\/glassupply.com\/es\/#website\"},\"primaryImageOfPage\":{\"@id\":\"https:\/\/glassupply.com\/fr\/produit\/ultra-thin-plastic-bumper-3-4\/#primaryimage\"},\"image\":{\"@id\":\"https:\/\/glassupply.com\/fr\/produit\/ultra-thin-plastic-bumper-3-4\/#primaryimage\"},\"thumbnailUrl\":\"https:\/\/glassupply.com\/wp-content\/uploads\/2023\/06\/table-top-bumpers.png\",\"datePublished\":\"2023-06-28T14:25:54+00:00\",\"dateModified\":\"2025-12-31T18:40:48+00:00\",\"breadcrumb\":{\"@id\":\"https:\/\/glassupply.com\/fr\/produit\/ultra-thin-plastic-bumper-3-4\/#breadcrumb\"},\"inLanguage\":\"fr-FR\",\"potentialAction\":[{\"@type\":\"ReadAction\",\"target\":[\"https:\/\/glassupply.com\/fr\/produit\/ultra-thin-plastic-bumper-3-4\/\"]}]},{\"@type\":\"ImageObject\",\"inLanguage\":\"fr-FR\",\"@id\":\"https:\/\/glassupply.com\/fr\/produit\/ultra-thin-plastic-bumper-3-4\/#primaryimage\",\"url\":\"https:\/\/glassupply.com\/wp-content\/uploads\/2023\/06\/table-top-bumpers.png\",\"contentUrl\":\"https:\/\/glassupply.com\/wp-content\/uploads\/2023\/06\/table-top-bumpers.png\",\"width\":800,\"height\":600},{\"@type\":\"BreadcrumbList\",\"@id\":\"https:\/\/glassupply.com\/fr\/produit\/ultra-thin-plastic-bumper-3-4\/#breadcrumb\",\"itemListElement\":[{\"@type\":\"ListItem\",\"position\":1,\"name\":\"Shop\",\"item\":\"https:\/\/glassupply.com\/fr\/shop\/\"},{\"@type\":\"ListItem\",\"position\":2,\"name\":\"Ultra-Thin Plastic Bumper &#8211; 3\/4&Prime;\"}]},{\"@type\":\"WebSite\",\"@id\":\"https:\/\/glassupply.com\/es\/#website\",\"url\":\"https:\/\/glassupply.com\/es\/\",\"name\":\"Glassupply.com\",\"description\":\"From the manufacturer to your doorstep\",\"potentialAction\":[{\"@type\":\"SearchAction\",\"target\":{\"@type\":\"EntryPoint\",\"urlTemplate\":\"https:\/\/glassupply.com\/es\/?s={search_term_string}\"},\"query-input\":{\"@type\":\"PropertyValueSpecification\",\"valueRequired\":true,\"valueName\":\"search_term_string\"}}],\"inLanguage\":\"fr-FR\"}]}<\/script>\n<!-- \/ Yoast SEO plugin. -->","yoast_head_json":{"title":"Ultra-Thin Plastic Bumper - 3\/4\" - Glassupply.com","robots":{"index":"index","follow":"follow","max-snippet":"max-snippet:-1","max-image-preview":"max-image-preview:large","max-video-preview":"max-video-preview:-1"},"canonical":"https:\/\/glassupply.com\/fr\/produit\/ultra-thin-plastic-bumper-3-4\/","og_locale":"fr_FR","og_type":"article","og_title":"Ultra-Thin Plastic Bumper - 3\/4\" - Glassupply.com","og_description":"Bouton antid\u00e9rapant en plastique transparent. Dot\u00e9 d\u2019un dos simple, sans adh\u00e9sif : pratiquement invisible sous les plateaux en verre. Le bouton le plus utilis\u00e9 sur le march\u00e9. Vendu en sachet (12 unit\u00e9s). SP\u00c9CIFICATIONS TECHNIQUES     Finition Transparent \/ Clair   Diam\u00e8tre 19,1 mm* (3\/4\")   Mat\u00e9riau Plastique (PVC)     Vendu en sachet (12 unit\u00e9s)","og_url":"https:\/\/glassupply.com\/fr\/produit\/ultra-thin-plastic-bumper-3-4\/","og_site_name":"Glassupply.com","article_modified_time":"2025-12-31T18:40:48+00:00","og_image":[{"width":800,"height":600,"url":"https:\/\/glassupply.com\/wp-content\/uploads\/2023\/06\/table-top-bumpers.png","type":"image\/png"}],"twitter_card":"summary_large_image","twitter_misc":{"Est. reading time":"1 minute"},"schema":{"@context":"https:\/\/schema.org","@graph":[{"@type":"WebPage","@id":"https:\/\/glassupply.com\/fr\/produit\/ultra-thin-plastic-bumper-3-4\/","url":"https:\/\/glassupply.com\/fr\/produit\/ultra-thin-plastic-bumper-3-4\/","name":"Ultra-Thin Plastic Bumper - 3\/4\" - Glassupply.com","isPartOf":{"@id":"https:\/\/glassupply.com\/es\/#website"},"primaryImageOfPage":{"@id":"https:\/\/glassupply.com\/fr\/produit\/ultra-thin-plastic-bumper-3-4\/#primaryimage"},"image":{"@id":"https:\/\/glassupply.com\/fr\/produit\/ultra-thin-plastic-bumper-3-4\/#primaryimage"},"thumbnailUrl":"https:\/\/glassupply.com\/wp-content\/uploads\/2023\/06\/table-top-bumpers.png","datePublished":"2023-06-28T14:25:54+00:00","dateModified":"2025-12-31T18:40:48+00:00","breadcrumb":{"@id":"https:\/\/glassupply.com\/fr\/produit\/ultra-thin-plastic-bumper-3-4\/#breadcrumb"},"inLanguage":"fr-FR","potentialAction":[{"@type":"ReadAction","target":["https:\/\/glassupply.com\/fr\/produit\/ultra-thin-plastic-bumper-3-4\/"]}]},{"@type":"ImageObject","inLanguage":"fr-FR","@id":"https:\/\/glassupply.com\/fr\/produit\/ultra-thin-plastic-bumper-3-4\/#primaryimage","url":"https:\/\/glassupply.com\/wp-content\/uploads\/2023\/06\/table-top-bumpers.png","contentUrl":"https:\/\/glassupply.com\/wp-content\/uploads\/2023\/06\/table-top-bumpers.png","width":800,"height":600},{"@type":"BreadcrumbList","@id":"https:\/\/glassupply.com\/fr\/produit\/ultra-thin-plastic-bumper-3-4\/#breadcrumb","itemListElement":[{"@type":"ListItem","position":1,"name":"Shop","item":"https:\/\/glassupply.com\/fr\/shop\/"},{"@type":"ListItem","position":2,"name":"Ultra-Thin Plastic Bumper &#8211; 3\/4&Prime;"}]},{"@type":"WebSite","@id":"https:\/\/glassupply.com\/es\/#website","url":"https:\/\/glassupply.com\/es\/","name":"Glassupply.com","description":"From the manufacturer to your doorstep","potentialAction":[{"@type":"SearchAction","target":{"@type":"EntryPoint","urlTemplate":"https:\/\/glassupply.com\/es\/?s={search_term_string}"},"query-input":{"@type":"PropertyValueSpecification","valueRequired":true,"valueName":"search_term_string"}}],"inLanguage":"fr-FR"}]}},"_links":{"self":[{"href":"https:\/\/glassupply.com\/fr\/wp-json\/wp\/v2\/product\/2382","targetHints":{"allow":["GET"]}}],"collection":[{"href":"https:\/\/glassupply.com\/fr\/wp-json\/wp\/v2\/product"}],"about":[{"href":"https:\/\/glassupply.com\/fr\/wp-json\/wp\/v2\/types\/product"}],"replies":[{"embeddable":true,"href":"https:\/\/glassupply.com\/fr\/wp-json\/wp\/v2\/comments?post=2382"}],"wp:featuredmedia":[{"embeddable":true,"href":"https:\/\/glassupply.com\/fr\/wp-json\/wp\/v2\/media\/1570"}],"wp:attachment":[{"href":"https:\/\/glassupply.com\/fr\/wp-json\/wp\/v2\/media?parent=2382"}],"wp:term":[{"taxonomy":"product_brand","embeddable":true,"href":"https:\/\/glassupply.com\/fr\/wp-json\/wp\/v2\/product_brand?post=2382"},{"taxonomy":"product_cat","embeddable":true,"href":"https:\/\/glassupply.com\/fr\/wp-json\/wp\/v2\/product_cat?post=2382"},{"taxonomy":"product_tag","embeddable":true,"href":"https:\/\/glassupply.com\/fr\/wp-json\/wp\/v2\/product_tag?post=2382"}],"curies":[{"name":"wp","href":"https:\/\/api.w.org\/{rel}","templated":true}]}}