{"id":2386,"date":"2023-06-28T09:25:54","date_gmt":"2023-06-28T14:25:54","guid":{"rendered":"https:\/\/glassupply.com\/product\/small-square-glass-shelf-bracket\/"},"modified":"2025-06-05T02:39:53","modified_gmt":"2025-06-05T07:39:53","slug":"small-square-glass-shelf-bracket","status":"publish","type":"product","link":"https:\/\/glassupply.com\/fr\/produit\/small-square-glass-shelf-bracket\/","title":{"rendered":"Small Square Glass Shelf Bracket"},"content":{"rendered":"","protected":false},"excerpt":{"rendered":"<p>Les pinces d&rsquo;\u00e9tag\u00e8re carr\u00e9es peuvent \u00eatre utilis\u00e9es pour fixer une \u00e9tag\u00e8re destin\u00e9e \u00e0 des objets l\u00e9gers. Les pinces doivent \u00eatre fix\u00e9es au mur \u00e0 l\u2019aide de vis (non incluses) dans les montants ou avec des chevilles de type Molly. Des vis de r\u00e9glage en laiton avec embout en nylon maintiennent le verre en place. Une saillie maximale de 127 mm (5&Prime;) du verre par rapport au mur est recommand\u00e9e.<\/p>\n","protected":false},"featured_media":1568,"comment_status":"closed","ping_status":"closed","template":"","meta":{"_acf_changed":false,"inline_featured_image":false},"product_brand":[],"product_cat":[98],"product_tag":[],"class_list":{"0":"post-2386","1":"product","2":"type-product","3":"status-publish","4":"has-post-thumbnail","6":"product_cat-general-hardware-and-components-fr","8":"first","9":"instock","10":"taxable","11":"shipping-taxable","12":"purchasable","13":"product-type-variable"},"acf":[],"yoast_head":"<!-- This site is optimized with the Yoast SEO plugin v26.9 - https:\/\/yoast.com\/product\/yoast-seo-wordpress\/ -->\n<title>Small Square Glass Shelf Bracket - Glassupply.com<\/title>\n<meta name=\"robots\" content=\"index, follow, max-snippet:-1, max-image-preview:large, max-video-preview:-1\" \/>\n<link rel=\"canonical\" href=\"https:\/\/glassupply.com\/fr\/produit\/small-square-glass-shelf-bracket\/\" \/>\n<meta property=\"og:locale\" content=\"fr_FR\" \/>\n<meta property=\"og:type\" content=\"article\" \/>\n<meta property=\"og:title\" content=\"Small Square Glass Shelf Bracket - Glassupply.com\" \/>\n<meta property=\"og:description\" content=\"Les pinces d&#039;\u00e9tag\u00e8re carr\u00e9es peuvent \u00eatre utilis\u00e9es pour fixer une \u00e9tag\u00e8re destin\u00e9e \u00e0 des objets l\u00e9gers. Les pinces doivent \u00eatre fix\u00e9es au mur \u00e0 l\u2019aide de vis (non incluses) dans les montants ou avec des chevilles de type Molly. Des vis de r\u00e9glage en laiton avec embout en nylon maintiennent le verre en place. Une saillie maximale de 127 mm (5&quot;) du verre par rapport au mur est recommand\u00e9e.\" \/>\n<meta property=\"og:url\" content=\"https:\/\/glassupply.com\/fr\/produit\/small-square-glass-shelf-bracket\/\" \/>\n<meta property=\"og:site_name\" content=\"Glassupply.com\" \/>\n<meta property=\"article:modified_time\" content=\"2025-06-05T07:39:53+00:00\" \/>\n<meta property=\"og:image\" content=\"https:\/\/glassupply.com\/wp-content\/uploads\/2023\/06\/Small-Square-Glass-Shelf-Bracket.png\" \/>\n\t<meta property=\"og:image:width\" content=\"750\" \/>\n\t<meta property=\"og:image:height\" content=\"500\" \/>\n\t<meta property=\"og:image:type\" content=\"image\/png\" \/>\n<meta name=\"twitter:card\" content=\"summary_large_image\" \/>\n<meta name=\"twitter:label1\" content=\"Est. reading time\" \/>\n\t<meta name=\"twitter:data1\" content=\"1 minute\" \/>\n<script type=\"application\/ld+json\" class=\"yoast-schema-graph\">{\"@context\":\"https:\/\/schema.org\",\"@graph\":[{\"@type\":\"WebPage\",\"@id\":\"https:\/\/glassupply.com\/fr\/produit\/small-square-glass-shelf-bracket\/\",\"url\":\"https:\/\/glassupply.com\/fr\/produit\/small-square-glass-shelf-bracket\/\",\"name\":\"Small Square Glass Shelf Bracket - Glassupply.com\",\"isPartOf\":{\"@id\":\"https:\/\/glassupply.com\/es\/#website\"},\"primaryImageOfPage\":{\"@id\":\"https:\/\/glassupply.com\/fr\/produit\/small-square-glass-shelf-bracket\/#primaryimage\"},\"image\":{\"@id\":\"https:\/\/glassupply.com\/fr\/produit\/small-square-glass-shelf-bracket\/#primaryimage\"},\"thumbnailUrl\":\"https:\/\/glassupply.com\/wp-content\/uploads\/2023\/06\/Small-Square-Glass-Shelf-Bracket.png\",\"datePublished\":\"2023-06-28T14:25:54+00:00\",\"dateModified\":\"2025-06-05T07:39:53+00:00\",\"breadcrumb\":{\"@id\":\"https:\/\/glassupply.com\/fr\/produit\/small-square-glass-shelf-bracket\/#breadcrumb\"},\"inLanguage\":\"fr-FR\",\"potentialAction\":[{\"@type\":\"ReadAction\",\"target\":[\"https:\/\/glassupply.com\/fr\/produit\/small-square-glass-shelf-bracket\/\"]}]},{\"@type\":\"ImageObject\",\"inLanguage\":\"fr-FR\",\"@id\":\"https:\/\/glassupply.com\/fr\/produit\/small-square-glass-shelf-bracket\/#primaryimage\",\"url\":\"https:\/\/glassupply.com\/wp-content\/uploads\/2023\/06\/Small-Square-Glass-Shelf-Bracket.png\",\"contentUrl\":\"https:\/\/glassupply.com\/wp-content\/uploads\/2023\/06\/Small-Square-Glass-Shelf-Bracket.png\",\"width\":750,\"height\":500},{\"@type\":\"BreadcrumbList\",\"@id\":\"https:\/\/glassupply.com\/fr\/produit\/small-square-glass-shelf-bracket\/#breadcrumb\",\"itemListElement\":[{\"@type\":\"ListItem\",\"position\":1,\"name\":\"Shop\",\"item\":\"https:\/\/glassupply.com\/fr\/shop\/\"},{\"@type\":\"ListItem\",\"position\":2,\"name\":\"Small Square Glass Shelf Bracket\"}]},{\"@type\":\"WebSite\",\"@id\":\"https:\/\/glassupply.com\/es\/#website\",\"url\":\"https:\/\/glassupply.com\/es\/\",\"name\":\"Glassupply.com\",\"description\":\"From the manufacturer to your doorstep\",\"potentialAction\":[{\"@type\":\"SearchAction\",\"target\":{\"@type\":\"EntryPoint\",\"urlTemplate\":\"https:\/\/glassupply.com\/es\/?s={search_term_string}\"},\"query-input\":{\"@type\":\"PropertyValueSpecification\",\"valueRequired\":true,\"valueName\":\"search_term_string\"}}],\"inLanguage\":\"fr-FR\"}]}<\/script>\n<!-- \/ Yoast SEO plugin. -->","yoast_head_json":{"title":"Small Square Glass Shelf Bracket - Glassupply.com","robots":{"index":"index","follow":"follow","max-snippet":"max-snippet:-1","max-image-preview":"max-image-preview:large","max-video-preview":"max-video-preview:-1"},"canonical":"https:\/\/glassupply.com\/fr\/produit\/small-square-glass-shelf-bracket\/","og_locale":"fr_FR","og_type":"article","og_title":"Small Square Glass Shelf Bracket - Glassupply.com","og_description":"Les pinces d'\u00e9tag\u00e8re carr\u00e9es peuvent \u00eatre utilis\u00e9es pour fixer une \u00e9tag\u00e8re destin\u00e9e \u00e0 des objets l\u00e9gers. Les pinces doivent \u00eatre fix\u00e9es au mur \u00e0 l\u2019aide de vis (non incluses) dans les montants ou avec des chevilles de type Molly. Des vis de r\u00e9glage en laiton avec embout en nylon maintiennent le verre en place. Une saillie maximale de 127 mm (5\") du verre par rapport au mur est recommand\u00e9e.","og_url":"https:\/\/glassupply.com\/fr\/produit\/small-square-glass-shelf-bracket\/","og_site_name":"Glassupply.com","article_modified_time":"2025-06-05T07:39:53+00:00","og_image":[{"width":750,"height":500,"url":"https:\/\/glassupply.com\/wp-content\/uploads\/2023\/06\/Small-Square-Glass-Shelf-Bracket.png","type":"image\/png"}],"twitter_card":"summary_large_image","twitter_misc":{"Est. reading time":"1 minute"},"schema":{"@context":"https:\/\/schema.org","@graph":[{"@type":"WebPage","@id":"https:\/\/glassupply.com\/fr\/produit\/small-square-glass-shelf-bracket\/","url":"https:\/\/glassupply.com\/fr\/produit\/small-square-glass-shelf-bracket\/","name":"Small Square Glass Shelf Bracket - Glassupply.com","isPartOf":{"@id":"https:\/\/glassupply.com\/es\/#website"},"primaryImageOfPage":{"@id":"https:\/\/glassupply.com\/fr\/produit\/small-square-glass-shelf-bracket\/#primaryimage"},"image":{"@id":"https:\/\/glassupply.com\/fr\/produit\/small-square-glass-shelf-bracket\/#primaryimage"},"thumbnailUrl":"https:\/\/glassupply.com\/wp-content\/uploads\/2023\/06\/Small-Square-Glass-Shelf-Bracket.png","datePublished":"2023-06-28T14:25:54+00:00","dateModified":"2025-06-05T07:39:53+00:00","breadcrumb":{"@id":"https:\/\/glassupply.com\/fr\/produit\/small-square-glass-shelf-bracket\/#breadcrumb"},"inLanguage":"fr-FR","potentialAction":[{"@type":"ReadAction","target":["https:\/\/glassupply.com\/fr\/produit\/small-square-glass-shelf-bracket\/"]}]},{"@type":"ImageObject","inLanguage":"fr-FR","@id":"https:\/\/glassupply.com\/fr\/produit\/small-square-glass-shelf-bracket\/#primaryimage","url":"https:\/\/glassupply.com\/wp-content\/uploads\/2023\/06\/Small-Square-Glass-Shelf-Bracket.png","contentUrl":"https:\/\/glassupply.com\/wp-content\/uploads\/2023\/06\/Small-Square-Glass-Shelf-Bracket.png","width":750,"height":500},{"@type":"BreadcrumbList","@id":"https:\/\/glassupply.com\/fr\/produit\/small-square-glass-shelf-bracket\/#breadcrumb","itemListElement":[{"@type":"ListItem","position":1,"name":"Shop","item":"https:\/\/glassupply.com\/fr\/shop\/"},{"@type":"ListItem","position":2,"name":"Small Square Glass Shelf Bracket"}]},{"@type":"WebSite","@id":"https:\/\/glassupply.com\/es\/#website","url":"https:\/\/glassupply.com\/es\/","name":"Glassupply.com","description":"From the manufacturer to your doorstep","potentialAction":[{"@type":"SearchAction","target":{"@type":"EntryPoint","urlTemplate":"https:\/\/glassupply.com\/es\/?s={search_term_string}"},"query-input":{"@type":"PropertyValueSpecification","valueRequired":true,"valueName":"search_term_string"}}],"inLanguage":"fr-FR"}]}},"_links":{"self":[{"href":"https:\/\/glassupply.com\/fr\/wp-json\/wp\/v2\/product\/2386","targetHints":{"allow":["GET"]}}],"collection":[{"href":"https:\/\/glassupply.com\/fr\/wp-json\/wp\/v2\/product"}],"about":[{"href":"https:\/\/glassupply.com\/fr\/wp-json\/wp\/v2\/types\/product"}],"replies":[{"embeddable":true,"href":"https:\/\/glassupply.com\/fr\/wp-json\/wp\/v2\/comments?post=2386"}],"wp:featuredmedia":[{"embeddable":true,"href":"https:\/\/glassupply.com\/fr\/wp-json\/wp\/v2\/media\/1568"}],"wp:attachment":[{"href":"https:\/\/glassupply.com\/fr\/wp-json\/wp\/v2\/media?parent=2386"}],"wp:term":[{"taxonomy":"product_brand","embeddable":true,"href":"https:\/\/glassupply.com\/fr\/wp-json\/wp\/v2\/product_brand?post=2386"},{"taxonomy":"product_cat","embeddable":true,"href":"https:\/\/glassupply.com\/fr\/wp-json\/wp\/v2\/product_cat?post=2386"},{"taxonomy":"product_tag","embeddable":true,"href":"https:\/\/glassupply.com\/fr\/wp-json\/wp\/v2\/product_tag?post=2386"}],"curies":[{"name":"wp","href":"https:\/\/api.w.org\/{rel}","templated":true}]}}