{"id":2400,"date":"2023-06-28T09:25:54","date_gmt":"2023-06-28T14:25:54","guid":{"rendered":"https:\/\/glassupply.com\/product\/mirror-adhesive-xtragrip\/"},"modified":"2025-06-05T02:34:55","modified_gmt":"2025-06-05T07:34:55","slug":"mirror-adhesive-xtragrip","status":"publish","type":"product","link":"https:\/\/glassupply.com\/fr\/produit\/mirror-adhesive-xtragrip\/","title":{"rendered":"Mirror Adhesive Xtragrip"},"content":{"rendered":"","protected":false},"excerpt":{"rendered":"<p>Mirro-Mastic\u00ae est la r\u00e9f\u00e9rence de l\u2019industrie en mati\u00e8re d\u2019adh\u00e9sif mastic de haute qualit\u00e9. Formul\u00e9 pour coller des miroirs en verre et en acrylique sur divers substrats, Mirro-Mastic a \u00e9t\u00e9 test\u00e9 sur le terrain et en laboratoire pour sa compatibilit\u00e9 avec toutes les grandes marques de miroirs et de peintures de fond.<\/p>\n<p>Xtragrip est un produit exclusif de Bohle pour l\u2019installation et la fixation de miroirs, avec des caract\u00e9ristiques exceptionnelles, notamment :<\/p>\n<p>&#8211; Formule \u00e0 prise rapide et haute adh\u00e9rence<br \/>\n&#8211; Force de liaison sup\u00e9rieure<br \/>\n&#8211; Adh\u00e9rence sur surfaces non appr\u00eat\u00e9es<br \/>\n&#8211; Capacit\u00e9 de r\u00e9sistance tr\u00e8s \u00e9lev\u00e9e<br \/>\n&#8211; Technologie hybride de scellement de derni\u00e8re g\u00e9n\u00e9ration<\/p>\n<p>Formule sans solvant, faible en COV, faible en odeur, 100 % solide et respectueuse de l\u2019environnement.<\/p>\n","protected":false},"featured_media":1562,"comment_status":"closed","ping_status":"closed","template":"","meta":{"_acf_changed":false,"inline_featured_image":false},"product_brand":[],"product_cat":[98],"product_tag":[],"class_list":{"0":"post-2400","1":"product","2":"type-product","3":"status-publish","4":"has-post-thumbnail","6":"product_cat-general-hardware-and-components-fr","8":"first","9":"instock","10":"taxable","11":"shipping-taxable","12":"purchasable","13":"product-type-simple"},"acf":[],"yoast_head":"<!-- This site is optimized with the Yoast SEO plugin v26.9 - https:\/\/yoast.com\/product\/yoast-seo-wordpress\/ -->\n<title>Mirror Adhesive Xtragrip - Glassupply.com<\/title>\n<meta name=\"robots\" content=\"index, follow, max-snippet:-1, max-image-preview:large, max-video-preview:-1\" \/>\n<link rel=\"canonical\" href=\"https:\/\/glassupply.com\/fr\/produit\/mirror-adhesive-xtragrip\/\" \/>\n<meta property=\"og:locale\" content=\"fr_FR\" \/>\n<meta property=\"og:type\" content=\"article\" \/>\n<meta property=\"og:title\" content=\"Mirror Adhesive Xtragrip - Glassupply.com\" \/>\n<meta property=\"og:description\" content=\"Mirro-Mastic\u00ae est la r\u00e9f\u00e9rence de l\u2019industrie en mati\u00e8re d\u2019adh\u00e9sif mastic de haute qualit\u00e9. Formul\u00e9 pour coller des miroirs en verre et en acrylique sur divers substrats, Mirro-Mastic a \u00e9t\u00e9 test\u00e9 sur le terrain et en laboratoire pour sa compatibilit\u00e9 avec toutes les grandes marques de miroirs et de peintures de fond.  Xtragrip est un produit exclusif de Bohle pour l\u2019installation et la fixation de miroirs, avec des caract\u00e9ristiques exceptionnelles, notamment :  - Formule \u00e0 prise rapide et haute adh\u00e9rence - Force de liaison sup\u00e9rieure - Adh\u00e9rence sur surfaces non appr\u00eat\u00e9es - Capacit\u00e9 de r\u00e9sistance tr\u00e8s \u00e9lev\u00e9e - Technologie hybride de scellement de derni\u00e8re g\u00e9n\u00e9ration  Formule sans solvant, faible en COV, faible en odeur, 100 % solide et respectueuse de l\u2019environnement.\" \/>\n<meta property=\"og:url\" content=\"https:\/\/glassupply.com\/fr\/produit\/mirror-adhesive-xtragrip\/\" \/>\n<meta property=\"og:site_name\" content=\"Glassupply.com\" \/>\n<meta property=\"article:modified_time\" content=\"2025-06-05T07:34:55+00:00\" \/>\n<meta property=\"og:image\" content=\"https:\/\/glassupply.com\/wp-content\/uploads\/2023\/06\/Mirror-Adhesive.png\" \/>\n\t<meta property=\"og:image:width\" content=\"750\" \/>\n\t<meta property=\"og:image:height\" content=\"500\" \/>\n\t<meta property=\"og:image:type\" content=\"image\/png\" \/>\n<meta name=\"twitter:card\" content=\"summary_large_image\" \/>\n<meta name=\"twitter:label1\" content=\"Est. reading time\" \/>\n\t<meta name=\"twitter:data1\" content=\"1 minute\" \/>\n<script type=\"application\/ld+json\" class=\"yoast-schema-graph\">{\"@context\":\"https:\/\/schema.org\",\"@graph\":[{\"@type\":\"WebPage\",\"@id\":\"https:\/\/glassupply.com\/fr\/produit\/mirror-adhesive-xtragrip\/\",\"url\":\"https:\/\/glassupply.com\/fr\/produit\/mirror-adhesive-xtragrip\/\",\"name\":\"Mirror Adhesive Xtragrip - Glassupply.com\",\"isPartOf\":{\"@id\":\"https:\/\/glassupply.com\/es\/#website\"},\"primaryImageOfPage\":{\"@id\":\"https:\/\/glassupply.com\/fr\/produit\/mirror-adhesive-xtragrip\/#primaryimage\"},\"image\":{\"@id\":\"https:\/\/glassupply.com\/fr\/produit\/mirror-adhesive-xtragrip\/#primaryimage\"},\"thumbnailUrl\":\"https:\/\/glassupply.com\/wp-content\/uploads\/2023\/06\/Mirror-Adhesive.png\",\"datePublished\":\"2023-06-28T14:25:54+00:00\",\"dateModified\":\"2025-06-05T07:34:55+00:00\",\"breadcrumb\":{\"@id\":\"https:\/\/glassupply.com\/fr\/produit\/mirror-adhesive-xtragrip\/#breadcrumb\"},\"inLanguage\":\"fr-FR\",\"potentialAction\":[{\"@type\":\"ReadAction\",\"target\":[\"https:\/\/glassupply.com\/fr\/produit\/mirror-adhesive-xtragrip\/\"]}]},{\"@type\":\"ImageObject\",\"inLanguage\":\"fr-FR\",\"@id\":\"https:\/\/glassupply.com\/fr\/produit\/mirror-adhesive-xtragrip\/#primaryimage\",\"url\":\"https:\/\/glassupply.com\/wp-content\/uploads\/2023\/06\/Mirror-Adhesive.png\",\"contentUrl\":\"https:\/\/glassupply.com\/wp-content\/uploads\/2023\/06\/Mirror-Adhesive.png\",\"width\":750,\"height\":500},{\"@type\":\"BreadcrumbList\",\"@id\":\"https:\/\/glassupply.com\/fr\/produit\/mirror-adhesive-xtragrip\/#breadcrumb\",\"itemListElement\":[{\"@type\":\"ListItem\",\"position\":1,\"name\":\"Shop\",\"item\":\"https:\/\/glassupply.com\/fr\/shop\/\"},{\"@type\":\"ListItem\",\"position\":2,\"name\":\"Mirror Adhesive Xtragrip\"}]},{\"@type\":\"WebSite\",\"@id\":\"https:\/\/glassupply.com\/es\/#website\",\"url\":\"https:\/\/glassupply.com\/es\/\",\"name\":\"Glassupply.com\",\"description\":\"From the manufacturer to your doorstep\",\"potentialAction\":[{\"@type\":\"SearchAction\",\"target\":{\"@type\":\"EntryPoint\",\"urlTemplate\":\"https:\/\/glassupply.com\/es\/?s={search_term_string}\"},\"query-input\":{\"@type\":\"PropertyValueSpecification\",\"valueRequired\":true,\"valueName\":\"search_term_string\"}}],\"inLanguage\":\"fr-FR\"}]}<\/script>\n<!-- \/ Yoast SEO plugin. -->","yoast_head_json":{"title":"Mirror Adhesive Xtragrip - Glassupply.com","robots":{"index":"index","follow":"follow","max-snippet":"max-snippet:-1","max-image-preview":"max-image-preview:large","max-video-preview":"max-video-preview:-1"},"canonical":"https:\/\/glassupply.com\/fr\/produit\/mirror-adhesive-xtragrip\/","og_locale":"fr_FR","og_type":"article","og_title":"Mirror Adhesive Xtragrip - Glassupply.com","og_description":"Mirro-Mastic\u00ae est la r\u00e9f\u00e9rence de l\u2019industrie en mati\u00e8re d\u2019adh\u00e9sif mastic de haute qualit\u00e9. Formul\u00e9 pour coller des miroirs en verre et en acrylique sur divers substrats, Mirro-Mastic a \u00e9t\u00e9 test\u00e9 sur le terrain et en laboratoire pour sa compatibilit\u00e9 avec toutes les grandes marques de miroirs et de peintures de fond.  Xtragrip est un produit exclusif de Bohle pour l\u2019installation et la fixation de miroirs, avec des caract\u00e9ristiques exceptionnelles, notamment :  - Formule \u00e0 prise rapide et haute adh\u00e9rence - Force de liaison sup\u00e9rieure - Adh\u00e9rence sur surfaces non appr\u00eat\u00e9es - Capacit\u00e9 de r\u00e9sistance tr\u00e8s \u00e9lev\u00e9e - Technologie hybride de scellement de derni\u00e8re g\u00e9n\u00e9ration  Formule sans solvant, faible en COV, faible en odeur, 100 % solide et respectueuse de l\u2019environnement.","og_url":"https:\/\/glassupply.com\/fr\/produit\/mirror-adhesive-xtragrip\/","og_site_name":"Glassupply.com","article_modified_time":"2025-06-05T07:34:55+00:00","og_image":[{"width":750,"height":500,"url":"https:\/\/glassupply.com\/wp-content\/uploads\/2023\/06\/Mirror-Adhesive.png","type":"image\/png"}],"twitter_card":"summary_large_image","twitter_misc":{"Est. reading time":"1 minute"},"schema":{"@context":"https:\/\/schema.org","@graph":[{"@type":"WebPage","@id":"https:\/\/glassupply.com\/fr\/produit\/mirror-adhesive-xtragrip\/","url":"https:\/\/glassupply.com\/fr\/produit\/mirror-adhesive-xtragrip\/","name":"Mirror Adhesive Xtragrip - Glassupply.com","isPartOf":{"@id":"https:\/\/glassupply.com\/es\/#website"},"primaryImageOfPage":{"@id":"https:\/\/glassupply.com\/fr\/produit\/mirror-adhesive-xtragrip\/#primaryimage"},"image":{"@id":"https:\/\/glassupply.com\/fr\/produit\/mirror-adhesive-xtragrip\/#primaryimage"},"thumbnailUrl":"https:\/\/glassupply.com\/wp-content\/uploads\/2023\/06\/Mirror-Adhesive.png","datePublished":"2023-06-28T14:25:54+00:00","dateModified":"2025-06-05T07:34:55+00:00","breadcrumb":{"@id":"https:\/\/glassupply.com\/fr\/produit\/mirror-adhesive-xtragrip\/#breadcrumb"},"inLanguage":"fr-FR","potentialAction":[{"@type":"ReadAction","target":["https:\/\/glassupply.com\/fr\/produit\/mirror-adhesive-xtragrip\/"]}]},{"@type":"ImageObject","inLanguage":"fr-FR","@id":"https:\/\/glassupply.com\/fr\/produit\/mirror-adhesive-xtragrip\/#primaryimage","url":"https:\/\/glassupply.com\/wp-content\/uploads\/2023\/06\/Mirror-Adhesive.png","contentUrl":"https:\/\/glassupply.com\/wp-content\/uploads\/2023\/06\/Mirror-Adhesive.png","width":750,"height":500},{"@type":"BreadcrumbList","@id":"https:\/\/glassupply.com\/fr\/produit\/mirror-adhesive-xtragrip\/#breadcrumb","itemListElement":[{"@type":"ListItem","position":1,"name":"Shop","item":"https:\/\/glassupply.com\/fr\/shop\/"},{"@type":"ListItem","position":2,"name":"Mirror Adhesive Xtragrip"}]},{"@type":"WebSite","@id":"https:\/\/glassupply.com\/es\/#website","url":"https:\/\/glassupply.com\/es\/","name":"Glassupply.com","description":"From the manufacturer to your doorstep","potentialAction":[{"@type":"SearchAction","target":{"@type":"EntryPoint","urlTemplate":"https:\/\/glassupply.com\/es\/?s={search_term_string}"},"query-input":{"@type":"PropertyValueSpecification","valueRequired":true,"valueName":"search_term_string"}}],"inLanguage":"fr-FR"}]}},"_links":{"self":[{"href":"https:\/\/glassupply.com\/fr\/wp-json\/wp\/v2\/product\/2400","targetHints":{"allow":["GET"]}}],"collection":[{"href":"https:\/\/glassupply.com\/fr\/wp-json\/wp\/v2\/product"}],"about":[{"href":"https:\/\/glassupply.com\/fr\/wp-json\/wp\/v2\/types\/product"}],"replies":[{"embeddable":true,"href":"https:\/\/glassupply.com\/fr\/wp-json\/wp\/v2\/comments?post=2400"}],"wp:featuredmedia":[{"embeddable":true,"href":"https:\/\/glassupply.com\/fr\/wp-json\/wp\/v2\/media\/1562"}],"wp:attachment":[{"href":"https:\/\/glassupply.com\/fr\/wp-json\/wp\/v2\/media?parent=2400"}],"wp:term":[{"taxonomy":"product_brand","embeddable":true,"href":"https:\/\/glassupply.com\/fr\/wp-json\/wp\/v2\/product_brand?post=2400"},{"taxonomy":"product_cat","embeddable":true,"href":"https:\/\/glassupply.com\/fr\/wp-json\/wp\/v2\/product_cat?post=2400"},{"taxonomy":"product_tag","embeddable":true,"href":"https:\/\/glassupply.com\/fr\/wp-json\/wp\/v2\/product_tag?post=2400"}],"curies":[{"name":"wp","href":"https:\/\/api.w.org\/{rel}","templated":true}]}}