{"id":2416,"date":"2023-06-28T09:25:54","date_gmt":"2023-06-28T14:25:54","guid":{"rendered":"https:\/\/glassupply.com\/product\/180-square-glass-to-glass-railing-clamp\/"},"modified":"2025-06-05T06:47:06","modified_gmt":"2025-06-05T11:47:06","slug":"180-square-glass-to-glass-railing-clamp","status":"publish","type":"product","link":"https:\/\/glassupply.com\/fr\/produit\/180-square-glass-to-glass-railing-clamp\/","title":{"rendered":"180\u00b0 Square Glass-to-Glass Railing Clamp"},"content":{"rendered":"","protected":false},"excerpt":{"rendered":"<p>Pr\u00e9sentation de notre pince de garde-corps en verre \u00e0 verre carr\u00e9e 180<span style=\"font-weight: 400;\">\u00b0<\/span> haut de gamme, disponible exclusivement sur Glassupply.com. Nos pinces \u00e9l\u00e9gantes et styl\u00e9es sont con\u00e7ues pour offrir une s\u00e9curit\u00e9 maximale tout en maintenant une vue d\u00e9gag\u00e9e sur votre environnement.<\/p>\n<p class=\"pm2_specDescription\">Support fixe pour connecter deux panneaux de verre en ligne droite.\u00a0<strong>Aucun per\u00e7age des panneaux de verre requis.<\/strong>\u00a0Le syst\u00e8me \u00e0 cl\u00e9 Allen serre le verre en place.<\/p>\n<p>Fabriqu\u00e9 \u00e0 partir de l\u2019alliage d\u2019acier inoxydable Duplex 2205 de la plus haute qualit\u00e9, ce mat\u00e9riel de qualit\u00e9 marine et anti-corrosion est reconnu pour sa r\u00e9sistance exceptionnelle et sa capacit\u00e9 \u00e0 r\u00e9sister aux environnements ext\u00e9rieurs extr\u00eames. Notre acier inoxydable Duplex 2205, alli\u00e9 avec 22 % de chrome, 3 % de molybd\u00e8ne et 5 \u00e0 6 % de nickel, offre une r\u00e9sistance \u00e0 la corrosion sup\u00e9rieure et plus du double de la limite d\u2019\u00e9lasticit\u00e9 par rapport \u00e0 l\u2019acier inoxydable aust\u00e9nitique standard.<\/p>\n<p>Choisissez entre une finition inox poli (bross\u00e9) ou une finition noire mate lisse, appliqu\u00e9e par poudrage \u00e9lectrostatique et cuite au four pour une surface r\u00e9sistante aux rayures et prot\u00e9g\u00e9e contre les intemp\u00e9ries. Id\u00e9al pour des applications int\u00e9rieures et ext\u00e9rieures, il offre une excellente r\u00e9sistance \u00e0 la corrosion, parfait pour les structures fortement expos\u00e9es, comme les zones c\u00f4ti\u00e8res et les environnements de piscines.<\/p>\n<div class=\"pm2_specTable\">\n<h2><strong>SP\u00c9CIFICATIONS TECHNIQUES<\/strong><\/h2>\n<div class=\"pm2_tabSpecification clearfix\">\n<table class=\"table\">\n<tbody>\n<tr>\n<th class=\"pm_specName\" style=\"text-align: left;\">\u00c9paisseur du verre de s\u00e9curit\u00e9<\/th>\n<td>1\/2\u201d (12 mm) \u2013 peut accueillir des panneaux de verre de 9\/16\u201d (13,5 mm)<\/td>\n<\/tr>\n<tr>\n<th class=\"pm_specName\" style=\"text-align: left;\">Couleur\/Finition<\/th>\n<td>Acier inoxydable poli, Noir mat<\/td>\n<\/tr>\n<tr>\n<th class=\"pm_specName\" style=\"text-align: left;\">Mat\u00e9riau de fabrication<\/th>\n<td>Acier inoxydable Duplex 2205<\/td>\n<\/tr>\n<tr>\n<th class=\"pm_specName\" style=\"text-align: left;\">Type de fixation<\/th>\n<td>Montage sur panneau de verre, Verre-\u00e0-verre \/ 180\u00ba<\/td>\n<\/tr>\n<tr>\n<th class=\"pm_specName\" style=\"text-align: left;\">Usage recommand\u00e9<\/th>\n<td>Int\u00e9rieur, Ext\u00e9rieur<\/td>\n<\/tr>\n<tr>\n<th class=\"pm_specName\" style=\"text-align: left;\">C\u00f4t\u00e9 de montage<\/th>\n<td>R\u00e9versible<\/td>\n<\/tr>\n<\/tbody>\n<\/table>\n<\/div>\n<\/div>\n<div id=\"gtx-trans\" style=\"position: absolute; left: 365px; top: 332.414px;\">\n<div class=\"gtx-trans-icon\"><\/div>\n<\/div>\n","protected":false},"featured_media":1548,"comment_status":"closed","ping_status":"closed","template":"","meta":{"_acf_changed":false,"inline_featured_image":false},"product_brand":[],"product_cat":[71,127],"product_tag":[],"class_list":{"0":"post-2416","1":"product","2":"type-product","3":"status-publish","4":"has-post-thumbnail","6":"product_cat-glass-fence-railing-hardware-fr","7":"product_cat-clamps-fr","9":"first","10":"instock","11":"taxable","12":"shipping-taxable","13":"purchasable","14":"product-type-variable","15":"has-default-attributes"},"acf":[],"yoast_head":"<!-- This site is optimized with the Yoast SEO plugin v26.9 - https:\/\/yoast.com\/product\/yoast-seo-wordpress\/ -->\n<title>180\u00b0 Square Glass-to-Glass Railing Clamp - Glassupply.com<\/title>\n<meta name=\"robots\" content=\"index, follow, max-snippet:-1, max-image-preview:large, max-video-preview:-1\" \/>\n<link rel=\"canonical\" href=\"https:\/\/glassupply.com\/fr\/produit\/180-square-glass-to-glass-railing-clamp\/\" \/>\n<meta property=\"og:locale\" content=\"fr_FR\" \/>\n<meta property=\"og:type\" content=\"article\" \/>\n<meta property=\"og:title\" content=\"180\u00b0 Square Glass-to-Glass Railing Clamp - Glassupply.com\" \/>\n<meta property=\"og:description\" content=\"Pr\u00e9sentation de notre pince de garde-corps en verre \u00e0 verre carr\u00e9e 180\u00b0 haut de gamme, disponible exclusivement sur Glassupply.com. Nos pinces \u00e9l\u00e9gantes et styl\u00e9es sont con\u00e7ues pour offrir une s\u00e9curit\u00e9 maximale tout en maintenant une vue d\u00e9gag\u00e9e sur votre environnement. Support fixe pour connecter deux panneaux de verre en ligne droite.\u00a0Aucun per\u00e7age des panneaux de verre requis.\u00a0Le syst\u00e8me \u00e0 cl\u00e9 Allen serre le verre en place. Fabriqu\u00e9 \u00e0 partir de l\u2019alliage d\u2019acier inoxydable Duplex 2205 de la plus haute qualit\u00e9, ce mat\u00e9riel de qualit\u00e9 marine et anti-corrosion est reconnu pour sa r\u00e9sistance exceptionnelle et sa capacit\u00e9 \u00e0 r\u00e9sister aux environnements ext\u00e9rieurs extr\u00eames. Notre acier inoxydable Duplex 2205, alli\u00e9 avec 22 % de chrome, 3 % de molybd\u00e8ne et 5 \u00e0 6 % de nickel, offre une r\u00e9sistance \u00e0 la corrosion sup\u00e9rieure et plus du double de la limite d\u2019\u00e9lasticit\u00e9 par rapport \u00e0 l\u2019acier inoxydable aust\u00e9nitique standard.  Choisissez entre une finition inox poli (bross\u00e9) ou une finition noire mate lisse, appliqu\u00e9e par poudrage \u00e9lectrostatique et cuite au four pour une surface r\u00e9sistante aux rayures et prot\u00e9g\u00e9e contre les intemp\u00e9ries. Id\u00e9al pour des applications int\u00e9rieures et ext\u00e9rieures, il offre une excellente r\u00e9sistance \u00e0 la corrosion, parfait pour les structures fortement expos\u00e9es, comme les zones c\u00f4ti\u00e8res et les environnements de piscines.  SP\u00c9CIFICATIONS TECHNIQUES     \u00c9paisseur du verre de s\u00e9curit\u00e9 1\/2\u201d (12 mm) \u2013 peut accueillir des panneaux de verre de 9\/16\u201d (13,5 mm)   Couleur\/Finition Acier inoxydable poli, Noir mat   Mat\u00e9riau de fabrication Acier inoxydable Duplex 2205   Type de fixation Montage sur panneau de verre, Verre-\u00e0-verre \/ 180\u00ba   Usage recommand\u00e9 Int\u00e9rieur, Ext\u00e9rieur   C\u00f4t\u00e9 de montage R\u00e9versible\" \/>\n<meta property=\"og:url\" content=\"https:\/\/glassupply.com\/fr\/produit\/180-square-glass-to-glass-railing-clamp\/\" \/>\n<meta property=\"og:site_name\" content=\"Glassupply.com\" \/>\n<meta property=\"article:modified_time\" content=\"2025-06-05T11:47:06+00:00\" \/>\n<meta property=\"og:image\" content=\"https:\/\/glassupply.com\/wp-content\/uploads\/2023\/06\/R-CL-180SS.webp\" \/>\n\t<meta property=\"og:image:width\" content=\"2500\" \/>\n\t<meta property=\"og:image:height\" content=\"2500\" \/>\n\t<meta property=\"og:image:type\" content=\"image\/webp\" \/>\n<meta name=\"twitter:card\" content=\"summary_large_image\" \/>\n<meta name=\"twitter:label1\" content=\"Est. reading time\" \/>\n\t<meta name=\"twitter:data1\" content=\"1 minute\" \/>\n<script type=\"application\/ld+json\" class=\"yoast-schema-graph\">{\"@context\":\"https:\/\/schema.org\",\"@graph\":[{\"@type\":\"WebPage\",\"@id\":\"https:\/\/glassupply.com\/fr\/produit\/180-square-glass-to-glass-railing-clamp\/\",\"url\":\"https:\/\/glassupply.com\/fr\/produit\/180-square-glass-to-glass-railing-clamp\/\",\"name\":\"180\u00b0 Square Glass-to-Glass Railing Clamp - Glassupply.com\",\"isPartOf\":{\"@id\":\"https:\/\/glassupply.com\/es\/#website\"},\"primaryImageOfPage\":{\"@id\":\"https:\/\/glassupply.com\/fr\/produit\/180-square-glass-to-glass-railing-clamp\/#primaryimage\"},\"image\":{\"@id\":\"https:\/\/glassupply.com\/fr\/produit\/180-square-glass-to-glass-railing-clamp\/#primaryimage\"},\"thumbnailUrl\":\"https:\/\/glassupply.com\/wp-content\/uploads\/2023\/06\/R-CL-180SS.webp\",\"datePublished\":\"2023-06-28T14:25:54+00:00\",\"dateModified\":\"2025-06-05T11:47:06+00:00\",\"breadcrumb\":{\"@id\":\"https:\/\/glassupply.com\/fr\/produit\/180-square-glass-to-glass-railing-clamp\/#breadcrumb\"},\"inLanguage\":\"fr-FR\",\"potentialAction\":[{\"@type\":\"ReadAction\",\"target\":[\"https:\/\/glassupply.com\/fr\/produit\/180-square-glass-to-glass-railing-clamp\/\"]}]},{\"@type\":\"ImageObject\",\"inLanguage\":\"fr-FR\",\"@id\":\"https:\/\/glassupply.com\/fr\/produit\/180-square-glass-to-glass-railing-clamp\/#primaryimage\",\"url\":\"https:\/\/glassupply.com\/wp-content\/uploads\/2023\/06\/R-CL-180SS.webp\",\"contentUrl\":\"https:\/\/glassupply.com\/wp-content\/uploads\/2023\/06\/R-CL-180SS.webp\",\"width\":2500,\"height\":2500},{\"@type\":\"BreadcrumbList\",\"@id\":\"https:\/\/glassupply.com\/fr\/produit\/180-square-glass-to-glass-railing-clamp\/#breadcrumb\",\"itemListElement\":[{\"@type\":\"ListItem\",\"position\":1,\"name\":\"Shop\",\"item\":\"https:\/\/glassupply.com\/fr\/shop\/\"},{\"@type\":\"ListItem\",\"position\":2,\"name\":\"180\u00b0 Square Glass-to-Glass Railing Clamp\"}]},{\"@type\":\"WebSite\",\"@id\":\"https:\/\/glassupply.com\/es\/#website\",\"url\":\"https:\/\/glassupply.com\/es\/\",\"name\":\"Glassupply.com\",\"description\":\"From the manufacturer to your doorstep\",\"potentialAction\":[{\"@type\":\"SearchAction\",\"target\":{\"@type\":\"EntryPoint\",\"urlTemplate\":\"https:\/\/glassupply.com\/es\/?s={search_term_string}\"},\"query-input\":{\"@type\":\"PropertyValueSpecification\",\"valueRequired\":true,\"valueName\":\"search_term_string\"}}],\"inLanguage\":\"fr-FR\"}]}<\/script>\n<!-- \/ Yoast SEO plugin. -->","yoast_head_json":{"title":"180\u00b0 Square Glass-to-Glass Railing Clamp - Glassupply.com","robots":{"index":"index","follow":"follow","max-snippet":"max-snippet:-1","max-image-preview":"max-image-preview:large","max-video-preview":"max-video-preview:-1"},"canonical":"https:\/\/glassupply.com\/fr\/produit\/180-square-glass-to-glass-railing-clamp\/","og_locale":"fr_FR","og_type":"article","og_title":"180\u00b0 Square Glass-to-Glass Railing Clamp - Glassupply.com","og_description":"Pr\u00e9sentation de notre pince de garde-corps en verre \u00e0 verre carr\u00e9e 180\u00b0 haut de gamme, disponible exclusivement sur Glassupply.com. Nos pinces \u00e9l\u00e9gantes et styl\u00e9es sont con\u00e7ues pour offrir une s\u00e9curit\u00e9 maximale tout en maintenant une vue d\u00e9gag\u00e9e sur votre environnement. Support fixe pour connecter deux panneaux de verre en ligne droite.\u00a0Aucun per\u00e7age des panneaux de verre requis.\u00a0Le syst\u00e8me \u00e0 cl\u00e9 Allen serre le verre en place. Fabriqu\u00e9 \u00e0 partir de l\u2019alliage d\u2019acier inoxydable Duplex 2205 de la plus haute qualit\u00e9, ce mat\u00e9riel de qualit\u00e9 marine et anti-corrosion est reconnu pour sa r\u00e9sistance exceptionnelle et sa capacit\u00e9 \u00e0 r\u00e9sister aux environnements ext\u00e9rieurs extr\u00eames. Notre acier inoxydable Duplex 2205, alli\u00e9 avec 22 % de chrome, 3 % de molybd\u00e8ne et 5 \u00e0 6 % de nickel, offre une r\u00e9sistance \u00e0 la corrosion sup\u00e9rieure et plus du double de la limite d\u2019\u00e9lasticit\u00e9 par rapport \u00e0 l\u2019acier inoxydable aust\u00e9nitique standard.  Choisissez entre une finition inox poli (bross\u00e9) ou une finition noire mate lisse, appliqu\u00e9e par poudrage \u00e9lectrostatique et cuite au four pour une surface r\u00e9sistante aux rayures et prot\u00e9g\u00e9e contre les intemp\u00e9ries. Id\u00e9al pour des applications int\u00e9rieures et ext\u00e9rieures, il offre une excellente r\u00e9sistance \u00e0 la corrosion, parfait pour les structures fortement expos\u00e9es, comme les zones c\u00f4ti\u00e8res et les environnements de piscines.  SP\u00c9CIFICATIONS TECHNIQUES     \u00c9paisseur du verre de s\u00e9curit\u00e9 1\/2\u201d (12 mm) \u2013 peut accueillir des panneaux de verre de 9\/16\u201d (13,5 mm)   Couleur\/Finition Acier inoxydable poli, Noir mat   Mat\u00e9riau de fabrication Acier inoxydable Duplex 2205   Type de fixation Montage sur panneau de verre, Verre-\u00e0-verre \/ 180\u00ba   Usage recommand\u00e9 Int\u00e9rieur, Ext\u00e9rieur   C\u00f4t\u00e9 de montage R\u00e9versible","og_url":"https:\/\/glassupply.com\/fr\/produit\/180-square-glass-to-glass-railing-clamp\/","og_site_name":"Glassupply.com","article_modified_time":"2025-06-05T11:47:06+00:00","og_image":[{"width":2500,"height":2500,"url":"https:\/\/glassupply.com\/wp-content\/uploads\/2023\/06\/R-CL-180SS.webp","type":"image\/webp"}],"twitter_card":"summary_large_image","twitter_misc":{"Est. reading time":"1 minute"},"schema":{"@context":"https:\/\/schema.org","@graph":[{"@type":"WebPage","@id":"https:\/\/glassupply.com\/fr\/produit\/180-square-glass-to-glass-railing-clamp\/","url":"https:\/\/glassupply.com\/fr\/produit\/180-square-glass-to-glass-railing-clamp\/","name":"180\u00b0 Square Glass-to-Glass Railing Clamp - Glassupply.com","isPartOf":{"@id":"https:\/\/glassupply.com\/es\/#website"},"primaryImageOfPage":{"@id":"https:\/\/glassupply.com\/fr\/produit\/180-square-glass-to-glass-railing-clamp\/#primaryimage"},"image":{"@id":"https:\/\/glassupply.com\/fr\/produit\/180-square-glass-to-glass-railing-clamp\/#primaryimage"},"thumbnailUrl":"https:\/\/glassupply.com\/wp-content\/uploads\/2023\/06\/R-CL-180SS.webp","datePublished":"2023-06-28T14:25:54+00:00","dateModified":"2025-06-05T11:47:06+00:00","breadcrumb":{"@id":"https:\/\/glassupply.com\/fr\/produit\/180-square-glass-to-glass-railing-clamp\/#breadcrumb"},"inLanguage":"fr-FR","potentialAction":[{"@type":"ReadAction","target":["https:\/\/glassupply.com\/fr\/produit\/180-square-glass-to-glass-railing-clamp\/"]}]},{"@type":"ImageObject","inLanguage":"fr-FR","@id":"https:\/\/glassupply.com\/fr\/produit\/180-square-glass-to-glass-railing-clamp\/#primaryimage","url":"https:\/\/glassupply.com\/wp-content\/uploads\/2023\/06\/R-CL-180SS.webp","contentUrl":"https:\/\/glassupply.com\/wp-content\/uploads\/2023\/06\/R-CL-180SS.webp","width":2500,"height":2500},{"@type":"BreadcrumbList","@id":"https:\/\/glassupply.com\/fr\/produit\/180-square-glass-to-glass-railing-clamp\/#breadcrumb","itemListElement":[{"@type":"ListItem","position":1,"name":"Shop","item":"https:\/\/glassupply.com\/fr\/shop\/"},{"@type":"ListItem","position":2,"name":"180\u00b0 Square Glass-to-Glass Railing Clamp"}]},{"@type":"WebSite","@id":"https:\/\/glassupply.com\/es\/#website","url":"https:\/\/glassupply.com\/es\/","name":"Glassupply.com","description":"From the manufacturer to your doorstep","potentialAction":[{"@type":"SearchAction","target":{"@type":"EntryPoint","urlTemplate":"https:\/\/glassupply.com\/es\/?s={search_term_string}"},"query-input":{"@type":"PropertyValueSpecification","valueRequired":true,"valueName":"search_term_string"}}],"inLanguage":"fr-FR"}]}},"_links":{"self":[{"href":"https:\/\/glassupply.com\/fr\/wp-json\/wp\/v2\/product\/2416","targetHints":{"allow":["GET"]}}],"collection":[{"href":"https:\/\/glassupply.com\/fr\/wp-json\/wp\/v2\/product"}],"about":[{"href":"https:\/\/glassupply.com\/fr\/wp-json\/wp\/v2\/types\/product"}],"replies":[{"embeddable":true,"href":"https:\/\/glassupply.com\/fr\/wp-json\/wp\/v2\/comments?post=2416"}],"wp:featuredmedia":[{"embeddable":true,"href":"https:\/\/glassupply.com\/fr\/wp-json\/wp\/v2\/media\/1548"}],"wp:attachment":[{"href":"https:\/\/glassupply.com\/fr\/wp-json\/wp\/v2\/media?parent=2416"}],"wp:term":[{"taxonomy":"product_brand","embeddable":true,"href":"https:\/\/glassupply.com\/fr\/wp-json\/wp\/v2\/product_brand?post=2416"},{"taxonomy":"product_cat","embeddable":true,"href":"https:\/\/glassupply.com\/fr\/wp-json\/wp\/v2\/product_cat?post=2416"},{"taxonomy":"product_tag","embeddable":true,"href":"https:\/\/glassupply.com\/fr\/wp-json\/wp\/v2\/product_tag?post=2416"}],"curies":[{"name":"wp","href":"https:\/\/api.w.org\/{rel}","templated":true}]}}