{"id":7074,"date":"2024-04-08T13:44:05","date_gmt":"2024-04-08T18:44:05","guid":{"rendered":"https:\/\/glassupply.com\/shop\/l-shaped-glass-to-wall-clamp\/"},"modified":"2025-06-04T06:04:19","modified_gmt":"2025-06-04T11:04:19","slug":"l-shaped-glass-to-wall-clamp","status":"publish","type":"product","link":"https:\/\/glassupply.com\/fr\/produit\/l-shaped-glass-to-wall-clamp\/","title":{"rendered":"L shaped Glass to Wall Clamp"},"content":{"rendered":"","protected":false},"excerpt":{"rendered":"<p><span style=\"font-weight: 400;\">D\u00e9couvrez notre pince de garde-corps en verre en forme de L, propos\u00e9e exclusivement sur Glassupply.com. Fabriqu\u00e9e en acier inoxydable, cette pince polyvalente est con\u00e7ue pour un montage mur-\u00e0-verre ainsi que poteau-\u00e0-verre, offrant une solution id\u00e9ale pour les applications n\u00e9cessitant une fixation d\u00e9cal\u00e9e par rapport \u00e0 la ligne centrale du verre. Les pinces disposent d\u2019une base plate pour un montage facile en surface et peuvent \u00eatre utilis\u00e9es aux deux extr\u00e9mit\u00e9s d\u2019une cl\u00f4ture pour augmenter la stabilit\u00e9 globale de la structure du garde-corps.<\/span><b> La pince utilise un syst\u00e8me \u00e0 cl\u00e9 Allen pour serrer le verre en toute s\u00e9curit\u00e9, \u00e9liminant ainsi le besoin de percer les panneaux de verre<\/b><span style=\"font-weight: 400;\">.\u00a0<\/span><\/p>\n<p><span style=\"font-weight: 400;\">Fabriqu\u00e9 avec un alliage d\u2019acier inoxydable Duplex 2205 de la plus haute qualit\u00e9, ce mat\u00e9riel de qualit\u00e9 marine, anticorrosion, est reconnu pour sa r\u00e9sistance sup\u00e9rieure et sa durabilit\u00e9 dans les environnements ext\u00e9rieurs exigeants. Notre acier inoxydable Duplex 2205, alli\u00e9 \u00e0 22 % de chrome, 3 % de molybd\u00e8ne et 5 \u00e0 6 % de nickel, offre une r\u00e9sistance \u00e0 la corrosion sup\u00e9rieure et plus du double de la limite d\u2019\u00e9lasticit\u00e9 des aciers inoxydables aust\u00e9nitiques standards.<\/span><\/p>\n<p><span style=\"font-weight: 400;\">Choisissez entre une finition en acier inoxydable poli (bross\u00e9) ou une finition noire mate lisse, appliqu\u00e9e par poudrage \u00e9lectrostatique et durcie au four pour une surface r\u00e9sistante aux rayures et prot\u00e9g\u00e9e contre les intemp\u00e9ries. Id\u00e9al pour les applications int\u00e9rieures et ext\u00e9rieures, il offre une excellente r\u00e9sistance \u00e0 la corrosion, ce qui le rend parfait pour les structures fortement expos\u00e9es \u00e0 la corrosion, telles que les r\u00e9gions c\u00f4ti\u00e8res et les environnements de piscine.<\/span><\/p>\n<h2><b>SP\u00c9CIFICATIONS TECHNIQUES<\/b><\/h2>\n<table>\n<tbody>\n<tr>\n<td><b>\u00c9paisseur du verre de s\u00e9curit\u00e9<\/b><\/td>\n<td><span style=\"font-weight: 400;\">12 mm (1\/2\u201d) \u2013 peut accueillir des panneaux de verre de 9\/16\u2033 (13,5 mm)<\/span><\/td>\n<\/tr>\n<tr>\n<td><b>Couleur\/Finition<\/b><\/td>\n<td><span style=\"font-weight: 400;\">Acier inoxydable poli, Noir mat<\/span><\/td>\n<\/tr>\n<tr>\n<td><b>Mat\u00e9riau de fabrication<\/b><\/td>\n<td><span style=\"font-weight: 400;\">Acier inoxydable Duplex 2205<\/span><\/td>\n<\/tr>\n<tr>\n<td><b>Type de fixation<\/b><\/td>\n<td><span style=\"font-weight: 400;\">Verre-\u00e0-mur, Poteau-\u00e0-mur<\/span><\/td>\n<\/tr>\n<tr>\n<td><b>Emplacement recommand\u00e9<\/b><\/td>\n<td><span style=\"font-weight: 400;\">Int\u00e9rieur, Ext\u00e9rieur<\/span><\/td>\n<\/tr>\n<tr>\n<td><b>C\u00f4t\u00e9 de montage<\/b><\/td>\n<td><span style=\"font-weight: 400;\">R\u00e9versible<\/span><\/td>\n<\/tr>\n<\/tbody>\n<\/table>\n","protected":false},"featured_media":7026,"comment_status":"closed","ping_status":"closed","template":"","meta":{"_acf_changed":false,"inline_featured_image":false},"product_brand":[],"product_cat":[71,127],"product_tag":[],"class_list":{"0":"post-7074","1":"product","2":"type-product","3":"status-publish","4":"has-post-thumbnail","6":"product_cat-glass-fence-railing-hardware-fr","7":"product_cat-clamps-fr","9":"first","10":"instock","11":"taxable","12":"shipping-taxable","13":"purchasable","14":"product-type-variable","15":"has-default-attributes"},"acf":[],"yoast_head":"<!-- This site is optimized with the Yoast SEO plugin v26.9 - https:\/\/yoast.com\/product\/yoast-seo-wordpress\/ -->\n<title>L shaped Glass to Wall Clamp - Glassupply.com<\/title>\n<meta name=\"robots\" content=\"index, follow, max-snippet:-1, max-image-preview:large, max-video-preview:-1\" \/>\n<link rel=\"canonical\" href=\"https:\/\/glassupply.com\/fr\/produit\/l-shaped-glass-to-wall-clamp\/\" \/>\n<meta property=\"og:locale\" content=\"fr_FR\" \/>\n<meta property=\"og:type\" content=\"article\" \/>\n<meta property=\"og:title\" content=\"L shaped Glass to Wall Clamp - Glassupply.com\" \/>\n<meta property=\"og:description\" content=\"D\u00e9couvrez notre pince de garde-corps en verre en forme de L, propos\u00e9e exclusivement sur Glassupply.com. Fabriqu\u00e9e en acier inoxydable, cette pince polyvalente est con\u00e7ue pour un montage mur-\u00e0-verre ainsi que poteau-\u00e0-verre, offrant une solution id\u00e9ale pour les applications n\u00e9cessitant une fixation d\u00e9cal\u00e9e par rapport \u00e0 la ligne centrale du verre. Les pinces disposent d\u2019une base plate pour un montage facile en surface et peuvent \u00eatre utilis\u00e9es aux deux extr\u00e9mit\u00e9s d\u2019une cl\u00f4ture pour augmenter la stabilit\u00e9 globale de la structure du garde-corps. La pince utilise un syst\u00e8me \u00e0 cl\u00e9 Allen pour serrer le verre en toute s\u00e9curit\u00e9, \u00e9liminant ainsi le besoin de percer les panneaux de verre.\u00a0  Fabriqu\u00e9 avec un alliage d\u2019acier inoxydable Duplex 2205 de la plus haute qualit\u00e9, ce mat\u00e9riel de qualit\u00e9 marine, anticorrosion, est reconnu pour sa r\u00e9sistance sup\u00e9rieure et sa durabilit\u00e9 dans les environnements ext\u00e9rieurs exigeants. Notre acier inoxydable Duplex 2205, alli\u00e9 \u00e0 22 % de chrome, 3 % de molybd\u00e8ne et 5 \u00e0 6 % de nickel, offre une r\u00e9sistance \u00e0 la corrosion sup\u00e9rieure et plus du double de la limite d\u2019\u00e9lasticit\u00e9 des aciers inoxydables aust\u00e9nitiques standards.  Choisissez entre une finition en acier inoxydable poli (bross\u00e9) ou une finition noire mate lisse, appliqu\u00e9e par poudrage \u00e9lectrostatique et durcie au four pour une surface r\u00e9sistante aux rayures et prot\u00e9g\u00e9e contre les intemp\u00e9ries. Id\u00e9al pour les applications int\u00e9rieures et ext\u00e9rieures, il offre une excellente r\u00e9sistance \u00e0 la corrosion, ce qui le rend parfait pour les structures fortement expos\u00e9es \u00e0 la corrosion, telles que les r\u00e9gions c\u00f4ti\u00e8res et les environnements de piscine. SP\u00c9CIFICATIONS TECHNIQUES    \u00c9paisseur du verre de s\u00e9curit\u00e9 12 mm (1\/2\u201d) \u2013 peut accueillir des panneaux de verre de 9\/16\u2033 (13,5 mm)   Couleur\/Finition Acier inoxydable poli, Noir mat   Mat\u00e9riau de fabrication Acier inoxydable Duplex 2205   Type de fixation Verre-\u00e0-mur, Poteau-\u00e0-mur   Emplacement recommand\u00e9 Int\u00e9rieur, Ext\u00e9rieur   C\u00f4t\u00e9 de montage R\u00e9versible\" \/>\n<meta property=\"og:url\" content=\"https:\/\/glassupply.com\/fr\/produit\/l-shaped-glass-to-wall-clamp\/\" \/>\n<meta property=\"og:site_name\" content=\"Glassupply.com\" \/>\n<meta property=\"article:modified_time\" content=\"2025-06-04T11:04:19+00:00\" \/>\n<meta property=\"og:image\" content=\"https:\/\/glassupply.com\/wp-content\/uploads\/2024\/04\/R-CL-LSGWSS.webp\" \/>\n\t<meta property=\"og:image:width\" content=\"2000\" \/>\n\t<meta property=\"og:image:height\" content=\"2000\" \/>\n\t<meta property=\"og:image:type\" content=\"image\/webp\" \/>\n<meta name=\"twitter:card\" content=\"summary_large_image\" \/>\n<meta name=\"twitter:label1\" content=\"Est. reading time\" \/>\n\t<meta name=\"twitter:data1\" content=\"1 minute\" \/>\n<script type=\"application\/ld+json\" class=\"yoast-schema-graph\">{\"@context\":\"https:\/\/schema.org\",\"@graph\":[{\"@type\":\"WebPage\",\"@id\":\"https:\/\/glassupply.com\/fr\/produit\/l-shaped-glass-to-wall-clamp\/\",\"url\":\"https:\/\/glassupply.com\/fr\/produit\/l-shaped-glass-to-wall-clamp\/\",\"name\":\"L shaped Glass to Wall Clamp - Glassupply.com\",\"isPartOf\":{\"@id\":\"https:\/\/glassupply.com\/es\/#website\"},\"primaryImageOfPage\":{\"@id\":\"https:\/\/glassupply.com\/fr\/produit\/l-shaped-glass-to-wall-clamp\/#primaryimage\"},\"image\":{\"@id\":\"https:\/\/glassupply.com\/fr\/produit\/l-shaped-glass-to-wall-clamp\/#primaryimage\"},\"thumbnailUrl\":\"https:\/\/glassupply.com\/wp-content\/uploads\/2024\/04\/R-CL-LSGWSS.webp\",\"datePublished\":\"2024-04-08T18:44:05+00:00\",\"dateModified\":\"2025-06-04T11:04:19+00:00\",\"breadcrumb\":{\"@id\":\"https:\/\/glassupply.com\/fr\/produit\/l-shaped-glass-to-wall-clamp\/#breadcrumb\"},\"inLanguage\":\"fr-FR\",\"potentialAction\":[{\"@type\":\"ReadAction\",\"target\":[\"https:\/\/glassupply.com\/fr\/produit\/l-shaped-glass-to-wall-clamp\/\"]}]},{\"@type\":\"ImageObject\",\"inLanguage\":\"fr-FR\",\"@id\":\"https:\/\/glassupply.com\/fr\/produit\/l-shaped-glass-to-wall-clamp\/#primaryimage\",\"url\":\"https:\/\/glassupply.com\/wp-content\/uploads\/2024\/04\/R-CL-LSGWSS.webp\",\"contentUrl\":\"https:\/\/glassupply.com\/wp-content\/uploads\/2024\/04\/R-CL-LSGWSS.webp\",\"width\":2000,\"height\":2000},{\"@type\":\"BreadcrumbList\",\"@id\":\"https:\/\/glassupply.com\/fr\/produit\/l-shaped-glass-to-wall-clamp\/#breadcrumb\",\"itemListElement\":[{\"@type\":\"ListItem\",\"position\":1,\"name\":\"Shop\",\"item\":\"https:\/\/glassupply.com\/fr\/shop\/\"},{\"@type\":\"ListItem\",\"position\":2,\"name\":\"L shaped Glass to Wall Clamp\"}]},{\"@type\":\"WebSite\",\"@id\":\"https:\/\/glassupply.com\/es\/#website\",\"url\":\"https:\/\/glassupply.com\/es\/\",\"name\":\"Glassupply.com\",\"description\":\"From the manufacturer to your doorstep\",\"potentialAction\":[{\"@type\":\"SearchAction\",\"target\":{\"@type\":\"EntryPoint\",\"urlTemplate\":\"https:\/\/glassupply.com\/es\/?s={search_term_string}\"},\"query-input\":{\"@type\":\"PropertyValueSpecification\",\"valueRequired\":true,\"valueName\":\"search_term_string\"}}],\"inLanguage\":\"fr-FR\"}]}<\/script>\n<!-- \/ Yoast SEO plugin. -->","yoast_head_json":{"title":"L shaped Glass to Wall Clamp - Glassupply.com","robots":{"index":"index","follow":"follow","max-snippet":"max-snippet:-1","max-image-preview":"max-image-preview:large","max-video-preview":"max-video-preview:-1"},"canonical":"https:\/\/glassupply.com\/fr\/produit\/l-shaped-glass-to-wall-clamp\/","og_locale":"fr_FR","og_type":"article","og_title":"L shaped Glass to Wall Clamp - Glassupply.com","og_description":"D\u00e9couvrez notre pince de garde-corps en verre en forme de L, propos\u00e9e exclusivement sur Glassupply.com. Fabriqu\u00e9e en acier inoxydable, cette pince polyvalente est con\u00e7ue pour un montage mur-\u00e0-verre ainsi que poteau-\u00e0-verre, offrant une solution id\u00e9ale pour les applications n\u00e9cessitant une fixation d\u00e9cal\u00e9e par rapport \u00e0 la ligne centrale du verre. Les pinces disposent d\u2019une base plate pour un montage facile en surface et peuvent \u00eatre utilis\u00e9es aux deux extr\u00e9mit\u00e9s d\u2019une cl\u00f4ture pour augmenter la stabilit\u00e9 globale de la structure du garde-corps. La pince utilise un syst\u00e8me \u00e0 cl\u00e9 Allen pour serrer le verre en toute s\u00e9curit\u00e9, \u00e9liminant ainsi le besoin de percer les panneaux de verre.\u00a0  Fabriqu\u00e9 avec un alliage d\u2019acier inoxydable Duplex 2205 de la plus haute qualit\u00e9, ce mat\u00e9riel de qualit\u00e9 marine, anticorrosion, est reconnu pour sa r\u00e9sistance sup\u00e9rieure et sa durabilit\u00e9 dans les environnements ext\u00e9rieurs exigeants. Notre acier inoxydable Duplex 2205, alli\u00e9 \u00e0 22 % de chrome, 3 % de molybd\u00e8ne et 5 \u00e0 6 % de nickel, offre une r\u00e9sistance \u00e0 la corrosion sup\u00e9rieure et plus du double de la limite d\u2019\u00e9lasticit\u00e9 des aciers inoxydables aust\u00e9nitiques standards.  Choisissez entre une finition en acier inoxydable poli (bross\u00e9) ou une finition noire mate lisse, appliqu\u00e9e par poudrage \u00e9lectrostatique et durcie au four pour une surface r\u00e9sistante aux rayures et prot\u00e9g\u00e9e contre les intemp\u00e9ries. Id\u00e9al pour les applications int\u00e9rieures et ext\u00e9rieures, il offre une excellente r\u00e9sistance \u00e0 la corrosion, ce qui le rend parfait pour les structures fortement expos\u00e9es \u00e0 la corrosion, telles que les r\u00e9gions c\u00f4ti\u00e8res et les environnements de piscine. SP\u00c9CIFICATIONS TECHNIQUES    \u00c9paisseur du verre de s\u00e9curit\u00e9 12 mm (1\/2\u201d) \u2013 peut accueillir des panneaux de verre de 9\/16\u2033 (13,5 mm)   Couleur\/Finition Acier inoxydable poli, Noir mat   Mat\u00e9riau de fabrication Acier inoxydable Duplex 2205   Type de fixation Verre-\u00e0-mur, Poteau-\u00e0-mur   Emplacement recommand\u00e9 Int\u00e9rieur, Ext\u00e9rieur   C\u00f4t\u00e9 de montage R\u00e9versible","og_url":"https:\/\/glassupply.com\/fr\/produit\/l-shaped-glass-to-wall-clamp\/","og_site_name":"Glassupply.com","article_modified_time":"2025-06-04T11:04:19+00:00","og_image":[{"width":2000,"height":2000,"url":"https:\/\/glassupply.com\/wp-content\/uploads\/2024\/04\/R-CL-LSGWSS.webp","type":"image\/webp"}],"twitter_card":"summary_large_image","twitter_misc":{"Est. reading time":"1 minute"},"schema":{"@context":"https:\/\/schema.org","@graph":[{"@type":"WebPage","@id":"https:\/\/glassupply.com\/fr\/produit\/l-shaped-glass-to-wall-clamp\/","url":"https:\/\/glassupply.com\/fr\/produit\/l-shaped-glass-to-wall-clamp\/","name":"L shaped Glass to Wall Clamp - Glassupply.com","isPartOf":{"@id":"https:\/\/glassupply.com\/es\/#website"},"primaryImageOfPage":{"@id":"https:\/\/glassupply.com\/fr\/produit\/l-shaped-glass-to-wall-clamp\/#primaryimage"},"image":{"@id":"https:\/\/glassupply.com\/fr\/produit\/l-shaped-glass-to-wall-clamp\/#primaryimage"},"thumbnailUrl":"https:\/\/glassupply.com\/wp-content\/uploads\/2024\/04\/R-CL-LSGWSS.webp","datePublished":"2024-04-08T18:44:05+00:00","dateModified":"2025-06-04T11:04:19+00:00","breadcrumb":{"@id":"https:\/\/glassupply.com\/fr\/produit\/l-shaped-glass-to-wall-clamp\/#breadcrumb"},"inLanguage":"fr-FR","potentialAction":[{"@type":"ReadAction","target":["https:\/\/glassupply.com\/fr\/produit\/l-shaped-glass-to-wall-clamp\/"]}]},{"@type":"ImageObject","inLanguage":"fr-FR","@id":"https:\/\/glassupply.com\/fr\/produit\/l-shaped-glass-to-wall-clamp\/#primaryimage","url":"https:\/\/glassupply.com\/wp-content\/uploads\/2024\/04\/R-CL-LSGWSS.webp","contentUrl":"https:\/\/glassupply.com\/wp-content\/uploads\/2024\/04\/R-CL-LSGWSS.webp","width":2000,"height":2000},{"@type":"BreadcrumbList","@id":"https:\/\/glassupply.com\/fr\/produit\/l-shaped-glass-to-wall-clamp\/#breadcrumb","itemListElement":[{"@type":"ListItem","position":1,"name":"Shop","item":"https:\/\/glassupply.com\/fr\/shop\/"},{"@type":"ListItem","position":2,"name":"L shaped Glass to Wall Clamp"}]},{"@type":"WebSite","@id":"https:\/\/glassupply.com\/es\/#website","url":"https:\/\/glassupply.com\/es\/","name":"Glassupply.com","description":"From the manufacturer to your doorstep","potentialAction":[{"@type":"SearchAction","target":{"@type":"EntryPoint","urlTemplate":"https:\/\/glassupply.com\/es\/?s={search_term_string}"},"query-input":{"@type":"PropertyValueSpecification","valueRequired":true,"valueName":"search_term_string"}}],"inLanguage":"fr-FR"}]}},"_links":{"self":[{"href":"https:\/\/glassupply.com\/fr\/wp-json\/wp\/v2\/product\/7074","targetHints":{"allow":["GET"]}}],"collection":[{"href":"https:\/\/glassupply.com\/fr\/wp-json\/wp\/v2\/product"}],"about":[{"href":"https:\/\/glassupply.com\/fr\/wp-json\/wp\/v2\/types\/product"}],"replies":[{"embeddable":true,"href":"https:\/\/glassupply.com\/fr\/wp-json\/wp\/v2\/comments?post=7074"}],"wp:featuredmedia":[{"embeddable":true,"href":"https:\/\/glassupply.com\/fr\/wp-json\/wp\/v2\/media\/7026"}],"wp:attachment":[{"href":"https:\/\/glassupply.com\/fr\/wp-json\/wp\/v2\/media?parent=7074"}],"wp:term":[{"taxonomy":"product_brand","embeddable":true,"href":"https:\/\/glassupply.com\/fr\/wp-json\/wp\/v2\/product_brand?post=7074"},{"taxonomy":"product_cat","embeddable":true,"href":"https:\/\/glassupply.com\/fr\/wp-json\/wp\/v2\/product_cat?post=7074"},{"taxonomy":"product_tag","embeddable":true,"href":"https:\/\/glassupply.com\/fr\/wp-json\/wp\/v2\/product_tag?post=7074"}],"curies":[{"name":"wp","href":"https:\/\/api.w.org\/{rel}","templated":true}]}}