{"id":7081,"date":"2024-04-08T14:06:23","date_gmt":"2024-04-08T19:06:23","guid":{"rendered":"https:\/\/glassupply.com\/shop\/90-degree-glass-to-glass-door-hinge-for-frameless-glass-railing\/"},"modified":"2025-06-04T07:02:40","modified_gmt":"2025-06-04T12:02:40","slug":"90-degree-glass-to-glass-door-hinge-for-frameless-glass-railing","status":"publish","type":"product","link":"https:\/\/glassupply.com\/fr\/produit\/90-degree-glass-to-glass-door-hinge-for-frameless-glass-railing\/","title":{"rendered":"90-Degree Glass-to-Glass Door Hinge for Frameless Glass Railing"},"content":{"rendered":"","protected":false},"excerpt":{"rendered":"<p><span style=\"font-weight: 400;\">La charni\u00e8re \u00e0 ressort \u00e0 90 degr\u00e9s pour porte en verre \u00e0 verre sans cadre, disponible exclusivement sur Glassupply.com, est une charni\u00e8re hautement fonctionnelle et s\u00e9curis\u00e9e \u00e9quip\u00e9e d\u2019un m\u00e9canisme \u00e0 ressort de fermeture automatique. Cette charni\u00e8re est sp\u00e9cialement con\u00e7ue pour \u00eatre install\u00e9e sur un<\/span><b> panneau de retour en verre \u00e0 90 degr\u00e9s<\/b><span style=\"font-weight: 400;\">, ce qui en fait un choix id\u00e9al pour les garde-corps en verre sans cadre. Gr\u00e2ce \u00e0 son m\u00e9canisme \u00e0 ressort, cette charni\u00e8re <\/span><b>peut \u00e9galement s\u2019adapter \u00e0 d\u2019autres angles de retour.<\/b><\/p>\n<p><span style=\"font-weight: 400;\">Pour ajuster la tension du ressort, il suffit de retirer le capuchon plat sup\u00e9rieur et d&rsquo;acc\u00e9der \u00e0 la vis de r\u00e9glage \u00e0 l\u2019aide d\u2019une cl\u00e9 Allen. De plus, <\/span><b>combin\u00e9e \u00e0 notre loquet magn\u00e9tique autobloquant, cette charni\u00e8re \u00e0 fermeture automatique peut devenir un composant essentiel pour r\u00e9pondre aux exigences des barri\u00e8res de s\u00e9curit\u00e9 pour piscines mises en place par de nombreuses municipalit\u00e9s \u00e0 travers l\u2019Am\u00e9rique du Nord<\/b><span style=\"font-weight: 400;\">.<\/span><\/p>\n<p><span style=\"font-weight: 400;\">Fabriqu\u00e9e avec l\u2019alliage d\u2019acier inoxydable Duplex 2205 de la plus haute qualit\u00e9, cette quincaillerie marine r\u00e9sistante \u00e0 la corrosion est reconnue pour sa solidit\u00e9 exceptionnelle et sa r\u00e9sistance \u00e0 la corrosion dans des environnements ext\u00e9rieurs difficiles. Notre acier inoxydable Duplex 2205, alli\u00e9 \u00e0 22 % de chrome, 3 % de molybd\u00e8ne et de 5 \u00e0 6 % de nickel, offre une r\u00e9sistance \u00e0 la corrosion sup\u00e9rieure et plus du double de la limite d\u2019\u00e9lasticit\u00e9 de l\u2019acier inoxydable aust\u00e9nitique standard.<\/span><\/p>\n<p><span style=\"font-weight: 400;\">Choisissez entre une finition en acier inoxydable poli (bross\u00e9) ou une finition noire mate lisse, appliqu\u00e9e par poudrage \u00e9lectrostatique et cuite au four pour une surface r\u00e9sistante aux rayures et prot\u00e9g\u00e9e contre les intemp\u00e9ries. Id\u00e9ale pour les applications int\u00e9rieures et ext\u00e9rieures, elle offre une excellente r\u00e9sistance \u00e0 la corrosion, ce qui en fait un choix parfait pour les structures expos\u00e9es \u00e0 un fort degr\u00e9 de corrosion, comme les r\u00e9gions c\u00f4ti\u00e8res et les environnements de piscine.<\/span><\/p>\n<p><b>Veuillez noter que chaque charni\u00e8re est vendue individuellement. Si vous souhaitez acheter une paire de charni\u00e8res, ajustez la quantit\u00e9 \u00e0 2 avant de passer votre commande.<\/b><\/p>\n<h2><strong>SP\u00c9CIFICATIONS TECHNIQUES<\/strong><\/h2>\n<table>\n<tbody>\n<tr>\n<td><b>\u00c9paisseur du verre de s\u00e9curit\u00e9<\/b><\/td>\n<td><span style=\"font-weight: 400;\">3\/8\u201d &#8211; 1\/2\u201d (10 \u00e0 12 mm) \u2013 peut accueillir des panneaux en verre de 9\/16\u201d (13,5 mm)<\/span><\/td>\n<\/tr>\n<tr>\n<td><b>Couleur\/Finition<\/b><\/td>\n<td><span style=\"font-weight: 400;\">Acier inoxydable poli, Noir mat<\/span><\/td>\n<\/tr>\n<tr>\n<td><b>Mat\u00e9riau de fabrication<\/b><\/td>\n<td><span style=\"font-weight: 400;\">Acier inoxydable Duplex 2205<\/span><\/td>\n<\/tr>\n<tr>\n<td><b>D\u00e9duction recommand\u00e9e de l\u2019\u00e9cart de la porte (c\u00f4t\u00e9 charni\u00e8re)<\/b><\/td>\n<td><span style=\"font-weight: 400;\">1\/4\u201d &#8211; 3\/8\u201d (6 \u00e0 10 mm)<\/span><\/td>\n<\/tr>\n<tr>\n<td><b>Type de montage<\/b><\/td>\n<td><span style=\"font-weight: 400;\">Montage sur panneau en verre<\/span><\/td>\n<\/tr>\n<tr>\n<td><b>Utilisation recommand\u00e9e<\/b><\/td>\n<td><span style=\"font-weight: 400;\">Int\u00e9rieur, Ext\u00e9rieur<\/span><\/td>\n<\/tr>\n<tr>\n<td><b>C\u00f4t\u00e9 de montage<\/b><\/td>\n<td><span style=\"font-weight: 400;\">R\u00e9versible<\/span><\/td>\n<\/tr>\n<\/tbody>\n<\/table>\n","protected":false},"featured_media":7042,"comment_status":"closed","ping_status":"closed","template":"","meta":{"_acf_changed":false,"inline_featured_image":false},"product_brand":[],"product_cat":[71,128],"product_tag":[],"class_list":{"0":"post-7081","1":"product","2":"type-product","3":"status-publish","4":"has-post-thumbnail","6":"product_cat-glass-fence-railing-hardware-fr","7":"product_cat-door-hardware-fr","9":"first","10":"instock","11":"taxable","12":"shipping-taxable","13":"purchasable","14":"product-type-variable","15":"has-default-attributes"},"acf":[],"yoast_head":"<!-- This site is optimized with the Yoast SEO plugin v26.9 - https:\/\/yoast.com\/product\/yoast-seo-wordpress\/ -->\n<title>90-Degree Glass-to-Glass Door Hinge for Frameless Glass Railing - Glassupply.com<\/title>\n<meta name=\"robots\" content=\"index, follow, max-snippet:-1, max-image-preview:large, max-video-preview:-1\" \/>\n<link rel=\"canonical\" href=\"https:\/\/glassupply.com\/fr\/produit\/90-degree-glass-to-glass-door-hinge-for-frameless-glass-railing\/\" \/>\n<meta property=\"og:locale\" content=\"fr_FR\" \/>\n<meta property=\"og:type\" content=\"article\" \/>\n<meta property=\"og:title\" content=\"90-Degree Glass-to-Glass Door Hinge for Frameless Glass Railing - Glassupply.com\" \/>\n<meta property=\"og:description\" content=\"La charni\u00e8re \u00e0 ressort \u00e0 90 degr\u00e9s pour porte en verre \u00e0 verre sans cadre, disponible exclusivement sur Glassupply.com, est une charni\u00e8re hautement fonctionnelle et s\u00e9curis\u00e9e \u00e9quip\u00e9e d\u2019un m\u00e9canisme \u00e0 ressort de fermeture automatique. Cette charni\u00e8re est sp\u00e9cialement con\u00e7ue pour \u00eatre install\u00e9e sur un panneau de retour en verre \u00e0 90 degr\u00e9s, ce qui en fait un choix id\u00e9al pour les garde-corps en verre sans cadre. Gr\u00e2ce \u00e0 son m\u00e9canisme \u00e0 ressort, cette charni\u00e8re peut \u00e9galement s\u2019adapter \u00e0 d\u2019autres angles de retour.  Pour ajuster la tension du ressort, il suffit de retirer le capuchon plat sup\u00e9rieur et d&#039;acc\u00e9der \u00e0 la vis de r\u00e9glage \u00e0 l\u2019aide d\u2019une cl\u00e9 Allen. De plus, combin\u00e9e \u00e0 notre loquet magn\u00e9tique autobloquant, cette charni\u00e8re \u00e0 fermeture automatique peut devenir un composant essentiel pour r\u00e9pondre aux exigences des barri\u00e8res de s\u00e9curit\u00e9 pour piscines mises en place par de nombreuses municipalit\u00e9s \u00e0 travers l\u2019Am\u00e9rique du Nord.  Fabriqu\u00e9e avec l\u2019alliage d\u2019acier inoxydable Duplex 2205 de la plus haute qualit\u00e9, cette quincaillerie marine r\u00e9sistante \u00e0 la corrosion est reconnue pour sa solidit\u00e9 exceptionnelle et sa r\u00e9sistance \u00e0 la corrosion dans des environnements ext\u00e9rieurs difficiles. Notre acier inoxydable Duplex 2205, alli\u00e9 \u00e0 22 % de chrome, 3 % de molybd\u00e8ne et de 5 \u00e0 6 % de nickel, offre une r\u00e9sistance \u00e0 la corrosion sup\u00e9rieure et plus du double de la limite d\u2019\u00e9lasticit\u00e9 de l\u2019acier inoxydable aust\u00e9nitique standard.  Choisissez entre une finition en acier inoxydable poli (bross\u00e9) ou une finition noire mate lisse, appliqu\u00e9e par poudrage \u00e9lectrostatique et cuite au four pour une surface r\u00e9sistante aux rayures et prot\u00e9g\u00e9e contre les intemp\u00e9ries. Id\u00e9ale pour les applications int\u00e9rieures et ext\u00e9rieures, elle offre une excellente r\u00e9sistance \u00e0 la corrosion, ce qui en fait un choix parfait pour les structures expos\u00e9es \u00e0 un fort degr\u00e9 de corrosion, comme les r\u00e9gions c\u00f4ti\u00e8res et les environnements de piscine.  Veuillez noter que chaque charni\u00e8re est vendue individuellement. Si vous souhaitez acheter une paire de charni\u00e8res, ajustez la quantit\u00e9 \u00e0 2 avant de passer votre commande. SP\u00c9CIFICATIONS TECHNIQUES    \u00c9paisseur du verre de s\u00e9curit\u00e9 3\/8\u201d - 1\/2\u201d (10 \u00e0 12 mm) \u2013 peut accueillir des panneaux en verre de 9\/16\u201d (13,5 mm)   Couleur\/Finition Acier inoxydable poli, Noir mat   Mat\u00e9riau de fabrication Acier inoxydable Duplex 2205   D\u00e9duction recommand\u00e9e de l\u2019\u00e9cart de la porte (c\u00f4t\u00e9 charni\u00e8re) 1\/4\u201d - 3\/8\u201d (6 \u00e0 10 mm)   Type de montage Montage sur panneau en verre   Utilisation recommand\u00e9e Int\u00e9rieur, Ext\u00e9rieur   C\u00f4t\u00e9 de montage R\u00e9versible\" \/>\n<meta property=\"og:url\" content=\"https:\/\/glassupply.com\/fr\/produit\/90-degree-glass-to-glass-door-hinge-for-frameless-glass-railing\/\" \/>\n<meta property=\"og:site_name\" content=\"Glassupply.com\" \/>\n<meta property=\"article:modified_time\" content=\"2025-06-04T12:02:40+00:00\" \/>\n<meta property=\"og:image\" content=\"https:\/\/glassupply.com\/wp-content\/uploads\/2024\/04\/R-DH-90GGHSS.webp\" \/>\n\t<meta property=\"og:image:width\" content=\"2000\" \/>\n\t<meta property=\"og:image:height\" content=\"2000\" \/>\n\t<meta property=\"og:image:type\" content=\"image\/webp\" \/>\n<meta name=\"twitter:card\" content=\"summary_large_image\" \/>\n<meta name=\"twitter:label1\" content=\"Est. reading time\" \/>\n\t<meta name=\"twitter:data1\" content=\"1 minute\" \/>\n<script type=\"application\/ld+json\" class=\"yoast-schema-graph\">{\"@context\":\"https:\/\/schema.org\",\"@graph\":[{\"@type\":\"WebPage\",\"@id\":\"https:\/\/glassupply.com\/fr\/produit\/90-degree-glass-to-glass-door-hinge-for-frameless-glass-railing\/\",\"url\":\"https:\/\/glassupply.com\/fr\/produit\/90-degree-glass-to-glass-door-hinge-for-frameless-glass-railing\/\",\"name\":\"90-Degree Glass-to-Glass Door Hinge for Frameless Glass Railing - Glassupply.com\",\"isPartOf\":{\"@id\":\"https:\/\/glassupply.com\/es\/#website\"},\"primaryImageOfPage\":{\"@id\":\"https:\/\/glassupply.com\/fr\/produit\/90-degree-glass-to-glass-door-hinge-for-frameless-glass-railing\/#primaryimage\"},\"image\":{\"@id\":\"https:\/\/glassupply.com\/fr\/produit\/90-degree-glass-to-glass-door-hinge-for-frameless-glass-railing\/#primaryimage\"},\"thumbnailUrl\":\"https:\/\/glassupply.com\/wp-content\/uploads\/2024\/04\/R-DH-90GGHSS.webp\",\"datePublished\":\"2024-04-08T19:06:23+00:00\",\"dateModified\":\"2025-06-04T12:02:40+00:00\",\"breadcrumb\":{\"@id\":\"https:\/\/glassupply.com\/fr\/produit\/90-degree-glass-to-glass-door-hinge-for-frameless-glass-railing\/#breadcrumb\"},\"inLanguage\":\"fr-FR\",\"potentialAction\":[{\"@type\":\"ReadAction\",\"target\":[\"https:\/\/glassupply.com\/fr\/produit\/90-degree-glass-to-glass-door-hinge-for-frameless-glass-railing\/\"]}]},{\"@type\":\"ImageObject\",\"inLanguage\":\"fr-FR\",\"@id\":\"https:\/\/glassupply.com\/fr\/produit\/90-degree-glass-to-glass-door-hinge-for-frameless-glass-railing\/#primaryimage\",\"url\":\"https:\/\/glassupply.com\/wp-content\/uploads\/2024\/04\/R-DH-90GGHSS.webp\",\"contentUrl\":\"https:\/\/glassupply.com\/wp-content\/uploads\/2024\/04\/R-DH-90GGHSS.webp\",\"width\":2000,\"height\":2000},{\"@type\":\"BreadcrumbList\",\"@id\":\"https:\/\/glassupply.com\/fr\/produit\/90-degree-glass-to-glass-door-hinge-for-frameless-glass-railing\/#breadcrumb\",\"itemListElement\":[{\"@type\":\"ListItem\",\"position\":1,\"name\":\"Shop\",\"item\":\"https:\/\/glassupply.com\/fr\/shop\/\"},{\"@type\":\"ListItem\",\"position\":2,\"name\":\"90-Degree Glass-to-Glass Door Hinge for Frameless Glass Railing\"}]},{\"@type\":\"WebSite\",\"@id\":\"https:\/\/glassupply.com\/es\/#website\",\"url\":\"https:\/\/glassupply.com\/es\/\",\"name\":\"Glassupply.com\",\"description\":\"From the manufacturer to your doorstep\",\"potentialAction\":[{\"@type\":\"SearchAction\",\"target\":{\"@type\":\"EntryPoint\",\"urlTemplate\":\"https:\/\/glassupply.com\/es\/?s={search_term_string}\"},\"query-input\":{\"@type\":\"PropertyValueSpecification\",\"valueRequired\":true,\"valueName\":\"search_term_string\"}}],\"inLanguage\":\"fr-FR\"}]}<\/script>\n<!-- \/ Yoast SEO plugin. -->","yoast_head_json":{"title":"90-Degree Glass-to-Glass Door Hinge for Frameless Glass Railing - Glassupply.com","robots":{"index":"index","follow":"follow","max-snippet":"max-snippet:-1","max-image-preview":"max-image-preview:large","max-video-preview":"max-video-preview:-1"},"canonical":"https:\/\/glassupply.com\/fr\/produit\/90-degree-glass-to-glass-door-hinge-for-frameless-glass-railing\/","og_locale":"fr_FR","og_type":"article","og_title":"90-Degree Glass-to-Glass Door Hinge for Frameless Glass Railing - Glassupply.com","og_description":"La charni\u00e8re \u00e0 ressort \u00e0 90 degr\u00e9s pour porte en verre \u00e0 verre sans cadre, disponible exclusivement sur Glassupply.com, est une charni\u00e8re hautement fonctionnelle et s\u00e9curis\u00e9e \u00e9quip\u00e9e d\u2019un m\u00e9canisme \u00e0 ressort de fermeture automatique. Cette charni\u00e8re est sp\u00e9cialement con\u00e7ue pour \u00eatre install\u00e9e sur un panneau de retour en verre \u00e0 90 degr\u00e9s, ce qui en fait un choix id\u00e9al pour les garde-corps en verre sans cadre. Gr\u00e2ce \u00e0 son m\u00e9canisme \u00e0 ressort, cette charni\u00e8re peut \u00e9galement s\u2019adapter \u00e0 d\u2019autres angles de retour.  Pour ajuster la tension du ressort, il suffit de retirer le capuchon plat sup\u00e9rieur et d'acc\u00e9der \u00e0 la vis de r\u00e9glage \u00e0 l\u2019aide d\u2019une cl\u00e9 Allen. De plus, combin\u00e9e \u00e0 notre loquet magn\u00e9tique autobloquant, cette charni\u00e8re \u00e0 fermeture automatique peut devenir un composant essentiel pour r\u00e9pondre aux exigences des barri\u00e8res de s\u00e9curit\u00e9 pour piscines mises en place par de nombreuses municipalit\u00e9s \u00e0 travers l\u2019Am\u00e9rique du Nord.  Fabriqu\u00e9e avec l\u2019alliage d\u2019acier inoxydable Duplex 2205 de la plus haute qualit\u00e9, cette quincaillerie marine r\u00e9sistante \u00e0 la corrosion est reconnue pour sa solidit\u00e9 exceptionnelle et sa r\u00e9sistance \u00e0 la corrosion dans des environnements ext\u00e9rieurs difficiles. Notre acier inoxydable Duplex 2205, alli\u00e9 \u00e0 22 % de chrome, 3 % de molybd\u00e8ne et de 5 \u00e0 6 % de nickel, offre une r\u00e9sistance \u00e0 la corrosion sup\u00e9rieure et plus du double de la limite d\u2019\u00e9lasticit\u00e9 de l\u2019acier inoxydable aust\u00e9nitique standard.  Choisissez entre une finition en acier inoxydable poli (bross\u00e9) ou une finition noire mate lisse, appliqu\u00e9e par poudrage \u00e9lectrostatique et cuite au four pour une surface r\u00e9sistante aux rayures et prot\u00e9g\u00e9e contre les intemp\u00e9ries. Id\u00e9ale pour les applications int\u00e9rieures et ext\u00e9rieures, elle offre une excellente r\u00e9sistance \u00e0 la corrosion, ce qui en fait un choix parfait pour les structures expos\u00e9es \u00e0 un fort degr\u00e9 de corrosion, comme les r\u00e9gions c\u00f4ti\u00e8res et les environnements de piscine.  Veuillez noter que chaque charni\u00e8re est vendue individuellement. Si vous souhaitez acheter une paire de charni\u00e8res, ajustez la quantit\u00e9 \u00e0 2 avant de passer votre commande. SP\u00c9CIFICATIONS TECHNIQUES    \u00c9paisseur du verre de s\u00e9curit\u00e9 3\/8\u201d - 1\/2\u201d (10 \u00e0 12 mm) \u2013 peut accueillir des panneaux en verre de 9\/16\u201d (13,5 mm)   Couleur\/Finition Acier inoxydable poli, Noir mat   Mat\u00e9riau de fabrication Acier inoxydable Duplex 2205   D\u00e9duction recommand\u00e9e de l\u2019\u00e9cart de la porte (c\u00f4t\u00e9 charni\u00e8re) 1\/4\u201d - 3\/8\u201d (6 \u00e0 10 mm)   Type de montage Montage sur panneau en verre   Utilisation recommand\u00e9e Int\u00e9rieur, Ext\u00e9rieur   C\u00f4t\u00e9 de montage R\u00e9versible","og_url":"https:\/\/glassupply.com\/fr\/produit\/90-degree-glass-to-glass-door-hinge-for-frameless-glass-railing\/","og_site_name":"Glassupply.com","article_modified_time":"2025-06-04T12:02:40+00:00","og_image":[{"width":2000,"height":2000,"url":"https:\/\/glassupply.com\/wp-content\/uploads\/2024\/04\/R-DH-90GGHSS.webp","type":"image\/webp"}],"twitter_card":"summary_large_image","twitter_misc":{"Est. reading time":"1 minute"},"schema":{"@context":"https:\/\/schema.org","@graph":[{"@type":"WebPage","@id":"https:\/\/glassupply.com\/fr\/produit\/90-degree-glass-to-glass-door-hinge-for-frameless-glass-railing\/","url":"https:\/\/glassupply.com\/fr\/produit\/90-degree-glass-to-glass-door-hinge-for-frameless-glass-railing\/","name":"90-Degree Glass-to-Glass Door Hinge for Frameless Glass Railing - Glassupply.com","isPartOf":{"@id":"https:\/\/glassupply.com\/es\/#website"},"primaryImageOfPage":{"@id":"https:\/\/glassupply.com\/fr\/produit\/90-degree-glass-to-glass-door-hinge-for-frameless-glass-railing\/#primaryimage"},"image":{"@id":"https:\/\/glassupply.com\/fr\/produit\/90-degree-glass-to-glass-door-hinge-for-frameless-glass-railing\/#primaryimage"},"thumbnailUrl":"https:\/\/glassupply.com\/wp-content\/uploads\/2024\/04\/R-DH-90GGHSS.webp","datePublished":"2024-04-08T19:06:23+00:00","dateModified":"2025-06-04T12:02:40+00:00","breadcrumb":{"@id":"https:\/\/glassupply.com\/fr\/produit\/90-degree-glass-to-glass-door-hinge-for-frameless-glass-railing\/#breadcrumb"},"inLanguage":"fr-FR","potentialAction":[{"@type":"ReadAction","target":["https:\/\/glassupply.com\/fr\/produit\/90-degree-glass-to-glass-door-hinge-for-frameless-glass-railing\/"]}]},{"@type":"ImageObject","inLanguage":"fr-FR","@id":"https:\/\/glassupply.com\/fr\/produit\/90-degree-glass-to-glass-door-hinge-for-frameless-glass-railing\/#primaryimage","url":"https:\/\/glassupply.com\/wp-content\/uploads\/2024\/04\/R-DH-90GGHSS.webp","contentUrl":"https:\/\/glassupply.com\/wp-content\/uploads\/2024\/04\/R-DH-90GGHSS.webp","width":2000,"height":2000},{"@type":"BreadcrumbList","@id":"https:\/\/glassupply.com\/fr\/produit\/90-degree-glass-to-glass-door-hinge-for-frameless-glass-railing\/#breadcrumb","itemListElement":[{"@type":"ListItem","position":1,"name":"Shop","item":"https:\/\/glassupply.com\/fr\/shop\/"},{"@type":"ListItem","position":2,"name":"90-Degree Glass-to-Glass Door Hinge for Frameless Glass Railing"}]},{"@type":"WebSite","@id":"https:\/\/glassupply.com\/es\/#website","url":"https:\/\/glassupply.com\/es\/","name":"Glassupply.com","description":"From the manufacturer to your doorstep","potentialAction":[{"@type":"SearchAction","target":{"@type":"EntryPoint","urlTemplate":"https:\/\/glassupply.com\/es\/?s={search_term_string}"},"query-input":{"@type":"PropertyValueSpecification","valueRequired":true,"valueName":"search_term_string"}}],"inLanguage":"fr-FR"}]}},"_links":{"self":[{"href":"https:\/\/glassupply.com\/fr\/wp-json\/wp\/v2\/product\/7081","targetHints":{"allow":["GET"]}}],"collection":[{"href":"https:\/\/glassupply.com\/fr\/wp-json\/wp\/v2\/product"}],"about":[{"href":"https:\/\/glassupply.com\/fr\/wp-json\/wp\/v2\/types\/product"}],"replies":[{"embeddable":true,"href":"https:\/\/glassupply.com\/fr\/wp-json\/wp\/v2\/comments?post=7081"}],"wp:featuredmedia":[{"embeddable":true,"href":"https:\/\/glassupply.com\/fr\/wp-json\/wp\/v2\/media\/7042"}],"wp:attachment":[{"href":"https:\/\/glassupply.com\/fr\/wp-json\/wp\/v2\/media?parent=7081"}],"wp:term":[{"taxonomy":"product_brand","embeddable":true,"href":"https:\/\/glassupply.com\/fr\/wp-json\/wp\/v2\/product_brand?post=7081"},{"taxonomy":"product_cat","embeddable":true,"href":"https:\/\/glassupply.com\/fr\/wp-json\/wp\/v2\/product_cat?post=7081"},{"taxonomy":"product_tag","embeddable":true,"href":"https:\/\/glassupply.com\/fr\/wp-json\/wp\/v2\/product_tag?post=7081"}],"curies":[{"name":"wp","href":"https:\/\/api.w.org\/{rel}","templated":true}]}}