{"id":7116,"date":"2024-04-08T13:06:03","date_gmt":"2024-04-08T18:06:03","guid":{"rendered":"https:\/\/glassupply.com\/shop\/straight-fascia-mounted-square-post-kit\/"},"modified":"2025-06-04T04:05:40","modified_gmt":"2025-06-04T09:05:40","slug":"straight-fascia-mounted-square-post-kit","status":"publish","type":"product","link":"https:\/\/glassupply.com\/fr\/produit\/straight-fascia-mounted-square-post-kit\/","title":{"rendered":"Straight Fascia Mounted 2 1\/4&Prime; Square Post Kit"},"content":{"rendered":"","protected":false},"excerpt":{"rendered":"<p><span style=\"font-weight: 400;\">Pr\u00e9sentation de notre kit poteau carr\u00e9 GS 2 1\/4&Prime; pour applications droites mont\u00e9es sur fascia, un \u00e9l\u00e9ment cl\u00e9 parfaitement adapt\u00e9 \u00e0 notre syst\u00e8me de garde-corps encadr\u00e9 en aluminium GS mont\u00e9 sur fascia. Ce poteau robuste constitue un \u00e9l\u00e9ment fondamental pour assurer l&rsquo;int\u00e9grit\u00e9 structurelle et la stabilit\u00e9 de notre solution de garde-corps encadr\u00e9 en aluminium GS, mais peut \u00e9galement \u00eatre utilis\u00e9 pour d&rsquo;autres applications.<\/span><\/p>\n<p><span style=\"font-weight: 400;\">Le poteau droit mont\u00e9 sur fascia est con\u00e7u pour une fixation s\u00e9curis\u00e9e sur la planche de fascia en ligne (lat\u00e9rale) d&rsquo;une terrasse ou toute autre surface, garantissant stabilit\u00e9 et fiabilit\u00e9. Lorsqu&rsquo;il s&rsquo;agit de surfaces pr\u00e9sentant un bord goutte \u00e0 goutte ou un nez de marche, l&rsquo;utilisation de plusieurs cales d&rsquo;\u00e9querre droites de fascia de 1\/2&Prime; empil\u00e9es ensemble permet de compenser efficacement le d\u00e9bord du nez.<\/span><b> Les cales d&rsquo;\u00e9querre droites sont vendues s\u00e9par\u00e9ment.<\/b><\/p>\n<p><b>Le principal avantage d&rsquo;utiliser un syst\u00e8me mont\u00e9 sur fascia est la possibilit\u00e9 d&rsquo;\u00e9conomiser plus de 4 pouces d&rsquo;espace de terrasse par rapport aux poteaux mont\u00e9s en surface.<\/b><\/p>\n<p><span style=\"font-weight: 400;\">Obtenez une esth\u00e9tique optimale avec notre poteau et notre syst\u00e8me de garde-corps encadr\u00e9 en aluminium, offrant<\/span><b> aucune vis visible ni trace de soudure pour une finition parfaite.<\/b><\/p>\n<p><span style=\"font-weight: 400;\">Con\u00e7u pour simplifier l&rsquo;installation des panneaux de verre, y compris sur des surfaces horizontales irr\u00e9guli\u00e8res,<\/span><\/p>\n<p><span style=\"font-weight: 400;\">Le kit poteau est \u00e9quip\u00e9 d&rsquo;un support mont\u00e9 sur fascia, d&rsquo;un chapeau de poteau, de caches vis \u00e0 t\u00eate \u00e0 lanterne et Phillips.<\/span><\/p>\n<p><span style=\"font-weight: 400;\">Pour les poteaux mont\u00e9s sur fascia fix\u00e9s aux angles, optez pour les kits poteaux carr\u00e9s 2 1\/4&Prime; mont\u00e9s sur fascia d&rsquo;angle int\u00e9rieur ou ext\u00e9rieur.<\/span><\/p>\n<p><span style=\"font-weight: 400;\">\u00c9galement disponible avec une base mont\u00e9e sur le dessus.<\/span><\/p>\n<p><span style=\"font-weight: 400;\">\u00a0\u00a0Caract\u00e9ristiques cl\u00e9s et avantages :<\/span><\/p>\n<p><span style=\"font-weight: 400;\">&#8211; Ces poteaux sont minutieusement con\u00e7us pour une int\u00e9gration parfaite et une performance durable.<\/span><\/p>\n<p><span style=\"font-weight: 400;\">&#8211; La g\u00e9om\u00e9trie interne des guides de vis dans la section interne du poteau facilite les connexions aux autres composants du syst\u00e8me de mani\u00e8re discr\u00e8te.<\/span><\/p>\n<p><span style=\"font-weight: 400;\">&#8211; Le design carr\u00e9 de 2 -1\/4&Prime; avec coins \u00e0 rayon serr\u00e9 offre solidit\u00e9 tout en minimisant l&rsquo;obstruction de la vue et en conservant un look \u00e9l\u00e9gant et contemporain.<\/span><\/p>\n<p><span style=\"font-weight: 400;\">&#8211; Fabriqu\u00e9s en aluminium 6063-T6, ces poteaux garantissent solidit\u00e9 et support du verre sans affaissement ni besoin de support additionnel.<\/span><\/p>\n<p><span style=\"font-weight: 400;\">&#8211; La peinture en poudre AAMA 2604 assure une durabilit\u00e9 de premier ordre.<\/span><\/p>\n<p><span style=\"font-weight: 400;\">&#8211; Disponibles en hauteurs finales de garde-corps de 36\u201d, 42\u201d et 48\u201d, ces poteaux r\u00e9pondent \u00e0 divers besoins de projet.<\/span><\/p>\n<p><span style=\"font-weight: 400;\">&#8211; Syst\u00e8me d&rsquo;ajustement serr\u00e9 du chapeau de poteau, sans colle ni silicone requis.<\/span><\/p>\n<h2><b>LE KIT COMPREND<\/b><\/h2>\n<table>\n<tbody>\n<tr>\n<td><b>Produit<\/b><\/td>\n<td><b>R\u00e9f\u00e9rence<\/b><\/td>\n<td><b>Qt\u00e9<\/b><\/td>\n<\/tr>\n<tr>\n<td><span style=\"font-weight: 400;\">Poteau carr\u00e9 2 1\/4&Prime;<\/span><\/td>\n<td><span style=\"font-weight: 400;\">R-AFR-37PO-XX, ou R-AFR-43PO-XX, ou R-AFR-49PO-XX<\/span><\/td>\n<td><span style=\"font-weight: 400;\">1<\/span><\/td>\n<\/tr>\n<tr>\n<td><span style=\"font-weight: 400;\">Support d&rsquo;\u00e9querre droit mont\u00e9 sur fascia<\/span><\/td>\n<td><span style=\"font-weight: 400;\">R-AFR-FMSB-XX<\/span><\/td>\n<td><span style=\"font-weight: 400;\">1<\/span><\/td>\n<\/tr>\n<tr>\n<td><span style=\"font-weight: 400;\">Chapeau de poteau<\/span><\/td>\n<td><span style=\"font-weight: 400;\">R-AFR-PC<\/span><\/td>\n<td><span style=\"font-weight: 400;\">1<\/span><\/td>\n<\/tr>\n<tr>\n<td><span style=\"font-weight: 400;\">Caches vis \u00e0 t\u00eate lag<\/span><\/td>\n<td><span style=\"font-weight: 400;\">R-AFR-CLS-XX<\/span><\/td>\n<td><span style=\"font-weight: 400;\">4<\/span><\/td>\n<\/tr>\n<tr>\n<td><span style=\"font-weight: 400;\">Vis \u00e0 t\u00eate plate en acier inoxydable 18-8, taille #10, 1&Prime; de long (pour fixation support au poteau)<\/span><\/td>\n<td><span style=\"font-weight: 400;\">R-AFR-FMSCW10-1-00<\/span><\/td>\n<td><span style=\"font-weight: 400;\">2<\/span><\/td>\n<\/tr>\n<\/tbody>\n<\/table>\n<h2><b>SP\u00c9CIFICATIONS TECHNIQUES<\/b><\/h2>\n<table>\n<tbody>\n<tr>\n<td><b>Traitement de surface<\/b><\/td>\n<td><span style=\"font-weight: 400;\">Rev\u00eatement en poudre<\/span><\/td>\n<\/tr>\n<tr>\n<td><b>Couleur\/Finition<\/b><\/td>\n<td><span style=\"font-weight: 400;\">Blanc, Noir<\/span><\/td>\n<\/tr>\n<tr>\n<td><b>Mat\u00e9riau de fabrication<\/b><\/td>\n<td><span style=\"font-weight: 400;\">Aluminium 6063-T6<\/span><\/td>\n<\/tr>\n<tr>\n<td><b>Usage recommand\u00e9<\/b><\/td>\n<td><span style=\"font-weight: 400;\">Garde-corps, cl\u00f4ture de piscine, rambarde, garde-corps de terrasse<\/span><\/td>\n<\/tr>\n<\/tbody>\n<\/table>\n","protected":false},"featured_media":16494,"comment_status":"closed","ping_status":"closed","template":"","meta":{"_acf_changed":false,"inline_featured_image":false},"product_brand":[],"product_cat":[71,156,130],"product_tag":[],"class_list":{"0":"post-7116","1":"product","2":"type-product","3":"status-publish","4":"has-post-thumbnail","6":"product_cat-glass-fence-railing-hardware-fr","7":"product_cat-aluminum-framed-railing-fr-glass-fence-railing-hardware-fr","8":"product_cat-railing-system-fr","10":"first","11":"instock","12":"taxable","13":"shipping-taxable","14":"purchasable","15":"product-type-variable"},"acf":[],"yoast_head":"<!-- This site is optimized with the Yoast SEO plugin v26.9 - https:\/\/yoast.com\/product\/yoast-seo-wordpress\/ -->\n<title>Straight Fascia Mounted 2 1\/4&quot; Square Post Kit - Glassupply.com<\/title>\n<meta name=\"robots\" content=\"index, follow, max-snippet:-1, max-image-preview:large, max-video-preview:-1\" \/>\n<link rel=\"canonical\" href=\"https:\/\/glassupply.com\/fr\/produit\/straight-fascia-mounted-square-post-kit\/\" \/>\n<meta property=\"og:locale\" content=\"fr_FR\" \/>\n<meta property=\"og:type\" content=\"article\" \/>\n<meta property=\"og:title\" content=\"Straight Fascia Mounted 2 1\/4&quot; Square Post Kit - Glassupply.com\" \/>\n<meta property=\"og:description\" content=\"Pr\u00e9sentation de notre kit poteau carr\u00e9 GS 2 1\/4&quot; pour applications droites mont\u00e9es sur fascia, un \u00e9l\u00e9ment cl\u00e9 parfaitement adapt\u00e9 \u00e0 notre syst\u00e8me de garde-corps encadr\u00e9 en aluminium GS mont\u00e9 sur fascia. Ce poteau robuste constitue un \u00e9l\u00e9ment fondamental pour assurer l&#039;int\u00e9grit\u00e9 structurelle et la stabilit\u00e9 de notre solution de garde-corps encadr\u00e9 en aluminium GS, mais peut \u00e9galement \u00eatre utilis\u00e9 pour d&#039;autres applications.  Le poteau droit mont\u00e9 sur fascia est con\u00e7u pour une fixation s\u00e9curis\u00e9e sur la planche de fascia en ligne (lat\u00e9rale) d&#039;une terrasse ou toute autre surface, garantissant stabilit\u00e9 et fiabilit\u00e9. Lorsqu&#039;il s&#039;agit de surfaces pr\u00e9sentant un bord goutte \u00e0 goutte ou un nez de marche, l&#039;utilisation de plusieurs cales d&#039;\u00e9querre droites de fascia de 1\/2&quot; empil\u00e9es ensemble permet de compenser efficacement le d\u00e9bord du nez. Les cales d&#039;\u00e9querre droites sont vendues s\u00e9par\u00e9ment.  Le principal avantage d&#039;utiliser un syst\u00e8me mont\u00e9 sur fascia est la possibilit\u00e9 d&#039;\u00e9conomiser plus de 4 pouces d&#039;espace de terrasse par rapport aux poteaux mont\u00e9s en surface.  Obtenez une esth\u00e9tique optimale avec notre poteau et notre syst\u00e8me de garde-corps encadr\u00e9 en aluminium, offrant aucune vis visible ni trace de soudure pour une finition parfaite.  Con\u00e7u pour simplifier l&#039;installation des panneaux de verre, y compris sur des surfaces horizontales irr\u00e9guli\u00e8res,  Le kit poteau est \u00e9quip\u00e9 d&#039;un support mont\u00e9 sur fascia, d&#039;un chapeau de poteau, de caches vis \u00e0 t\u00eate \u00e0 lanterne et Phillips.  Pour les poteaux mont\u00e9s sur fascia fix\u00e9s aux angles, optez pour les kits poteaux carr\u00e9s 2 1\/4&quot; mont\u00e9s sur fascia d&#039;angle int\u00e9rieur ou ext\u00e9rieur.  \u00c9galement disponible avec une base mont\u00e9e sur le dessus.  \u00a0\u00a0Caract\u00e9ristiques cl\u00e9s et avantages :  - Ces poteaux sont minutieusement con\u00e7us pour une int\u00e9gration parfaite et une performance durable.  - La g\u00e9om\u00e9trie interne des guides de vis dans la section interne du poteau facilite les connexions aux autres composants du syst\u00e8me de mani\u00e8re discr\u00e8te.  - Le design carr\u00e9 de 2 -1\/4&quot; avec coins \u00e0 rayon serr\u00e9 offre solidit\u00e9 tout en minimisant l&#039;obstruction de la vue et en conservant un look \u00e9l\u00e9gant et contemporain.  - Fabriqu\u00e9s en aluminium 6063-T6, ces poteaux garantissent solidit\u00e9 et support du verre sans affaissement ni besoin de support additionnel.  - La peinture en poudre AAMA 2604 assure une durabilit\u00e9 de premier ordre.  - Disponibles en hauteurs finales de garde-corps de 36\u201d, 42\u201d et 48\u201d, ces poteaux r\u00e9pondent \u00e0 divers besoins de projet.  - Syst\u00e8me d&#039;ajustement serr\u00e9 du chapeau de poteau, sans colle ni silicone requis. LE KIT COMPREND    Produit R\u00e9f\u00e9rence Qt\u00e9   Poteau carr\u00e9 2 1\/4&quot; R-AFR-37PO-XX, ou R-AFR-43PO-XX, ou R-AFR-49PO-XX 1   Support d&#039;\u00e9querre droit mont\u00e9 sur fascia R-AFR-FMSB-XX 1   Chapeau de poteau R-AFR-PC 1   Caches vis \u00e0 t\u00eate lag R-AFR-CLS-XX 4   Vis \u00e0 t\u00eate plate en acier inoxydable 18-8, taille #10, 1&quot; de long (pour fixation support au poteau) R-AFR-FMSCW10-1-00 2    SP\u00c9CIFICATIONS TECHNIQUES    Traitement de surface Rev\u00eatement en poudre   Couleur\/Finition Blanc, Noir   Mat\u00e9riau de fabrication Aluminium 6063-T6   Usage recommand\u00e9 Garde-corps, cl\u00f4ture de piscine, rambarde, garde-corps de terrasse\" \/>\n<meta property=\"og:url\" content=\"https:\/\/glassupply.com\/fr\/produit\/straight-fascia-mounted-square-post-kit\/\" \/>\n<meta property=\"og:site_name\" content=\"Glassupply.com\" \/>\n<meta property=\"article:modified_time\" content=\"2025-06-04T09:05:40+00:00\" \/>\n<meta property=\"og:image\" content=\"https:\/\/glassupply.com\/wp-content\/uploads\/2024\/04\/06_04_BK_v2.webp\" \/>\n\t<meta property=\"og:image:width\" content=\"2000\" \/>\n\t<meta property=\"og:image:height\" content=\"2000\" \/>\n\t<meta property=\"og:image:type\" content=\"image\/webp\" \/>\n<meta name=\"twitter:card\" content=\"summary_large_image\" \/>\n<meta name=\"twitter:label1\" content=\"Est. reading time\" \/>\n\t<meta name=\"twitter:data1\" content=\"1 minute\" \/>\n<script type=\"application\/ld+json\" class=\"yoast-schema-graph\">{\"@context\":\"https:\/\/schema.org\",\"@graph\":[{\"@type\":\"WebPage\",\"@id\":\"https:\/\/glassupply.com\/fr\/produit\/straight-fascia-mounted-square-post-kit\/\",\"url\":\"https:\/\/glassupply.com\/fr\/produit\/straight-fascia-mounted-square-post-kit\/\",\"name\":\"Straight Fascia Mounted 2 1\/4\\\" Square Post Kit - Glassupply.com\",\"isPartOf\":{\"@id\":\"https:\/\/glassupply.com\/es\/#website\"},\"primaryImageOfPage\":{\"@id\":\"https:\/\/glassupply.com\/fr\/produit\/straight-fascia-mounted-square-post-kit\/#primaryimage\"},\"image\":{\"@id\":\"https:\/\/glassupply.com\/fr\/produit\/straight-fascia-mounted-square-post-kit\/#primaryimage\"},\"thumbnailUrl\":\"https:\/\/glassupply.com\/wp-content\/uploads\/2025\/10\/R-AFR-49POSFMKIT-BK.jpg\",\"datePublished\":\"2024-04-08T18:06:03+00:00\",\"dateModified\":\"2025-06-04T09:05:40+00:00\",\"breadcrumb\":{\"@id\":\"https:\/\/glassupply.com\/fr\/produit\/straight-fascia-mounted-square-post-kit\/#breadcrumb\"},\"inLanguage\":\"fr-FR\",\"potentialAction\":[{\"@type\":\"ReadAction\",\"target\":[\"https:\/\/glassupply.com\/fr\/produit\/straight-fascia-mounted-square-post-kit\/\"]}]},{\"@type\":\"ImageObject\",\"inLanguage\":\"fr-FR\",\"@id\":\"https:\/\/glassupply.com\/fr\/produit\/straight-fascia-mounted-square-post-kit\/#primaryimage\",\"url\":\"https:\/\/glassupply.com\/wp-content\/uploads\/2025\/10\/R-AFR-49POSFMKIT-BK.jpg\",\"contentUrl\":\"https:\/\/glassupply.com\/wp-content\/uploads\/2025\/10\/R-AFR-49POSFMKIT-BK.jpg\",\"width\":2000,\"height\":2000},{\"@type\":\"BreadcrumbList\",\"@id\":\"https:\/\/glassupply.com\/fr\/produit\/straight-fascia-mounted-square-post-kit\/#breadcrumb\",\"itemListElement\":[{\"@type\":\"ListItem\",\"position\":1,\"name\":\"Shop\",\"item\":\"https:\/\/glassupply.com\/fr\/shop\/\"},{\"@type\":\"ListItem\",\"position\":2,\"name\":\"Straight Fascia Mounted 2 1\/4&#8243; Square Post Kit\"}]},{\"@type\":\"WebSite\",\"@id\":\"https:\/\/glassupply.com\/es\/#website\",\"url\":\"https:\/\/glassupply.com\/es\/\",\"name\":\"Glassupply.com\",\"description\":\"From the manufacturer to your doorstep\",\"potentialAction\":[{\"@type\":\"SearchAction\",\"target\":{\"@type\":\"EntryPoint\",\"urlTemplate\":\"https:\/\/glassupply.com\/es\/?s={search_term_string}\"},\"query-input\":{\"@type\":\"PropertyValueSpecification\",\"valueRequired\":true,\"valueName\":\"search_term_string\"}}],\"inLanguage\":\"fr-FR\"}]}<\/script>\n<!-- \/ Yoast SEO plugin. -->","yoast_head_json":{"title":"Straight Fascia Mounted 2 1\/4\" Square Post Kit - Glassupply.com","robots":{"index":"index","follow":"follow","max-snippet":"max-snippet:-1","max-image-preview":"max-image-preview:large","max-video-preview":"max-video-preview:-1"},"canonical":"https:\/\/glassupply.com\/fr\/produit\/straight-fascia-mounted-square-post-kit\/","og_locale":"fr_FR","og_type":"article","og_title":"Straight Fascia Mounted 2 1\/4\" Square Post Kit - Glassupply.com","og_description":"Pr\u00e9sentation de notre kit poteau carr\u00e9 GS 2 1\/4\" pour applications droites mont\u00e9es sur fascia, un \u00e9l\u00e9ment cl\u00e9 parfaitement adapt\u00e9 \u00e0 notre syst\u00e8me de garde-corps encadr\u00e9 en aluminium GS mont\u00e9 sur fascia. Ce poteau robuste constitue un \u00e9l\u00e9ment fondamental pour assurer l'int\u00e9grit\u00e9 structurelle et la stabilit\u00e9 de notre solution de garde-corps encadr\u00e9 en aluminium GS, mais peut \u00e9galement \u00eatre utilis\u00e9 pour d'autres applications.  Le poteau droit mont\u00e9 sur fascia est con\u00e7u pour une fixation s\u00e9curis\u00e9e sur la planche de fascia en ligne (lat\u00e9rale) d'une terrasse ou toute autre surface, garantissant stabilit\u00e9 et fiabilit\u00e9. Lorsqu'il s'agit de surfaces pr\u00e9sentant un bord goutte \u00e0 goutte ou un nez de marche, l'utilisation de plusieurs cales d'\u00e9querre droites de fascia de 1\/2\" empil\u00e9es ensemble permet de compenser efficacement le d\u00e9bord du nez. Les cales d'\u00e9querre droites sont vendues s\u00e9par\u00e9ment.  Le principal avantage d'utiliser un syst\u00e8me mont\u00e9 sur fascia est la possibilit\u00e9 d'\u00e9conomiser plus de 4 pouces d'espace de terrasse par rapport aux poteaux mont\u00e9s en surface.  Obtenez une esth\u00e9tique optimale avec notre poteau et notre syst\u00e8me de garde-corps encadr\u00e9 en aluminium, offrant aucune vis visible ni trace de soudure pour une finition parfaite.  Con\u00e7u pour simplifier l'installation des panneaux de verre, y compris sur des surfaces horizontales irr\u00e9guli\u00e8res,  Le kit poteau est \u00e9quip\u00e9 d'un support mont\u00e9 sur fascia, d'un chapeau de poteau, de caches vis \u00e0 t\u00eate \u00e0 lanterne et Phillips.  Pour les poteaux mont\u00e9s sur fascia fix\u00e9s aux angles, optez pour les kits poteaux carr\u00e9s 2 1\/4\" mont\u00e9s sur fascia d'angle int\u00e9rieur ou ext\u00e9rieur.  \u00c9galement disponible avec une base mont\u00e9e sur le dessus.  \u00a0\u00a0Caract\u00e9ristiques cl\u00e9s et avantages :  - Ces poteaux sont minutieusement con\u00e7us pour une int\u00e9gration parfaite et une performance durable.  - La g\u00e9om\u00e9trie interne des guides de vis dans la section interne du poteau facilite les connexions aux autres composants du syst\u00e8me de mani\u00e8re discr\u00e8te.  - Le design carr\u00e9 de 2 -1\/4\" avec coins \u00e0 rayon serr\u00e9 offre solidit\u00e9 tout en minimisant l'obstruction de la vue et en conservant un look \u00e9l\u00e9gant et contemporain.  - Fabriqu\u00e9s en aluminium 6063-T6, ces poteaux garantissent solidit\u00e9 et support du verre sans affaissement ni besoin de support additionnel.  - La peinture en poudre AAMA 2604 assure une durabilit\u00e9 de premier ordre.  - Disponibles en hauteurs finales de garde-corps de 36\u201d, 42\u201d et 48\u201d, ces poteaux r\u00e9pondent \u00e0 divers besoins de projet.  - Syst\u00e8me d'ajustement serr\u00e9 du chapeau de poteau, sans colle ni silicone requis. LE KIT COMPREND    Produit R\u00e9f\u00e9rence Qt\u00e9   Poteau carr\u00e9 2 1\/4\" R-AFR-37PO-XX, ou R-AFR-43PO-XX, ou R-AFR-49PO-XX 1   Support d'\u00e9querre droit mont\u00e9 sur fascia R-AFR-FMSB-XX 1   Chapeau de poteau R-AFR-PC 1   Caches vis \u00e0 t\u00eate lag R-AFR-CLS-XX 4   Vis \u00e0 t\u00eate plate en acier inoxydable 18-8, taille #10, 1\" de long (pour fixation support au poteau) R-AFR-FMSCW10-1-00 2    SP\u00c9CIFICATIONS TECHNIQUES    Traitement de surface Rev\u00eatement en poudre   Couleur\/Finition Blanc, Noir   Mat\u00e9riau de fabrication Aluminium 6063-T6   Usage recommand\u00e9 Garde-corps, cl\u00f4ture de piscine, rambarde, garde-corps de terrasse","og_url":"https:\/\/glassupply.com\/fr\/produit\/straight-fascia-mounted-square-post-kit\/","og_site_name":"Glassupply.com","article_modified_time":"2025-06-04T09:05:40+00:00","og_image":[{"width":2000,"height":2000,"url":"https:\/\/glassupply.com\/wp-content\/uploads\/2024\/04\/06_04_BK_v2.webp","type":"image\/webp"}],"twitter_card":"summary_large_image","twitter_misc":{"Est. reading time":"1 minute"},"schema":{"@context":"https:\/\/schema.org","@graph":[{"@type":"WebPage","@id":"https:\/\/glassupply.com\/fr\/produit\/straight-fascia-mounted-square-post-kit\/","url":"https:\/\/glassupply.com\/fr\/produit\/straight-fascia-mounted-square-post-kit\/","name":"Straight Fascia Mounted 2 1\/4\" Square Post Kit - Glassupply.com","isPartOf":{"@id":"https:\/\/glassupply.com\/es\/#website"},"primaryImageOfPage":{"@id":"https:\/\/glassupply.com\/fr\/produit\/straight-fascia-mounted-square-post-kit\/#primaryimage"},"image":{"@id":"https:\/\/glassupply.com\/fr\/produit\/straight-fascia-mounted-square-post-kit\/#primaryimage"},"thumbnailUrl":"https:\/\/glassupply.com\/wp-content\/uploads\/2025\/10\/R-AFR-49POSFMKIT-BK.jpg","datePublished":"2024-04-08T18:06:03+00:00","dateModified":"2025-06-04T09:05:40+00:00","breadcrumb":{"@id":"https:\/\/glassupply.com\/fr\/produit\/straight-fascia-mounted-square-post-kit\/#breadcrumb"},"inLanguage":"fr-FR","potentialAction":[{"@type":"ReadAction","target":["https:\/\/glassupply.com\/fr\/produit\/straight-fascia-mounted-square-post-kit\/"]}]},{"@type":"ImageObject","inLanguage":"fr-FR","@id":"https:\/\/glassupply.com\/fr\/produit\/straight-fascia-mounted-square-post-kit\/#primaryimage","url":"https:\/\/glassupply.com\/wp-content\/uploads\/2025\/10\/R-AFR-49POSFMKIT-BK.jpg","contentUrl":"https:\/\/glassupply.com\/wp-content\/uploads\/2025\/10\/R-AFR-49POSFMKIT-BK.jpg","width":2000,"height":2000},{"@type":"BreadcrumbList","@id":"https:\/\/glassupply.com\/fr\/produit\/straight-fascia-mounted-square-post-kit\/#breadcrumb","itemListElement":[{"@type":"ListItem","position":1,"name":"Shop","item":"https:\/\/glassupply.com\/fr\/shop\/"},{"@type":"ListItem","position":2,"name":"Straight Fascia Mounted 2 1\/4&#8243; Square Post Kit"}]},{"@type":"WebSite","@id":"https:\/\/glassupply.com\/es\/#website","url":"https:\/\/glassupply.com\/es\/","name":"Glassupply.com","description":"From the manufacturer to your doorstep","potentialAction":[{"@type":"SearchAction","target":{"@type":"EntryPoint","urlTemplate":"https:\/\/glassupply.com\/es\/?s={search_term_string}"},"query-input":{"@type":"PropertyValueSpecification","valueRequired":true,"valueName":"search_term_string"}}],"inLanguage":"fr-FR"}]}},"_links":{"self":[{"href":"https:\/\/glassupply.com\/fr\/wp-json\/wp\/v2\/product\/7116","targetHints":{"allow":["GET"]}}],"collection":[{"href":"https:\/\/glassupply.com\/fr\/wp-json\/wp\/v2\/product"}],"about":[{"href":"https:\/\/glassupply.com\/fr\/wp-json\/wp\/v2\/types\/product"}],"replies":[{"embeddable":true,"href":"https:\/\/glassupply.com\/fr\/wp-json\/wp\/v2\/comments?post=7116"}],"wp:featuredmedia":[{"embeddable":true,"href":"https:\/\/glassupply.com\/fr\/wp-json\/wp\/v2\/media\/16494"}],"wp:attachment":[{"href":"https:\/\/glassupply.com\/fr\/wp-json\/wp\/v2\/media?parent=7116"}],"wp:term":[{"taxonomy":"product_brand","embeddable":true,"href":"https:\/\/glassupply.com\/fr\/wp-json\/wp\/v2\/product_brand?post=7116"},{"taxonomy":"product_cat","embeddable":true,"href":"https:\/\/glassupply.com\/fr\/wp-json\/wp\/v2\/product_cat?post=7116"},{"taxonomy":"product_tag","embeddable":true,"href":"https:\/\/glassupply.com\/fr\/wp-json\/wp\/v2\/product_tag?post=7116"}],"curies":[{"name":"wp","href":"https:\/\/api.w.org\/{rel}","templated":true}]}}