{"id":7283,"date":"2024-04-09T15:24:05","date_gmt":"2024-04-09T20:24:05","guid":{"rendered":"https:\/\/glassupply.com\/shop\/single-sided-square-towel-bar-18\/"},"modified":"2025-06-05T01:53:32","modified_gmt":"2025-06-05T06:53:32","slug":"single-sided-square-towel-bar-18","status":"publish","type":"product","link":"https:\/\/glassupply.com\/fr\/produit\/single-sided-square-towel-bar-18\/","title":{"rendered":"Single-Sided Square Towel Bar 18&Prime;"},"content":{"rendered":"","protected":false},"excerpt":{"rendered":"<p><span style=\"font-weight: 400;\">La barre \u00e0 serviettes carr\u00e9e simple face de 18&Prime; est con\u00e7ue pour \u00eatre install\u00e9e sur un c\u00f4t\u00e9 d&rsquo;un panneau de verre fixe de douche, permettant un acc\u00e8s pratique et un look \u00e9l\u00e9gant. La barre \u00e0 serviettes est facile \u00e0 installer et est fournie avec tout le mat\u00e9riel n\u00e9cessaire pour une fixation s\u00e9curis\u00e9e et stable \u00e0 la porte.<\/span><\/p>\n<p><span style=\"font-weight: 400;\">Veuillez noter qu&rsquo;une fabrication sp\u00e9ciale du verre est n\u00e9cessaire pour accueillir la poign\u00e9e.<\/span><\/p>\n<p><span style=\"font-weight: 400;\">Notre processus de finition de la quincaillerie de douche inclut trois m\u00e9thodes appliqu\u00e9es diff\u00e9rentes, chacune aboutissant \u00e0 une finition durable, r\u00e9sistante \u00e0 la corrosion et visuellement attrayante. Ces m\u00e9thodes comprennent l&rsquo;\u00e9lectrophor\u00e8se (noir mat), le chromage (chrome) et le nickelage (nickel bross\u00e9). Quelle que soit l&rsquo;option choisie, notre processus de finition garantit une belle finition durable qui r\u00e9pond aux normes industrielles les plus \u00e9lev\u00e9es en mati\u00e8re de qualit\u00e9 et de durabilit\u00e9, offrant une performance et un attrait visuel exceptionnels.<\/span><\/p>\n<h2><b>SP\u00c9CIFICATIONS TECHNIQUES<\/b><\/h2>\n<table>\n<tbody>\n<tr>\n<td><b>\u00c9paisseur du verre de s\u00e9curit\u00e9<\/b><\/td>\n<td><span style=\"font-weight: 400;\">6 mm (1\/4&Prime;) \u00e0 12 mm (1\/2&Prime;)<\/span><\/td>\n<\/tr>\n<tr>\n<td><b>Couleur\/Finition<\/b><\/td>\n<td><span style=\"font-weight: 400;\">Chrome, Nickel bross\u00e9, Noir mat<\/span><\/td>\n<\/tr>\n<tr>\n<td><b>Mat\u00e9riau de fabrication<\/b><\/td>\n<td><span style=\"font-weight: 400;\">Acier inoxydable<\/span><\/td>\n<\/tr>\n<\/tbody>\n<\/table>\n","protected":false},"featured_media":7172,"comment_status":"closed","ping_status":"closed","template":"","meta":{"_acf_changed":false,"inline_featured_image":false},"product_brand":[],"product_cat":[73],"product_tag":[],"class_list":{"0":"post-7283","1":"product","2":"type-product","3":"status-publish","4":"has-post-thumbnail","6":"product_cat-shower-hardware-fr","8":"first","9":"instock","10":"taxable","11":"shipping-taxable","12":"purchasable","13":"product-type-variable","14":"has-default-attributes"},"acf":[],"yoast_head":"<!-- This site is optimized with the Yoast SEO plugin v26.9 - https:\/\/yoast.com\/product\/yoast-seo-wordpress\/ -->\n<title>Single-Sided Square Towel Bar 18&quot; - Glassupply.com<\/title>\n<meta name=\"robots\" content=\"index, follow, max-snippet:-1, max-image-preview:large, max-video-preview:-1\" \/>\n<link rel=\"canonical\" href=\"https:\/\/glassupply.com\/fr\/produit\/single-sided-square-towel-bar-18\/\" \/>\n<meta property=\"og:locale\" content=\"fr_FR\" \/>\n<meta property=\"og:type\" content=\"article\" \/>\n<meta property=\"og:title\" content=\"Single-Sided Square Towel Bar 18&quot; - Glassupply.com\" \/>\n<meta property=\"og:description\" content=\"La barre \u00e0 serviettes carr\u00e9e simple face de 18&quot; est con\u00e7ue pour \u00eatre install\u00e9e sur un c\u00f4t\u00e9 d&#039;un panneau de verre fixe de douche, permettant un acc\u00e8s pratique et un look \u00e9l\u00e9gant. La barre \u00e0 serviettes est facile \u00e0 installer et est fournie avec tout le mat\u00e9riel n\u00e9cessaire pour une fixation s\u00e9curis\u00e9e et stable \u00e0 la porte.  Veuillez noter qu&#039;une fabrication sp\u00e9ciale du verre est n\u00e9cessaire pour accueillir la poign\u00e9e.  Notre processus de finition de la quincaillerie de douche inclut trois m\u00e9thodes appliqu\u00e9es diff\u00e9rentes, chacune aboutissant \u00e0 une finition durable, r\u00e9sistante \u00e0 la corrosion et visuellement attrayante. Ces m\u00e9thodes comprennent l&#039;\u00e9lectrophor\u00e8se (noir mat), le chromage (chrome) et le nickelage (nickel bross\u00e9). Quelle que soit l&#039;option choisie, notre processus de finition garantit une belle finition durable qui r\u00e9pond aux normes industrielles les plus \u00e9lev\u00e9es en mati\u00e8re de qualit\u00e9 et de durabilit\u00e9, offrant une performance et un attrait visuel exceptionnels. SP\u00c9CIFICATIONS TECHNIQUES    \u00c9paisseur du verre de s\u00e9curit\u00e9 6 mm (1\/4&quot;) \u00e0 12 mm (1\/2&quot;)   Couleur\/Finition Chrome, Nickel bross\u00e9, Noir mat   Mat\u00e9riau de fabrication Acier inoxydable\" \/>\n<meta property=\"og:url\" content=\"https:\/\/glassupply.com\/fr\/produit\/single-sided-square-towel-bar-18\/\" \/>\n<meta property=\"og:site_name\" content=\"Glassupply.com\" \/>\n<meta property=\"article:modified_time\" content=\"2025-06-05T06:53:32+00:00\" \/>\n<meta property=\"og:image\" content=\"https:\/\/glassupply.com\/wp-content\/uploads\/2024\/04\/S-TB-SQCH.webp\" \/>\n\t<meta property=\"og:image:width\" content=\"3000\" \/>\n\t<meta property=\"og:image:height\" content=\"3000\" \/>\n\t<meta property=\"og:image:type\" content=\"image\/webp\" \/>\n<meta name=\"twitter:card\" content=\"summary_large_image\" \/>\n<meta name=\"twitter:label1\" content=\"Est. reading time\" \/>\n\t<meta name=\"twitter:data1\" content=\"1 minute\" \/>\n<script type=\"application\/ld+json\" class=\"yoast-schema-graph\">{\"@context\":\"https:\/\/schema.org\",\"@graph\":[{\"@type\":\"WebPage\",\"@id\":\"https:\/\/glassupply.com\/fr\/produit\/single-sided-square-towel-bar-18\/\",\"url\":\"https:\/\/glassupply.com\/fr\/produit\/single-sided-square-towel-bar-18\/\",\"name\":\"Single-Sided Square Towel Bar 18\\\" - Glassupply.com\",\"isPartOf\":{\"@id\":\"https:\/\/glassupply.com\/es\/#website\"},\"primaryImageOfPage\":{\"@id\":\"https:\/\/glassupply.com\/fr\/produit\/single-sided-square-towel-bar-18\/#primaryimage\"},\"image\":{\"@id\":\"https:\/\/glassupply.com\/fr\/produit\/single-sided-square-towel-bar-18\/#primaryimage\"},\"thumbnailUrl\":\"https:\/\/glassupply.com\/wp-content\/uploads\/2024\/04\/S-TB-SQCH.webp\",\"datePublished\":\"2024-04-09T20:24:05+00:00\",\"dateModified\":\"2025-06-05T06:53:32+00:00\",\"breadcrumb\":{\"@id\":\"https:\/\/glassupply.com\/fr\/produit\/single-sided-square-towel-bar-18\/#breadcrumb\"},\"inLanguage\":\"fr-FR\",\"potentialAction\":[{\"@type\":\"ReadAction\",\"target\":[\"https:\/\/glassupply.com\/fr\/produit\/single-sided-square-towel-bar-18\/\"]}]},{\"@type\":\"ImageObject\",\"inLanguage\":\"fr-FR\",\"@id\":\"https:\/\/glassupply.com\/fr\/produit\/single-sided-square-towel-bar-18\/#primaryimage\",\"url\":\"https:\/\/glassupply.com\/wp-content\/uploads\/2024\/04\/S-TB-SQCH.webp\",\"contentUrl\":\"https:\/\/glassupply.com\/wp-content\/uploads\/2024\/04\/S-TB-SQCH.webp\",\"width\":3000,\"height\":3000},{\"@type\":\"BreadcrumbList\",\"@id\":\"https:\/\/glassupply.com\/fr\/produit\/single-sided-square-towel-bar-18\/#breadcrumb\",\"itemListElement\":[{\"@type\":\"ListItem\",\"position\":1,\"name\":\"Shop\",\"item\":\"https:\/\/glassupply.com\/fr\/shop\/\"},{\"@type\":\"ListItem\",\"position\":2,\"name\":\"Single-Sided Square Towel Bar 18&#8243;\"}]},{\"@type\":\"WebSite\",\"@id\":\"https:\/\/glassupply.com\/es\/#website\",\"url\":\"https:\/\/glassupply.com\/es\/\",\"name\":\"Glassupply.com\",\"description\":\"From the manufacturer to your doorstep\",\"potentialAction\":[{\"@type\":\"SearchAction\",\"target\":{\"@type\":\"EntryPoint\",\"urlTemplate\":\"https:\/\/glassupply.com\/es\/?s={search_term_string}\"},\"query-input\":{\"@type\":\"PropertyValueSpecification\",\"valueRequired\":true,\"valueName\":\"search_term_string\"}}],\"inLanguage\":\"fr-FR\"}]}<\/script>\n<!-- \/ Yoast SEO plugin. -->","yoast_head_json":{"title":"Single-Sided Square Towel Bar 18\" - Glassupply.com","robots":{"index":"index","follow":"follow","max-snippet":"max-snippet:-1","max-image-preview":"max-image-preview:large","max-video-preview":"max-video-preview:-1"},"canonical":"https:\/\/glassupply.com\/fr\/produit\/single-sided-square-towel-bar-18\/","og_locale":"fr_FR","og_type":"article","og_title":"Single-Sided Square Towel Bar 18\" - Glassupply.com","og_description":"La barre \u00e0 serviettes carr\u00e9e simple face de 18\" est con\u00e7ue pour \u00eatre install\u00e9e sur un c\u00f4t\u00e9 d'un panneau de verre fixe de douche, permettant un acc\u00e8s pratique et un look \u00e9l\u00e9gant. La barre \u00e0 serviettes est facile \u00e0 installer et est fournie avec tout le mat\u00e9riel n\u00e9cessaire pour une fixation s\u00e9curis\u00e9e et stable \u00e0 la porte.  Veuillez noter qu'une fabrication sp\u00e9ciale du verre est n\u00e9cessaire pour accueillir la poign\u00e9e.  Notre processus de finition de la quincaillerie de douche inclut trois m\u00e9thodes appliqu\u00e9es diff\u00e9rentes, chacune aboutissant \u00e0 une finition durable, r\u00e9sistante \u00e0 la corrosion et visuellement attrayante. Ces m\u00e9thodes comprennent l'\u00e9lectrophor\u00e8se (noir mat), le chromage (chrome) et le nickelage (nickel bross\u00e9). Quelle que soit l'option choisie, notre processus de finition garantit une belle finition durable qui r\u00e9pond aux normes industrielles les plus \u00e9lev\u00e9es en mati\u00e8re de qualit\u00e9 et de durabilit\u00e9, offrant une performance et un attrait visuel exceptionnels. SP\u00c9CIFICATIONS TECHNIQUES    \u00c9paisseur du verre de s\u00e9curit\u00e9 6 mm (1\/4\") \u00e0 12 mm (1\/2\")   Couleur\/Finition Chrome, Nickel bross\u00e9, Noir mat   Mat\u00e9riau de fabrication Acier inoxydable","og_url":"https:\/\/glassupply.com\/fr\/produit\/single-sided-square-towel-bar-18\/","og_site_name":"Glassupply.com","article_modified_time":"2025-06-05T06:53:32+00:00","og_image":[{"width":3000,"height":3000,"url":"https:\/\/glassupply.com\/wp-content\/uploads\/2024\/04\/S-TB-SQCH.webp","type":"image\/webp"}],"twitter_card":"summary_large_image","twitter_misc":{"Est. reading time":"1 minute"},"schema":{"@context":"https:\/\/schema.org","@graph":[{"@type":"WebPage","@id":"https:\/\/glassupply.com\/fr\/produit\/single-sided-square-towel-bar-18\/","url":"https:\/\/glassupply.com\/fr\/produit\/single-sided-square-towel-bar-18\/","name":"Single-Sided Square Towel Bar 18\" - Glassupply.com","isPartOf":{"@id":"https:\/\/glassupply.com\/es\/#website"},"primaryImageOfPage":{"@id":"https:\/\/glassupply.com\/fr\/produit\/single-sided-square-towel-bar-18\/#primaryimage"},"image":{"@id":"https:\/\/glassupply.com\/fr\/produit\/single-sided-square-towel-bar-18\/#primaryimage"},"thumbnailUrl":"https:\/\/glassupply.com\/wp-content\/uploads\/2024\/04\/S-TB-SQCH.webp","datePublished":"2024-04-09T20:24:05+00:00","dateModified":"2025-06-05T06:53:32+00:00","breadcrumb":{"@id":"https:\/\/glassupply.com\/fr\/produit\/single-sided-square-towel-bar-18\/#breadcrumb"},"inLanguage":"fr-FR","potentialAction":[{"@type":"ReadAction","target":["https:\/\/glassupply.com\/fr\/produit\/single-sided-square-towel-bar-18\/"]}]},{"@type":"ImageObject","inLanguage":"fr-FR","@id":"https:\/\/glassupply.com\/fr\/produit\/single-sided-square-towel-bar-18\/#primaryimage","url":"https:\/\/glassupply.com\/wp-content\/uploads\/2024\/04\/S-TB-SQCH.webp","contentUrl":"https:\/\/glassupply.com\/wp-content\/uploads\/2024\/04\/S-TB-SQCH.webp","width":3000,"height":3000},{"@type":"BreadcrumbList","@id":"https:\/\/glassupply.com\/fr\/produit\/single-sided-square-towel-bar-18\/#breadcrumb","itemListElement":[{"@type":"ListItem","position":1,"name":"Shop","item":"https:\/\/glassupply.com\/fr\/shop\/"},{"@type":"ListItem","position":2,"name":"Single-Sided Square Towel Bar 18&#8243;"}]},{"@type":"WebSite","@id":"https:\/\/glassupply.com\/es\/#website","url":"https:\/\/glassupply.com\/es\/","name":"Glassupply.com","description":"From the manufacturer to your doorstep","potentialAction":[{"@type":"SearchAction","target":{"@type":"EntryPoint","urlTemplate":"https:\/\/glassupply.com\/es\/?s={search_term_string}"},"query-input":{"@type":"PropertyValueSpecification","valueRequired":true,"valueName":"search_term_string"}}],"inLanguage":"fr-FR"}]}},"_links":{"self":[{"href":"https:\/\/glassupply.com\/fr\/wp-json\/wp\/v2\/product\/7283","targetHints":{"allow":["GET"]}}],"collection":[{"href":"https:\/\/glassupply.com\/fr\/wp-json\/wp\/v2\/product"}],"about":[{"href":"https:\/\/glassupply.com\/fr\/wp-json\/wp\/v2\/types\/product"}],"replies":[{"embeddable":true,"href":"https:\/\/glassupply.com\/fr\/wp-json\/wp\/v2\/comments?post=7283"}],"wp:featuredmedia":[{"embeddable":true,"href":"https:\/\/glassupply.com\/fr\/wp-json\/wp\/v2\/media\/7172"}],"wp:attachment":[{"href":"https:\/\/glassupply.com\/fr\/wp-json\/wp\/v2\/media?parent=7283"}],"wp:term":[{"taxonomy":"product_brand","embeddable":true,"href":"https:\/\/glassupply.com\/fr\/wp-json\/wp\/v2\/product_brand?post=7283"},{"taxonomy":"product_cat","embeddable":true,"href":"https:\/\/glassupply.com\/fr\/wp-json\/wp\/v2\/product_cat?post=7283"},{"taxonomy":"product_tag","embeddable":true,"href":"https:\/\/glassupply.com\/fr\/wp-json\/wp\/v2\/product_tag?post=7283"}],"curies":[{"name":"wp","href":"https:\/\/api.w.org\/{rel}","templated":true}]}}