{"id":7291,"date":"2024-04-09T15:36:49","date_gmt":"2024-04-09T20:36:49","guid":{"rendered":"https:\/\/glassupply.com\/shop\/glass-to-wall-hinge-with-offset-back-plate\/"},"modified":"2025-06-04T09:39:28","modified_gmt":"2025-06-04T14:39:28","slug":"glass-to-wall-hinge-with-offset-back-plate","status":"publish","type":"product","link":"https:\/\/glassupply.com\/fr\/produit\/glass-to-wall-hinge-with-offset-back-plate\/","title":{"rendered":"Glass-to-Wall Hinge with Offset Back Plate"},"content":{"rendered":"","protected":false},"excerpt":{"rendered":"<p><span style=\"font-weight: 400;\">La plaque arri\u00e8re d\u00e9cal\u00e9e \u00e0 montage mural GS est con\u00e7ue pour les installations de portes de douche o\u00f9 l\u2019axe central de la porte doit \u00eatre positionn\u00e9 \u00e0 proximit\u00e9 des bords du mur en c\u00e9ramique ou du carrelage de la douche. Ce design sp\u00e9cialis\u00e9 garantit une fixation s\u00e9curis\u00e9e entre le mur et le verre, tout en s\u2019adaptant aux contraintes d\u2019espace restreint.<\/span><\/p>\n<p><span style=\"font-weight: 400;\">Ce mod\u00e8le de charni\u00e8re haut de gamme <\/span><span style=\"font-weight: 400;\">est auto-centrant, contient une goupille de pivot r\u00e9versible \u00e0 5 degr\u00e9s et est fabriqu\u00e9 en laiton massif, avec toutes les pi\u00e8ces mobiles (goupilles et ressorts) en acier inoxydable.<\/span><\/p>\n<p><b>Goupille de pivot r\u00e9versible standard<\/b><\/p>\n<p><span style=\"font-weight: 400;\">La charni\u00e8re carr\u00e9e 90 degr\u00e9s Verre-Mur contient une goupille de pivot r\u00e9versible. Un c\u00f4t\u00e9 de la goupille est marqu\u00e9 90 degr\u00e9s. Le c\u00f4t\u00e9 oppos\u00e9 est marqu\u00e9 85 degr\u00e9s.<\/span><\/p>\n<p><span style=\"font-weight: 400;\">La charni\u00e8re est pr\u00e9configur\u00e9e avec le c\u00f4t\u00e9 90 degr\u00e9s activ\u00e9 comme param\u00e8tre par d\u00e9faut. Cela signifie que lorsque le ressort auto-centrant est engag\u00e9, la porte s&rsquo;arr\u00eate en position ferm\u00e9e et forme une ligne droite (\u00e9galement appel\u00e9e 90\u00b0 ou 0\u00b0).<\/span><\/p>\n<p><span style=\"font-weight: 400;\">Cependant, la goupille peut \u00eatre tourn\u00e9e pour activer l\u2019autre c\u00f4t\u00e9 (85\u00b0), ce qui fera en sorte que la porte s&rsquo;arr\u00eate en position ferm\u00e9e \u00e0 5\u00b0 au-del\u00e0 d&rsquo;une ligne droite. Il est important de noter que la goupille ne doit pas \u00eatre retourn\u00e9e. Le c\u00f4t\u00e9 \u00e0 85 degr\u00e9s est g\u00e9n\u00e9ralement activ\u00e9 pour obtenir une \u00e9tanch\u00e9it\u00e9 plus serr\u00e9e avec certains types de joints de douche.<\/span><\/p>\n<p><b>Utilisation de deux charni\u00e8res<\/b><\/p>\n<p><span style=\"font-weight: 400;\">Avec du verre de 5\/16\u2033 \u00e0 1\/2\u2033 (8 \u00e0 12 mm), la charni\u00e8re supporte jusqu&rsquo;\u00e0 90 lb (41 kg) avec une largeur de porte maximale de 32\u2033 (813 mm).<\/span><\/p>\n<p><b>Utilisation de trois charni\u00e8res<\/b><\/p>\n<p><span style=\"font-weight: 400;\">Avec du verre de 5\/16\u2033 \u00e0 1\/2\u2033 (8 \u00e0 12 mm), la charni\u00e8re supporte jusqu&rsquo;\u00e0 130 lb (59 kg) avec une largeur de porte maximale de 36\u2033 (915 mm).<\/span><\/p>\n<p><b>Inclus<\/b><span style=\"font-weight: 400;\">\u00a0:\u00a0<\/span><\/p>\n<p><span style=\"font-weight: 400;\">Joints pour toutes les \u00e9paisseurs de verre, vis, chevilles murales en plastique.<\/span><\/p>\n<p><span style=\"font-weight: 400;\">Veuillez noter que la fabrication du verre est requise pour accueillir la charni\u00e8re.<\/span><\/p>\n<p><span style=\"font-weight: 400;\">Notre processus de finition de la quincaillerie de douche comprend trois m\u00e9thodes d\u2019application diff\u00e9rentes, chacune offrant une finition durable, r\u00e9sistante \u00e0 la corrosion et esth\u00e9tiquement attrayante. Ces m\u00e9thodes comprennent l\u2019\u00e9lectrophor\u00e8se (Noir Mat), le chromage (Chrome) et le nickelage (Nickel Bross\u00e9). Quelle que soit l\u2019option choisie, notre processus de finition garantit une finition belle et durable qui r\u00e9pond aux normes les plus \u00e9lev\u00e9es de l\u2019industrie en mati\u00e8re de qualit\u00e9 et de durabilit\u00e9, offrant des performances exceptionnelles et un attrait visuel remarquable.<\/span><\/p>\n<h2><b>SP\u00c9CIFICATIONS TECHNIQUES<\/b><\/h2>\n<table>\n<tbody>\n<tr>\n<td><b>\u00c9paisseur du verre de s\u00e9curit\u00e9<\/b><\/td>\n<td><span style=\"font-weight: 400;\">5\/16\u201d (8 mm) \u00e0 1\/2\u201d (12 mm)<\/span><\/td>\n<\/tr>\n<tr>\n<td><b>Couleur\/Finition<\/b><\/td>\n<td><span style=\"font-weight: 400;\">Chrome, Nickel Bross\u00e9, Noir Mat<\/span><\/td>\n<\/tr>\n<tr>\n<td><b>Test de durabilit\u00e9 &#8211; Long\u00e9vit\u00e9<\/b><\/td>\n<td><span style=\"font-weight: 400;\">50000 cycles d\u2019ouverture\/fermeture*<\/span><\/td>\n<\/tr>\n<tr>\n<td><b>Mat\u00e9riau de fabrication<\/b><\/td>\n<td><span style=\"font-weight: 400;\">Laiton massif<\/span><\/td>\n<\/tr>\n<tr>\n<td><b>Type d&rsquo;ouverture<\/b><\/td>\n<td><span style=\"font-weight: 400;\">90<\/span><span style=\"font-weight: 400;\">\u00b0 vers l&rsquo;int\u00e9rieur et 90<\/span><span style=\"font-weight: 400;\">\u00b0<\/span><span style=\"font-weight: 400;\"> vers l&rsquo;ext\u00e9rieur<\/span><\/td>\n<\/tr>\n<tr>\n<td><b>Type de fermeture<\/b><\/td>\n<td><span style=\"font-weight: 400;\">Auto-centrant dans un rayon de 15 degr\u00e9s de la position ferm\u00e9e<\/span><\/td>\n<\/tr>\n<\/tbody>\n<\/table>\n<p><span style=\"font-weight: 400;\">*Le terme \u00ab\u00a050000 cycles d\u2019ouverture\/fermeture\u00a0\u00bb est un test couramment utilis\u00e9 pour mesurer la durabilit\u00e9 et la long\u00e9vit\u00e9 des charni\u00e8res de porte. Il signifie que la charni\u00e8re a \u00e9t\u00e9 test\u00e9e pour supporter 50 000 ouvertures et fermetures sans d\u00e9faillance ni signe d\u2019usure.<\/span><\/p>\n","protected":false},"featured_media":7151,"comment_status":"closed","ping_status":"closed","template":"","meta":{"_acf_changed":false,"inline_featured_image":false},"product_brand":[],"product_cat":[73],"product_tag":[],"class_list":{"0":"post-7291","1":"product","2":"type-product","3":"status-publish","4":"has-post-thumbnail","6":"product_cat-shower-hardware-fr","8":"first","9":"instock","10":"taxable","11":"shipping-taxable","12":"purchasable","13":"product-type-variable","14":"has-default-attributes"},"acf":[],"yoast_head":"<!-- This site is optimized with the Yoast SEO plugin v26.9 - https:\/\/yoast.com\/product\/yoast-seo-wordpress\/ -->\n<title>Glass-to-Wall Hinge with Offset Back Plate - Glassupply.com<\/title>\n<meta name=\"robots\" content=\"index, follow, max-snippet:-1, max-image-preview:large, max-video-preview:-1\" \/>\n<link rel=\"canonical\" href=\"https:\/\/glassupply.com\/fr\/produit\/glass-to-wall-hinge-with-offset-back-plate\/\" \/>\n<meta property=\"og:locale\" content=\"fr_FR\" \/>\n<meta property=\"og:type\" content=\"article\" \/>\n<meta property=\"og:title\" content=\"Glass-to-Wall Hinge with Offset Back Plate - Glassupply.com\" \/>\n<meta property=\"og:description\" content=\"La plaque arri\u00e8re d\u00e9cal\u00e9e \u00e0 montage mural GS est con\u00e7ue pour les installations de portes de douche o\u00f9 l\u2019axe central de la porte doit \u00eatre positionn\u00e9 \u00e0 proximit\u00e9 des bords du mur en c\u00e9ramique ou du carrelage de la douche. Ce design sp\u00e9cialis\u00e9 garantit une fixation s\u00e9curis\u00e9e entre le mur et le verre, tout en s\u2019adaptant aux contraintes d\u2019espace restreint.  Ce mod\u00e8le de charni\u00e8re haut de gamme est auto-centrant, contient une goupille de pivot r\u00e9versible \u00e0 5 degr\u00e9s et est fabriqu\u00e9 en laiton massif, avec toutes les pi\u00e8ces mobiles (goupilles et ressorts) en acier inoxydable.  Goupille de pivot r\u00e9versible standard  La charni\u00e8re carr\u00e9e 90 degr\u00e9s Verre-Mur contient une goupille de pivot r\u00e9versible. Un c\u00f4t\u00e9 de la goupille est marqu\u00e9 90 degr\u00e9s. Le c\u00f4t\u00e9 oppos\u00e9 est marqu\u00e9 85 degr\u00e9s.  La charni\u00e8re est pr\u00e9configur\u00e9e avec le c\u00f4t\u00e9 90 degr\u00e9s activ\u00e9 comme param\u00e8tre par d\u00e9faut. Cela signifie que lorsque le ressort auto-centrant est engag\u00e9, la porte s&#039;arr\u00eate en position ferm\u00e9e et forme une ligne droite (\u00e9galement appel\u00e9e 90\u00b0 ou 0\u00b0).  Cependant, la goupille peut \u00eatre tourn\u00e9e pour activer l\u2019autre c\u00f4t\u00e9 (85\u00b0), ce qui fera en sorte que la porte s&#039;arr\u00eate en position ferm\u00e9e \u00e0 5\u00b0 au-del\u00e0 d&#039;une ligne droite. Il est important de noter que la goupille ne doit pas \u00eatre retourn\u00e9e. Le c\u00f4t\u00e9 \u00e0 85 degr\u00e9s est g\u00e9n\u00e9ralement activ\u00e9 pour obtenir une \u00e9tanch\u00e9it\u00e9 plus serr\u00e9e avec certains types de joints de douche.  Utilisation de deux charni\u00e8res  Avec du verre de 5\/16\u2033 \u00e0 1\/2\u2033 (8 \u00e0 12 mm), la charni\u00e8re supporte jusqu&#039;\u00e0 90 lb (41 kg) avec une largeur de porte maximale de 32\u2033 (813 mm).  Utilisation de trois charni\u00e8res  Avec du verre de 5\/16\u2033 \u00e0 1\/2\u2033 (8 \u00e0 12 mm), la charni\u00e8re supporte jusqu&#039;\u00e0 130 lb (59 kg) avec une largeur de porte maximale de 36\u2033 (915 mm).  Inclus\u00a0:\u00a0  Joints pour toutes les \u00e9paisseurs de verre, vis, chevilles murales en plastique.  Veuillez noter que la fabrication du verre est requise pour accueillir la charni\u00e8re.  Notre processus de finition de la quincaillerie de douche comprend trois m\u00e9thodes d\u2019application diff\u00e9rentes, chacune offrant une finition durable, r\u00e9sistante \u00e0 la corrosion et esth\u00e9tiquement attrayante. Ces m\u00e9thodes comprennent l\u2019\u00e9lectrophor\u00e8se (Noir Mat), le chromage (Chrome) et le nickelage (Nickel Bross\u00e9). Quelle que soit l\u2019option choisie, notre processus de finition garantit une finition belle et durable qui r\u00e9pond aux normes les plus \u00e9lev\u00e9es de l\u2019industrie en mati\u00e8re de qualit\u00e9 et de durabilit\u00e9, offrant des performances exceptionnelles et un attrait visuel remarquable. SP\u00c9CIFICATIONS TECHNIQUES    \u00c9paisseur du verre de s\u00e9curit\u00e9 5\/16\u201d (8 mm) \u00e0 1\/2\u201d (12 mm)   Couleur\/Finition Chrome, Nickel Bross\u00e9, Noir Mat   Test de durabilit\u00e9 - Long\u00e9vit\u00e9 50000 cycles d\u2019ouverture\/fermeture*   Mat\u00e9riau de fabrication Laiton massif   Type d&#039;ouverture 90\u00b0 vers l&#039;int\u00e9rieur et 90\u00b0 vers l&#039;ext\u00e9rieur   Type de fermeture Auto-centrant dans un rayon de 15 degr\u00e9s de la position ferm\u00e9e    *Le terme \u00ab\u00a050000 cycles d\u2019ouverture\/fermeture\u00a0\u00bb est un test couramment utilis\u00e9 pour mesurer la durabilit\u00e9 et la long\u00e9vit\u00e9 des charni\u00e8res de porte. Il signifie que la charni\u00e8re a \u00e9t\u00e9 test\u00e9e pour supporter 50 000 ouvertures et fermetures sans d\u00e9faillance ni signe d\u2019usure.\" \/>\n<meta property=\"og:url\" content=\"https:\/\/glassupply.com\/fr\/produit\/glass-to-wall-hinge-with-offset-back-plate\/\" \/>\n<meta property=\"og:site_name\" content=\"Glassupply.com\" \/>\n<meta property=\"article:modified_time\" content=\"2025-06-04T14:39:28+00:00\" \/>\n<meta property=\"og:image\" content=\"https:\/\/glassupply.com\/wp-content\/uploads\/2024\/04\/S-HI-GWOSCH.webp\" \/>\n\t<meta property=\"og:image:width\" content=\"3000\" \/>\n\t<meta property=\"og:image:height\" content=\"3000\" \/>\n\t<meta property=\"og:image:type\" content=\"image\/webp\" \/>\n<meta name=\"twitter:card\" content=\"summary_large_image\" \/>\n<meta name=\"twitter:label1\" content=\"Est. reading time\" \/>\n\t<meta name=\"twitter:data1\" content=\"1 minute\" \/>\n<script type=\"application\/ld+json\" class=\"yoast-schema-graph\">{\"@context\":\"https:\/\/schema.org\",\"@graph\":[{\"@type\":\"WebPage\",\"@id\":\"https:\/\/glassupply.com\/fr\/produit\/glass-to-wall-hinge-with-offset-back-plate\/\",\"url\":\"https:\/\/glassupply.com\/fr\/produit\/glass-to-wall-hinge-with-offset-back-plate\/\",\"name\":\"Glass-to-Wall Hinge with Offset Back Plate - Glassupply.com\",\"isPartOf\":{\"@id\":\"https:\/\/glassupply.com\/es\/#website\"},\"primaryImageOfPage\":{\"@id\":\"https:\/\/glassupply.com\/fr\/produit\/glass-to-wall-hinge-with-offset-back-plate\/#primaryimage\"},\"image\":{\"@id\":\"https:\/\/glassupply.com\/fr\/produit\/glass-to-wall-hinge-with-offset-back-plate\/#primaryimage\"},\"thumbnailUrl\":\"https:\/\/glassupply.com\/wp-content\/uploads\/2024\/04\/S-HI-GWOSCH.webp\",\"datePublished\":\"2024-04-09T20:36:49+00:00\",\"dateModified\":\"2025-06-04T14:39:28+00:00\",\"breadcrumb\":{\"@id\":\"https:\/\/glassupply.com\/fr\/produit\/glass-to-wall-hinge-with-offset-back-plate\/#breadcrumb\"},\"inLanguage\":\"fr-FR\",\"potentialAction\":[{\"@type\":\"ReadAction\",\"target\":[\"https:\/\/glassupply.com\/fr\/produit\/glass-to-wall-hinge-with-offset-back-plate\/\"]}]},{\"@type\":\"ImageObject\",\"inLanguage\":\"fr-FR\",\"@id\":\"https:\/\/glassupply.com\/fr\/produit\/glass-to-wall-hinge-with-offset-back-plate\/#primaryimage\",\"url\":\"https:\/\/glassupply.com\/wp-content\/uploads\/2024\/04\/S-HI-GWOSCH.webp\",\"contentUrl\":\"https:\/\/glassupply.com\/wp-content\/uploads\/2024\/04\/S-HI-GWOSCH.webp\",\"width\":3000,\"height\":3000},{\"@type\":\"BreadcrumbList\",\"@id\":\"https:\/\/glassupply.com\/fr\/produit\/glass-to-wall-hinge-with-offset-back-plate\/#breadcrumb\",\"itemListElement\":[{\"@type\":\"ListItem\",\"position\":1,\"name\":\"Shop\",\"item\":\"https:\/\/glassupply.com\/fr\/shop\/\"},{\"@type\":\"ListItem\",\"position\":2,\"name\":\"Glass-to-Wall Hinge with Offset Back Plate\"}]},{\"@type\":\"WebSite\",\"@id\":\"https:\/\/glassupply.com\/es\/#website\",\"url\":\"https:\/\/glassupply.com\/es\/\",\"name\":\"Glassupply.com\",\"description\":\"From the manufacturer to your doorstep\",\"potentialAction\":[{\"@type\":\"SearchAction\",\"target\":{\"@type\":\"EntryPoint\",\"urlTemplate\":\"https:\/\/glassupply.com\/es\/?s={search_term_string}\"},\"query-input\":{\"@type\":\"PropertyValueSpecification\",\"valueRequired\":true,\"valueName\":\"search_term_string\"}}],\"inLanguage\":\"fr-FR\"}]}<\/script>\n<!-- \/ Yoast SEO plugin. -->","yoast_head_json":{"title":"Glass-to-Wall Hinge with Offset Back Plate - Glassupply.com","robots":{"index":"index","follow":"follow","max-snippet":"max-snippet:-1","max-image-preview":"max-image-preview:large","max-video-preview":"max-video-preview:-1"},"canonical":"https:\/\/glassupply.com\/fr\/produit\/glass-to-wall-hinge-with-offset-back-plate\/","og_locale":"fr_FR","og_type":"article","og_title":"Glass-to-Wall Hinge with Offset Back Plate - Glassupply.com","og_description":"La plaque arri\u00e8re d\u00e9cal\u00e9e \u00e0 montage mural GS est con\u00e7ue pour les installations de portes de douche o\u00f9 l\u2019axe central de la porte doit \u00eatre positionn\u00e9 \u00e0 proximit\u00e9 des bords du mur en c\u00e9ramique ou du carrelage de la douche. Ce design sp\u00e9cialis\u00e9 garantit une fixation s\u00e9curis\u00e9e entre le mur et le verre, tout en s\u2019adaptant aux contraintes d\u2019espace restreint.  Ce mod\u00e8le de charni\u00e8re haut de gamme est auto-centrant, contient une goupille de pivot r\u00e9versible \u00e0 5 degr\u00e9s et est fabriqu\u00e9 en laiton massif, avec toutes les pi\u00e8ces mobiles (goupilles et ressorts) en acier inoxydable.  Goupille de pivot r\u00e9versible standard  La charni\u00e8re carr\u00e9e 90 degr\u00e9s Verre-Mur contient une goupille de pivot r\u00e9versible. Un c\u00f4t\u00e9 de la goupille est marqu\u00e9 90 degr\u00e9s. Le c\u00f4t\u00e9 oppos\u00e9 est marqu\u00e9 85 degr\u00e9s.  La charni\u00e8re est pr\u00e9configur\u00e9e avec le c\u00f4t\u00e9 90 degr\u00e9s activ\u00e9 comme param\u00e8tre par d\u00e9faut. Cela signifie que lorsque le ressort auto-centrant est engag\u00e9, la porte s'arr\u00eate en position ferm\u00e9e et forme une ligne droite (\u00e9galement appel\u00e9e 90\u00b0 ou 0\u00b0).  Cependant, la goupille peut \u00eatre tourn\u00e9e pour activer l\u2019autre c\u00f4t\u00e9 (85\u00b0), ce qui fera en sorte que la porte s'arr\u00eate en position ferm\u00e9e \u00e0 5\u00b0 au-del\u00e0 d'une ligne droite. Il est important de noter que la goupille ne doit pas \u00eatre retourn\u00e9e. Le c\u00f4t\u00e9 \u00e0 85 degr\u00e9s est g\u00e9n\u00e9ralement activ\u00e9 pour obtenir une \u00e9tanch\u00e9it\u00e9 plus serr\u00e9e avec certains types de joints de douche.  Utilisation de deux charni\u00e8res  Avec du verre de 5\/16\u2033 \u00e0 1\/2\u2033 (8 \u00e0 12 mm), la charni\u00e8re supporte jusqu'\u00e0 90 lb (41 kg) avec une largeur de porte maximale de 32\u2033 (813 mm).  Utilisation de trois charni\u00e8res  Avec du verre de 5\/16\u2033 \u00e0 1\/2\u2033 (8 \u00e0 12 mm), la charni\u00e8re supporte jusqu'\u00e0 130 lb (59 kg) avec une largeur de porte maximale de 36\u2033 (915 mm).  Inclus\u00a0:\u00a0  Joints pour toutes les \u00e9paisseurs de verre, vis, chevilles murales en plastique.  Veuillez noter que la fabrication du verre est requise pour accueillir la charni\u00e8re.  Notre processus de finition de la quincaillerie de douche comprend trois m\u00e9thodes d\u2019application diff\u00e9rentes, chacune offrant une finition durable, r\u00e9sistante \u00e0 la corrosion et esth\u00e9tiquement attrayante. Ces m\u00e9thodes comprennent l\u2019\u00e9lectrophor\u00e8se (Noir Mat), le chromage (Chrome) et le nickelage (Nickel Bross\u00e9). Quelle que soit l\u2019option choisie, notre processus de finition garantit une finition belle et durable qui r\u00e9pond aux normes les plus \u00e9lev\u00e9es de l\u2019industrie en mati\u00e8re de qualit\u00e9 et de durabilit\u00e9, offrant des performances exceptionnelles et un attrait visuel remarquable. SP\u00c9CIFICATIONS TECHNIQUES    \u00c9paisseur du verre de s\u00e9curit\u00e9 5\/16\u201d (8 mm) \u00e0 1\/2\u201d (12 mm)   Couleur\/Finition Chrome, Nickel Bross\u00e9, Noir Mat   Test de durabilit\u00e9 - Long\u00e9vit\u00e9 50000 cycles d\u2019ouverture\/fermeture*   Mat\u00e9riau de fabrication Laiton massif   Type d'ouverture 90\u00b0 vers l'int\u00e9rieur et 90\u00b0 vers l'ext\u00e9rieur   Type de fermeture Auto-centrant dans un rayon de 15 degr\u00e9s de la position ferm\u00e9e    *Le terme \u00ab\u00a050000 cycles d\u2019ouverture\/fermeture\u00a0\u00bb est un test couramment utilis\u00e9 pour mesurer la durabilit\u00e9 et la long\u00e9vit\u00e9 des charni\u00e8res de porte. Il signifie que la charni\u00e8re a \u00e9t\u00e9 test\u00e9e pour supporter 50 000 ouvertures et fermetures sans d\u00e9faillance ni signe d\u2019usure.","og_url":"https:\/\/glassupply.com\/fr\/produit\/glass-to-wall-hinge-with-offset-back-plate\/","og_site_name":"Glassupply.com","article_modified_time":"2025-06-04T14:39:28+00:00","og_image":[{"width":3000,"height":3000,"url":"https:\/\/glassupply.com\/wp-content\/uploads\/2024\/04\/S-HI-GWOSCH.webp","type":"image\/webp"}],"twitter_card":"summary_large_image","twitter_misc":{"Est. reading time":"1 minute"},"schema":{"@context":"https:\/\/schema.org","@graph":[{"@type":"WebPage","@id":"https:\/\/glassupply.com\/fr\/produit\/glass-to-wall-hinge-with-offset-back-plate\/","url":"https:\/\/glassupply.com\/fr\/produit\/glass-to-wall-hinge-with-offset-back-plate\/","name":"Glass-to-Wall Hinge with Offset Back Plate - Glassupply.com","isPartOf":{"@id":"https:\/\/glassupply.com\/es\/#website"},"primaryImageOfPage":{"@id":"https:\/\/glassupply.com\/fr\/produit\/glass-to-wall-hinge-with-offset-back-plate\/#primaryimage"},"image":{"@id":"https:\/\/glassupply.com\/fr\/produit\/glass-to-wall-hinge-with-offset-back-plate\/#primaryimage"},"thumbnailUrl":"https:\/\/glassupply.com\/wp-content\/uploads\/2024\/04\/S-HI-GWOSCH.webp","datePublished":"2024-04-09T20:36:49+00:00","dateModified":"2025-06-04T14:39:28+00:00","breadcrumb":{"@id":"https:\/\/glassupply.com\/fr\/produit\/glass-to-wall-hinge-with-offset-back-plate\/#breadcrumb"},"inLanguage":"fr-FR","potentialAction":[{"@type":"ReadAction","target":["https:\/\/glassupply.com\/fr\/produit\/glass-to-wall-hinge-with-offset-back-plate\/"]}]},{"@type":"ImageObject","inLanguage":"fr-FR","@id":"https:\/\/glassupply.com\/fr\/produit\/glass-to-wall-hinge-with-offset-back-plate\/#primaryimage","url":"https:\/\/glassupply.com\/wp-content\/uploads\/2024\/04\/S-HI-GWOSCH.webp","contentUrl":"https:\/\/glassupply.com\/wp-content\/uploads\/2024\/04\/S-HI-GWOSCH.webp","width":3000,"height":3000},{"@type":"BreadcrumbList","@id":"https:\/\/glassupply.com\/fr\/produit\/glass-to-wall-hinge-with-offset-back-plate\/#breadcrumb","itemListElement":[{"@type":"ListItem","position":1,"name":"Shop","item":"https:\/\/glassupply.com\/fr\/shop\/"},{"@type":"ListItem","position":2,"name":"Glass-to-Wall Hinge with Offset Back Plate"}]},{"@type":"WebSite","@id":"https:\/\/glassupply.com\/es\/#website","url":"https:\/\/glassupply.com\/es\/","name":"Glassupply.com","description":"From the manufacturer to your doorstep","potentialAction":[{"@type":"SearchAction","target":{"@type":"EntryPoint","urlTemplate":"https:\/\/glassupply.com\/es\/?s={search_term_string}"},"query-input":{"@type":"PropertyValueSpecification","valueRequired":true,"valueName":"search_term_string"}}],"inLanguage":"fr-FR"}]}},"_links":{"self":[{"href":"https:\/\/glassupply.com\/fr\/wp-json\/wp\/v2\/product\/7291","targetHints":{"allow":["GET"]}}],"collection":[{"href":"https:\/\/glassupply.com\/fr\/wp-json\/wp\/v2\/product"}],"about":[{"href":"https:\/\/glassupply.com\/fr\/wp-json\/wp\/v2\/types\/product"}],"replies":[{"embeddable":true,"href":"https:\/\/glassupply.com\/fr\/wp-json\/wp\/v2\/comments?post=7291"}],"wp:featuredmedia":[{"embeddable":true,"href":"https:\/\/glassupply.com\/fr\/wp-json\/wp\/v2\/media\/7151"}],"wp:attachment":[{"href":"https:\/\/glassupply.com\/fr\/wp-json\/wp\/v2\/media?parent=7291"}],"wp:term":[{"taxonomy":"product_brand","embeddable":true,"href":"https:\/\/glassupply.com\/fr\/wp-json\/wp\/v2\/product_brand?post=7291"},{"taxonomy":"product_cat","embeddable":true,"href":"https:\/\/glassupply.com\/fr\/wp-json\/wp\/v2\/product_cat?post=7291"},{"taxonomy":"product_tag","embeddable":true,"href":"https:\/\/glassupply.com\/fr\/wp-json\/wp\/v2\/product_tag?post=7291"}],"curies":[{"name":"wp","href":"https:\/\/api.w.org\/{rel}","templated":true}]}}