{"id":7404,"date":"2024-04-10T10:48:09","date_gmt":"2024-04-10T15:48:09","guid":{"rendered":"https:\/\/glassupply.com\/shop\/bottom-track-kit-for-aluminum-framed-railing\/"},"modified":"2025-06-05T06:27:50","modified_gmt":"2025-06-05T11:27:50","slug":"bottom-track-kit-for-aluminum-framed-railing","status":"publish","type":"product","link":"https:\/\/glassupply.com\/fr\/produit\/bottom-track-kit-for-aluminum-framed-railing\/","title":{"rendered":"Bottom Track Kit for Aluminum Framed Railing"},"content":{"rendered":"","protected":false},"excerpt":{"rendered":"<p><span style=\"font-weight: 400;\">Pr\u00e9sentation de notre kit de rail inf\u00e9rieur GS pour les applications de syst\u00e8mes de garde-corps, un composant essentiel parfaitement adapt\u00e9 \u00e0 notre syst\u00e8me de garde-corps en aluminium GS. Ce poteau robuste constitue un \u00e9l\u00e9ment fondamental garantissant l&rsquo;int\u00e9grit\u00e9 structurelle et la stabilit\u00e9 de notre solution de garde-corps en aluminium GS, mais peut \u00e9galement \u00eatre utilis\u00e9 pour d&rsquo;autres applications.<\/span><\/p>\n<p><span style=\"font-weight: 400;\">Le kit de rail inf\u00e9rieur GS comprend un<\/span><b> syst\u00e8me \u00e0 clips<\/b><span style=\"font-weight: 400;\">, permettant de fixer facilement le couvercle \u00e0 son rail sous-jacent <\/span><b>sans vis ni attaches suppl\u00e9mentaires<\/b><span style=\"font-weight: 400;\">. Ce design innovant offre une finition sup\u00e9rieure et haut de gamme par rapport aux poteaux soud\u00e9s traditionnels, r\u00e9sultant en une apparence \u00e9l\u00e9gante et homog\u00e8ne.<\/span><\/p>\n<p><span style=\"font-weight: 400;\">Associ\u00e9 au kit de rail de main courante GS Modern, le syst\u00e8me propose une<\/span><b> fonctionnalit\u00e9 d&rsquo;insertion de verre<\/b><span style=\"font-weight: 400;\">, facilitant grandement l&rsquo;installation. Cela signifie que les rails sup\u00e9rieur et inf\u00e9rieur peuvent \u00eatre mont\u00e9s en premier, puis le verre est ins\u00e9r\u00e9 dans le joint sup\u00e9rieur avant d\u2019\u00eatre d\u00e9pos\u00e9 dans le rail du joint inf\u00e9rieur. Cette approche permet de d\u00e9couper et d\u2019installer le verre directement sur site pour chaque projet, assurant un ajustement parfait, contrairement aux syst\u00e8mes pr\u00e9assembl\u00e9s en usine.<\/span><\/p>\n<p><span style=\"font-weight: 400;\">Un aspect int\u00e9ressant \u00e0 noter est que notre kit comprend deux supports de montage, offrant une flexibilit\u00e9 d&rsquo;installation sur un mur ou un poteau.<\/span><\/p>\n<p><span style=\"font-weight: 400;\">\u00a0\u00a0Caract\u00e9ristiques &amp; Avantages :<\/span><\/p>\n<p><span style=\"font-weight: 400;\">&#8211; Fabriqu\u00e9 en aluminium 6063-T6, garantissant robustesse et maintien du verre sans affaissement ni besoin de support suppl\u00e9mentaire.<\/span><\/p>\n<p><span style=\"font-weight: 400;\">&#8211; Design moderne et \u00e9pur\u00e9<\/span><\/p>\n<p><span style=\"font-weight: 400;\">&#8211; Rev\u00eatement en poudre conforme \u00e0 la norme AAMA 2604 pour une durabilit\u00e9 optimale.<\/span><\/p>\n<p><span style=\"font-weight: 400;\">&#8211; Dot\u00e9 d\u2019un syst\u00e8me \u00e0 clips<\/span><span style=\"font-weight: 400;\">, sans vis visibles ni marques de soudure<\/span><\/p>\n<p><span style=\"font-weight: 400;\">&#8211; D&rsquo;une longueur finale de 72 pouces, il est facile \u00e0 exp\u00e9dier et peut \u00eatre recoup\u00e9 sur site.<\/span><\/p>\n<h2><b>LE KIT COMPREND<\/b><\/h2>\n<table>\n<tbody>\n<tr>\n<td><b>Produit<\/b><\/td>\n<td><b>SKU<\/b><\/td>\n<td><b>Qt\u00e9<\/b><\/td>\n<\/tr>\n<tr>\n<td><span style=\"font-weight: 400;\">Couvercle du rail inf\u00e9rieur<\/span><\/td>\n<td><span style=\"font-weight: 400;\">R-AFR-72BTC-XX<\/span><\/td>\n<td><span style=\"font-weight: 400;\">1<\/span><\/td>\n<\/tr>\n<tr>\n<td><span style=\"font-weight: 400;\">Rail inf\u00e9rieur<\/span><\/td>\n<td><span style=\"font-weight: 400;\">R-AFR-72BT-XX<\/span><\/td>\n<td><span style=\"font-weight: 400;\">1<\/span><\/td>\n<\/tr>\n<tr>\n<td><span style=\"font-weight: 400;\">Joint pour rail inf\u00e9rieur<\/span><\/td>\n<td><span style=\"font-weight: 400;\">R-AFR-72BG-BK<\/span><\/td>\n<td><span style=\"font-weight: 400;\">1<\/span><\/td>\n<\/tr>\n<tr>\n<td><span style=\"font-weight: 400;\">Support de montage en U<\/span><\/td>\n<td><span style=\"font-weight: 400;\">R-AFR-IUB-MF<\/span><\/td>\n<td><span style=\"font-weight: 400;\">2<\/span><\/td>\n<\/tr>\n<tr>\n<td><span style=\"font-weight: 400;\">Joint de remplissage (pour les \u00e9carts entre verre et poteau)<\/span><\/td>\n<td><span style=\"font-weight: 400;\">R-AFR-GF-BK<\/span><\/td>\n<td><span style=\"font-weight: 400;\">2<\/span><\/td>\n<\/tr>\n<tr>\n<td><span style=\"font-weight: 400;\">Vis \u00e0 t\u00eate bomb\u00e9e acier inox 18-8, taille #8, 1\/2&Prime; de long<\/span><\/td>\n<td><span style=\"font-weight: 400;\">R-AFR-HRSCW8-1.5-00<\/span><\/td>\n<td><span style=\"font-weight: 400;\">12<\/span><\/td>\n<\/tr>\n<\/tbody>\n<\/table>\n<h2><b>SP\u00c9CIFICATIONS TECHNIQUES<\/b><\/h2>\n<table>\n<tbody>\n<tr>\n<td><b>Traitement de surface<\/b><\/td>\n<td><span style=\"font-weight: 400;\">Rev\u00eatement en poudre<\/span><\/td>\n<\/tr>\n<tr>\n<td><b>Couleur\/Finition<\/b><\/td>\n<td><span style=\"font-weight: 400;\">Blanc, Noir<\/span><\/td>\n<\/tr>\n<tr>\n<td><b>Mat\u00e9riau de fabrication<\/b><\/td>\n<td><span style=\"font-weight: 400;\">Aluminium 6063-T6<\/span><\/td>\n<\/tr>\n<tr>\n<td><b>Utilisation recommand\u00e9e<\/b><\/td>\n<td><span style=\"font-weight: 400;\">Garde-corps, cl\u00f4ture de piscine, rambarde, garde-corps de terrasse<\/span><\/td>\n<\/tr>\n<\/tbody>\n<\/table>\n<div id=\"gtx-trans\" style=\"position: absolute; left: 220px; top: 871.828px;\">\n<div class=\"gtx-trans-icon\"><\/div>\n<\/div>\n","protected":false},"featured_media":8089,"comment_status":"closed","ping_status":"closed","template":"","meta":{"_acf_changed":false,"inline_featured_image":false},"product_brand":[],"product_cat":[71,156,130],"product_tag":[],"class_list":{"0":"post-7404","1":"product","2":"type-product","3":"status-publish","4":"has-post-thumbnail","6":"product_cat-glass-fence-railing-hardware-fr","7":"product_cat-aluminum-framed-railing-fr-glass-fence-railing-hardware-fr","8":"product_cat-railing-system-fr","10":"first","11":"instock","12":"taxable","13":"shipping-taxable","14":"purchasable","15":"product-type-variable","16":"has-default-attributes"},"acf":[],"yoast_head":"<!-- This site is optimized with the Yoast SEO plugin v26.9 - https:\/\/yoast.com\/product\/yoast-seo-wordpress\/ -->\n<title>Bottom Track Kit for Aluminum Framed Railing - Glassupply.com<\/title>\n<meta name=\"robots\" content=\"index, follow, max-snippet:-1, max-image-preview:large, max-video-preview:-1\" \/>\n<link rel=\"canonical\" href=\"https:\/\/glassupply.com\/fr\/produit\/bottom-track-kit-for-aluminum-framed-railing\/\" \/>\n<meta property=\"og:locale\" content=\"fr_FR\" \/>\n<meta property=\"og:type\" content=\"article\" \/>\n<meta property=\"og:title\" content=\"Bottom Track Kit for Aluminum Framed Railing - Glassupply.com\" \/>\n<meta property=\"og:description\" content=\"Pr\u00e9sentation de notre kit de rail inf\u00e9rieur GS pour les applications de syst\u00e8mes de garde-corps, un composant essentiel parfaitement adapt\u00e9 \u00e0 notre syst\u00e8me de garde-corps en aluminium GS. Ce poteau robuste constitue un \u00e9l\u00e9ment fondamental garantissant l&#039;int\u00e9grit\u00e9 structurelle et la stabilit\u00e9 de notre solution de garde-corps en aluminium GS, mais peut \u00e9galement \u00eatre utilis\u00e9 pour d&#039;autres applications.  Le kit de rail inf\u00e9rieur GS comprend un syst\u00e8me \u00e0 clips, permettant de fixer facilement le couvercle \u00e0 son rail sous-jacent sans vis ni attaches suppl\u00e9mentaires. Ce design innovant offre une finition sup\u00e9rieure et haut de gamme par rapport aux poteaux soud\u00e9s traditionnels, r\u00e9sultant en une apparence \u00e9l\u00e9gante et homog\u00e8ne.  Associ\u00e9 au kit de rail de main courante GS Modern, le syst\u00e8me propose une fonctionnalit\u00e9 d&#039;insertion de verre, facilitant grandement l&#039;installation. Cela signifie que les rails sup\u00e9rieur et inf\u00e9rieur peuvent \u00eatre mont\u00e9s en premier, puis le verre est ins\u00e9r\u00e9 dans le joint sup\u00e9rieur avant d\u2019\u00eatre d\u00e9pos\u00e9 dans le rail du joint inf\u00e9rieur. Cette approche permet de d\u00e9couper et d\u2019installer le verre directement sur site pour chaque projet, assurant un ajustement parfait, contrairement aux syst\u00e8mes pr\u00e9assembl\u00e9s en usine.  Un aspect int\u00e9ressant \u00e0 noter est que notre kit comprend deux supports de montage, offrant une flexibilit\u00e9 d&#039;installation sur un mur ou un poteau.  \u00a0\u00a0Caract\u00e9ristiques &amp; Avantages :  - Fabriqu\u00e9 en aluminium 6063-T6, garantissant robustesse et maintien du verre sans affaissement ni besoin de support suppl\u00e9mentaire.  - Design moderne et \u00e9pur\u00e9  - Rev\u00eatement en poudre conforme \u00e0 la norme AAMA 2604 pour une durabilit\u00e9 optimale.  - Dot\u00e9 d\u2019un syst\u00e8me \u00e0 clips, sans vis visibles ni marques de soudure  - D&#039;une longueur finale de 72 pouces, il est facile \u00e0 exp\u00e9dier et peut \u00eatre recoup\u00e9 sur site. LE KIT COMPREND    Produit SKU Qt\u00e9   Couvercle du rail inf\u00e9rieur R-AFR-72BTC-XX 1   Rail inf\u00e9rieur R-AFR-72BT-XX 1   Joint pour rail inf\u00e9rieur R-AFR-72BG-BK 1   Support de montage en U R-AFR-IUB-MF 2   Joint de remplissage (pour les \u00e9carts entre verre et poteau) R-AFR-GF-BK 2   Vis \u00e0 t\u00eate bomb\u00e9e acier inox 18-8, taille #8, 1\/2&quot; de long R-AFR-HRSCW8-1.5-00 12    SP\u00c9CIFICATIONS TECHNIQUES    Traitement de surface Rev\u00eatement en poudre   Couleur\/Finition Blanc, Noir   Mat\u00e9riau de fabrication Aluminium 6063-T6   Utilisation recommand\u00e9e Garde-corps, cl\u00f4ture de piscine, rambarde, garde-corps de terrasse\" \/>\n<meta property=\"og:url\" content=\"https:\/\/glassupply.com\/fr\/produit\/bottom-track-kit-for-aluminum-framed-railing\/\" \/>\n<meta property=\"og:site_name\" content=\"Glassupply.com\" \/>\n<meta property=\"article:modified_time\" content=\"2025-06-05T11:27:50+00:00\" \/>\n<meta property=\"og:image\" content=\"https:\/\/glassupply.com\/wp-content\/uploads\/2024\/04\/R-AFR-72BTKIT-BK_2.webp\" \/>\n\t<meta property=\"og:image:width\" content=\"2000\" \/>\n\t<meta property=\"og:image:height\" content=\"2000\" \/>\n\t<meta property=\"og:image:type\" content=\"image\/webp\" \/>\n<meta name=\"twitter:card\" content=\"summary_large_image\" \/>\n<meta name=\"twitter:label1\" content=\"Est. reading time\" \/>\n\t<meta name=\"twitter:data1\" content=\"1 minute\" \/>\n<script type=\"application\/ld+json\" class=\"yoast-schema-graph\">{\"@context\":\"https:\/\/schema.org\",\"@graph\":[{\"@type\":\"WebPage\",\"@id\":\"https:\/\/glassupply.com\/fr\/produit\/bottom-track-kit-for-aluminum-framed-railing\/\",\"url\":\"https:\/\/glassupply.com\/fr\/produit\/bottom-track-kit-for-aluminum-framed-railing\/\",\"name\":\"Bottom Track Kit for Aluminum Framed Railing - Glassupply.com\",\"isPartOf\":{\"@id\":\"https:\/\/glassupply.com\/es\/#website\"},\"primaryImageOfPage\":{\"@id\":\"https:\/\/glassupply.com\/fr\/produit\/bottom-track-kit-for-aluminum-framed-railing\/#primaryimage\"},\"image\":{\"@id\":\"https:\/\/glassupply.com\/fr\/produit\/bottom-track-kit-for-aluminum-framed-railing\/#primaryimage\"},\"thumbnailUrl\":\"https:\/\/glassupply.com\/wp-content\/uploads\/2024\/04\/R-AFR-72BTKIT-BK_2.webp\",\"datePublished\":\"2024-04-10T15:48:09+00:00\",\"dateModified\":\"2025-06-05T11:27:50+00:00\",\"breadcrumb\":{\"@id\":\"https:\/\/glassupply.com\/fr\/produit\/bottom-track-kit-for-aluminum-framed-railing\/#breadcrumb\"},\"inLanguage\":\"fr-FR\",\"potentialAction\":[{\"@type\":\"ReadAction\",\"target\":[\"https:\/\/glassupply.com\/fr\/produit\/bottom-track-kit-for-aluminum-framed-railing\/\"]}]},{\"@type\":\"ImageObject\",\"inLanguage\":\"fr-FR\",\"@id\":\"https:\/\/glassupply.com\/fr\/produit\/bottom-track-kit-for-aluminum-framed-railing\/#primaryimage\",\"url\":\"https:\/\/glassupply.com\/wp-content\/uploads\/2024\/04\/R-AFR-72BTKIT-BK_2.webp\",\"contentUrl\":\"https:\/\/glassupply.com\/wp-content\/uploads\/2024\/04\/R-AFR-72BTKIT-BK_2.webp\",\"width\":2000,\"height\":2000},{\"@type\":\"BreadcrumbList\",\"@id\":\"https:\/\/glassupply.com\/fr\/produit\/bottom-track-kit-for-aluminum-framed-railing\/#breadcrumb\",\"itemListElement\":[{\"@type\":\"ListItem\",\"position\":1,\"name\":\"Shop\",\"item\":\"https:\/\/glassupply.com\/fr\/shop\/\"},{\"@type\":\"ListItem\",\"position\":2,\"name\":\"Bottom Track Kit for Aluminum Framed Railing\"}]},{\"@type\":\"WebSite\",\"@id\":\"https:\/\/glassupply.com\/es\/#website\",\"url\":\"https:\/\/glassupply.com\/es\/\",\"name\":\"Glassupply.com\",\"description\":\"From the manufacturer to your doorstep\",\"potentialAction\":[{\"@type\":\"SearchAction\",\"target\":{\"@type\":\"EntryPoint\",\"urlTemplate\":\"https:\/\/glassupply.com\/es\/?s={search_term_string}\"},\"query-input\":{\"@type\":\"PropertyValueSpecification\",\"valueRequired\":true,\"valueName\":\"search_term_string\"}}],\"inLanguage\":\"fr-FR\"}]}<\/script>\n<!-- \/ Yoast SEO plugin. -->","yoast_head_json":{"title":"Bottom Track Kit for Aluminum Framed Railing - Glassupply.com","robots":{"index":"index","follow":"follow","max-snippet":"max-snippet:-1","max-image-preview":"max-image-preview:large","max-video-preview":"max-video-preview:-1"},"canonical":"https:\/\/glassupply.com\/fr\/produit\/bottom-track-kit-for-aluminum-framed-railing\/","og_locale":"fr_FR","og_type":"article","og_title":"Bottom Track Kit for Aluminum Framed Railing - Glassupply.com","og_description":"Pr\u00e9sentation de notre kit de rail inf\u00e9rieur GS pour les applications de syst\u00e8mes de garde-corps, un composant essentiel parfaitement adapt\u00e9 \u00e0 notre syst\u00e8me de garde-corps en aluminium GS. Ce poteau robuste constitue un \u00e9l\u00e9ment fondamental garantissant l'int\u00e9grit\u00e9 structurelle et la stabilit\u00e9 de notre solution de garde-corps en aluminium GS, mais peut \u00e9galement \u00eatre utilis\u00e9 pour d'autres applications.  Le kit de rail inf\u00e9rieur GS comprend un syst\u00e8me \u00e0 clips, permettant de fixer facilement le couvercle \u00e0 son rail sous-jacent sans vis ni attaches suppl\u00e9mentaires. Ce design innovant offre une finition sup\u00e9rieure et haut de gamme par rapport aux poteaux soud\u00e9s traditionnels, r\u00e9sultant en une apparence \u00e9l\u00e9gante et homog\u00e8ne.  Associ\u00e9 au kit de rail de main courante GS Modern, le syst\u00e8me propose une fonctionnalit\u00e9 d'insertion de verre, facilitant grandement l'installation. Cela signifie que les rails sup\u00e9rieur et inf\u00e9rieur peuvent \u00eatre mont\u00e9s en premier, puis le verre est ins\u00e9r\u00e9 dans le joint sup\u00e9rieur avant d\u2019\u00eatre d\u00e9pos\u00e9 dans le rail du joint inf\u00e9rieur. Cette approche permet de d\u00e9couper et d\u2019installer le verre directement sur site pour chaque projet, assurant un ajustement parfait, contrairement aux syst\u00e8mes pr\u00e9assembl\u00e9s en usine.  Un aspect int\u00e9ressant \u00e0 noter est que notre kit comprend deux supports de montage, offrant une flexibilit\u00e9 d'installation sur un mur ou un poteau.  \u00a0\u00a0Caract\u00e9ristiques &amp; Avantages :  - Fabriqu\u00e9 en aluminium 6063-T6, garantissant robustesse et maintien du verre sans affaissement ni besoin de support suppl\u00e9mentaire.  - Design moderne et \u00e9pur\u00e9  - Rev\u00eatement en poudre conforme \u00e0 la norme AAMA 2604 pour une durabilit\u00e9 optimale.  - Dot\u00e9 d\u2019un syst\u00e8me \u00e0 clips, sans vis visibles ni marques de soudure  - D'une longueur finale de 72 pouces, il est facile \u00e0 exp\u00e9dier et peut \u00eatre recoup\u00e9 sur site. LE KIT COMPREND    Produit SKU Qt\u00e9   Couvercle du rail inf\u00e9rieur R-AFR-72BTC-XX 1   Rail inf\u00e9rieur R-AFR-72BT-XX 1   Joint pour rail inf\u00e9rieur R-AFR-72BG-BK 1   Support de montage en U R-AFR-IUB-MF 2   Joint de remplissage (pour les \u00e9carts entre verre et poteau) R-AFR-GF-BK 2   Vis \u00e0 t\u00eate bomb\u00e9e acier inox 18-8, taille #8, 1\/2\" de long R-AFR-HRSCW8-1.5-00 12    SP\u00c9CIFICATIONS TECHNIQUES    Traitement de surface Rev\u00eatement en poudre   Couleur\/Finition Blanc, Noir   Mat\u00e9riau de fabrication Aluminium 6063-T6   Utilisation recommand\u00e9e Garde-corps, cl\u00f4ture de piscine, rambarde, garde-corps de terrasse","og_url":"https:\/\/glassupply.com\/fr\/produit\/bottom-track-kit-for-aluminum-framed-railing\/","og_site_name":"Glassupply.com","article_modified_time":"2025-06-05T11:27:50+00:00","og_image":[{"width":2000,"height":2000,"url":"https:\/\/glassupply.com\/wp-content\/uploads\/2024\/04\/R-AFR-72BTKIT-BK_2.webp","type":"image\/webp"}],"twitter_card":"summary_large_image","twitter_misc":{"Est. reading time":"1 minute"},"schema":{"@context":"https:\/\/schema.org","@graph":[{"@type":"WebPage","@id":"https:\/\/glassupply.com\/fr\/produit\/bottom-track-kit-for-aluminum-framed-railing\/","url":"https:\/\/glassupply.com\/fr\/produit\/bottom-track-kit-for-aluminum-framed-railing\/","name":"Bottom Track Kit for Aluminum Framed Railing - Glassupply.com","isPartOf":{"@id":"https:\/\/glassupply.com\/es\/#website"},"primaryImageOfPage":{"@id":"https:\/\/glassupply.com\/fr\/produit\/bottom-track-kit-for-aluminum-framed-railing\/#primaryimage"},"image":{"@id":"https:\/\/glassupply.com\/fr\/produit\/bottom-track-kit-for-aluminum-framed-railing\/#primaryimage"},"thumbnailUrl":"https:\/\/glassupply.com\/wp-content\/uploads\/2024\/04\/R-AFR-72BTKIT-BK_2.webp","datePublished":"2024-04-10T15:48:09+00:00","dateModified":"2025-06-05T11:27:50+00:00","breadcrumb":{"@id":"https:\/\/glassupply.com\/fr\/produit\/bottom-track-kit-for-aluminum-framed-railing\/#breadcrumb"},"inLanguage":"fr-FR","potentialAction":[{"@type":"ReadAction","target":["https:\/\/glassupply.com\/fr\/produit\/bottom-track-kit-for-aluminum-framed-railing\/"]}]},{"@type":"ImageObject","inLanguage":"fr-FR","@id":"https:\/\/glassupply.com\/fr\/produit\/bottom-track-kit-for-aluminum-framed-railing\/#primaryimage","url":"https:\/\/glassupply.com\/wp-content\/uploads\/2024\/04\/R-AFR-72BTKIT-BK_2.webp","contentUrl":"https:\/\/glassupply.com\/wp-content\/uploads\/2024\/04\/R-AFR-72BTKIT-BK_2.webp","width":2000,"height":2000},{"@type":"BreadcrumbList","@id":"https:\/\/glassupply.com\/fr\/produit\/bottom-track-kit-for-aluminum-framed-railing\/#breadcrumb","itemListElement":[{"@type":"ListItem","position":1,"name":"Shop","item":"https:\/\/glassupply.com\/fr\/shop\/"},{"@type":"ListItem","position":2,"name":"Bottom Track Kit for Aluminum Framed Railing"}]},{"@type":"WebSite","@id":"https:\/\/glassupply.com\/es\/#website","url":"https:\/\/glassupply.com\/es\/","name":"Glassupply.com","description":"From the manufacturer to your doorstep","potentialAction":[{"@type":"SearchAction","target":{"@type":"EntryPoint","urlTemplate":"https:\/\/glassupply.com\/es\/?s={search_term_string}"},"query-input":{"@type":"PropertyValueSpecification","valueRequired":true,"valueName":"search_term_string"}}],"inLanguage":"fr-FR"}]}},"_links":{"self":[{"href":"https:\/\/glassupply.com\/fr\/wp-json\/wp\/v2\/product\/7404","targetHints":{"allow":["GET"]}}],"collection":[{"href":"https:\/\/glassupply.com\/fr\/wp-json\/wp\/v2\/product"}],"about":[{"href":"https:\/\/glassupply.com\/fr\/wp-json\/wp\/v2\/types\/product"}],"replies":[{"embeddable":true,"href":"https:\/\/glassupply.com\/fr\/wp-json\/wp\/v2\/comments?post=7404"}],"wp:featuredmedia":[{"embeddable":true,"href":"https:\/\/glassupply.com\/fr\/wp-json\/wp\/v2\/media\/8089"}],"wp:attachment":[{"href":"https:\/\/glassupply.com\/fr\/wp-json\/wp\/v2\/media?parent=7404"}],"wp:term":[{"taxonomy":"product_brand","embeddable":true,"href":"https:\/\/glassupply.com\/fr\/wp-json\/wp\/v2\/product_brand?post=7404"},{"taxonomy":"product_cat","embeddable":true,"href":"https:\/\/glassupply.com\/fr\/wp-json\/wp\/v2\/product_cat?post=7404"},{"taxonomy":"product_tag","embeddable":true,"href":"https:\/\/glassupply.com\/fr\/wp-json\/wp\/v2\/product_tag?post=7404"}],"curies":[{"name":"wp","href":"https:\/\/api.w.org\/{rel}","templated":true}]}}