{"id":8134,"date":"2024-05-24T11:35:21","date_gmt":"2024-05-24T16:35:21","guid":{"rendered":"https:\/\/glassupply.com\/shop\/gs-adjustable-base-shoe-system\/"},"modified":"2025-06-04T03:21:11","modified_gmt":"2025-06-04T08:21:11","slug":"gs-adjustable-base-shoe-system","status":"publish","type":"product","link":"https:\/\/glassupply.com\/fr\/produit\/gs-adjustable-base-shoe-system\/","title":{"rendered":"GS Adjustable Base Shoe System"},"content":{"rendered":"","protected":false},"excerpt":{"rendered":"<p><span style=\"font-weight: 400;\">Pr\u00e9sentation de notre syst\u00e8me brevet\u00e9* de base r\u00e9glable GS, con\u00e7u pour simplifier l&rsquo;installation et l&rsquo;alignement des panneaux de verre, y compris sur des surfaces horizontales irr\u00e9guli\u00e8res.<\/span><\/p>\n<p><span style=\"font-weight: 400;\">Le<\/span><b> dispositif de serrage r\u00e9glable interne<\/b><span style=\"font-weight: 400;\"> (R-BSR-ACD-00) permet aux panneaux de verre de<\/span><b> s&rsquo;incliner jusqu&rsquo;\u00e0 2 degr\u00e9s<\/b><span style=\"font-weight: 400;\">, offrant l&rsquo;\u00e9quivalent de plus de 1,5 pouce de r\u00e9glage dans chaque direction. Cela garantit un alignement impeccable \u00e0 chaque fois, m\u00eame lorsque les sections de la base ne sont pas parfaitement planes. Cette fonctionnalit\u00e9 est particuli\u00e8rement avantageuse pour les installations <\/span><b>totalement sans cadre<\/b><span style=\"font-weight: 400;\"> o\u00f9 aucune pince ni main courante n\u2019est ajout\u00e9e \u00e0 la partie sup\u00e9rieure du verre.<\/span><\/p>\n<p><span style=\"font-weight: 400;\">Un autre aspect distinctif du syst\u00e8me de base r\u00e9glable GS est sa capacit\u00e9 \u00e0 permettre que <\/span><b>tout le processus d&rsquo;installation soit r\u00e9alis\u00e9 depuis l&rsquo;int\u00e9rieur de la rambarde<\/b><span style=\"font-weight: 400;\">. Cette caract\u00e9ristique pratique est particuli\u00e8rement avantageuse pour les installations aux \u00e9tages sup\u00e9rieurs, sur des balcons en hauteur ou dans des zones difficiles d&rsquo;acc\u00e8s o\u00f9 l&rsquo;acc\u00e8s est limit\u00e9 \u00e0 un seul c\u00f4t\u00e9.<\/span><\/p>\n<p><span style=\"font-weight: 400;\">Avec la <\/span><b>plus petite hauteur et largeur de base sur le march\u00e9<\/b><span style=\"font-weight: 400;\">, notre produit est <\/span><b>id\u00e9al<\/b><span style=\"font-weight: 400;\"> pour des <\/span><b>applications int\u00e9rieures modernes et \u00e9l\u00e9gantes<\/b><span style=\"font-weight: 400;\">. De plus, son design polyvalent le rend tout aussi <\/span><b>adapt\u00e9 aux applications ext\u00e9rieures<\/b><span style=\"font-weight: 400;\">, alliant fonctionnalit\u00e9 et attrait esth\u00e9tique dans divers environnements.<\/span><\/p>\n<p><span style=\"font-weight: 400;\">Repr\u00e9sentant l&rsquo;avant-garde de l&rsquo;innovation dans les garde-corps en verre, notre nouveau syst\u00e8me de base<\/span><b> ne n\u00e9cessite aucun outil sp\u00e9cialis\u00e9 pour l&rsquo;installation<\/b><span style=\"font-weight: 400;\">. Ce produit offre une solution optimale aux d\u00e9fis pratiques rencontr\u00e9s sur les chantiers de toutes sortes.<\/span><\/p>\n<p><b>Aucun outil sp\u00e9cial requis.<\/b><span style=\"font-weight: 400;\"> L&rsquo;installation ou le retrait n\u00e9cessite uniquement une cl\u00e9 Allen.<\/span><\/p>\n<p><span style=\"font-weight: 400;\">Gr\u00e2ce \u00e0 son<\/span><b> habillage d\u00e9coratif en aluminium anodis\u00e9<\/b><span style=\"font-weight: 400;\">, le syst\u00e8me de base est propos\u00e9 en deux finitions : acier inoxydable poli et noir mat<\/span><\/p>\n<p><span style=\"font-weight: 400;\">Notre base est livr\u00e9e avec des<\/span><b> trous pr\u00e9-perc\u00e9s<\/b><span style=\"font-weight: 400;\"> tous les 12\u201d pour acc\u00e9l\u00e9rer le processus d&rsquo;installation.<\/span><\/p>\n<p><span style=\"font-weight: 400;\">\u00a0Caract\u00e9ristiques cl\u00e9s et avantages :<\/span><\/p>\n<p><span style=\"font-weight: 400;\">&#8211; Fabriqu\u00e9 en aluminium 6063-T6, notre produit garantit \u00e0 la fois r\u00e9sistance et protection contre la corrosion<\/span><\/p>\n<p><span style=\"font-weight: 400;\">&#8211; Avec la plus petite base du march\u00e9, notre produit est id\u00e9al pour des applications int\u00e9rieures modernes et \u00e9l\u00e9gantes.<\/span><\/p>\n<p><span style=\"font-weight: 400;\">&#8211; Habillage disponible en finition anodis\u00e9e d\u00e9corative<\/span><\/p>\n<p><span style=\"font-weight: 400;\">&#8211; Le m\u00e9canisme de serrage r\u00e9glable simplifie consid\u00e9rablement l&rsquo;installation.<\/span><\/p>\n<p><span style=\"font-weight: 400;\">&#8211; L&rsquo;installation peut \u00eatre r\u00e9alis\u00e9e sans cadre, avec l&rsquo;avantage suppl\u00e9mentaire d&rsquo;un alignement facile des panneaux.<\/span><\/p>\n<p><span style=\"font-weight: 400;\">&#8211; Convient aux applications ext\u00e9rieures classiques.<\/span><\/p>\n<p><span style=\"font-weight: 400;\">&#8211; L&rsquo;installation s&rsquo;effectue uniquement d&rsquo;un c\u00f4t\u00e9.<\/span><\/p>\n<p><span style=\"font-weight: 400;\">&#8211; Design moderne et \u00e9pur\u00e9<\/span><\/p>\n<p><span style=\"font-weight: 400;\">&#8211; Conception innovante avec brevet en instance.<\/span><\/p>\n<h2><b>LE KIT COMPREND<\/b><\/h2>\n<table>\n<tbody>\n<tr>\n<td><b>Produit<\/b><\/td>\n<td><b>R\u00e9f\u00e9rence<\/b><\/td>\n<td><b>Qt\u00e9<\/b><\/td>\n<\/tr>\n<tr>\n<td><span style=\"font-weight: 400;\">Profil\u00e9 de base en aluminium<\/span><\/td>\n<td><span style=\"font-weight: 400;\">R-BSR-96ABS-MF<\/span><\/td>\n<td><span style=\"font-weight: 400;\">1<\/span><\/td>\n<\/tr>\n<tr>\n<td><span style=\"font-weight: 400;\">Habillage du profil\u00e9 de base<\/span><\/td>\n<td><span style=\"font-weight: 400;\">R-BSR-96CL-XX<\/span><\/td>\n<td><span style=\"font-weight: 400;\">2<\/span><\/td>\n<\/tr>\n<tr>\n<td><span style=\"font-weight: 400;\">Joint int\u00e9rieur de l&rsquo;habillage<\/span><\/td>\n<td><span style=\"font-weight: 400;\">R-BSR-ICG-BK<\/span><\/td>\n<td><span style=\"font-weight: 400;\">1<\/span><\/td>\n<\/tr>\n<tr>\n<td><span style=\"font-weight: 400;\">Joint ext\u00e9rieur de l&rsquo;habillage<\/span><\/td>\n<td><span style=\"font-weight: 400;\">R-BSR-OCG-BK<\/span><\/td>\n<td><span style=\"font-weight: 400;\">1<\/span><\/td>\n<\/tr>\n<tr>\n<td><span style=\"font-weight: 400;\">Dispositif de serrage r\u00e9glable GS pour base<\/span><span style=\"font-weight: 400;\"> (3 par panneau de verre)<\/span><\/td>\n<td><span style=\"font-weight: 400;\">R-BSR-ACD-00<\/span><\/td>\n<td>6<\/td>\n<\/tr>\n<tr>\n<td><span style=\"font-weight: 400;\">Goupille d\u2019assemblage des profils<\/span><\/td>\n<td><span style=\"font-weight: 400;\">R-BSR-PJP-MF<\/span><\/td>\n<td><span style=\"font-weight: 400;\">2<\/span><\/td>\n<\/tr>\n<tr>\n<td><span style=\"font-weight: 400;\">Capuchon de terminaison pour base<\/span><\/td>\n<td><span style=\"font-weight: 400;\">R-BSR-EC<\/span><\/td>\n<td><span style=\"font-weight: 400;\">2<\/span><\/td>\n<\/tr>\n<tr>\n<td><span style=\"font-weight: 400;\">Ruban double face 10 mm largeur \u2013 rouleau 10 m \u2013 3M<\/span><\/td>\n<td><span style=\"font-weight: 400;\">IK-DFT-10mm-10m<\/span><\/td>\n<td><span style=\"font-weight: 400;\">1<\/span><\/td>\n<\/tr>\n<\/tbody>\n<\/table>\n<h2><b>SP\u00c9CIFICATIONS TECHNIQUES<\/b><\/h2>\n<table>\n<tbody>\n<tr>\n<td><b>\u00c9paisseur du verre de s\u00e9curit\u00e9<\/b><\/td>\n<td><span style=\"font-weight: 400;\">Panneaux de verre de 1\/2\u201d (12 mm) \u00e0 9\/16\u201d (13,5 mm)<\/span><\/td>\n<\/tr>\n<tr>\n<td><b>Couleur\/Finition de l&rsquo;habillage<\/b><\/td>\n<td><span style=\"font-weight: 400;\">Acier inoxydable poli anodis\u00e9, Noir mat anodis\u00e9<\/span><\/td>\n<\/tr>\n<tr>\n<td><b>Mat\u00e9riau de fabrication<\/b><\/td>\n<td><span style=\"font-weight: 400;\">Aluminium 6063-T6<\/span><\/td>\n<\/tr>\n<tr>\n<td><b>Lieu d\u2019utilisation recommand\u00e9<\/b><\/td>\n<td><span style=\"font-weight: 400;\">Int\u00e9rieur, Ext\u00e9rieur<\/span><\/td>\n<\/tr>\n<tr>\n<td><b>Utilisation recommand\u00e9e<\/b><\/td>\n<td><span style=\"font-weight: 400;\">Rambarde, cl\u00f4ture de piscine, garde-corps,<\/span><\/p>\n<p><span style=\"font-weight: 400;\">garde-corps de terrasse, rambarde int\u00e9rieure<\/span><\/td>\n<\/tr>\n<\/tbody>\n<\/table>\n","protected":false},"featured_media":8107,"comment_status":"closed","ping_status":"closed","template":"","meta":{"_acf_changed":false,"inline_featured_image":false},"product_brand":[],"product_cat":[130],"product_tag":[],"class_list":{"0":"post-8134","1":"product","2":"type-product","3":"status-publish","4":"has-post-thumbnail","6":"product_cat-railing-system-fr","8":"first","9":"instock","10":"taxable","11":"shipping-taxable","12":"purchasable","13":"product-type-variable","14":"has-default-attributes"},"acf":[],"yoast_head":"<!-- This site is optimized with the Yoast SEO plugin v26.9 - https:\/\/yoast.com\/product\/yoast-seo-wordpress\/ -->\n<title>GS Adjustable Base Shoe System - Glassupply.com<\/title>\n<meta name=\"robots\" content=\"index, follow, max-snippet:-1, max-image-preview:large, max-video-preview:-1\" \/>\n<link rel=\"canonical\" href=\"https:\/\/glassupply.com\/fr\/produit\/gs-adjustable-base-shoe-system\/\" \/>\n<meta property=\"og:locale\" content=\"fr_FR\" \/>\n<meta property=\"og:type\" content=\"article\" \/>\n<meta property=\"og:title\" content=\"GS Adjustable Base Shoe System - Glassupply.com\" \/>\n<meta property=\"og:description\" content=\"Pr\u00e9sentation de notre syst\u00e8me brevet\u00e9* de base r\u00e9glable GS, con\u00e7u pour simplifier l&#039;installation et l&#039;alignement des panneaux de verre, y compris sur des surfaces horizontales irr\u00e9guli\u00e8res.  Le dispositif de serrage r\u00e9glable interne (R-BSR-ACD-00) permet aux panneaux de verre de s&#039;incliner jusqu&#039;\u00e0 2 degr\u00e9s, offrant l&#039;\u00e9quivalent de plus de 1,5 pouce de r\u00e9glage dans chaque direction. Cela garantit un alignement impeccable \u00e0 chaque fois, m\u00eame lorsque les sections de la base ne sont pas parfaitement planes. Cette fonctionnalit\u00e9 est particuli\u00e8rement avantageuse pour les installations totalement sans cadre o\u00f9 aucune pince ni main courante n\u2019est ajout\u00e9e \u00e0 la partie sup\u00e9rieure du verre.  Un autre aspect distinctif du syst\u00e8me de base r\u00e9glable GS est sa capacit\u00e9 \u00e0 permettre que tout le processus d&#039;installation soit r\u00e9alis\u00e9 depuis l&#039;int\u00e9rieur de la rambarde. Cette caract\u00e9ristique pratique est particuli\u00e8rement avantageuse pour les installations aux \u00e9tages sup\u00e9rieurs, sur des balcons en hauteur ou dans des zones difficiles d&#039;acc\u00e8s o\u00f9 l&#039;acc\u00e8s est limit\u00e9 \u00e0 un seul c\u00f4t\u00e9.  Avec la plus petite hauteur et largeur de base sur le march\u00e9, notre produit est id\u00e9al pour des applications int\u00e9rieures modernes et \u00e9l\u00e9gantes. De plus, son design polyvalent le rend tout aussi adapt\u00e9 aux applications ext\u00e9rieures, alliant fonctionnalit\u00e9 et attrait esth\u00e9tique dans divers environnements.  Repr\u00e9sentant l&#039;avant-garde de l&#039;innovation dans les garde-corps en verre, notre nouveau syst\u00e8me de base ne n\u00e9cessite aucun outil sp\u00e9cialis\u00e9 pour l&#039;installation. Ce produit offre une solution optimale aux d\u00e9fis pratiques rencontr\u00e9s sur les chantiers de toutes sortes.  Aucun outil sp\u00e9cial requis. L&#039;installation ou le retrait n\u00e9cessite uniquement une cl\u00e9 Allen.  Gr\u00e2ce \u00e0 son habillage d\u00e9coratif en aluminium anodis\u00e9, le syst\u00e8me de base est propos\u00e9 en deux finitions : acier inoxydable poli et noir mat  Notre base est livr\u00e9e avec des trous pr\u00e9-perc\u00e9s tous les 12\u201d pour acc\u00e9l\u00e9rer le processus d&#039;installation.  \u00a0Caract\u00e9ristiques cl\u00e9s et avantages :  - Fabriqu\u00e9 en aluminium 6063-T6, notre produit garantit \u00e0 la fois r\u00e9sistance et protection contre la corrosion  - Avec la plus petite base du march\u00e9, notre produit est id\u00e9al pour des applications int\u00e9rieures modernes et \u00e9l\u00e9gantes.  - Habillage disponible en finition anodis\u00e9e d\u00e9corative  - Le m\u00e9canisme de serrage r\u00e9glable simplifie consid\u00e9rablement l&#039;installation.  - L&#039;installation peut \u00eatre r\u00e9alis\u00e9e sans cadre, avec l&#039;avantage suppl\u00e9mentaire d&#039;un alignement facile des panneaux.  - Convient aux applications ext\u00e9rieures classiques.  - L&#039;installation s&#039;effectue uniquement d&#039;un c\u00f4t\u00e9.  - Design moderne et \u00e9pur\u00e9  - Conception innovante avec brevet en instance. LE KIT COMPREND    Produit R\u00e9f\u00e9rence Qt\u00e9   Profil\u00e9 de base en aluminium R-BSR-96ABS-MF 1   Habillage du profil\u00e9 de base R-BSR-96CL-XX 2   Joint int\u00e9rieur de l&#039;habillage R-BSR-ICG-BK 1   Joint ext\u00e9rieur de l&#039;habillage R-BSR-OCG-BK 1   Dispositif de serrage r\u00e9glable GS pour base (3 par panneau de verre) R-BSR-ACD-00 6   Goupille d\u2019assemblage des profils R-BSR-PJP-MF 2   Capuchon de terminaison pour base R-BSR-EC 2   Ruban double face 10 mm largeur \u2013 rouleau 10 m \u2013 3M IK-DFT-10mm-10m 1    SP\u00c9CIFICATIONS TECHNIQUES    \u00c9paisseur du verre de s\u00e9curit\u00e9 Panneaux de verre de 1\/2\u201d (12 mm) \u00e0 9\/16\u201d (13,5 mm)   Couleur\/Finition de l&#039;habillage Acier inoxydable poli anodis\u00e9, Noir mat anodis\u00e9   Mat\u00e9riau de fabrication Aluminium 6063-T6   Lieu d\u2019utilisation recommand\u00e9 Int\u00e9rieur, Ext\u00e9rieur   Utilisation recommand\u00e9e Rambarde, cl\u00f4ture de piscine, garde-corps,  garde-corps de terrasse, rambarde int\u00e9rieure\" \/>\n<meta property=\"og:url\" content=\"https:\/\/glassupply.com\/fr\/produit\/gs-adjustable-base-shoe-system\/\" \/>\n<meta property=\"og:site_name\" content=\"Glassupply.com\" \/>\n<meta property=\"article:modified_time\" content=\"2025-06-04T08:21:11+00:00\" \/>\n<meta property=\"og:image\" content=\"https:\/\/glassupply.com\/wp-content\/uploads\/2024\/05\/R-BSR-96ABSKIT-SS_1.webp\" \/>\n\t<meta property=\"og:image:width\" content=\"3000\" \/>\n\t<meta property=\"og:image:height\" content=\"3000\" \/>\n\t<meta property=\"og:image:type\" content=\"image\/webp\" \/>\n<meta name=\"twitter:card\" content=\"summary_large_image\" \/>\n<meta name=\"twitter:label1\" content=\"Est. reading time\" \/>\n\t<meta name=\"twitter:data1\" content=\"1 minute\" \/>\n<script type=\"application\/ld+json\" class=\"yoast-schema-graph\">{\"@context\":\"https:\/\/schema.org\",\"@graph\":[{\"@type\":\"WebPage\",\"@id\":\"https:\/\/glassupply.com\/fr\/produit\/gs-adjustable-base-shoe-system\/\",\"url\":\"https:\/\/glassupply.com\/fr\/produit\/gs-adjustable-base-shoe-system\/\",\"name\":\"GS Adjustable Base Shoe System - Glassupply.com\",\"isPartOf\":{\"@id\":\"https:\/\/glassupply.com\/es\/#website\"},\"primaryImageOfPage\":{\"@id\":\"https:\/\/glassupply.com\/fr\/produit\/gs-adjustable-base-shoe-system\/#primaryimage\"},\"image\":{\"@id\":\"https:\/\/glassupply.com\/fr\/produit\/gs-adjustable-base-shoe-system\/#primaryimage\"},\"thumbnailUrl\":\"https:\/\/glassupply.com\/wp-content\/uploads\/2024\/05\/R-BSR-96ABSKIT-SS_1.webp\",\"datePublished\":\"2024-05-24T16:35:21+00:00\",\"dateModified\":\"2025-06-04T08:21:11+00:00\",\"breadcrumb\":{\"@id\":\"https:\/\/glassupply.com\/fr\/produit\/gs-adjustable-base-shoe-system\/#breadcrumb\"},\"inLanguage\":\"fr-FR\",\"potentialAction\":[{\"@type\":\"ReadAction\",\"target\":[\"https:\/\/glassupply.com\/fr\/produit\/gs-adjustable-base-shoe-system\/\"]}]},{\"@type\":\"ImageObject\",\"inLanguage\":\"fr-FR\",\"@id\":\"https:\/\/glassupply.com\/fr\/produit\/gs-adjustable-base-shoe-system\/#primaryimage\",\"url\":\"https:\/\/glassupply.com\/wp-content\/uploads\/2024\/05\/R-BSR-96ABSKIT-SS_1.webp\",\"contentUrl\":\"https:\/\/glassupply.com\/wp-content\/uploads\/2024\/05\/R-BSR-96ABSKIT-SS_1.webp\",\"width\":3000,\"height\":3000},{\"@type\":\"BreadcrumbList\",\"@id\":\"https:\/\/glassupply.com\/fr\/produit\/gs-adjustable-base-shoe-system\/#breadcrumb\",\"itemListElement\":[{\"@type\":\"ListItem\",\"position\":1,\"name\":\"Shop\",\"item\":\"https:\/\/glassupply.com\/fr\/shop\/\"},{\"@type\":\"ListItem\",\"position\":2,\"name\":\"GS Adjustable Base Shoe System\"}]},{\"@type\":\"WebSite\",\"@id\":\"https:\/\/glassupply.com\/es\/#website\",\"url\":\"https:\/\/glassupply.com\/es\/\",\"name\":\"Glassupply.com\",\"description\":\"From the manufacturer to your doorstep\",\"potentialAction\":[{\"@type\":\"SearchAction\",\"target\":{\"@type\":\"EntryPoint\",\"urlTemplate\":\"https:\/\/glassupply.com\/es\/?s={search_term_string}\"},\"query-input\":{\"@type\":\"PropertyValueSpecification\",\"valueRequired\":true,\"valueName\":\"search_term_string\"}}],\"inLanguage\":\"fr-FR\"}]}<\/script>\n<!-- \/ Yoast SEO plugin. -->","yoast_head_json":{"title":"GS Adjustable Base Shoe System - Glassupply.com","robots":{"index":"index","follow":"follow","max-snippet":"max-snippet:-1","max-image-preview":"max-image-preview:large","max-video-preview":"max-video-preview:-1"},"canonical":"https:\/\/glassupply.com\/fr\/produit\/gs-adjustable-base-shoe-system\/","og_locale":"fr_FR","og_type":"article","og_title":"GS Adjustable Base Shoe System - Glassupply.com","og_description":"Pr\u00e9sentation de notre syst\u00e8me brevet\u00e9* de base r\u00e9glable GS, con\u00e7u pour simplifier l'installation et l'alignement des panneaux de verre, y compris sur des surfaces horizontales irr\u00e9guli\u00e8res.  Le dispositif de serrage r\u00e9glable interne (R-BSR-ACD-00) permet aux panneaux de verre de s'incliner jusqu'\u00e0 2 degr\u00e9s, offrant l'\u00e9quivalent de plus de 1,5 pouce de r\u00e9glage dans chaque direction. Cela garantit un alignement impeccable \u00e0 chaque fois, m\u00eame lorsque les sections de la base ne sont pas parfaitement planes. Cette fonctionnalit\u00e9 est particuli\u00e8rement avantageuse pour les installations totalement sans cadre o\u00f9 aucune pince ni main courante n\u2019est ajout\u00e9e \u00e0 la partie sup\u00e9rieure du verre.  Un autre aspect distinctif du syst\u00e8me de base r\u00e9glable GS est sa capacit\u00e9 \u00e0 permettre que tout le processus d'installation soit r\u00e9alis\u00e9 depuis l'int\u00e9rieur de la rambarde. Cette caract\u00e9ristique pratique est particuli\u00e8rement avantageuse pour les installations aux \u00e9tages sup\u00e9rieurs, sur des balcons en hauteur ou dans des zones difficiles d'acc\u00e8s o\u00f9 l'acc\u00e8s est limit\u00e9 \u00e0 un seul c\u00f4t\u00e9.  Avec la plus petite hauteur et largeur de base sur le march\u00e9, notre produit est id\u00e9al pour des applications int\u00e9rieures modernes et \u00e9l\u00e9gantes. De plus, son design polyvalent le rend tout aussi adapt\u00e9 aux applications ext\u00e9rieures, alliant fonctionnalit\u00e9 et attrait esth\u00e9tique dans divers environnements.  Repr\u00e9sentant l'avant-garde de l'innovation dans les garde-corps en verre, notre nouveau syst\u00e8me de base ne n\u00e9cessite aucun outil sp\u00e9cialis\u00e9 pour l'installation. Ce produit offre une solution optimale aux d\u00e9fis pratiques rencontr\u00e9s sur les chantiers de toutes sortes.  Aucun outil sp\u00e9cial requis. L'installation ou le retrait n\u00e9cessite uniquement une cl\u00e9 Allen.  Gr\u00e2ce \u00e0 son habillage d\u00e9coratif en aluminium anodis\u00e9, le syst\u00e8me de base est propos\u00e9 en deux finitions : acier inoxydable poli et noir mat  Notre base est livr\u00e9e avec des trous pr\u00e9-perc\u00e9s tous les 12\u201d pour acc\u00e9l\u00e9rer le processus d'installation.  \u00a0Caract\u00e9ristiques cl\u00e9s et avantages :  - Fabriqu\u00e9 en aluminium 6063-T6, notre produit garantit \u00e0 la fois r\u00e9sistance et protection contre la corrosion  - Avec la plus petite base du march\u00e9, notre produit est id\u00e9al pour des applications int\u00e9rieures modernes et \u00e9l\u00e9gantes.  - Habillage disponible en finition anodis\u00e9e d\u00e9corative  - Le m\u00e9canisme de serrage r\u00e9glable simplifie consid\u00e9rablement l'installation.  - L'installation peut \u00eatre r\u00e9alis\u00e9e sans cadre, avec l'avantage suppl\u00e9mentaire d'un alignement facile des panneaux.  - Convient aux applications ext\u00e9rieures classiques.  - L'installation s'effectue uniquement d'un c\u00f4t\u00e9.  - Design moderne et \u00e9pur\u00e9  - Conception innovante avec brevet en instance. LE KIT COMPREND    Produit R\u00e9f\u00e9rence Qt\u00e9   Profil\u00e9 de base en aluminium R-BSR-96ABS-MF 1   Habillage du profil\u00e9 de base R-BSR-96CL-XX 2   Joint int\u00e9rieur de l'habillage R-BSR-ICG-BK 1   Joint ext\u00e9rieur de l'habillage R-BSR-OCG-BK 1   Dispositif de serrage r\u00e9glable GS pour base (3 par panneau de verre) R-BSR-ACD-00 6   Goupille d\u2019assemblage des profils R-BSR-PJP-MF 2   Capuchon de terminaison pour base R-BSR-EC 2   Ruban double face 10 mm largeur \u2013 rouleau 10 m \u2013 3M IK-DFT-10mm-10m 1    SP\u00c9CIFICATIONS TECHNIQUES    \u00c9paisseur du verre de s\u00e9curit\u00e9 Panneaux de verre de 1\/2\u201d (12 mm) \u00e0 9\/16\u201d (13,5 mm)   Couleur\/Finition de l'habillage Acier inoxydable poli anodis\u00e9, Noir mat anodis\u00e9   Mat\u00e9riau de fabrication Aluminium 6063-T6   Lieu d\u2019utilisation recommand\u00e9 Int\u00e9rieur, Ext\u00e9rieur   Utilisation recommand\u00e9e Rambarde, cl\u00f4ture de piscine, garde-corps,  garde-corps de terrasse, rambarde int\u00e9rieure","og_url":"https:\/\/glassupply.com\/fr\/produit\/gs-adjustable-base-shoe-system\/","og_site_name":"Glassupply.com","article_modified_time":"2025-06-04T08:21:11+00:00","og_image":[{"width":3000,"height":3000,"url":"https:\/\/glassupply.com\/wp-content\/uploads\/2024\/05\/R-BSR-96ABSKIT-SS_1.webp","type":"image\/webp"}],"twitter_card":"summary_large_image","twitter_misc":{"Est. reading time":"1 minute"},"schema":{"@context":"https:\/\/schema.org","@graph":[{"@type":"WebPage","@id":"https:\/\/glassupply.com\/fr\/produit\/gs-adjustable-base-shoe-system\/","url":"https:\/\/glassupply.com\/fr\/produit\/gs-adjustable-base-shoe-system\/","name":"GS Adjustable Base Shoe System - Glassupply.com","isPartOf":{"@id":"https:\/\/glassupply.com\/es\/#website"},"primaryImageOfPage":{"@id":"https:\/\/glassupply.com\/fr\/produit\/gs-adjustable-base-shoe-system\/#primaryimage"},"image":{"@id":"https:\/\/glassupply.com\/fr\/produit\/gs-adjustable-base-shoe-system\/#primaryimage"},"thumbnailUrl":"https:\/\/glassupply.com\/wp-content\/uploads\/2024\/05\/R-BSR-96ABSKIT-SS_1.webp","datePublished":"2024-05-24T16:35:21+00:00","dateModified":"2025-06-04T08:21:11+00:00","breadcrumb":{"@id":"https:\/\/glassupply.com\/fr\/produit\/gs-adjustable-base-shoe-system\/#breadcrumb"},"inLanguage":"fr-FR","potentialAction":[{"@type":"ReadAction","target":["https:\/\/glassupply.com\/fr\/produit\/gs-adjustable-base-shoe-system\/"]}]},{"@type":"ImageObject","inLanguage":"fr-FR","@id":"https:\/\/glassupply.com\/fr\/produit\/gs-adjustable-base-shoe-system\/#primaryimage","url":"https:\/\/glassupply.com\/wp-content\/uploads\/2024\/05\/R-BSR-96ABSKIT-SS_1.webp","contentUrl":"https:\/\/glassupply.com\/wp-content\/uploads\/2024\/05\/R-BSR-96ABSKIT-SS_1.webp","width":3000,"height":3000},{"@type":"BreadcrumbList","@id":"https:\/\/glassupply.com\/fr\/produit\/gs-adjustable-base-shoe-system\/#breadcrumb","itemListElement":[{"@type":"ListItem","position":1,"name":"Shop","item":"https:\/\/glassupply.com\/fr\/shop\/"},{"@type":"ListItem","position":2,"name":"GS Adjustable Base Shoe System"}]},{"@type":"WebSite","@id":"https:\/\/glassupply.com\/es\/#website","url":"https:\/\/glassupply.com\/es\/","name":"Glassupply.com","description":"From the manufacturer to your doorstep","potentialAction":[{"@type":"SearchAction","target":{"@type":"EntryPoint","urlTemplate":"https:\/\/glassupply.com\/es\/?s={search_term_string}"},"query-input":{"@type":"PropertyValueSpecification","valueRequired":true,"valueName":"search_term_string"}}],"inLanguage":"fr-FR"}]}},"_links":{"self":[{"href":"https:\/\/glassupply.com\/fr\/wp-json\/wp\/v2\/product\/8134","targetHints":{"allow":["GET"]}}],"collection":[{"href":"https:\/\/glassupply.com\/fr\/wp-json\/wp\/v2\/product"}],"about":[{"href":"https:\/\/glassupply.com\/fr\/wp-json\/wp\/v2\/types\/product"}],"replies":[{"embeddable":true,"href":"https:\/\/glassupply.com\/fr\/wp-json\/wp\/v2\/comments?post=8134"}],"wp:featuredmedia":[{"embeddable":true,"href":"https:\/\/glassupply.com\/fr\/wp-json\/wp\/v2\/media\/8107"}],"wp:attachment":[{"href":"https:\/\/glassupply.com\/fr\/wp-json\/wp\/v2\/media?parent=8134"}],"wp:term":[{"taxonomy":"product_brand","embeddable":true,"href":"https:\/\/glassupply.com\/fr\/wp-json\/wp\/v2\/product_brand?post=8134"},{"taxonomy":"product_cat","embeddable":true,"href":"https:\/\/glassupply.com\/fr\/wp-json\/wp\/v2\/product_cat?post=8134"},{"taxonomy":"product_tag","embeddable":true,"href":"https:\/\/glassupply.com\/fr\/wp-json\/wp\/v2\/product_tag?post=8134"}],"curies":[{"name":"wp","href":"https:\/\/api.w.org\/{rel}","templated":true}]}}